{"id":9318,"date":"2022-03-07T10:04:56","date_gmt":"2022-03-07T10:04:56","guid":{"rendered":"https:\/\/gustafs.com\/product\/bespoke-acoustic-panels\/"},"modified":"2025-03-10T11:27:39","modified_gmt":"2025-03-10T10:27:39","slug":"akustikpaneler-specialperforering","status":"publish","type":"product","link":"https:\/\/gustafs.com\/sv\/produkt\/akustikpaneler-specialperforering\/","title":{"rendered":"Akustikpaneler med specialperforering"},"content":{"rendered":"<p style=\"letter-spacing: 1px;\">PANELER SOM ANPASSAS TILL DIN DESIGN<\/p>\n<p>V\u00e4gg- och takpaneler i tr\u00e4 som \u00e4r helt skr\u00e4ddarsydda enligt dina ritningar. Genom att kombinera v\u00e5ra snickerikunskaper med modern produktionsteknik kommer dessa paneler att g\u00f6ra skillnad! Kontakta oss f\u00f6r mer information och hur vi kan v\u00e4gleda och st\u00f6dja dig genom denna process.<\/p>\n","protected":false},"excerpt":{"rendered":"<p>PANELER SOM ANPASSAS TILL DIN DESIGN V\u00e4gg- och takpaneler i tr\u00e4 som \u00e4r helt skr\u00e4ddarsydda enligt dina ritningar. Genom att kombinera v\u00e5ra snickerikunskaper med modern produktionsteknik kommer dessa paneler att g\u00f6ra skillnad! Kontakta oss f\u00f6r mer information och hur vi kan v\u00e4gleda och st\u00f6dja dig genom denna process.<\/p>\n","protected":false},"featured_media":4829,"template":"","meta":{"_acf_changed":false,"inline_featured_image":false,"footnotes":""},"product_brand":[],"product_cat":[73],"product_tag":[],"class_list":{"0":"post-9318","1":"product","2":"type-product","3":"status-publish","4":"has-post-thumbnail","6":"product_cat-gustafs-panelsystem","8":"first","9":"instock","10":"shipping-taxable","11":"product-type-simple"},"acf":[],"yoast_head":"<!-- This site is optimized with the Yoast SEO plugin v25.4 - https:\/\/yoast.com\/wordpress\/plugins\/seo\/ -->\n<title>Akustikpaneler med specialperforering | Gustafs Scandinavia<\/title>\n<meta name=\"description\" content=\"Skapa vackra och kreativa perforeringsm\u00f6nster med v\u00e5ra specialperforeringar. Akustikpaneler i tr\u00e4 till offentliga milj\u00f6er.\" \/>\n<meta name=\"robots\" content=\"index, follow, max-snippet:-1, max-image-preview:large, max-video-preview:-1\" \/>\n<link rel=\"canonical\" href=\"https:\/\/gustafs.com\/sv\/produkt\/akustikpaneler-specialperforering\/\" \/>\n<meta property=\"og:locale\" content=\"sv_SE\" \/>\n<meta property=\"og:type\" content=\"article\" \/>\n<meta property=\"og:title\" content=\"Akustikpaneler med specialperforering | Gustafs Scandinavia\" \/>\n<meta property=\"og:description\" content=\"Skapa vackra och kreativa perforeringsm\u00f6nster med v\u00e5ra specialperforeringar. Akustikpaneler i tr\u00e4 till offentliga milj\u00f6er.\" \/>\n<meta property=\"og:url\" content=\"https:\/\/gustafs.com\/sv\/produkt\/akustikpaneler-specialperforering\/\" \/>\n<meta property=\"og:site_name\" content=\"Gustafs Scandinavia\" \/>\n<meta property=\"article:modified_time\" content=\"2025-03-10T10:27:39+00:00\" \/>\n<meta property=\"og:image\" content=\"https:\/\/gustafs.com\/wp-content\/uploads\/2022\/03\/acoustic-panel-bespoke-pattern-cloud.jpg\" \/>\n\t<meta property=\"og:image:width\" content=\"1030\" \/>\n\t<meta property=\"og:image:height\" content=\"1290\" \/>\n\t<meta property=\"og:image:type\" content=\"image\/jpeg\" \/>\n<meta name=\"twitter:card\" content=\"summary_large_image\" \/>\n<meta name=\"twitter:label1\" content=\"Ber\u00e4knad l\u00e4stid\" \/>\n\t<meta name=\"twitter:data1\" content=\"1 minut\" \/>\n<script type=\"application\/ld+json\" class=\"yoast-schema-graph\">{\"@context\":\"https:\/\/schema.org\",\"@graph\":[{\"@type\":\"WebPage\",\"@id\":\"https:\/\/gustafs.com\/sv\/produkt\/akustikpaneler-specialperforering\/\",\"url\":\"https:\/\/gustafs.com\/sv\/produkt\/akustikpaneler-specialperforering\/\",\"name\":\"Akustikpaneler med specialperforering | Gustafs Scandinavia\",\"isPartOf\":{\"@id\":\"https:\/\/gustafs.com\/sv\/#website\"},\"primaryImageOfPage\":{\"@id\":\"https:\/\/gustafs.com\/sv\/produkt\/akustikpaneler-specialperforering\/#primaryimage\"},\"image\":{\"@id\":\"https:\/\/gustafs.com\/sv\/produkt\/akustikpaneler-specialperforering\/#primaryimage\"},\"thumbnailUrl\":\"https:\/\/gustafs.com\/wp-content\/uploads\/2022\/03\/acoustic-panel-bespoke-pattern-cloud.jpg\",\"datePublished\":\"2022-03-07T10:04:56+00:00\",\"dateModified\":\"2025-03-10T10:27:39+00:00\",\"description\":\"Skapa vackra och kreativa perforeringsm\u00f6nster med v\u00e5ra specialperforeringar. Akustikpaneler i tr\u00e4 till offentliga milj\u00f6er.\",\"breadcrumb\":{\"@id\":\"https:\/\/gustafs.com\/sv\/produkt\/akustikpaneler-specialperforering\/#breadcrumb\"},\"inLanguage\":\"sv-SE\",\"potentialAction\":[{\"@type\":\"ReadAction\",\"target\":[\"https:\/\/gustafs.com\/sv\/produkt\/akustikpaneler-specialperforering\/\"]}]},{\"@type\":\"ImageObject\",\"inLanguage\":\"sv-SE\",\"@id\":\"https:\/\/gustafs.com\/sv\/produkt\/akustikpaneler-specialperforering\/#primaryimage\",\"url\":\"https:\/\/gustafs.com\/wp-content\/uploads\/2022\/03\/acoustic-panel-bespoke-pattern-cloud.jpg\",\"contentUrl\":\"https:\/\/gustafs.com\/wp-content\/uploads\/2022\/03\/acoustic-panel-bespoke-pattern-cloud.jpg\",\"width\":1030,\"height\":1290},{\"@type\":\"BreadcrumbList\",\"@id\":\"https:\/\/gustafs.com\/sv\/produkt\/akustikpaneler-specialperforering\/#breadcrumb\",\"itemListElement\":[{\"@type\":\"ListItem\",\"position\":1,\"name\":\"Gustafs\",\"item\":\"https:\/\/gustafs.com\/sv\/\"},{\"@type\":\"ListItem\",\"position\":2,\"name\":\"Produkter\",\"item\":\"https:\/\/gustafs.com\/sv\/produkter\/\"},{\"@type\":\"ListItem\",\"position\":3,\"name\":\"Gustafs Paneler\",\"item\":\"https:\/\/gustafs.com\/sv\/produkt-kategori\/gustafs-panelsystem\/\"},{\"@type\":\"ListItem\",\"position\":4,\"name\":\"Akustikpaneler med specialperforering\"}]},{\"@type\":\"WebSite\",\"@id\":\"https:\/\/gustafs.com\/sv\/#website\",\"url\":\"https:\/\/gustafs.com\/sv\/\",\"name\":\"Gustafs Scandinavia\",\"description\":\"Exclusive Wooden Panels And Acoustic Panels\",\"potentialAction\":[{\"@type\":\"SearchAction\",\"target\":{\"@type\":\"EntryPoint\",\"urlTemplate\":\"https:\/\/gustafs.com\/sv\/?s={search_term_string}\"},\"query-input\":{\"@type\":\"PropertyValueSpecification\",\"valueRequired\":true,\"valueName\":\"search_term_string\"}}],\"inLanguage\":\"sv-SE\"}]}<\/script>\n<!-- \/ Yoast SEO plugin. -->","yoast_head_json":{"title":"Akustikpaneler med specialperforering | Gustafs Scandinavia","description":"Skapa vackra och kreativa perforeringsm\u00f6nster med v\u00e5ra specialperforeringar. Akustikpaneler i tr\u00e4 till offentliga milj\u00f6er.","robots":{"index":"index","follow":"follow","max-snippet":"max-snippet:-1","max-image-preview":"max-image-preview:large","max-video-preview":"max-video-preview:-1"},"canonical":"https:\/\/gustafs.com\/sv\/produkt\/akustikpaneler-specialperforering\/","og_locale":"sv_SE","og_type":"article","og_title":"Akustikpaneler med specialperforering | Gustafs Scandinavia","og_description":"Skapa vackra och kreativa perforeringsm\u00f6nster med v\u00e5ra specialperforeringar. Akustikpaneler i tr\u00e4 till offentliga milj\u00f6er.","og_url":"https:\/\/gustafs.com\/sv\/produkt\/akustikpaneler-specialperforering\/","og_site_name":"Gustafs Scandinavia","article_modified_time":"2025-03-10T10:27:39+00:00","og_image":[{"width":1030,"height":1290,"url":"https:\/\/gustafs.com\/wp-content\/uploads\/2022\/03\/acoustic-panel-bespoke-pattern-cloud.jpg","type":"image\/jpeg"}],"twitter_card":"summary_large_image","twitter_misc":{"Ber\u00e4knad l\u00e4stid":"1 minut"},"schema":{"@context":"https:\/\/schema.org","@graph":[{"@type":"WebPage","@id":"https:\/\/gustafs.com\/sv\/produkt\/akustikpaneler-specialperforering\/","url":"https:\/\/gustafs.com\/sv\/produkt\/akustikpaneler-specialperforering\/","name":"Akustikpaneler med specialperforering | Gustafs Scandinavia","isPartOf":{"@id":"https:\/\/gustafs.com\/sv\/#website"},"primaryImageOfPage":{"@id":"https:\/\/gustafs.com\/sv\/produkt\/akustikpaneler-specialperforering\/#primaryimage"},"image":{"@id":"https:\/\/gustafs.com\/sv\/produkt\/akustikpaneler-specialperforering\/#primaryimage"},"thumbnailUrl":"https:\/\/gustafs.com\/wp-content\/uploads\/2022\/03\/acoustic-panel-bespoke-pattern-cloud.jpg","datePublished":"2022-03-07T10:04:56+00:00","dateModified":"2025-03-10T10:27:39+00:00","description":"Skapa vackra och kreativa perforeringsm\u00f6nster med v\u00e5ra specialperforeringar. Akustikpaneler i tr\u00e4 till offentliga milj\u00f6er.","breadcrumb":{"@id":"https:\/\/gustafs.com\/sv\/produkt\/akustikpaneler-specialperforering\/#breadcrumb"},"inLanguage":"sv-SE","potentialAction":[{"@type":"ReadAction","target":["https:\/\/gustafs.com\/sv\/produkt\/akustikpaneler-specialperforering\/"]}]},{"@type":"ImageObject","inLanguage":"sv-SE","@id":"https:\/\/gustafs.com\/sv\/produkt\/akustikpaneler-specialperforering\/#primaryimage","url":"https:\/\/gustafs.com\/wp-content\/uploads\/2022\/03\/acoustic-panel-bespoke-pattern-cloud.jpg","contentUrl":"https:\/\/gustafs.com\/wp-content\/uploads\/2022\/03\/acoustic-panel-bespoke-pattern-cloud.jpg","width":1030,"height":1290},{"@type":"BreadcrumbList","@id":"https:\/\/gustafs.com\/sv\/produkt\/akustikpaneler-specialperforering\/#breadcrumb","itemListElement":[{"@type":"ListItem","position":1,"name":"Gustafs","item":"https:\/\/gustafs.com\/sv\/"},{"@type":"ListItem","position":2,"name":"Produkter","item":"https:\/\/gustafs.com\/sv\/produkter\/"},{"@type":"ListItem","position":3,"name":"Gustafs Paneler","item":"https:\/\/gustafs.com\/sv\/produkt-kategori\/gustafs-panelsystem\/"},{"@type":"ListItem","position":4,"name":"Akustikpaneler med specialperforering"}]},{"@type":"WebSite","@id":"https:\/\/gustafs.com\/sv\/#website","url":"https:\/\/gustafs.com\/sv\/","name":"Gustafs Scandinavia","description":"Exclusive Wooden Panels And Acoustic Panels","potentialAction":[{"@type":"SearchAction","target":{"@type":"EntryPoint","urlTemplate":"https:\/\/gustafs.com\/sv\/?s={search_term_string}"},"query-input":{"@type":"PropertyValueSpecification","valueRequired":true,"valueName":"search_term_string"}}],"inLanguage":"sv-SE"}]}},"_links":{"self":[{"href":"https:\/\/gustafs.com\/sv\/wp-json\/wp\/v2\/product\/9318","targetHints":{"allow":["GET"]}}],"collection":[{"href":"https:\/\/gustafs.com\/sv\/wp-json\/wp\/v2\/product"}],"about":[{"href":"https:\/\/gustafs.com\/sv\/wp-json\/wp\/v2\/types\/product"}],"version-history":[{"count":13,"href":"https:\/\/gustafs.com\/sv\/wp-json\/wp\/v2\/product\/9318\/revisions"}],"predecessor-version":[{"id":25333,"href":"https:\/\/gustafs.com\/sv\/wp-json\/wp\/v2\/product\/9318\/revisions\/25333"}],"wp:featuredmedia":[{"embeddable":true,"href":"https:\/\/gustafs.com\/sv\/wp-json\/wp\/v2\/media\/4829"}],"wp:attachment":[{"href":"https:\/\/gustafs.com\/sv\/wp-json\/wp\/v2\/media?parent=9318"}],"wp:term":[{"taxonomy":"product_brand","embeddable":true,"href":"https:\/\/gustafs.com\/sv\/wp-json\/wp\/v2\/product_brand?post=9318"},{"taxonomy":"product_cat","embeddable":true,"href":"https:\/\/gustafs.com\/sv\/wp-json\/wp\/v2\/product_cat?post=9318"},{"taxonomy":"product_tag","embeddable":true,"href":"https:\/\/gustafs.com\/sv\/wp-json\/wp\/v2\/product_tag?post=9318"}],"curies":[{"name":"wp","href":"https:\/\/api.w.org\/{rel}","templated":true}]}}