{"id":9316,"date":"2022-05-11T09:09:07","date_gmt":"2022-05-11T09:09:07","guid":{"rendered":"https:\/\/gustafs.com\/product\/high-impact-panel-ehip\/"},"modified":"2022-12-27T08:51:06","modified_gmt":"2022-12-27T08:51:06","slug":"high-impact-panel-ehip","status":"publish","type":"product","link":"https:\/\/gustafs.com\/sv\/produkt\/high-impact-panel-ehip\/","title":{"rendered":"High Impact Panel EHIP"},"content":{"rendered":"<p style=\"letter-spacing: 1px;\">PANELER F\u00d6R TUFFA MILJ\u00d6ER<\/p>\n<p>Gustafs High Impact Panels \u00e4r extremt robusta och motst\u00e5ndskraftiga mot st\u00f6tar, allt tack vare anv\u00e4ndningen av en fiberf\u00f6rst\u00e4rkt gipsk\u00e4rna med h\u00f6g densitet. Det tredubbla UV-lackeringssystemet garanterar en h\u00f6g rept\u00e5lighet och m\u00f6jligg\u00f6r reng\u00f6ring med alkoholbaserade hygienprodukter. EHIP-paneler \u00e4r utm\u00e4rkta f\u00f6r anv\u00e4ndning inom h\u00e4lso- och sjukv\u00e5rd, skolor, idrottshallar, restauranger och k\u00f6pcentrum och levereras med en ut\u00f6kad garanti och ett gratis utbytesprogram. Finns i alla fan\u00e9r och de flesta av v\u00e5ra akustiska perforeringsm\u00f6nster.<\/p>\n","protected":false},"excerpt":{"rendered":"<p>PANELER F\u00d6R TUFFA MILJ\u00d6ER Gustafs High Impact Panels \u00e4r extremt robusta och motst\u00e5ndskraftiga mot st\u00f6tar, allt tack vare anv\u00e4ndningen av en fiberf\u00f6rst\u00e4rkt gipsk\u00e4rna med h\u00f6g densitet. Det tredubbla UV-lackeringssystemet garanterar en h\u00f6g rept\u00e5lighet och m\u00f6jligg\u00f6r reng\u00f6ring med alkoholbaserade hygienprodukter. EHIP-paneler \u00e4r utm\u00e4rkta f\u00f6r anv\u00e4ndning inom h\u00e4lso- och sjukv\u00e5rd, skolor, idrottshallar, restauranger och k\u00f6pcentrum och levereras [&hellip;]<\/p>\n","protected":false},"featured_media":2916,"template":"","meta":{"_acf_changed":false,"inline_featured_image":false,"footnotes":""},"product_brand":[],"product_cat":[73],"product_tag":[],"class_list":{"0":"post-9316","1":"product","2":"type-product","3":"status-publish","4":"has-post-thumbnail","6":"product_cat-gustafs-panelsystem","7":"pa_acoustic-class-absorption-d","8":"pa_acoustic-class-absorption-e","9":"pa_acoustic-class-oklassificerad","11":"first","12":"instock","13":"shipping-taxable","14":"product-type-simple"},"acf":[],"yoast_head":"<!-- This site is optimized with the Yoast SEO plugin v25.4 - https:\/\/yoast.com\/wordpress\/plugins\/seo\/ -->\n<title>High Impact Panels with High Resistance | Gustafs Scandinavia<\/title>\n<meta name=\"description\" content=\"Gustafs High Impact Panels are extremely sturdy and resistant to impact, all due to the use of a high density fibre reinforced gypsum core.\" \/>\n<meta name=\"robots\" content=\"index, follow, max-snippet:-1, max-image-preview:large, max-video-preview:-1\" \/>\n<link rel=\"canonical\" href=\"https:\/\/gustafs.com\/sv\/produkt\/high-impact-panel-ehip\/\" \/>\n<meta property=\"og:locale\" content=\"sv_SE\" \/>\n<meta property=\"og:type\" content=\"article\" \/>\n<meta property=\"og:title\" content=\"High Impact Panels with High Resistance | Gustafs Scandinavia\" \/>\n<meta property=\"og:description\" content=\"Gustafs High Impact Panels are extremely sturdy and resistant to impact, all due to the use of a high density fibre reinforced gypsum core.\" \/>\n<meta property=\"og:url\" content=\"https:\/\/gustafs.com\/sv\/produkt\/high-impact-panel-ehip\/\" \/>\n<meta property=\"og:site_name\" content=\"Gustafs Scandinavia\" \/>\n<meta property=\"article:modified_time\" content=\"2022-12-27T08:51:06+00:00\" \/>\n<meta property=\"og:image\" content=\"https:\/\/gustafs.com\/wp-content\/uploads\/2021\/11\/oak-non-perforated-panel.jpg\" \/>\n\t<meta property=\"og:image:width\" content=\"1030\" \/>\n\t<meta property=\"og:image:height\" content=\"1290\" \/>\n\t<meta property=\"og:image:type\" content=\"image\/jpeg\" \/>\n<meta name=\"twitter:card\" content=\"summary_large_image\" \/>\n<meta name=\"twitter:label1\" content=\"Ber\u00e4knad l\u00e4stid\" \/>\n\t<meta name=\"twitter:data1\" content=\"1 minut\" \/>\n<script type=\"application\/ld+json\" class=\"yoast-schema-graph\">{\"@context\":\"https:\/\/schema.org\",\"@graph\":[{\"@type\":\"WebPage\",\"@id\":\"https:\/\/gustafs.com\/sv\/produkt\/high-impact-panel-ehip\/\",\"url\":\"https:\/\/gustafs.com\/sv\/produkt\/high-impact-panel-ehip\/\",\"name\":\"High Impact Panels with High Resistance | Gustafs Scandinavia\",\"isPartOf\":{\"@id\":\"https:\/\/gustafs.com\/sv\/#website\"},\"primaryImageOfPage\":{\"@id\":\"https:\/\/gustafs.com\/sv\/produkt\/high-impact-panel-ehip\/#primaryimage\"},\"image\":{\"@id\":\"https:\/\/gustafs.com\/sv\/produkt\/high-impact-panel-ehip\/#primaryimage\"},\"thumbnailUrl\":\"https:\/\/gustafs.com\/wp-content\/uploads\/2021\/11\/oak-non-perforated-panel.jpg\",\"datePublished\":\"2022-05-11T09:09:07+00:00\",\"dateModified\":\"2022-12-27T08:51:06+00:00\",\"description\":\"Gustafs High Impact Panels are extremely sturdy and resistant to impact, all due to the use of a high density fibre reinforced gypsum core.\",\"breadcrumb\":{\"@id\":\"https:\/\/gustafs.com\/sv\/produkt\/high-impact-panel-ehip\/#breadcrumb\"},\"inLanguage\":\"sv-SE\",\"potentialAction\":[{\"@type\":\"ReadAction\",\"target\":[\"https:\/\/gustafs.com\/sv\/produkt\/high-impact-panel-ehip\/\"]}]},{\"@type\":\"ImageObject\",\"inLanguage\":\"sv-SE\",\"@id\":\"https:\/\/gustafs.com\/sv\/produkt\/high-impact-panel-ehip\/#primaryimage\",\"url\":\"https:\/\/gustafs.com\/wp-content\/uploads\/2021\/11\/oak-non-perforated-panel.jpg\",\"contentUrl\":\"https:\/\/gustafs.com\/wp-content\/uploads\/2021\/11\/oak-non-perforated-panel.jpg\",\"width\":1030,\"height\":1290,\"caption\":\"Tr\u00e4panel med ekfan\u00e9r\"},{\"@type\":\"BreadcrumbList\",\"@id\":\"https:\/\/gustafs.com\/sv\/produkt\/high-impact-panel-ehip\/#breadcrumb\",\"itemListElement\":[{\"@type\":\"ListItem\",\"position\":1,\"name\":\"Gustafs\",\"item\":\"https:\/\/gustafs.com\/sv\/\"},{\"@type\":\"ListItem\",\"position\":2,\"name\":\"Produkter\",\"item\":\"https:\/\/gustafs.com\/sv\/produkter\/\"},{\"@type\":\"ListItem\",\"position\":3,\"name\":\"Gustafs Paneler\",\"item\":\"https:\/\/gustafs.com\/sv\/produkt-kategori\/gustafs-panelsystem\/\"},{\"@type\":\"ListItem\",\"position\":4,\"name\":\"High Impact Panel EHIP\"}]},{\"@type\":\"WebSite\",\"@id\":\"https:\/\/gustafs.com\/sv\/#website\",\"url\":\"https:\/\/gustafs.com\/sv\/\",\"name\":\"Gustafs Scandinavia\",\"description\":\"Exclusive Wooden Panels And Acoustic Panels\",\"potentialAction\":[{\"@type\":\"SearchAction\",\"target\":{\"@type\":\"EntryPoint\",\"urlTemplate\":\"https:\/\/gustafs.com\/sv\/?s={search_term_string}\"},\"query-input\":{\"@type\":\"PropertyValueSpecification\",\"valueRequired\":true,\"valueName\":\"search_term_string\"}}],\"inLanguage\":\"sv-SE\"}]}<\/script>\n<!-- \/ Yoast SEO plugin. -->","yoast_head_json":{"title":"High Impact Panels with High Resistance | Gustafs Scandinavia","description":"Gustafs High Impact Panels are extremely sturdy and resistant to impact, all due to the use of a high density fibre reinforced gypsum core.","robots":{"index":"index","follow":"follow","max-snippet":"max-snippet:-1","max-image-preview":"max-image-preview:large","max-video-preview":"max-video-preview:-1"},"canonical":"https:\/\/gustafs.com\/sv\/produkt\/high-impact-panel-ehip\/","og_locale":"sv_SE","og_type":"article","og_title":"High Impact Panels with High Resistance | Gustafs Scandinavia","og_description":"Gustafs High Impact Panels are extremely sturdy and resistant to impact, all due to the use of a high density fibre reinforced gypsum core.","og_url":"https:\/\/gustafs.com\/sv\/produkt\/high-impact-panel-ehip\/","og_site_name":"Gustafs Scandinavia","article_modified_time":"2022-12-27T08:51:06+00:00","og_image":[{"width":1030,"height":1290,"url":"https:\/\/gustafs.com\/wp-content\/uploads\/2021\/11\/oak-non-perforated-panel.jpg","type":"image\/jpeg"}],"twitter_card":"summary_large_image","twitter_misc":{"Ber\u00e4knad l\u00e4stid":"1 minut"},"schema":{"@context":"https:\/\/schema.org","@graph":[{"@type":"WebPage","@id":"https:\/\/gustafs.com\/sv\/produkt\/high-impact-panel-ehip\/","url":"https:\/\/gustafs.com\/sv\/produkt\/high-impact-panel-ehip\/","name":"High Impact Panels with High Resistance | Gustafs Scandinavia","isPartOf":{"@id":"https:\/\/gustafs.com\/sv\/#website"},"primaryImageOfPage":{"@id":"https:\/\/gustafs.com\/sv\/produkt\/high-impact-panel-ehip\/#primaryimage"},"image":{"@id":"https:\/\/gustafs.com\/sv\/produkt\/high-impact-panel-ehip\/#primaryimage"},"thumbnailUrl":"https:\/\/gustafs.com\/wp-content\/uploads\/2021\/11\/oak-non-perforated-panel.jpg","datePublished":"2022-05-11T09:09:07+00:00","dateModified":"2022-12-27T08:51:06+00:00","description":"Gustafs High Impact Panels are extremely sturdy and resistant to impact, all due to the use of a high density fibre reinforced gypsum core.","breadcrumb":{"@id":"https:\/\/gustafs.com\/sv\/produkt\/high-impact-panel-ehip\/#breadcrumb"},"inLanguage":"sv-SE","potentialAction":[{"@type":"ReadAction","target":["https:\/\/gustafs.com\/sv\/produkt\/high-impact-panel-ehip\/"]}]},{"@type":"ImageObject","inLanguage":"sv-SE","@id":"https:\/\/gustafs.com\/sv\/produkt\/high-impact-panel-ehip\/#primaryimage","url":"https:\/\/gustafs.com\/wp-content\/uploads\/2021\/11\/oak-non-perforated-panel.jpg","contentUrl":"https:\/\/gustafs.com\/wp-content\/uploads\/2021\/11\/oak-non-perforated-panel.jpg","width":1030,"height":1290,"caption":"Tr\u00e4panel med ekfan\u00e9r"},{"@type":"BreadcrumbList","@id":"https:\/\/gustafs.com\/sv\/produkt\/high-impact-panel-ehip\/#breadcrumb","itemListElement":[{"@type":"ListItem","position":1,"name":"Gustafs","item":"https:\/\/gustafs.com\/sv\/"},{"@type":"ListItem","position":2,"name":"Produkter","item":"https:\/\/gustafs.com\/sv\/produkter\/"},{"@type":"ListItem","position":3,"name":"Gustafs Paneler","item":"https:\/\/gustafs.com\/sv\/produkt-kategori\/gustafs-panelsystem\/"},{"@type":"ListItem","position":4,"name":"High Impact Panel EHIP"}]},{"@type":"WebSite","@id":"https:\/\/gustafs.com\/sv\/#website","url":"https:\/\/gustafs.com\/sv\/","name":"Gustafs Scandinavia","description":"Exclusive Wooden Panels And Acoustic Panels","potentialAction":[{"@type":"SearchAction","target":{"@type":"EntryPoint","urlTemplate":"https:\/\/gustafs.com\/sv\/?s={search_term_string}"},"query-input":{"@type":"PropertyValueSpecification","valueRequired":true,"valueName":"search_term_string"}}],"inLanguage":"sv-SE"}]}},"_links":{"self":[{"href":"https:\/\/gustafs.com\/sv\/wp-json\/wp\/v2\/product\/9316","targetHints":{"allow":["GET"]}}],"collection":[{"href":"https:\/\/gustafs.com\/sv\/wp-json\/wp\/v2\/product"}],"about":[{"href":"https:\/\/gustafs.com\/sv\/wp-json\/wp\/v2\/types\/product"}],"version-history":[{"count":18,"href":"https:\/\/gustafs.com\/sv\/wp-json\/wp\/v2\/product\/9316\/revisions"}],"predecessor-version":[{"id":15924,"href":"https:\/\/gustafs.com\/sv\/wp-json\/wp\/v2\/product\/9316\/revisions\/15924"}],"wp:featuredmedia":[{"embeddable":true,"href":"https:\/\/gustafs.com\/sv\/wp-json\/wp\/v2\/media\/2916"}],"wp:attachment":[{"href":"https:\/\/gustafs.com\/sv\/wp-json\/wp\/v2\/media?parent=9316"}],"wp:term":[{"taxonomy":"product_brand","embeddable":true,"href":"https:\/\/gustafs.com\/sv\/wp-json\/wp\/v2\/product_brand?post=9316"},{"taxonomy":"product_cat","embeddable":true,"href":"https:\/\/gustafs.com\/sv\/wp-json\/wp\/v2\/product_cat?post=9316"},{"taxonomy":"product_tag","embeddable":true,"href":"https:\/\/gustafs.com\/sv\/wp-json\/wp\/v2\/product_tag?post=9316"}],"curies":[{"name":"wp","href":"https:\/\/api.w.org\/{rel}","templated":true}]}}