{"id":9306,"date":"2022-05-02T08:37:34","date_gmt":"2022-05-02T08:37:34","guid":{"rendered":"https:\/\/gustafs.com\/product\/acoustic-panel-rp8-c20\/"},"modified":"2025-06-02T14:17:42","modified_gmt":"2025-06-02T12:17:42","slug":"akustikpanel-rp8-c20","status":"publish","type":"product","link":"https:\/\/gustafs.com\/sv\/produkt\/akustikpanel-rp8-c20\/","title":{"rendered":"Akustikpanel RP8 C20"},"content":{"rendered":"<p style=\"letter-spacing: 1px;\">AKUSTIKPANELER F\u00d6R V\u00c4GGAR OCH UNDERTAK<\/p>\n<p>Gustafs sp\u00e5rade akustikpaneler med ett linjeformat perforeringsm\u00f6nster visar en mindre \u00f6ppen yta j\u00e4mf\u00f6rt med v\u00e5ra perforeringar med runda h\u00e5l, samtidigt som de ger en j\u00e4mf\u00f6rbar ljudabsorption. Kontrasten kan \u00f6kas eller minskas, med antingen en ljus eller m\u00f6rk fibergipsk\u00e4rna som bakgrund till ett brett urval av tr\u00e4ytor. V\u00e4lj helt enkelt tr\u00e4slag, pigmentering och fan\u00e9rsnitt och kombinera med ditt eget installationsm\u00f6nster f\u00f6r att skapa unika uttryck av naturliga interi\u00f6rer.<\/p>\n","protected":false},"excerpt":{"rendered":"<p>AKUSTIKPANELER F\u00d6R V\u00c4GGAR OCH UNDERTAK Gustafs sp\u00e5rade akustikpaneler med ett linjeformat perforeringsm\u00f6nster visar en mindre \u00f6ppen yta j\u00e4mf\u00f6rt med v\u00e5ra perforeringar med runda h\u00e5l, samtidigt som de ger en j\u00e4mf\u00f6rbar ljudabsorption. Kontrasten kan \u00f6kas eller minskas, med antingen en ljus eller m\u00f6rk fibergipsk\u00e4rna som bakgrund till ett brett urval av tr\u00e4ytor. V\u00e4lj helt enkelt tr\u00e4slag, [&hellip;]<\/p>\n","protected":false},"featured_media":3089,"template":"","meta":{"_acf_changed":false,"inline_featured_image":false,"footnotes":""},"product_brand":[],"product_cat":[73],"product_tag":[],"class_list":{"0":"post-9306","1":"product","2":"type-product","3":"status-publish","4":"has-post-thumbnail","6":"product_cat-gustafs-panelsystem","7":"pa_acoustic-class-absorption-c","9":"first","10":"instock","11":"shipping-taxable","12":"product-type-simple"},"acf":[],"yoast_head":"<!-- This site is optimized with the Yoast SEO plugin v25.4 - https:\/\/yoast.com\/wordpress\/plugins\/seo\/ -->\n<title>Akustikpanel RP8 C20 | Gustafs Scandinavia<\/title>\n<meta name=\"description\" content=\"Arkitektoniska akustikpaneler i tr\u00e4 med perforeringsm\u00f6nster RP8 C20. Skapa en interi\u00f6r med akustik och brandklass i v\u00e4rldsklass.\" \/>\n<meta name=\"robots\" content=\"index, follow, max-snippet:-1, max-image-preview:large, max-video-preview:-1\" \/>\n<link rel=\"canonical\" href=\"https:\/\/gustafs.com\/sv\/produkt\/akustikpanel-rp8-c20\/\" \/>\n<meta property=\"og:locale\" content=\"sv_SE\" \/>\n<meta property=\"og:type\" content=\"article\" \/>\n<meta property=\"og:title\" content=\"Akustikpanel RP8 C20 | Gustafs Scandinavia\" \/>\n<meta property=\"og:description\" content=\"Arkitektoniska akustikpaneler i tr\u00e4 med perforeringsm\u00f6nster RP8 C20. Skapa en interi\u00f6r med akustik och brandklass i v\u00e4rldsklass.\" \/>\n<meta property=\"og:url\" content=\"https:\/\/gustafs.com\/sv\/produkt\/akustikpanel-rp8-c20\/\" \/>\n<meta property=\"og:site_name\" content=\"Gustafs Scandinavia\" \/>\n<meta property=\"article:modified_time\" content=\"2025-06-02T12:17:42+00:00\" \/>\n<meta property=\"og:image\" content=\"https:\/\/gustafs.com\/wp-content\/uploads\/2022\/02\/acoustic-panel-rp8-c20.jpg\" \/>\n\t<meta property=\"og:image:width\" content=\"1030\" \/>\n\t<meta property=\"og:image:height\" content=\"1290\" \/>\n\t<meta property=\"og:image:type\" content=\"image\/jpeg\" \/>\n<meta name=\"twitter:card\" content=\"summary_large_image\" \/>\n<meta name=\"twitter:label1\" content=\"Ber\u00e4knad l\u00e4stid\" \/>\n\t<meta name=\"twitter:data1\" content=\"1 minut\" \/>\n<script type=\"application\/ld+json\" class=\"yoast-schema-graph\">{\"@context\":\"https:\/\/schema.org\",\"@graph\":[{\"@type\":\"WebPage\",\"@id\":\"https:\/\/gustafs.com\/sv\/produkt\/akustikpanel-rp8-c20\/\",\"url\":\"https:\/\/gustafs.com\/sv\/produkt\/akustikpanel-rp8-c20\/\",\"name\":\"Akustikpanel RP8 C20 | Gustafs Scandinavia\",\"isPartOf\":{\"@id\":\"https:\/\/gustafs.com\/sv\/#website\"},\"primaryImageOfPage\":{\"@id\":\"https:\/\/gustafs.com\/sv\/produkt\/akustikpanel-rp8-c20\/#primaryimage\"},\"image\":{\"@id\":\"https:\/\/gustafs.com\/sv\/produkt\/akustikpanel-rp8-c20\/#primaryimage\"},\"thumbnailUrl\":\"https:\/\/gustafs.com\/wp-content\/uploads\/2022\/02\/acoustic-panel-rp8-c20.jpg\",\"datePublished\":\"2022-05-02T08:37:34+00:00\",\"dateModified\":\"2025-06-02T12:17:42+00:00\",\"description\":\"Arkitektoniska akustikpaneler i tr\u00e4 med perforeringsm\u00f6nster RP8 C20. Skapa en interi\u00f6r med akustik och brandklass i v\u00e4rldsklass.\",\"breadcrumb\":{\"@id\":\"https:\/\/gustafs.com\/sv\/produkt\/akustikpanel-rp8-c20\/#breadcrumb\"},\"inLanguage\":\"sv-SE\",\"potentialAction\":[{\"@type\":\"ReadAction\",\"target\":[\"https:\/\/gustafs.com\/sv\/produkt\/akustikpanel-rp8-c20\/\"]}]},{\"@type\":\"ImageObject\",\"inLanguage\":\"sv-SE\",\"@id\":\"https:\/\/gustafs.com\/sv\/produkt\/akustikpanel-rp8-c20\/#primaryimage\",\"url\":\"https:\/\/gustafs.com\/wp-content\/uploads\/2022\/02\/acoustic-panel-rp8-c20.jpg\",\"contentUrl\":\"https:\/\/gustafs.com\/wp-content\/uploads\/2022\/02\/acoustic-panel-rp8-c20.jpg\",\"width\":1030,\"height\":1290,\"caption\":\"grooved acoustic wood panel rp8 c20\"},{\"@type\":\"BreadcrumbList\",\"@id\":\"https:\/\/gustafs.com\/sv\/produkt\/akustikpanel-rp8-c20\/#breadcrumb\",\"itemListElement\":[{\"@type\":\"ListItem\",\"position\":1,\"name\":\"Gustafs\",\"item\":\"https:\/\/gustafs.com\/sv\/\"},{\"@type\":\"ListItem\",\"position\":2,\"name\":\"Produkter\",\"item\":\"https:\/\/gustafs.com\/sv\/produkter\/\"},{\"@type\":\"ListItem\",\"position\":3,\"name\":\"Gustafs Paneler\",\"item\":\"https:\/\/gustafs.com\/sv\/produkt-kategori\/gustafs-panelsystem\/\"},{\"@type\":\"ListItem\",\"position\":4,\"name\":\"Akustikpanel RP8 C20\"}]},{\"@type\":\"WebSite\",\"@id\":\"https:\/\/gustafs.com\/sv\/#website\",\"url\":\"https:\/\/gustafs.com\/sv\/\",\"name\":\"Gustafs Scandinavia\",\"description\":\"Exclusive Wooden Panels And Acoustic Panels\",\"potentialAction\":[{\"@type\":\"SearchAction\",\"target\":{\"@type\":\"EntryPoint\",\"urlTemplate\":\"https:\/\/gustafs.com\/sv\/?s={search_term_string}\"},\"query-input\":{\"@type\":\"PropertyValueSpecification\",\"valueRequired\":true,\"valueName\":\"search_term_string\"}}],\"inLanguage\":\"sv-SE\"}]}<\/script>\n<!-- \/ Yoast SEO plugin. -->","yoast_head_json":{"title":"Akustikpanel RP8 C20 | Gustafs Scandinavia","description":"Arkitektoniska akustikpaneler i tr\u00e4 med perforeringsm\u00f6nster RP8 C20. Skapa en interi\u00f6r med akustik och brandklass i v\u00e4rldsklass.","robots":{"index":"index","follow":"follow","max-snippet":"max-snippet:-1","max-image-preview":"max-image-preview:large","max-video-preview":"max-video-preview:-1"},"canonical":"https:\/\/gustafs.com\/sv\/produkt\/akustikpanel-rp8-c20\/","og_locale":"sv_SE","og_type":"article","og_title":"Akustikpanel RP8 C20 | Gustafs Scandinavia","og_description":"Arkitektoniska akustikpaneler i tr\u00e4 med perforeringsm\u00f6nster RP8 C20. Skapa en interi\u00f6r med akustik och brandklass i v\u00e4rldsklass.","og_url":"https:\/\/gustafs.com\/sv\/produkt\/akustikpanel-rp8-c20\/","og_site_name":"Gustafs Scandinavia","article_modified_time":"2025-06-02T12:17:42+00:00","og_image":[{"width":1030,"height":1290,"url":"https:\/\/gustafs.com\/wp-content\/uploads\/2022\/02\/acoustic-panel-rp8-c20.jpg","type":"image\/jpeg"}],"twitter_card":"summary_large_image","twitter_misc":{"Ber\u00e4knad l\u00e4stid":"1 minut"},"schema":{"@context":"https:\/\/schema.org","@graph":[{"@type":"WebPage","@id":"https:\/\/gustafs.com\/sv\/produkt\/akustikpanel-rp8-c20\/","url":"https:\/\/gustafs.com\/sv\/produkt\/akustikpanel-rp8-c20\/","name":"Akustikpanel RP8 C20 | Gustafs Scandinavia","isPartOf":{"@id":"https:\/\/gustafs.com\/sv\/#website"},"primaryImageOfPage":{"@id":"https:\/\/gustafs.com\/sv\/produkt\/akustikpanel-rp8-c20\/#primaryimage"},"image":{"@id":"https:\/\/gustafs.com\/sv\/produkt\/akustikpanel-rp8-c20\/#primaryimage"},"thumbnailUrl":"https:\/\/gustafs.com\/wp-content\/uploads\/2022\/02\/acoustic-panel-rp8-c20.jpg","datePublished":"2022-05-02T08:37:34+00:00","dateModified":"2025-06-02T12:17:42+00:00","description":"Arkitektoniska akustikpaneler i tr\u00e4 med perforeringsm\u00f6nster RP8 C20. Skapa en interi\u00f6r med akustik och brandklass i v\u00e4rldsklass.","breadcrumb":{"@id":"https:\/\/gustafs.com\/sv\/produkt\/akustikpanel-rp8-c20\/#breadcrumb"},"inLanguage":"sv-SE","potentialAction":[{"@type":"ReadAction","target":["https:\/\/gustafs.com\/sv\/produkt\/akustikpanel-rp8-c20\/"]}]},{"@type":"ImageObject","inLanguage":"sv-SE","@id":"https:\/\/gustafs.com\/sv\/produkt\/akustikpanel-rp8-c20\/#primaryimage","url":"https:\/\/gustafs.com\/wp-content\/uploads\/2022\/02\/acoustic-panel-rp8-c20.jpg","contentUrl":"https:\/\/gustafs.com\/wp-content\/uploads\/2022\/02\/acoustic-panel-rp8-c20.jpg","width":1030,"height":1290,"caption":"grooved acoustic wood panel rp8 c20"},{"@type":"BreadcrumbList","@id":"https:\/\/gustafs.com\/sv\/produkt\/akustikpanel-rp8-c20\/#breadcrumb","itemListElement":[{"@type":"ListItem","position":1,"name":"Gustafs","item":"https:\/\/gustafs.com\/sv\/"},{"@type":"ListItem","position":2,"name":"Produkter","item":"https:\/\/gustafs.com\/sv\/produkter\/"},{"@type":"ListItem","position":3,"name":"Gustafs Paneler","item":"https:\/\/gustafs.com\/sv\/produkt-kategori\/gustafs-panelsystem\/"},{"@type":"ListItem","position":4,"name":"Akustikpanel RP8 C20"}]},{"@type":"WebSite","@id":"https:\/\/gustafs.com\/sv\/#website","url":"https:\/\/gustafs.com\/sv\/","name":"Gustafs Scandinavia","description":"Exclusive Wooden Panels And Acoustic Panels","potentialAction":[{"@type":"SearchAction","target":{"@type":"EntryPoint","urlTemplate":"https:\/\/gustafs.com\/sv\/?s={search_term_string}"},"query-input":{"@type":"PropertyValueSpecification","valueRequired":true,"valueName":"search_term_string"}}],"inLanguage":"sv-SE"}]}},"_links":{"self":[{"href":"https:\/\/gustafs.com\/sv\/wp-json\/wp\/v2\/product\/9306","targetHints":{"allow":["GET"]}}],"collection":[{"href":"https:\/\/gustafs.com\/sv\/wp-json\/wp\/v2\/product"}],"about":[{"href":"https:\/\/gustafs.com\/sv\/wp-json\/wp\/v2\/types\/product"}],"version-history":[{"count":31,"href":"https:\/\/gustafs.com\/sv\/wp-json\/wp\/v2\/product\/9306\/revisions"}],"predecessor-version":[{"id":32987,"href":"https:\/\/gustafs.com\/sv\/wp-json\/wp\/v2\/product\/9306\/revisions\/32987"}],"wp:featuredmedia":[{"embeddable":true,"href":"https:\/\/gustafs.com\/sv\/wp-json\/wp\/v2\/media\/3089"}],"wp:attachment":[{"href":"https:\/\/gustafs.com\/sv\/wp-json\/wp\/v2\/media?parent=9306"}],"wp:term":[{"taxonomy":"product_brand","embeddable":true,"href":"https:\/\/gustafs.com\/sv\/wp-json\/wp\/v2\/product_brand?post=9306"},{"taxonomy":"product_cat","embeddable":true,"href":"https:\/\/gustafs.com\/sv\/wp-json\/wp\/v2\/product_cat?post=9306"},{"taxonomy":"product_tag","embeddable":true,"href":"https:\/\/gustafs.com\/sv\/wp-json\/wp\/v2\/product_tag?post=9306"}],"curies":[{"name":"wp","href":"https:\/\/api.w.org\/{rel}","templated":true}]}}