{"id":9298,"date":"2022-05-02T11:13:36","date_gmt":"2022-05-02T11:13:36","guid":{"rendered":"https:\/\/gustafs.com\/product\/acoustic-panel-nano\/"},"modified":"2025-11-04T10:59:06","modified_gmt":"2025-11-04T09:59:06","slug":"akustikpanel-nano","status":"publish","type":"product","link":"https:\/\/gustafs.com\/sv\/produkt\/akustikpanel-nano\/","title":{"rendered":"Akustikpanel Nano"},"content":{"rendered":"<p style=\"letter-spacing: 1px;\">NANO PERFORERAD\u00ae AKUSTIKPANEL F\u00d6R V\u00c4GGAR OCH UNDERTAK<\/p>\n<p>Fr\u00e5n ett normalt betraktningsavst\u00e5nd \u00e4r Nano perforeringen\u00ae\/mikroperforeringen osynlig, men akustikkvaliteterna \u00e4r utm\u00e4rkta med en ljudabsorption i klass A (\u03b1w 0,90). Gustafs Nano\u00ae \u00e4r mindre beroende av isolering och luftspalter bakom panelen, s\u00e5 generellt kan man f\u00e5 tunnare v\u00e4ggar och innertak, vilket sparar v\u00e4rdefull yta. Beroende p\u00e5 tr\u00e4slag, typ av fan\u00e9rsk\u00e4rning, pigmentering och installationsm\u00f6nster s\u00e5 tar en Nano-panel av tr\u00e4 med sig naturen inomhus. V\u00e5ra akustikpaneler installeras med v\u00e5rt ber\u00f6mda Capax-system f\u00f6r ett vackert slutresultat.<\/p>\n","protected":false},"excerpt":{"rendered":"<p>NANO PERFORERAD\u00ae AKUSTIKPANEL F\u00d6R V\u00c4GGAR OCH UNDERTAK Fr\u00e5n ett normalt betraktningsavst\u00e5nd \u00e4r Nano perforeringen\u00ae\/mikroperforeringen osynlig, men akustikkvaliteterna \u00e4r utm\u00e4rkta med en ljudabsorption i klass A (\u03b1w 0,90). Gustafs Nano\u00ae \u00e4r mindre beroende av isolering och luftspalter bakom panelen, s\u00e5 generellt kan man f\u00e5 tunnare v\u00e4ggar och innertak, vilket sparar v\u00e4rdefull yta. Beroende p\u00e5 tr\u00e4slag, typ [&hellip;]<\/p>\n","protected":false},"featured_media":7057,"template":"","meta":{"_acf_changed":false,"inline_featured_image":false,"footnotes":""},"product_brand":[],"product_cat":[73],"product_tag":[],"class_list":{"0":"post-9298","1":"product","2":"type-product","3":"status-publish","4":"has-post-thumbnail","6":"product_cat-gustafs-panelsystem","7":"pa_acoustic-class-absorption-a","8":"pa_acoustic-class-absorption-c","10":"first","11":"instock","12":"shipping-taxable","13":"product-type-simple"},"acf":[],"yoast_head":"<!-- This site is optimized with the Yoast SEO plugin v25.4 - https:\/\/yoast.com\/wordpress\/plugins\/seo\/ -->\n<title>Akustikpanel Nano | Osynlig ljudabsorption<\/title>\n<meta name=\"description\" content=\"En unik mikroperforerad akustikpanel i tr\u00e4 med ljudaborberande egenskaper som ger rummet en osynlig exceptionell akustik med marknadens b\u00e4sta brandskydd. Denna Nano perforerade akustikpanel \u00e4r unik med sin osynliga ljudabsorption.\" \/>\n<meta name=\"robots\" content=\"index, follow, max-snippet:-1, max-image-preview:large, max-video-preview:-1\" \/>\n<link rel=\"canonical\" href=\"https:\/\/gustafs.com\/sv\/produkt\/akustikpanel-nano\/\" \/>\n<meta property=\"og:locale\" content=\"sv_SE\" \/>\n<meta property=\"og:type\" content=\"article\" \/>\n<meta property=\"og:title\" content=\"Akustikpanel Nano | Osynlig ljudabsorption\" \/>\n<meta property=\"og:description\" content=\"En unik mikroperforerad akustikpanel i tr\u00e4 med ljudaborberande egenskaper som ger rummet en osynlig exceptionell akustik med marknadens b\u00e4sta brandskydd. Denna Nano perforerade akustikpanel \u00e4r unik med sin osynliga ljudabsorption.\" \/>\n<meta property=\"og:url\" content=\"https:\/\/gustafs.com\/sv\/produkt\/akustikpanel-nano\/\" \/>\n<meta property=\"og:site_name\" content=\"Gustafs Scandinavia\" \/>\n<meta property=\"article:modified_time\" content=\"2025-11-04T09:59:06+00:00\" \/>\n<meta property=\"og:image\" content=\"https:\/\/gustafs.com\/wp-content\/uploads\/2022\/05\/acoustic-nano-panel-micro-perforation.jpg\" \/>\n\t<meta property=\"og:image:width\" content=\"1030\" \/>\n\t<meta property=\"og:image:height\" content=\"1290\" \/>\n\t<meta property=\"og:image:type\" content=\"image\/jpeg\" \/>\n<meta name=\"twitter:card\" content=\"summary_large_image\" \/>\n<meta name=\"twitter:label1\" content=\"Ber\u00e4knad l\u00e4stid\" \/>\n\t<meta name=\"twitter:data1\" content=\"1 minut\" \/>\n<script type=\"application\/ld+json\" class=\"yoast-schema-graph\">{\"@context\":\"https:\/\/schema.org\",\"@graph\":[{\"@type\":\"WebPage\",\"@id\":\"https:\/\/gustafs.com\/sv\/produkt\/akustikpanel-nano\/\",\"url\":\"https:\/\/gustafs.com\/sv\/produkt\/akustikpanel-nano\/\",\"name\":\"Akustikpanel Nano | Osynlig ljudabsorption\",\"isPartOf\":{\"@id\":\"https:\/\/gustafs.com\/sv\/#website\"},\"primaryImageOfPage\":{\"@id\":\"https:\/\/gustafs.com\/sv\/produkt\/akustikpanel-nano\/#primaryimage\"},\"image\":{\"@id\":\"https:\/\/gustafs.com\/sv\/produkt\/akustikpanel-nano\/#primaryimage\"},\"thumbnailUrl\":\"https:\/\/gustafs.com\/wp-content\/uploads\/2022\/05\/acoustic-nano-panel-micro-perforation.jpg\",\"datePublished\":\"2022-05-02T11:13:36+00:00\",\"dateModified\":\"2025-11-04T09:59:06+00:00\",\"description\":\"En unik mikroperforerad akustikpanel i tr\u00e4 med ljudaborberande egenskaper som ger rummet en osynlig exceptionell akustik med marknadens b\u00e4sta brandskydd. Denna Nano perforerade akustikpanel \u00e4r unik med sin osynliga ljudabsorption.\",\"breadcrumb\":{\"@id\":\"https:\/\/gustafs.com\/sv\/produkt\/akustikpanel-nano\/#breadcrumb\"},\"inLanguage\":\"sv-SE\",\"potentialAction\":[{\"@type\":\"ReadAction\",\"target\":[\"https:\/\/gustafs.com\/sv\/produkt\/akustikpanel-nano\/\"]}]},{\"@type\":\"ImageObject\",\"inLanguage\":\"sv-SE\",\"@id\":\"https:\/\/gustafs.com\/sv\/produkt\/akustikpanel-nano\/#primaryimage\",\"url\":\"https:\/\/gustafs.com\/wp-content\/uploads\/2022\/05\/acoustic-nano-panel-micro-perforation.jpg\",\"contentUrl\":\"https:\/\/gustafs.com\/wp-content\/uploads\/2022\/05\/acoustic-nano-panel-micro-perforation.jpg\",\"width\":1030,\"height\":1290,\"caption\":\"Nano perforerad tr\u00e4panel\"},{\"@type\":\"BreadcrumbList\",\"@id\":\"https:\/\/gustafs.com\/sv\/produkt\/akustikpanel-nano\/#breadcrumb\",\"itemListElement\":[{\"@type\":\"ListItem\",\"position\":1,\"name\":\"Gustafs\",\"item\":\"https:\/\/gustafs.com\/sv\/\"},{\"@type\":\"ListItem\",\"position\":2,\"name\":\"Produkter\",\"item\":\"https:\/\/gustafs.com\/sv\/produkter\/\"},{\"@type\":\"ListItem\",\"position\":3,\"name\":\"Gustafs Paneler\",\"item\":\"https:\/\/gustafs.com\/sv\/produkt-kategori\/gustafs-panelsystem\/\"},{\"@type\":\"ListItem\",\"position\":4,\"name\":\"Akustikpanel Nano\"}]},{\"@type\":\"WebSite\",\"@id\":\"https:\/\/gustafs.com\/sv\/#website\",\"url\":\"https:\/\/gustafs.com\/sv\/\",\"name\":\"Gustafs Scandinavia\",\"description\":\"Exclusive Wooden Panels And Acoustic Panels\",\"potentialAction\":[{\"@type\":\"SearchAction\",\"target\":{\"@type\":\"EntryPoint\",\"urlTemplate\":\"https:\/\/gustafs.com\/sv\/?s={search_term_string}\"},\"query-input\":{\"@type\":\"PropertyValueSpecification\",\"valueRequired\":true,\"valueName\":\"search_term_string\"}}],\"inLanguage\":\"sv-SE\"}]}<\/script>\n<!-- \/ Yoast SEO plugin. -->","yoast_head_json":{"title":"Akustikpanel Nano | Osynlig ljudabsorption","description":"En unik mikroperforerad akustikpanel i tr\u00e4 med ljudaborberande egenskaper som ger rummet en osynlig exceptionell akustik med marknadens b\u00e4sta brandskydd. Denna Nano perforerade akustikpanel \u00e4r unik med sin osynliga ljudabsorption.","robots":{"index":"index","follow":"follow","max-snippet":"max-snippet:-1","max-image-preview":"max-image-preview:large","max-video-preview":"max-video-preview:-1"},"canonical":"https:\/\/gustafs.com\/sv\/produkt\/akustikpanel-nano\/","og_locale":"sv_SE","og_type":"article","og_title":"Akustikpanel Nano | Osynlig ljudabsorption","og_description":"En unik mikroperforerad akustikpanel i tr\u00e4 med ljudaborberande egenskaper som ger rummet en osynlig exceptionell akustik med marknadens b\u00e4sta brandskydd. Denna Nano perforerade akustikpanel \u00e4r unik med sin osynliga ljudabsorption.","og_url":"https:\/\/gustafs.com\/sv\/produkt\/akustikpanel-nano\/","og_site_name":"Gustafs Scandinavia","article_modified_time":"2025-11-04T09:59:06+00:00","og_image":[{"width":1030,"height":1290,"url":"https:\/\/gustafs.com\/wp-content\/uploads\/2022\/05\/acoustic-nano-panel-micro-perforation.jpg","type":"image\/jpeg"}],"twitter_card":"summary_large_image","twitter_misc":{"Ber\u00e4knad l\u00e4stid":"1 minut"},"schema":{"@context":"https:\/\/schema.org","@graph":[{"@type":"WebPage","@id":"https:\/\/gustafs.com\/sv\/produkt\/akustikpanel-nano\/","url":"https:\/\/gustafs.com\/sv\/produkt\/akustikpanel-nano\/","name":"Akustikpanel Nano | Osynlig ljudabsorption","isPartOf":{"@id":"https:\/\/gustafs.com\/sv\/#website"},"primaryImageOfPage":{"@id":"https:\/\/gustafs.com\/sv\/produkt\/akustikpanel-nano\/#primaryimage"},"image":{"@id":"https:\/\/gustafs.com\/sv\/produkt\/akustikpanel-nano\/#primaryimage"},"thumbnailUrl":"https:\/\/gustafs.com\/wp-content\/uploads\/2022\/05\/acoustic-nano-panel-micro-perforation.jpg","datePublished":"2022-05-02T11:13:36+00:00","dateModified":"2025-11-04T09:59:06+00:00","description":"En unik mikroperforerad akustikpanel i tr\u00e4 med ljudaborberande egenskaper som ger rummet en osynlig exceptionell akustik med marknadens b\u00e4sta brandskydd. Denna Nano perforerade akustikpanel \u00e4r unik med sin osynliga ljudabsorption.","breadcrumb":{"@id":"https:\/\/gustafs.com\/sv\/produkt\/akustikpanel-nano\/#breadcrumb"},"inLanguage":"sv-SE","potentialAction":[{"@type":"ReadAction","target":["https:\/\/gustafs.com\/sv\/produkt\/akustikpanel-nano\/"]}]},{"@type":"ImageObject","inLanguage":"sv-SE","@id":"https:\/\/gustafs.com\/sv\/produkt\/akustikpanel-nano\/#primaryimage","url":"https:\/\/gustafs.com\/wp-content\/uploads\/2022\/05\/acoustic-nano-panel-micro-perforation.jpg","contentUrl":"https:\/\/gustafs.com\/wp-content\/uploads\/2022\/05\/acoustic-nano-panel-micro-perforation.jpg","width":1030,"height":1290,"caption":"Nano perforerad tr\u00e4panel"},{"@type":"BreadcrumbList","@id":"https:\/\/gustafs.com\/sv\/produkt\/akustikpanel-nano\/#breadcrumb","itemListElement":[{"@type":"ListItem","position":1,"name":"Gustafs","item":"https:\/\/gustafs.com\/sv\/"},{"@type":"ListItem","position":2,"name":"Produkter","item":"https:\/\/gustafs.com\/sv\/produkter\/"},{"@type":"ListItem","position":3,"name":"Gustafs Paneler","item":"https:\/\/gustafs.com\/sv\/produkt-kategori\/gustafs-panelsystem\/"},{"@type":"ListItem","position":4,"name":"Akustikpanel Nano"}]},{"@type":"WebSite","@id":"https:\/\/gustafs.com\/sv\/#website","url":"https:\/\/gustafs.com\/sv\/","name":"Gustafs Scandinavia","description":"Exclusive Wooden Panels And Acoustic Panels","potentialAction":[{"@type":"SearchAction","target":{"@type":"EntryPoint","urlTemplate":"https:\/\/gustafs.com\/sv\/?s={search_term_string}"},"query-input":{"@type":"PropertyValueSpecification","valueRequired":true,"valueName":"search_term_string"}}],"inLanguage":"sv-SE"}]}},"_links":{"self":[{"href":"https:\/\/gustafs.com\/sv\/wp-json\/wp\/v2\/product\/9298","targetHints":{"allow":["GET"]}}],"collection":[{"href":"https:\/\/gustafs.com\/sv\/wp-json\/wp\/v2\/product"}],"about":[{"href":"https:\/\/gustafs.com\/sv\/wp-json\/wp\/v2\/types\/product"}],"version-history":[{"count":80,"href":"https:\/\/gustafs.com\/sv\/wp-json\/wp\/v2\/product\/9298\/revisions"}],"predecessor-version":[{"id":78320,"href":"https:\/\/gustafs.com\/sv\/wp-json\/wp\/v2\/product\/9298\/revisions\/78320"}],"wp:featuredmedia":[{"embeddable":true,"href":"https:\/\/gustafs.com\/sv\/wp-json\/wp\/v2\/media\/7057"}],"wp:attachment":[{"href":"https:\/\/gustafs.com\/sv\/wp-json\/wp\/v2\/media?parent=9298"}],"wp:term":[{"taxonomy":"product_brand","embeddable":true,"href":"https:\/\/gustafs.com\/sv\/wp-json\/wp\/v2\/product_brand?post=9298"},{"taxonomy":"product_cat","embeddable":true,"href":"https:\/\/gustafs.com\/sv\/wp-json\/wp\/v2\/product_cat?post=9298"},{"taxonomy":"product_tag","embeddable":true,"href":"https:\/\/gustafs.com\/sv\/wp-json\/wp\/v2\/product_tag?post=9298"}],"curies":[{"name":"wp","href":"https:\/\/api.w.org\/{rel}","templated":true}]}}