{"id":8791,"date":"2022-05-06T04:55:11","date_gmt":"2022-05-06T04:55:11","guid":{"rendered":"https:\/\/gustafs.com\/product\/acoustic-panel-pg5\/"},"modified":"2025-06-02T11:21:36","modified_gmt":"2025-06-02T09:21:36","slug":"akustikpanel-pg5","status":"publish","type":"product","link":"https:\/\/gustafs.com\/sv\/produkt\/akustikpanel-pg5\/","title":{"rendered":"Akustikpanel PG5"},"content":{"rendered":"<p>AKUSTIKPANELER F\u00d6R V\u00c4GGAR OCH UNDERTAK<\/p>\n<p>V\u00e5r akustikpanel i tr\u00e4 med PG5-perforering kombinerar ett enkelt och tidl\u00f6st m\u00f6nster med en bra ljudabsorption. Den operforerade ytan som \u00e4r av h\u00f6g densitet kommer att reflektera talljud p\u00e5 ett optimalt s\u00e4tt, vilket g\u00f6r att panelen passar utm\u00e4rkt i h\u00f6rsalar eller motsvarande. I v\u00e5r fan\u00e9rverkstad arbetar vi med n\u00e4stan alla tr\u00e4slag och genom att variera fan\u00e9rsk\u00e4rning, pigmentering och installationsm\u00f6nstret kan du skapa fantastiska och naturliga v\u00e4gg- eller takbekl\u00e4dnader. V\u00e5ra akustikpaneler installeras med v\u00e5rt ber\u00f6mda Capax-system f\u00f6r ett enkelt montage och ett vackert slutresultat.<\/p>\n","protected":false},"excerpt":{"rendered":"<p>AKUSTIKPANELER F\u00d6R V\u00c4GGAR OCH UNDERTAK V\u00e5r akustikpanel i tr\u00e4 med PG5-perforering kombinerar ett enkelt och tidl\u00f6st m\u00f6nster med en bra ljudabsorption. Den operforerade ytan som \u00e4r av h\u00f6g densitet kommer att reflektera talljud p\u00e5 ett optimalt s\u00e4tt, vilket g\u00f6r att panelen passar utm\u00e4rkt i h\u00f6rsalar eller motsvarande. I v\u00e5r fan\u00e9rverkstad arbetar vi med n\u00e4stan alla [&hellip;]<\/p>\n","protected":false},"featured_media":2882,"template":"","meta":{"_acf_changed":false,"inline_featured_image":false,"footnotes":""},"product_brand":[],"product_cat":[73],"product_tag":[],"class_list":{"0":"post-8791","1":"product","2":"type-product","3":"status-publish","4":"has-post-thumbnail","6":"product_cat-gustafs-panelsystem","7":"pa_acoustic-class-absorption-d","8":"pa_acoustic-class-absorption-e","10":"first","11":"instock","12":"shipping-taxable","13":"product-type-simple"},"acf":[],"yoast_head":"<!-- This site is optimized with the Yoast SEO plugin v25.4 - https:\/\/yoast.com\/wordpress\/plugins\/seo\/ -->\n<title>Akustikpanel PG5 | Gustafs Scandinavia<\/title>\n<meta name=\"description\" content=\"Arkitektoniska akustikpaneler i tr\u00e4 med perforeringsm\u00f6nster PG5. Skapa en interi\u00f6r med akustik och brandklass i v\u00e4rldsklass.\" \/>\n<meta name=\"robots\" content=\"index, follow, max-snippet:-1, max-image-preview:large, max-video-preview:-1\" \/>\n<link rel=\"canonical\" href=\"https:\/\/gustafs.com\/sv\/produkt\/akustikpanel-pg5\/\" \/>\n<meta property=\"og:locale\" content=\"sv_SE\" \/>\n<meta property=\"og:type\" content=\"article\" \/>\n<meta property=\"og:title\" content=\"Akustikpanel PG5 | Gustafs Scandinavia\" \/>\n<meta property=\"og:description\" content=\"Arkitektoniska akustikpaneler i tr\u00e4 med perforeringsm\u00f6nster PG5. Skapa en interi\u00f6r med akustik och brandklass i v\u00e4rldsklass.\" \/>\n<meta property=\"og:url\" content=\"https:\/\/gustafs.com\/sv\/produkt\/akustikpanel-pg5\/\" \/>\n<meta property=\"og:site_name\" content=\"Gustafs Scandinavia\" \/>\n<meta property=\"article:modified_time\" content=\"2025-06-02T09:21:36+00:00\" \/>\n<meta property=\"og:image\" content=\"https:\/\/gustafs.com\/wp-content\/uploads\/2022\/02\/acoustic-panel-pg5.jpg\" \/>\n\t<meta property=\"og:image:width\" content=\"1030\" \/>\n\t<meta property=\"og:image:height\" content=\"1290\" \/>\n\t<meta property=\"og:image:type\" content=\"image\/jpeg\" \/>\n<meta name=\"twitter:card\" content=\"summary_large_image\" \/>\n<meta name=\"twitter:label1\" content=\"Ber\u00e4knad l\u00e4stid\" \/>\n\t<meta name=\"twitter:data1\" content=\"1 minut\" \/>\n<script type=\"application\/ld+json\" class=\"yoast-schema-graph\">{\"@context\":\"https:\/\/schema.org\",\"@graph\":[{\"@type\":\"WebPage\",\"@id\":\"https:\/\/gustafs.com\/sv\/produkt\/akustikpanel-pg5\/\",\"url\":\"https:\/\/gustafs.com\/sv\/produkt\/akustikpanel-pg5\/\",\"name\":\"Akustikpanel PG5 | Gustafs Scandinavia\",\"isPartOf\":{\"@id\":\"https:\/\/gustafs.com\/sv\/#website\"},\"primaryImageOfPage\":{\"@id\":\"https:\/\/gustafs.com\/sv\/produkt\/akustikpanel-pg5\/#primaryimage\"},\"image\":{\"@id\":\"https:\/\/gustafs.com\/sv\/produkt\/akustikpanel-pg5\/#primaryimage\"},\"thumbnailUrl\":\"https:\/\/gustafs.com\/wp-content\/uploads\/2022\/02\/acoustic-panel-pg5.jpg\",\"datePublished\":\"2022-05-06T04:55:11+00:00\",\"dateModified\":\"2025-06-02T09:21:36+00:00\",\"description\":\"Arkitektoniska akustikpaneler i tr\u00e4 med perforeringsm\u00f6nster PG5. Skapa en interi\u00f6r med akustik och brandklass i v\u00e4rldsklass.\",\"breadcrumb\":{\"@id\":\"https:\/\/gustafs.com\/sv\/produkt\/akustikpanel-pg5\/#breadcrumb\"},\"inLanguage\":\"sv-SE\",\"potentialAction\":[{\"@type\":\"ReadAction\",\"target\":[\"https:\/\/gustafs.com\/sv\/produkt\/akustikpanel-pg5\/\"]}]},{\"@type\":\"ImageObject\",\"inLanguage\":\"sv-SE\",\"@id\":\"https:\/\/gustafs.com\/sv\/produkt\/akustikpanel-pg5\/#primaryimage\",\"url\":\"https:\/\/gustafs.com\/wp-content\/uploads\/2022\/02\/acoustic-panel-pg5.jpg\",\"contentUrl\":\"https:\/\/gustafs.com\/wp-content\/uploads\/2022\/02\/acoustic-panel-pg5.jpg\",\"width\":1030,\"height\":1290,\"caption\":\"Acoustic wood wall panels with perforation\"},{\"@type\":\"BreadcrumbList\",\"@id\":\"https:\/\/gustafs.com\/sv\/produkt\/akustikpanel-pg5\/#breadcrumb\",\"itemListElement\":[{\"@type\":\"ListItem\",\"position\":1,\"name\":\"Gustafs\",\"item\":\"https:\/\/gustafs.com\/sv\/\"},{\"@type\":\"ListItem\",\"position\":2,\"name\":\"Produkter\",\"item\":\"https:\/\/gustafs.com\/sv\/produkter\/\"},{\"@type\":\"ListItem\",\"position\":3,\"name\":\"Gustafs Paneler\",\"item\":\"https:\/\/gustafs.com\/sv\/produkt-kategori\/gustafs-panelsystem\/\"},{\"@type\":\"ListItem\",\"position\":4,\"name\":\"Akustikpanel PG5\"}]},{\"@type\":\"WebSite\",\"@id\":\"https:\/\/gustafs.com\/sv\/#website\",\"url\":\"https:\/\/gustafs.com\/sv\/\",\"name\":\"Gustafs Scandinavia\",\"description\":\"Exclusive Wooden Panels And Acoustic Panels\",\"potentialAction\":[{\"@type\":\"SearchAction\",\"target\":{\"@type\":\"EntryPoint\",\"urlTemplate\":\"https:\/\/gustafs.com\/sv\/?s={search_term_string}\"},\"query-input\":{\"@type\":\"PropertyValueSpecification\",\"valueRequired\":true,\"valueName\":\"search_term_string\"}}],\"inLanguage\":\"sv-SE\"}]}<\/script>\n<!-- \/ Yoast SEO plugin. -->","yoast_head_json":{"title":"Akustikpanel PG5 | Gustafs Scandinavia","description":"Arkitektoniska akustikpaneler i tr\u00e4 med perforeringsm\u00f6nster PG5. Skapa en interi\u00f6r med akustik och brandklass i v\u00e4rldsklass.","robots":{"index":"index","follow":"follow","max-snippet":"max-snippet:-1","max-image-preview":"max-image-preview:large","max-video-preview":"max-video-preview:-1"},"canonical":"https:\/\/gustafs.com\/sv\/produkt\/akustikpanel-pg5\/","og_locale":"sv_SE","og_type":"article","og_title":"Akustikpanel PG5 | Gustafs Scandinavia","og_description":"Arkitektoniska akustikpaneler i tr\u00e4 med perforeringsm\u00f6nster PG5. Skapa en interi\u00f6r med akustik och brandklass i v\u00e4rldsklass.","og_url":"https:\/\/gustafs.com\/sv\/produkt\/akustikpanel-pg5\/","og_site_name":"Gustafs Scandinavia","article_modified_time":"2025-06-02T09:21:36+00:00","og_image":[{"width":1030,"height":1290,"url":"https:\/\/gustafs.com\/wp-content\/uploads\/2022\/02\/acoustic-panel-pg5.jpg","type":"image\/jpeg"}],"twitter_card":"summary_large_image","twitter_misc":{"Ber\u00e4knad l\u00e4stid":"1 minut"},"schema":{"@context":"https:\/\/schema.org","@graph":[{"@type":"WebPage","@id":"https:\/\/gustafs.com\/sv\/produkt\/akustikpanel-pg5\/","url":"https:\/\/gustafs.com\/sv\/produkt\/akustikpanel-pg5\/","name":"Akustikpanel PG5 | Gustafs Scandinavia","isPartOf":{"@id":"https:\/\/gustafs.com\/sv\/#website"},"primaryImageOfPage":{"@id":"https:\/\/gustafs.com\/sv\/produkt\/akustikpanel-pg5\/#primaryimage"},"image":{"@id":"https:\/\/gustafs.com\/sv\/produkt\/akustikpanel-pg5\/#primaryimage"},"thumbnailUrl":"https:\/\/gustafs.com\/wp-content\/uploads\/2022\/02\/acoustic-panel-pg5.jpg","datePublished":"2022-05-06T04:55:11+00:00","dateModified":"2025-06-02T09:21:36+00:00","description":"Arkitektoniska akustikpaneler i tr\u00e4 med perforeringsm\u00f6nster PG5. Skapa en interi\u00f6r med akustik och brandklass i v\u00e4rldsklass.","breadcrumb":{"@id":"https:\/\/gustafs.com\/sv\/produkt\/akustikpanel-pg5\/#breadcrumb"},"inLanguage":"sv-SE","potentialAction":[{"@type":"ReadAction","target":["https:\/\/gustafs.com\/sv\/produkt\/akustikpanel-pg5\/"]}]},{"@type":"ImageObject","inLanguage":"sv-SE","@id":"https:\/\/gustafs.com\/sv\/produkt\/akustikpanel-pg5\/#primaryimage","url":"https:\/\/gustafs.com\/wp-content\/uploads\/2022\/02\/acoustic-panel-pg5.jpg","contentUrl":"https:\/\/gustafs.com\/wp-content\/uploads\/2022\/02\/acoustic-panel-pg5.jpg","width":1030,"height":1290,"caption":"Acoustic wood wall panels with perforation"},{"@type":"BreadcrumbList","@id":"https:\/\/gustafs.com\/sv\/produkt\/akustikpanel-pg5\/#breadcrumb","itemListElement":[{"@type":"ListItem","position":1,"name":"Gustafs","item":"https:\/\/gustafs.com\/sv\/"},{"@type":"ListItem","position":2,"name":"Produkter","item":"https:\/\/gustafs.com\/sv\/produkter\/"},{"@type":"ListItem","position":3,"name":"Gustafs Paneler","item":"https:\/\/gustafs.com\/sv\/produkt-kategori\/gustafs-panelsystem\/"},{"@type":"ListItem","position":4,"name":"Akustikpanel PG5"}]},{"@type":"WebSite","@id":"https:\/\/gustafs.com\/sv\/#website","url":"https:\/\/gustafs.com\/sv\/","name":"Gustafs Scandinavia","description":"Exclusive Wooden Panels And Acoustic Panels","potentialAction":[{"@type":"SearchAction","target":{"@type":"EntryPoint","urlTemplate":"https:\/\/gustafs.com\/sv\/?s={search_term_string}"},"query-input":{"@type":"PropertyValueSpecification","valueRequired":true,"valueName":"search_term_string"}}],"inLanguage":"sv-SE"}]}},"_links":{"self":[{"href":"https:\/\/gustafs.com\/sv\/wp-json\/wp\/v2\/product\/8791","targetHints":{"allow":["GET"]}}],"collection":[{"href":"https:\/\/gustafs.com\/sv\/wp-json\/wp\/v2\/product"}],"about":[{"href":"https:\/\/gustafs.com\/sv\/wp-json\/wp\/v2\/types\/product"}],"version-history":[{"count":66,"href":"https:\/\/gustafs.com\/sv\/wp-json\/wp\/v2\/product\/8791\/revisions"}],"predecessor-version":[{"id":32964,"href":"https:\/\/gustafs.com\/sv\/wp-json\/wp\/v2\/product\/8791\/revisions\/32964"}],"wp:featuredmedia":[{"embeddable":true,"href":"https:\/\/gustafs.com\/sv\/wp-json\/wp\/v2\/media\/2882"}],"wp:attachment":[{"href":"https:\/\/gustafs.com\/sv\/wp-json\/wp\/v2\/media?parent=8791"}],"wp:term":[{"taxonomy":"product_brand","embeddable":true,"href":"https:\/\/gustafs.com\/sv\/wp-json\/wp\/v2\/product_brand?post=8791"},{"taxonomy":"product_cat","embeddable":true,"href":"https:\/\/gustafs.com\/sv\/wp-json\/wp\/v2\/product_cat?post=8791"},{"taxonomy":"product_tag","embeddable":true,"href":"https:\/\/gustafs.com\/sv\/wp-json\/wp\/v2\/product_tag?post=8791"}],"curies":[{"name":"wp","href":"https:\/\/api.w.org\/{rel}","templated":true}]}}