{"id":8782,"date":"2022-05-05T07:17:47","date_gmt":"2022-05-05T07:17:47","guid":{"rendered":"https:\/\/gustafs.com\/product\/acoustic-panel-pd8\/"},"modified":"2025-06-02T11:06:28","modified_gmt":"2025-06-02T09:06:28","slug":"akustikpanel-pd8","status":"publish","type":"product","link":"https:\/\/gustafs.com\/sv\/produkt\/akustikpanel-pd8\/","title":{"rendered":"Akustikpanel PD8"},"content":{"rendered":"<p style=\"letter-spacing: 1px;\">PERFORERADE AKUSTIKPANELER F\u00d6R V\u00c4GGAR OCH UNDERTAK<\/p>\n<p>PD8 \u00e4r en perforerad akustikpanel och en av v\u00e5ra mest popul\u00e4ra l\u00f6sningar f\u00f6r v\u00e4ggar och undertak. Tack vare den relativt stora \u00f6ppna ytan garanteras en h\u00f6g ljudabsorption. I v\u00e5r fan\u00e9rverkstad arbetar vi med n\u00e4stan alla tr\u00e4slag och genom att variera fan\u00e9rsk\u00e4rning, pigmentering och installationsm\u00f6nstret kan du skapa fantastiska och naturliga v\u00e4gg- eller takbekl\u00e4dnader. V\u00e5ra perforerade akustikpaneler installeras med Capax-system vilket ger ett enkelt montage med n\u00e4stintill osynlig skarvning.<\/p>\n","protected":false},"excerpt":{"rendered":"<p>PERFORERADE AKUSTIKPANELER F\u00d6R V\u00c4GGAR OCH UNDERTAK PD8 \u00e4r en perforerad akustikpanel och en av v\u00e5ra mest popul\u00e4ra l\u00f6sningar f\u00f6r v\u00e4ggar och undertak. Tack vare den relativt stora \u00f6ppna ytan garanteras en h\u00f6g ljudabsorption. I v\u00e5r fan\u00e9rverkstad arbetar vi med n\u00e4stan alla tr\u00e4slag och genom att variera fan\u00e9rsk\u00e4rning, pigmentering och installationsm\u00f6nstret kan du skapa fantastiska och [&hellip;]<\/p>\n","protected":false},"featured_media":2918,"template":"","meta":{"_acf_changed":false,"inline_featured_image":false,"footnotes":""},"product_brand":[],"product_cat":[73],"product_tag":[],"class_list":{"0":"post-8782","1":"product","2":"type-product","3":"status-publish","4":"has-post-thumbnail","6":"product_cat-gustafs-panelsystem","7":"pa_acoustic-class-absorption-a","8":"pa_acoustic-class-absorption-b","9":"pa_acoustic-class-absorption-d","11":"first","12":"instock","13":"shipping-taxable","14":"product-type-simple"},"acf":[],"yoast_head":"<!-- This site is optimized with the Yoast SEO plugin v25.4 - https:\/\/yoast.com\/wordpress\/plugins\/seo\/ -->\n<title>Perforerad Akustikpanel PD8 | Gustafs Scandinavia<\/title>\n<meta name=\"description\" content=\"Arkitektoniska akustikpaneler i tr\u00e4 med perforeringsm\u00f6nster PD8. Skapa en interi\u00f6r med akustik och brandklass i v\u00e4rldsklass.\" \/>\n<meta name=\"robots\" content=\"index, follow, max-snippet:-1, max-image-preview:large, max-video-preview:-1\" \/>\n<link rel=\"canonical\" href=\"https:\/\/gustafs.com\/sv\/produkt\/akustikpanel-pd8\/\" \/>\n<meta property=\"og:locale\" content=\"sv_SE\" \/>\n<meta property=\"og:type\" content=\"article\" \/>\n<meta property=\"og:title\" content=\"Perforerad Akustikpanel PD8 | Gustafs Scandinavia\" \/>\n<meta property=\"og:description\" content=\"Arkitektoniska akustikpaneler i tr\u00e4 med perforeringsm\u00f6nster PD8. Skapa en interi\u00f6r med akustik och brandklass i v\u00e4rldsklass.\" \/>\n<meta property=\"og:url\" content=\"https:\/\/gustafs.com\/sv\/produkt\/akustikpanel-pd8\/\" \/>\n<meta property=\"og:site_name\" content=\"Gustafs Scandinavia\" \/>\n<meta property=\"article:modified_time\" content=\"2025-06-02T09:06:28+00:00\" \/>\n<meta property=\"og:image\" content=\"https:\/\/gustafs.com\/wp-content\/uploads\/2015\/11\/ash-pd8-acoustic-panel.jpg\" \/>\n\t<meta property=\"og:image:width\" content=\"1030\" \/>\n\t<meta property=\"og:image:height\" content=\"1290\" \/>\n\t<meta property=\"og:image:type\" content=\"image\/jpeg\" \/>\n<meta name=\"twitter:card\" content=\"summary_large_image\" \/>\n<meta name=\"twitter:label1\" content=\"Ber\u00e4knad l\u00e4stid\" \/>\n\t<meta name=\"twitter:data1\" content=\"1 minut\" \/>\n<script type=\"application\/ld+json\" class=\"yoast-schema-graph\">{\"@context\":\"https:\/\/schema.org\",\"@graph\":[{\"@type\":\"WebPage\",\"@id\":\"https:\/\/gustafs.com\/sv\/produkt\/akustikpanel-pd8\/\",\"url\":\"https:\/\/gustafs.com\/sv\/produkt\/akustikpanel-pd8\/\",\"name\":\"Perforerad Akustikpanel PD8 | Gustafs Scandinavia\",\"isPartOf\":{\"@id\":\"https:\/\/gustafs.com\/sv\/#website\"},\"primaryImageOfPage\":{\"@id\":\"https:\/\/gustafs.com\/sv\/produkt\/akustikpanel-pd8\/#primaryimage\"},\"image\":{\"@id\":\"https:\/\/gustafs.com\/sv\/produkt\/akustikpanel-pd8\/#primaryimage\"},\"thumbnailUrl\":\"https:\/\/gustafs.com\/wp-content\/uploads\/2015\/11\/ash-pd8-acoustic-panel.jpg\",\"datePublished\":\"2022-05-05T07:17:47+00:00\",\"dateModified\":\"2025-06-02T09:06:28+00:00\",\"description\":\"Arkitektoniska akustikpaneler i tr\u00e4 med perforeringsm\u00f6nster PD8. Skapa en interi\u00f6r med akustik och brandklass i v\u00e4rldsklass.\",\"breadcrumb\":{\"@id\":\"https:\/\/gustafs.com\/sv\/produkt\/akustikpanel-pd8\/#breadcrumb\"},\"inLanguage\":\"sv-SE\",\"potentialAction\":[{\"@type\":\"ReadAction\",\"target\":[\"https:\/\/gustafs.com\/sv\/produkt\/akustikpanel-pd8\/\"]}]},{\"@type\":\"ImageObject\",\"inLanguage\":\"sv-SE\",\"@id\":\"https:\/\/gustafs.com\/sv\/produkt\/akustikpanel-pd8\/#primaryimage\",\"url\":\"https:\/\/gustafs.com\/wp-content\/uploads\/2015\/11\/ash-pd8-acoustic-panel.jpg\",\"contentUrl\":\"https:\/\/gustafs.com\/wp-content\/uploads\/2015\/11\/ash-pd8-acoustic-panel.jpg\",\"width\":1030,\"height\":1290,\"caption\":\"Perforerad Akustikpanel i vit ask\"},{\"@type\":\"BreadcrumbList\",\"@id\":\"https:\/\/gustafs.com\/sv\/produkt\/akustikpanel-pd8\/#breadcrumb\",\"itemListElement\":[{\"@type\":\"ListItem\",\"position\":1,\"name\":\"Gustafs\",\"item\":\"https:\/\/gustafs.com\/sv\/\"},{\"@type\":\"ListItem\",\"position\":2,\"name\":\"Produkter\",\"item\":\"https:\/\/gustafs.com\/sv\/produkter\/\"},{\"@type\":\"ListItem\",\"position\":3,\"name\":\"Gustafs Paneler\",\"item\":\"https:\/\/gustafs.com\/sv\/produkt-kategori\/gustafs-panelsystem\/\"},{\"@type\":\"ListItem\",\"position\":4,\"name\":\"Akustikpanel PD8\"}]},{\"@type\":\"WebSite\",\"@id\":\"https:\/\/gustafs.com\/sv\/#website\",\"url\":\"https:\/\/gustafs.com\/sv\/\",\"name\":\"Gustafs Scandinavia\",\"description\":\"Exclusive Wooden Panels And Acoustic Panels\",\"potentialAction\":[{\"@type\":\"SearchAction\",\"target\":{\"@type\":\"EntryPoint\",\"urlTemplate\":\"https:\/\/gustafs.com\/sv\/?s={search_term_string}\"},\"query-input\":{\"@type\":\"PropertyValueSpecification\",\"valueRequired\":true,\"valueName\":\"search_term_string\"}}],\"inLanguage\":\"sv-SE\"}]}<\/script>\n<!-- \/ Yoast SEO plugin. -->","yoast_head_json":{"title":"Perforerad Akustikpanel PD8 | Gustafs Scandinavia","description":"Arkitektoniska akustikpaneler i tr\u00e4 med perforeringsm\u00f6nster PD8. Skapa en interi\u00f6r med akustik och brandklass i v\u00e4rldsklass.","robots":{"index":"index","follow":"follow","max-snippet":"max-snippet:-1","max-image-preview":"max-image-preview:large","max-video-preview":"max-video-preview:-1"},"canonical":"https:\/\/gustafs.com\/sv\/produkt\/akustikpanel-pd8\/","og_locale":"sv_SE","og_type":"article","og_title":"Perforerad Akustikpanel PD8 | Gustafs Scandinavia","og_description":"Arkitektoniska akustikpaneler i tr\u00e4 med perforeringsm\u00f6nster PD8. Skapa en interi\u00f6r med akustik och brandklass i v\u00e4rldsklass.","og_url":"https:\/\/gustafs.com\/sv\/produkt\/akustikpanel-pd8\/","og_site_name":"Gustafs Scandinavia","article_modified_time":"2025-06-02T09:06:28+00:00","og_image":[{"width":1030,"height":1290,"url":"https:\/\/gustafs.com\/wp-content\/uploads\/2015\/11\/ash-pd8-acoustic-panel.jpg","type":"image\/jpeg"}],"twitter_card":"summary_large_image","twitter_misc":{"Ber\u00e4knad l\u00e4stid":"1 minut"},"schema":{"@context":"https:\/\/schema.org","@graph":[{"@type":"WebPage","@id":"https:\/\/gustafs.com\/sv\/produkt\/akustikpanel-pd8\/","url":"https:\/\/gustafs.com\/sv\/produkt\/akustikpanel-pd8\/","name":"Perforerad Akustikpanel PD8 | Gustafs Scandinavia","isPartOf":{"@id":"https:\/\/gustafs.com\/sv\/#website"},"primaryImageOfPage":{"@id":"https:\/\/gustafs.com\/sv\/produkt\/akustikpanel-pd8\/#primaryimage"},"image":{"@id":"https:\/\/gustafs.com\/sv\/produkt\/akustikpanel-pd8\/#primaryimage"},"thumbnailUrl":"https:\/\/gustafs.com\/wp-content\/uploads\/2015\/11\/ash-pd8-acoustic-panel.jpg","datePublished":"2022-05-05T07:17:47+00:00","dateModified":"2025-06-02T09:06:28+00:00","description":"Arkitektoniska akustikpaneler i tr\u00e4 med perforeringsm\u00f6nster PD8. Skapa en interi\u00f6r med akustik och brandklass i v\u00e4rldsklass.","breadcrumb":{"@id":"https:\/\/gustafs.com\/sv\/produkt\/akustikpanel-pd8\/#breadcrumb"},"inLanguage":"sv-SE","potentialAction":[{"@type":"ReadAction","target":["https:\/\/gustafs.com\/sv\/produkt\/akustikpanel-pd8\/"]}]},{"@type":"ImageObject","inLanguage":"sv-SE","@id":"https:\/\/gustafs.com\/sv\/produkt\/akustikpanel-pd8\/#primaryimage","url":"https:\/\/gustafs.com\/wp-content\/uploads\/2015\/11\/ash-pd8-acoustic-panel.jpg","contentUrl":"https:\/\/gustafs.com\/wp-content\/uploads\/2015\/11\/ash-pd8-acoustic-panel.jpg","width":1030,"height":1290,"caption":"Perforerad Akustikpanel i vit ask"},{"@type":"BreadcrumbList","@id":"https:\/\/gustafs.com\/sv\/produkt\/akustikpanel-pd8\/#breadcrumb","itemListElement":[{"@type":"ListItem","position":1,"name":"Gustafs","item":"https:\/\/gustafs.com\/sv\/"},{"@type":"ListItem","position":2,"name":"Produkter","item":"https:\/\/gustafs.com\/sv\/produkter\/"},{"@type":"ListItem","position":3,"name":"Gustafs Paneler","item":"https:\/\/gustafs.com\/sv\/produkt-kategori\/gustafs-panelsystem\/"},{"@type":"ListItem","position":4,"name":"Akustikpanel PD8"}]},{"@type":"WebSite","@id":"https:\/\/gustafs.com\/sv\/#website","url":"https:\/\/gustafs.com\/sv\/","name":"Gustafs Scandinavia","description":"Exclusive Wooden Panels And Acoustic Panels","potentialAction":[{"@type":"SearchAction","target":{"@type":"EntryPoint","urlTemplate":"https:\/\/gustafs.com\/sv\/?s={search_term_string}"},"query-input":{"@type":"PropertyValueSpecification","valueRequired":true,"valueName":"search_term_string"}}],"inLanguage":"sv-SE"}]}},"_links":{"self":[{"href":"https:\/\/gustafs.com\/sv\/wp-json\/wp\/v2\/product\/8782","targetHints":{"allow":["GET"]}}],"collection":[{"href":"https:\/\/gustafs.com\/sv\/wp-json\/wp\/v2\/product"}],"about":[{"href":"https:\/\/gustafs.com\/sv\/wp-json\/wp\/v2\/types\/product"}],"version-history":[{"count":62,"href":"https:\/\/gustafs.com\/sv\/wp-json\/wp\/v2\/product\/8782\/revisions"}],"predecessor-version":[{"id":32958,"href":"https:\/\/gustafs.com\/sv\/wp-json\/wp\/v2\/product\/8782\/revisions\/32958"}],"wp:featuredmedia":[{"embeddable":true,"href":"https:\/\/gustafs.com\/sv\/wp-json\/wp\/v2\/media\/2918"}],"wp:attachment":[{"href":"https:\/\/gustafs.com\/sv\/wp-json\/wp\/v2\/media?parent=8782"}],"wp:term":[{"taxonomy":"product_brand","embeddable":true,"href":"https:\/\/gustafs.com\/sv\/wp-json\/wp\/v2\/product_brand?post=8782"},{"taxonomy":"product_cat","embeddable":true,"href":"https:\/\/gustafs.com\/sv\/wp-json\/wp\/v2\/product_cat?post=8782"},{"taxonomy":"product_tag","embeddable":true,"href":"https:\/\/gustafs.com\/sv\/wp-json\/wp\/v2\/product_tag?post=8782"}],"curies":[{"name":"wp","href":"https:\/\/api.w.org\/{rel}","templated":true}]}}