{"id":81925,"date":"2025-10-16T08:50:51","date_gmt":"2026-02-25T10:26:34","guid":{"rendered":"https:\/\/gustafs.com\/?post_type=product&#038;p=81925"},"modified":"2026-02-25T11:40:03","modified_gmt":"2026-02-25T10:40:03","slug":"blayde-installation-tak","status":"publish","type":"product","link":"https:\/\/gustafs.com\/sv\/produkt\/blayde-installation-tak\/","title":{"rendered":"Blayde installation \u2013 Tak"},"content":{"rendered":"<p style=\"letter-spacing: 1px;\">EXKLUSIVT BAFFELSYSTEM F\u00d6R UNDERTAK<\/p>\n<p>Designa raffinerade och exklusiva baffel- eller grilltak med Blayde \u2013 ett premiumsystem d\u00e4r varje detalj pr\u00e4glas av hantverksskicklighet och precision. Varje Blayde \u00e4r fanerad p\u00e5 b\u00e5da sidor och avslutas med massiva tr\u00e4lister p\u00e5 alla tre synliga kanter, vilket garanterar ett harmoniskt och autentiskt tr\u00e4utseende fr\u00e5n alla vinklar. Capax Quick-Up-installationssystemet ger en s\u00e4ker, tidseffektiv och helt demonterbar montering med flexibla avst\u00e5ndskonfigurationer. Blayde uppfyller naturligtvis den h\u00f6gsta brandklassificeringen A2-s1,d0 och kan skr\u00e4ddarsys med olika fan\u00e9r, pigmenterade f\u00e4rger eller Gustafs akustiska perforering Nano. Blayde finns i djup fr\u00e5n 130 till 400 mm och \u00e4r helt kompatibelt med Capax Mix-systemet.<\/p>\n","protected":false},"excerpt":{"rendered":"<p>EXKLUSIVT BAFFELSYSTEM F\u00d6R UNDERTAK Designa raffinerade och exklusiva baffel- eller grilltak med Blayde \u2013 ett premiumsystem d\u00e4r varje detalj pr\u00e4glas av hantverksskicklighet och precision. Varje Blayde \u00e4r fanerad p\u00e5 b\u00e5da sidor och avslutas med massiva tr\u00e4lister p\u00e5 alla tre synliga kanter, vilket garanterar ett harmoniskt och autentiskt tr\u00e4utseende fr\u00e5n alla vinklar. Capax Quick-Up-installationssystemet ger en [&hellip;]<\/p>\n","protected":false},"featured_media":81740,"template":"","meta":{"_acf_changed":false,"inline_featured_image":false,"footnotes":""},"product_brand":[],"product_cat":[563,233],"product_tag":[],"class_list":{"0":"post-81925","1":"product","2":"type-product","3":"status-publish","4":"has-post-thumbnail","6":"product_cat-linear-mixed","7":"product_cat-capax-sv","9":"first","10":"instock","11":"shipping-taxable","12":"product-type-simple"},"acf":[],"yoast_head":"<!-- This site is optimized with the Yoast SEO plugin v25.4 - https:\/\/yoast.com\/wordpress\/plugins\/seo\/ -->\n<title>Blayde installation \u2013 Tak | Gustafs Scandinavia<\/title>\n<meta name=\"robots\" content=\"index, follow, max-snippet:-1, max-image-preview:large, max-video-preview:-1\" \/>\n<link rel=\"canonical\" href=\"https:\/\/gustafs.com\/sv\/produkt\/blayde-installation-tak\/\" \/>\n<meta property=\"og:locale\" content=\"sv_SE\" \/>\n<meta property=\"og:type\" content=\"article\" \/>\n<meta property=\"og:title\" content=\"Blayde installation \u2013 Tak | Gustafs Scandinavia\" \/>\n<meta property=\"og:description\" content=\"EXKLUSIVT BAFFELSYSTEM F\u00d6R UNDERTAK Designa raffinerade och exklusiva baffel- eller grilltak med Blayde \u2013 ett premiumsystem d\u00e4r varje detalj pr\u00e4glas av hantverksskicklighet och precision. Varje Blayde \u00e4r fanerad p\u00e5 b\u00e5da sidor och avslutas med massiva tr\u00e4lister p\u00e5 alla tre synliga kanter, vilket garanterar ett harmoniskt och autentiskt tr\u00e4utseende fr\u00e5n alla vinklar. Capax Quick-Up-installationssystemet ger en [&hellip;]\" \/>\n<meta property=\"og:url\" content=\"https:\/\/gustafs.com\/sv\/produkt\/blayde-installation-tak\/\" \/>\n<meta property=\"og:site_name\" content=\"Gustafs Scandinavia\" \/>\n<meta property=\"article:modified_time\" content=\"2026-02-25T10:40:03+00:00\" \/>\n<meta property=\"og:image\" content=\"https:\/\/gustafs.com\/wp-content\/uploads\/2025\/10\/blayde-insta-new.png\" \/>\n\t<meta property=\"og:image:width\" content=\"575\" \/>\n\t<meta property=\"og:image:height\" content=\"719\" \/>\n\t<meta property=\"og:image:type\" content=\"image\/png\" \/>\n<meta name=\"twitter:card\" content=\"summary_large_image\" \/>\n<meta name=\"twitter:label1\" content=\"Ber\u00e4knad l\u00e4stid\" \/>\n\t<meta name=\"twitter:data1\" content=\"1 minut\" \/>\n<script type=\"application\/ld+json\" class=\"yoast-schema-graph\">{\"@context\":\"https:\/\/schema.org\",\"@graph\":[{\"@type\":\"WebPage\",\"@id\":\"https:\/\/gustafs.com\/sv\/produkt\/blayde-installation-tak\/\",\"url\":\"https:\/\/gustafs.com\/sv\/produkt\/blayde-installation-tak\/\",\"name\":\"Blayde installation \u2013 Tak | Gustafs Scandinavia\",\"isPartOf\":{\"@id\":\"https:\/\/gustafs.com\/sv\/#website\"},\"primaryImageOfPage\":{\"@id\":\"https:\/\/gustafs.com\/sv\/produkt\/blayde-installation-tak\/#primaryimage\"},\"image\":{\"@id\":\"https:\/\/gustafs.com\/sv\/produkt\/blayde-installation-tak\/#primaryimage\"},\"thumbnailUrl\":\"https:\/\/gustafs.com\/wp-content\/uploads\/2025\/10\/blayde-insta-new.png\",\"datePublished\":\"2026-02-25T10:26:34+00:00\",\"dateModified\":\"2026-02-25T10:40:03+00:00\",\"breadcrumb\":{\"@id\":\"https:\/\/gustafs.com\/sv\/produkt\/blayde-installation-tak\/#breadcrumb\"},\"inLanguage\":\"sv-SE\",\"potentialAction\":[{\"@type\":\"ReadAction\",\"target\":[\"https:\/\/gustafs.com\/sv\/produkt\/blayde-installation-tak\/\"]}]},{\"@type\":\"ImageObject\",\"inLanguage\":\"sv-SE\",\"@id\":\"https:\/\/gustafs.com\/sv\/produkt\/blayde-installation-tak\/#primaryimage\",\"url\":\"https:\/\/gustafs.com\/wp-content\/uploads\/2025\/10\/blayde-insta-new.png\",\"contentUrl\":\"https:\/\/gustafs.com\/wp-content\/uploads\/2025\/10\/blayde-insta-new.png\",\"width\":575,\"height\":719},{\"@type\":\"BreadcrumbList\",\"@id\":\"https:\/\/gustafs.com\/sv\/produkt\/blayde-installation-tak\/#breadcrumb\",\"itemListElement\":[{\"@type\":\"ListItem\",\"position\":1,\"name\":\"Gustafs\",\"item\":\"https:\/\/gustafs.com\/sv\/\"},{\"@type\":\"ListItem\",\"position\":2,\"name\":\"Produkter\",\"item\":\"https:\/\/gustafs.com\/sv\/produkter\/\"},{\"@type\":\"ListItem\",\"position\":3,\"name\":\"Capax installationssystem\",\"item\":\"https:\/\/gustafs.com\/sv\/produkt-kategori\/capax-sv\/\"},{\"@type\":\"ListItem\",\"position\":4,\"name\":\"Blayde installation \u2013 Tak\"}]},{\"@type\":\"WebSite\",\"@id\":\"https:\/\/gustafs.com\/sv\/#website\",\"url\":\"https:\/\/gustafs.com\/sv\/\",\"name\":\"Gustafs Scandinavia\",\"description\":\"Exclusive Wooden Panels And Acoustic Panels\",\"potentialAction\":[{\"@type\":\"SearchAction\",\"target\":{\"@type\":\"EntryPoint\",\"urlTemplate\":\"https:\/\/gustafs.com\/sv\/?s={search_term_string}\"},\"query-input\":{\"@type\":\"PropertyValueSpecification\",\"valueRequired\":true,\"valueName\":\"search_term_string\"}}],\"inLanguage\":\"sv-SE\"}]}<\/script>\n<!-- \/ Yoast SEO plugin. -->","yoast_head_json":{"title":"Blayde installation \u2013 Tak | Gustafs Scandinavia","robots":{"index":"index","follow":"follow","max-snippet":"max-snippet:-1","max-image-preview":"max-image-preview:large","max-video-preview":"max-video-preview:-1"},"canonical":"https:\/\/gustafs.com\/sv\/produkt\/blayde-installation-tak\/","og_locale":"sv_SE","og_type":"article","og_title":"Blayde installation \u2013 Tak | Gustafs Scandinavia","og_description":"EXKLUSIVT BAFFELSYSTEM F\u00d6R UNDERTAK Designa raffinerade och exklusiva baffel- eller grilltak med Blayde \u2013 ett premiumsystem d\u00e4r varje detalj pr\u00e4glas av hantverksskicklighet och precision. Varje Blayde \u00e4r fanerad p\u00e5 b\u00e5da sidor och avslutas med massiva tr\u00e4lister p\u00e5 alla tre synliga kanter, vilket garanterar ett harmoniskt och autentiskt tr\u00e4utseende fr\u00e5n alla vinklar. Capax Quick-Up-installationssystemet ger en [&hellip;]","og_url":"https:\/\/gustafs.com\/sv\/produkt\/blayde-installation-tak\/","og_site_name":"Gustafs Scandinavia","article_modified_time":"2026-02-25T10:40:03+00:00","og_image":[{"width":575,"height":719,"url":"https:\/\/gustafs.com\/wp-content\/uploads\/2025\/10\/blayde-insta-new.png","type":"image\/png"}],"twitter_card":"summary_large_image","twitter_misc":{"Ber\u00e4knad l\u00e4stid":"1 minut"},"schema":{"@context":"https:\/\/schema.org","@graph":[{"@type":"WebPage","@id":"https:\/\/gustafs.com\/sv\/produkt\/blayde-installation-tak\/","url":"https:\/\/gustafs.com\/sv\/produkt\/blayde-installation-tak\/","name":"Blayde installation \u2013 Tak | Gustafs Scandinavia","isPartOf":{"@id":"https:\/\/gustafs.com\/sv\/#website"},"primaryImageOfPage":{"@id":"https:\/\/gustafs.com\/sv\/produkt\/blayde-installation-tak\/#primaryimage"},"image":{"@id":"https:\/\/gustafs.com\/sv\/produkt\/blayde-installation-tak\/#primaryimage"},"thumbnailUrl":"https:\/\/gustafs.com\/wp-content\/uploads\/2025\/10\/blayde-insta-new.png","datePublished":"2026-02-25T10:26:34+00:00","dateModified":"2026-02-25T10:40:03+00:00","breadcrumb":{"@id":"https:\/\/gustafs.com\/sv\/produkt\/blayde-installation-tak\/#breadcrumb"},"inLanguage":"sv-SE","potentialAction":[{"@type":"ReadAction","target":["https:\/\/gustafs.com\/sv\/produkt\/blayde-installation-tak\/"]}]},{"@type":"ImageObject","inLanguage":"sv-SE","@id":"https:\/\/gustafs.com\/sv\/produkt\/blayde-installation-tak\/#primaryimage","url":"https:\/\/gustafs.com\/wp-content\/uploads\/2025\/10\/blayde-insta-new.png","contentUrl":"https:\/\/gustafs.com\/wp-content\/uploads\/2025\/10\/blayde-insta-new.png","width":575,"height":719},{"@type":"BreadcrumbList","@id":"https:\/\/gustafs.com\/sv\/produkt\/blayde-installation-tak\/#breadcrumb","itemListElement":[{"@type":"ListItem","position":1,"name":"Gustafs","item":"https:\/\/gustafs.com\/sv\/"},{"@type":"ListItem","position":2,"name":"Produkter","item":"https:\/\/gustafs.com\/sv\/produkter\/"},{"@type":"ListItem","position":3,"name":"Capax installationssystem","item":"https:\/\/gustafs.com\/sv\/produkt-kategori\/capax-sv\/"},{"@type":"ListItem","position":4,"name":"Blayde installation \u2013 Tak"}]},{"@type":"WebSite","@id":"https:\/\/gustafs.com\/sv\/#website","url":"https:\/\/gustafs.com\/sv\/","name":"Gustafs Scandinavia","description":"Exclusive Wooden Panels And Acoustic Panels","potentialAction":[{"@type":"SearchAction","target":{"@type":"EntryPoint","urlTemplate":"https:\/\/gustafs.com\/sv\/?s={search_term_string}"},"query-input":{"@type":"PropertyValueSpecification","valueRequired":true,"valueName":"search_term_string"}}],"inLanguage":"sv-SE"}]}},"_links":{"self":[{"href":"https:\/\/gustafs.com\/sv\/wp-json\/wp\/v2\/product\/81925","targetHints":{"allow":["GET"]}}],"collection":[{"href":"https:\/\/gustafs.com\/sv\/wp-json\/wp\/v2\/product"}],"about":[{"href":"https:\/\/gustafs.com\/sv\/wp-json\/wp\/v2\/types\/product"}],"version-history":[{"count":16,"href":"https:\/\/gustafs.com\/sv\/wp-json\/wp\/v2\/product\/81925\/revisions"}],"predecessor-version":[{"id":81959,"href":"https:\/\/gustafs.com\/sv\/wp-json\/wp\/v2\/product\/81925\/revisions\/81959"}],"wp:featuredmedia":[{"embeddable":true,"href":"https:\/\/gustafs.com\/sv\/wp-json\/wp\/v2\/media\/81740"}],"wp:attachment":[{"href":"https:\/\/gustafs.com\/sv\/wp-json\/wp\/v2\/media?parent=81925"}],"wp:term":[{"taxonomy":"product_brand","embeddable":true,"href":"https:\/\/gustafs.com\/sv\/wp-json\/wp\/v2\/product_brand?post=81925"},{"taxonomy":"product_cat","embeddable":true,"href":"https:\/\/gustafs.com\/sv\/wp-json\/wp\/v2\/product_cat?post=81925"},{"taxonomy":"product_tag","embeddable":true,"href":"https:\/\/gustafs.com\/sv\/wp-json\/wp\/v2\/product_tag?post=81925"}],"curies":[{"name":"wp","href":"https:\/\/api.w.org\/{rel}","templated":true}]}}