{"id":81858,"date":"2025-10-16T09:07:27","date_gmt":"2026-02-24T10:39:07","guid":{"rendered":"https:\/\/gustafs.com\/?post_type=product&#038;p=81858"},"modified":"2026-02-24T11:39:07","modified_gmt":"2026-02-24T10:39:07","slug":"rib-hd-installation-tak","status":"publish","type":"product","link":"https:\/\/gustafs.com\/sv\/produkt\/rib-hd-installation-tak\/","title":{"rendered":"Rib HD installation &#8211; Tak"},"content":{"rendered":"<h5>Upp till 74 mm djup \u2013 Rib HD<\/h5>\n<p>Rib HD \u00e4r den djupa versionen av Rib-R och Rib-S. Med 40 mm bredd och djup p\u00e5 54, 64 eller 74 mm skapas ett tak med tydlig linj\u00e4r rytm och stark visuell karakt\u00e4r. Capax-systemet ger robust upph\u00e4ngning, full demonterbarhet och flexibel centrumavst\u00e5ndsanpassning. Rib HD \u00e4r helt integrerad i Capax Mix och kan kombineras med \u00f6vriga Linear-produkter.<\/p>\n","protected":false},"excerpt":{"rendered":"<p>Upp till 74 mm djup \u2013 Rib HD Rib HD \u00e4r den djupa versionen av Rib-R och Rib-S. Med 40 mm bredd och djup p\u00e5 54, 64 eller 74 mm skapas ett tak med tydlig linj\u00e4r rytm och stark visuell karakt\u00e4r. Capax-systemet ger robust upph\u00e4ngning, full demonterbarhet och flexibel centrumavst\u00e5ndsanpassning. Rib HD \u00e4r helt integrerad [&hellip;]<\/p>\n","protected":false},"featured_media":81746,"template":"","meta":{"_acf_changed":false,"inline_featured_image":false,"footnotes":""},"product_brand":[],"product_cat":[563,233],"product_tag":[],"class_list":{"0":"post-81858","1":"product","2":"type-product","3":"status-publish","4":"has-post-thumbnail","6":"product_cat-linear-mixed","7":"product_cat-capax-sv","9":"first","10":"instock","11":"shipping-taxable","12":"product-type-simple"},"acf":[],"yoast_head":"<!-- This site is optimized with the Yoast SEO plugin v25.4 - https:\/\/yoast.com\/wordpress\/plugins\/seo\/ -->\n<title>Rib HD installation - Tak | Gustafs Scandinavia<\/title>\n<meta name=\"robots\" content=\"index, follow, max-snippet:-1, max-image-preview:large, max-video-preview:-1\" \/>\n<link rel=\"canonical\" href=\"https:\/\/gustafs.com\/sv\/produkt\/rib-hd-installation-tak\/\" \/>\n<meta property=\"og:locale\" content=\"sv_SE\" \/>\n<meta property=\"og:type\" content=\"article\" \/>\n<meta property=\"og:title\" content=\"Rib HD installation - Tak | Gustafs Scandinavia\" \/>\n<meta property=\"og:description\" content=\"Upp till 74 mm djup \u2013 Rib HD Rib HD \u00e4r den djupa versionen av Rib-R och Rib-S. Med 40 mm bredd och djup p\u00e5 54, 64 eller 74 mm skapas ett tak med tydlig linj\u00e4r rytm och stark visuell karakt\u00e4r. Capax-systemet ger robust upph\u00e4ngning, full demonterbarhet och flexibel centrumavst\u00e5ndsanpassning. Rib HD \u00e4r helt integrerad [&hellip;]\" \/>\n<meta property=\"og:url\" content=\"https:\/\/gustafs.com\/sv\/produkt\/rib-hd-installation-tak\/\" \/>\n<meta property=\"og:site_name\" content=\"Gustafs Scandinavia\" \/>\n<meta property=\"og:image\" content=\"https:\/\/gustafs.com\/wp-content\/uploads\/2025\/10\/hd-product-new.png\" \/>\n\t<meta property=\"og:image:width\" content=\"575\" \/>\n\t<meta property=\"og:image:height\" content=\"719\" \/>\n\t<meta property=\"og:image:type\" content=\"image\/png\" \/>\n<meta name=\"twitter:card\" content=\"summary_large_image\" \/>\n<script type=\"application\/ld+json\" class=\"yoast-schema-graph\">{\"@context\":\"https:\/\/schema.org\",\"@graph\":[{\"@type\":\"WebPage\",\"@id\":\"https:\/\/gustafs.com\/sv\/produkt\/rib-hd-installation-tak\/\",\"url\":\"https:\/\/gustafs.com\/sv\/produkt\/rib-hd-installation-tak\/\",\"name\":\"Rib HD installation - Tak | Gustafs Scandinavia\",\"isPartOf\":{\"@id\":\"https:\/\/gustafs.com\/sv\/#website\"},\"primaryImageOfPage\":{\"@id\":\"https:\/\/gustafs.com\/sv\/produkt\/rib-hd-installation-tak\/#primaryimage\"},\"image\":{\"@id\":\"https:\/\/gustafs.com\/sv\/produkt\/rib-hd-installation-tak\/#primaryimage\"},\"thumbnailUrl\":\"https:\/\/gustafs.com\/wp-content\/uploads\/2025\/10\/hd-product-new.png\",\"datePublished\":\"2026-02-24T10:39:07+00:00\",\"breadcrumb\":{\"@id\":\"https:\/\/gustafs.com\/sv\/produkt\/rib-hd-installation-tak\/#breadcrumb\"},\"inLanguage\":\"sv-SE\",\"potentialAction\":[{\"@type\":\"ReadAction\",\"target\":[\"https:\/\/gustafs.com\/sv\/produkt\/rib-hd-installation-tak\/\"]}]},{\"@type\":\"ImageObject\",\"inLanguage\":\"sv-SE\",\"@id\":\"https:\/\/gustafs.com\/sv\/produkt\/rib-hd-installation-tak\/#primaryimage\",\"url\":\"https:\/\/gustafs.com\/wp-content\/uploads\/2025\/10\/hd-product-new.png\",\"contentUrl\":\"https:\/\/gustafs.com\/wp-content\/uploads\/2025\/10\/hd-product-new.png\",\"width\":575,\"height\":719},{\"@type\":\"BreadcrumbList\",\"@id\":\"https:\/\/gustafs.com\/sv\/produkt\/rib-hd-installation-tak\/#breadcrumb\",\"itemListElement\":[{\"@type\":\"ListItem\",\"position\":1,\"name\":\"Gustafs\",\"item\":\"https:\/\/gustafs.com\/sv\/\"},{\"@type\":\"ListItem\",\"position\":2,\"name\":\"Produkter\",\"item\":\"https:\/\/gustafs.com\/sv\/produkter\/\"},{\"@type\":\"ListItem\",\"position\":3,\"name\":\"Linear Mixed\",\"item\":\"https:\/\/gustafs.com\/sv\/produkt-kategori\/linear-mixed\/\"},{\"@type\":\"ListItem\",\"position\":4,\"name\":\"Rib HD installation &#8211; Tak\"}]},{\"@type\":\"WebSite\",\"@id\":\"https:\/\/gustafs.com\/sv\/#website\",\"url\":\"https:\/\/gustafs.com\/sv\/\",\"name\":\"Gustafs Scandinavia\",\"description\":\"Exclusive Wooden Panels And Acoustic Panels\",\"potentialAction\":[{\"@type\":\"SearchAction\",\"target\":{\"@type\":\"EntryPoint\",\"urlTemplate\":\"https:\/\/gustafs.com\/sv\/?s={search_term_string}\"},\"query-input\":{\"@type\":\"PropertyValueSpecification\",\"valueRequired\":true,\"valueName\":\"search_term_string\"}}],\"inLanguage\":\"sv-SE\"}]}<\/script>\n<!-- \/ Yoast SEO plugin. -->","yoast_head_json":{"title":"Rib HD installation - Tak | Gustafs Scandinavia","robots":{"index":"index","follow":"follow","max-snippet":"max-snippet:-1","max-image-preview":"max-image-preview:large","max-video-preview":"max-video-preview:-1"},"canonical":"https:\/\/gustafs.com\/sv\/produkt\/rib-hd-installation-tak\/","og_locale":"sv_SE","og_type":"article","og_title":"Rib HD installation - Tak | Gustafs Scandinavia","og_description":"Upp till 74 mm djup \u2013 Rib HD Rib HD \u00e4r den djupa versionen av Rib-R och Rib-S. Med 40 mm bredd och djup p\u00e5 54, 64 eller 74 mm skapas ett tak med tydlig linj\u00e4r rytm och stark visuell karakt\u00e4r. Capax-systemet ger robust upph\u00e4ngning, full demonterbarhet och flexibel centrumavst\u00e5ndsanpassning. Rib HD \u00e4r helt integrerad [&hellip;]","og_url":"https:\/\/gustafs.com\/sv\/produkt\/rib-hd-installation-tak\/","og_site_name":"Gustafs Scandinavia","og_image":[{"width":575,"height":719,"url":"https:\/\/gustafs.com\/wp-content\/uploads\/2025\/10\/hd-product-new.png","type":"image\/png"}],"twitter_card":"summary_large_image","schema":{"@context":"https:\/\/schema.org","@graph":[{"@type":"WebPage","@id":"https:\/\/gustafs.com\/sv\/produkt\/rib-hd-installation-tak\/","url":"https:\/\/gustafs.com\/sv\/produkt\/rib-hd-installation-tak\/","name":"Rib HD installation - Tak | Gustafs Scandinavia","isPartOf":{"@id":"https:\/\/gustafs.com\/sv\/#website"},"primaryImageOfPage":{"@id":"https:\/\/gustafs.com\/sv\/produkt\/rib-hd-installation-tak\/#primaryimage"},"image":{"@id":"https:\/\/gustafs.com\/sv\/produkt\/rib-hd-installation-tak\/#primaryimage"},"thumbnailUrl":"https:\/\/gustafs.com\/wp-content\/uploads\/2025\/10\/hd-product-new.png","datePublished":"2026-02-24T10:39:07+00:00","breadcrumb":{"@id":"https:\/\/gustafs.com\/sv\/produkt\/rib-hd-installation-tak\/#breadcrumb"},"inLanguage":"sv-SE","potentialAction":[{"@type":"ReadAction","target":["https:\/\/gustafs.com\/sv\/produkt\/rib-hd-installation-tak\/"]}]},{"@type":"ImageObject","inLanguage":"sv-SE","@id":"https:\/\/gustafs.com\/sv\/produkt\/rib-hd-installation-tak\/#primaryimage","url":"https:\/\/gustafs.com\/wp-content\/uploads\/2025\/10\/hd-product-new.png","contentUrl":"https:\/\/gustafs.com\/wp-content\/uploads\/2025\/10\/hd-product-new.png","width":575,"height":719},{"@type":"BreadcrumbList","@id":"https:\/\/gustafs.com\/sv\/produkt\/rib-hd-installation-tak\/#breadcrumb","itemListElement":[{"@type":"ListItem","position":1,"name":"Gustafs","item":"https:\/\/gustafs.com\/sv\/"},{"@type":"ListItem","position":2,"name":"Produkter","item":"https:\/\/gustafs.com\/sv\/produkter\/"},{"@type":"ListItem","position":3,"name":"Linear Mixed","item":"https:\/\/gustafs.com\/sv\/produkt-kategori\/linear-mixed\/"},{"@type":"ListItem","position":4,"name":"Rib HD installation &#8211; Tak"}]},{"@type":"WebSite","@id":"https:\/\/gustafs.com\/sv\/#website","url":"https:\/\/gustafs.com\/sv\/","name":"Gustafs Scandinavia","description":"Exclusive Wooden Panels And Acoustic Panels","potentialAction":[{"@type":"SearchAction","target":{"@type":"EntryPoint","urlTemplate":"https:\/\/gustafs.com\/sv\/?s={search_term_string}"},"query-input":{"@type":"PropertyValueSpecification","valueRequired":true,"valueName":"search_term_string"}}],"inLanguage":"sv-SE"}]}},"_links":{"self":[{"href":"https:\/\/gustafs.com\/sv\/wp-json\/wp\/v2\/product\/81858","targetHints":{"allow":["GET"]}}],"collection":[{"href":"https:\/\/gustafs.com\/sv\/wp-json\/wp\/v2\/product"}],"about":[{"href":"https:\/\/gustafs.com\/sv\/wp-json\/wp\/v2\/types\/product"}],"version-history":[{"count":1,"href":"https:\/\/gustafs.com\/sv\/wp-json\/wp\/v2\/product\/81858\/revisions"}],"predecessor-version":[{"id":81859,"href":"https:\/\/gustafs.com\/sv\/wp-json\/wp\/v2\/product\/81858\/revisions\/81859"}],"wp:featuredmedia":[{"embeddable":true,"href":"https:\/\/gustafs.com\/sv\/wp-json\/wp\/v2\/media\/81746"}],"wp:attachment":[{"href":"https:\/\/gustafs.com\/sv\/wp-json\/wp\/v2\/media?parent=81858"}],"wp:term":[{"taxonomy":"product_brand","embeddable":true,"href":"https:\/\/gustafs.com\/sv\/wp-json\/wp\/v2\/product_brand?post=81858"},{"taxonomy":"product_cat","embeddable":true,"href":"https:\/\/gustafs.com\/sv\/wp-json\/wp\/v2\/product_cat?post=81858"},{"taxonomy":"product_tag","embeddable":true,"href":"https:\/\/gustafs.com\/sv\/wp-json\/wp\/v2\/product_tag?post=81858"}],"curies":[{"name":"wp","href":"https:\/\/api.w.org\/{rel}","templated":true}]}}