{"id":81846,"date":"2025-11-05T13:29:06","date_gmt":"2026-02-24T09:26:53","guid":{"rendered":"https:\/\/gustafs.com\/?post_type=product&#038;p=81846"},"modified":"2026-02-24T11:57:41","modified_gmt":"2026-02-24T10:57:41","slug":"linear-rib-narrow-installation-tak","status":"publish","type":"product","link":"https:\/\/gustafs.com\/sv\/produkt\/linear-rib-narrow-installation-tak\/","title":{"rendered":"Linear Rib Narrow Installation \u2013 Tak"},"content":{"rendered":"<p>Ett tak som kombinerar arkitektonisk sk\u00e4rpa med avancerad akustik. RRib Narrow \u00e4r ben\u00e4mningen p\u00e5 den 22 mm breda varianten av Gustafs Rib-R och Rib-S. Utf\u00f6randet finns i djup fr\u00e5n 28 till 74 mm.<\/p>\n<p data-start=\"296\" data-end=\"471\">De smalare ribborna skapar ett distinkt, linj\u00e4rt uttryck med tydlig rytm och precision. Flera valbara centrumavst\u00e5nd ger flexibilitet i b\u00e5de gestaltning och akustisk funktion.\u00a0Rib-R och Rib-S i Rib Narrow-utf\u00f6rande installeras i Capax-systemet f\u00f6r s\u00e4ker, exakt och fullt demonterbar montering.\u00a0 Linear Rib Narrow \u00e4r dessutom en del av det flexibla Capax Mix-systemet vilket g\u00f6r att det g\u00e5r att kombinera m\u00e5nga olika produkter i samma takinstallation.<\/p>\n","protected":false},"excerpt":{"rendered":"<p>Ett tak som kombinerar arkitektonisk sk\u00e4rpa med avancerad akustik. RRib Narrow \u00e4r ben\u00e4mningen p\u00e5 den 22 mm breda varianten av Gustafs Rib-R och Rib-S. Utf\u00f6randet finns i djup fr\u00e5n 28 till 74 mm. De smalare ribborna skapar ett distinkt, linj\u00e4rt uttryck med tydlig rytm och precision. Flera valbara centrumavst\u00e5nd ger flexibilitet i b\u00e5de gestaltning och [&hellip;]<\/p>\n","protected":false},"featured_media":81752,"template":"","meta":{"_acf_changed":false,"inline_featured_image":false,"footnotes":""},"product_brand":[],"product_cat":[563,233],"product_tag":[],"class_list":{"0":"post-81846","1":"product","2":"type-product","3":"status-publish","4":"has-post-thumbnail","6":"product_cat-linear-mixed","7":"product_cat-capax-sv","9":"first","10":"instock","11":"shipping-taxable","12":"product-type-simple"},"acf":[],"yoast_head":"<!-- This site is optimized with the Yoast SEO plugin v25.4 - https:\/\/yoast.com\/wordpress\/plugins\/seo\/ -->\n<title>Linear Rib Narrow Installation \u2013 Tak | Gustafs Scandinavia<\/title>\n<meta name=\"robots\" content=\"index, follow, max-snippet:-1, max-image-preview:large, max-video-preview:-1\" \/>\n<link rel=\"canonical\" href=\"https:\/\/gustafs.com\/sv\/produkt\/linear-rib-narrow-installation-tak\/\" \/>\n<meta property=\"og:locale\" content=\"sv_SE\" \/>\n<meta property=\"og:type\" content=\"article\" \/>\n<meta property=\"og:title\" content=\"Linear Rib Narrow Installation \u2013 Tak | Gustafs Scandinavia\" \/>\n<meta property=\"og:description\" content=\"Ett tak som kombinerar arkitektonisk sk\u00e4rpa med avancerad akustik. RRib Narrow \u00e4r ben\u00e4mningen p\u00e5 den 22 mm breda varianten av Gustafs Rib-R och Rib-S. Utf\u00f6randet finns i djup fr\u00e5n 28 till 74 mm. De smalare ribborna skapar ett distinkt, linj\u00e4rt uttryck med tydlig rytm och precision. Flera valbara centrumavst\u00e5nd ger flexibilitet i b\u00e5de gestaltning och [&hellip;]\" \/>\n<meta property=\"og:url\" content=\"https:\/\/gustafs.com\/sv\/produkt\/linear-rib-narrow-installation-tak\/\" \/>\n<meta property=\"og:site_name\" content=\"Gustafs Scandinavia\" \/>\n<meta property=\"article:modified_time\" content=\"2026-02-24T10:57:41+00:00\" \/>\n<meta property=\"og:image\" content=\"https:\/\/gustafs.com\/wp-content\/uploads\/2025\/11\/narrow-product-new.png\" \/>\n\t<meta property=\"og:image:width\" content=\"575\" \/>\n\t<meta property=\"og:image:height\" content=\"719\" \/>\n\t<meta property=\"og:image:type\" content=\"image\/png\" \/>\n<meta name=\"twitter:card\" content=\"summary_large_image\" \/>\n<meta name=\"twitter:label1\" content=\"Ber\u00e4knad l\u00e4stid\" \/>\n\t<meta name=\"twitter:data1\" content=\"1 minut\" \/>\n<script type=\"application\/ld+json\" class=\"yoast-schema-graph\">{\"@context\":\"https:\/\/schema.org\",\"@graph\":[{\"@type\":\"WebPage\",\"@id\":\"https:\/\/gustafs.com\/sv\/produkt\/linear-rib-narrow-installation-tak\/\",\"url\":\"https:\/\/gustafs.com\/sv\/produkt\/linear-rib-narrow-installation-tak\/\",\"name\":\"Linear Rib Narrow Installation \u2013 Tak | Gustafs Scandinavia\",\"isPartOf\":{\"@id\":\"https:\/\/gustafs.com\/sv\/#website\"},\"primaryImageOfPage\":{\"@id\":\"https:\/\/gustafs.com\/sv\/produkt\/linear-rib-narrow-installation-tak\/#primaryimage\"},\"image\":{\"@id\":\"https:\/\/gustafs.com\/sv\/produkt\/linear-rib-narrow-installation-tak\/#primaryimage\"},\"thumbnailUrl\":\"https:\/\/gustafs.com\/wp-content\/uploads\/2025\/11\/narrow-product-new.png\",\"datePublished\":\"2026-02-24T09:26:53+00:00\",\"dateModified\":\"2026-02-24T10:57:41+00:00\",\"breadcrumb\":{\"@id\":\"https:\/\/gustafs.com\/sv\/produkt\/linear-rib-narrow-installation-tak\/#breadcrumb\"},\"inLanguage\":\"sv-SE\",\"potentialAction\":[{\"@type\":\"ReadAction\",\"target\":[\"https:\/\/gustafs.com\/sv\/produkt\/linear-rib-narrow-installation-tak\/\"]}]},{\"@type\":\"ImageObject\",\"inLanguage\":\"sv-SE\",\"@id\":\"https:\/\/gustafs.com\/sv\/produkt\/linear-rib-narrow-installation-tak\/#primaryimage\",\"url\":\"https:\/\/gustafs.com\/wp-content\/uploads\/2025\/11\/narrow-product-new.png\",\"contentUrl\":\"https:\/\/gustafs.com\/wp-content\/uploads\/2025\/11\/narrow-product-new.png\",\"width\":575,\"height\":719},{\"@type\":\"BreadcrumbList\",\"@id\":\"https:\/\/gustafs.com\/sv\/produkt\/linear-rib-narrow-installation-tak\/#breadcrumb\",\"itemListElement\":[{\"@type\":\"ListItem\",\"position\":1,\"name\":\"Gustafs\",\"item\":\"https:\/\/gustafs.com\/sv\/\"},{\"@type\":\"ListItem\",\"position\":2,\"name\":\"Produkter\",\"item\":\"https:\/\/gustafs.com\/sv\/produkter\/\"},{\"@type\":\"ListItem\",\"position\":3,\"name\":\"Capax installationssystem\",\"item\":\"https:\/\/gustafs.com\/sv\/produkt-kategori\/capax-sv\/\"},{\"@type\":\"ListItem\",\"position\":4,\"name\":\"Linear Rib Narrow Installation \u2013 Tak\"}]},{\"@type\":\"WebSite\",\"@id\":\"https:\/\/gustafs.com\/sv\/#website\",\"url\":\"https:\/\/gustafs.com\/sv\/\",\"name\":\"Gustafs Scandinavia\",\"description\":\"Exclusive Wooden Panels And Acoustic Panels\",\"potentialAction\":[{\"@type\":\"SearchAction\",\"target\":{\"@type\":\"EntryPoint\",\"urlTemplate\":\"https:\/\/gustafs.com\/sv\/?s={search_term_string}\"},\"query-input\":{\"@type\":\"PropertyValueSpecification\",\"valueRequired\":true,\"valueName\":\"search_term_string\"}}],\"inLanguage\":\"sv-SE\"}]}<\/script>\n<!-- \/ Yoast SEO plugin. -->","yoast_head_json":{"title":"Linear Rib Narrow Installation \u2013 Tak | Gustafs Scandinavia","robots":{"index":"index","follow":"follow","max-snippet":"max-snippet:-1","max-image-preview":"max-image-preview:large","max-video-preview":"max-video-preview:-1"},"canonical":"https:\/\/gustafs.com\/sv\/produkt\/linear-rib-narrow-installation-tak\/","og_locale":"sv_SE","og_type":"article","og_title":"Linear Rib Narrow Installation \u2013 Tak | Gustafs Scandinavia","og_description":"Ett tak som kombinerar arkitektonisk sk\u00e4rpa med avancerad akustik. RRib Narrow \u00e4r ben\u00e4mningen p\u00e5 den 22 mm breda varianten av Gustafs Rib-R och Rib-S. Utf\u00f6randet finns i djup fr\u00e5n 28 till 74 mm. De smalare ribborna skapar ett distinkt, linj\u00e4rt uttryck med tydlig rytm och precision. Flera valbara centrumavst\u00e5nd ger flexibilitet i b\u00e5de gestaltning och [&hellip;]","og_url":"https:\/\/gustafs.com\/sv\/produkt\/linear-rib-narrow-installation-tak\/","og_site_name":"Gustafs Scandinavia","article_modified_time":"2026-02-24T10:57:41+00:00","og_image":[{"width":575,"height":719,"url":"https:\/\/gustafs.com\/wp-content\/uploads\/2025\/11\/narrow-product-new.png","type":"image\/png"}],"twitter_card":"summary_large_image","twitter_misc":{"Ber\u00e4knad l\u00e4stid":"1 minut"},"schema":{"@context":"https:\/\/schema.org","@graph":[{"@type":"WebPage","@id":"https:\/\/gustafs.com\/sv\/produkt\/linear-rib-narrow-installation-tak\/","url":"https:\/\/gustafs.com\/sv\/produkt\/linear-rib-narrow-installation-tak\/","name":"Linear Rib Narrow Installation \u2013 Tak | Gustafs Scandinavia","isPartOf":{"@id":"https:\/\/gustafs.com\/sv\/#website"},"primaryImageOfPage":{"@id":"https:\/\/gustafs.com\/sv\/produkt\/linear-rib-narrow-installation-tak\/#primaryimage"},"image":{"@id":"https:\/\/gustafs.com\/sv\/produkt\/linear-rib-narrow-installation-tak\/#primaryimage"},"thumbnailUrl":"https:\/\/gustafs.com\/wp-content\/uploads\/2025\/11\/narrow-product-new.png","datePublished":"2026-02-24T09:26:53+00:00","dateModified":"2026-02-24T10:57:41+00:00","breadcrumb":{"@id":"https:\/\/gustafs.com\/sv\/produkt\/linear-rib-narrow-installation-tak\/#breadcrumb"},"inLanguage":"sv-SE","potentialAction":[{"@type":"ReadAction","target":["https:\/\/gustafs.com\/sv\/produkt\/linear-rib-narrow-installation-tak\/"]}]},{"@type":"ImageObject","inLanguage":"sv-SE","@id":"https:\/\/gustafs.com\/sv\/produkt\/linear-rib-narrow-installation-tak\/#primaryimage","url":"https:\/\/gustafs.com\/wp-content\/uploads\/2025\/11\/narrow-product-new.png","contentUrl":"https:\/\/gustafs.com\/wp-content\/uploads\/2025\/11\/narrow-product-new.png","width":575,"height":719},{"@type":"BreadcrumbList","@id":"https:\/\/gustafs.com\/sv\/produkt\/linear-rib-narrow-installation-tak\/#breadcrumb","itemListElement":[{"@type":"ListItem","position":1,"name":"Gustafs","item":"https:\/\/gustafs.com\/sv\/"},{"@type":"ListItem","position":2,"name":"Produkter","item":"https:\/\/gustafs.com\/sv\/produkter\/"},{"@type":"ListItem","position":3,"name":"Capax installationssystem","item":"https:\/\/gustafs.com\/sv\/produkt-kategori\/capax-sv\/"},{"@type":"ListItem","position":4,"name":"Linear Rib Narrow Installation \u2013 Tak"}]},{"@type":"WebSite","@id":"https:\/\/gustafs.com\/sv\/#website","url":"https:\/\/gustafs.com\/sv\/","name":"Gustafs Scandinavia","description":"Exclusive Wooden Panels And Acoustic Panels","potentialAction":[{"@type":"SearchAction","target":{"@type":"EntryPoint","urlTemplate":"https:\/\/gustafs.com\/sv\/?s={search_term_string}"},"query-input":{"@type":"PropertyValueSpecification","valueRequired":true,"valueName":"search_term_string"}}],"inLanguage":"sv-SE"}]}},"_links":{"self":[{"href":"https:\/\/gustafs.com\/sv\/wp-json\/wp\/v2\/product\/81846","targetHints":{"allow":["GET"]}}],"collection":[{"href":"https:\/\/gustafs.com\/sv\/wp-json\/wp\/v2\/product"}],"about":[{"href":"https:\/\/gustafs.com\/sv\/wp-json\/wp\/v2\/types\/product"}],"version-history":[{"count":8,"href":"https:\/\/gustafs.com\/sv\/wp-json\/wp\/v2\/product\/81846\/revisions"}],"predecessor-version":[{"id":81866,"href":"https:\/\/gustafs.com\/sv\/wp-json\/wp\/v2\/product\/81846\/revisions\/81866"}],"wp:featuredmedia":[{"embeddable":true,"href":"https:\/\/gustafs.com\/sv\/wp-json\/wp\/v2\/media\/81752"}],"wp:attachment":[{"href":"https:\/\/gustafs.com\/sv\/wp-json\/wp\/v2\/media?parent=81846"}],"wp:term":[{"taxonomy":"product_brand","embeddable":true,"href":"https:\/\/gustafs.com\/sv\/wp-json\/wp\/v2\/product_brand?post=81846"},{"taxonomy":"product_cat","embeddable":true,"href":"https:\/\/gustafs.com\/sv\/wp-json\/wp\/v2\/product_cat?post=81846"},{"taxonomy":"product_tag","embeddable":true,"href":"https:\/\/gustafs.com\/sv\/wp-json\/wp\/v2\/product_tag?post=81846"}],"curies":[{"name":"wp","href":"https:\/\/api.w.org\/{rel}","templated":true}]}}