{"id":81800,"date":"2025-11-05T13:04:03","date_gmt":"2026-02-23T12:40:36","guid":{"rendered":"https:\/\/gustafs.com\/?post_type=product&#038;p=81800"},"modified":"2026-03-12T10:30:28","modified_gmt":"2026-03-12T09:30:28","slug":"blayde-akustiskt-baffeltak","status":"publish","type":"product","link":"https:\/\/gustafs.com\/sv\/produkt\/blayde-akustiskt-baffeltak\/","title":{"rendered":"Blayde"},"content":{"rendered":"<p style=\"letter-spacing: 1px;\">AKUSTISKT BAFFELTAK i TR\u00c4<\/p>\n<p>Blayde \u00e4r ett akustiskt baffeltak i tr\u00e4 som ger arkitekter m\u00f6jlighet att forma uttrycksfulla undertak i offentliga milj\u00f6er. Systemet anv\u00e4nds ofta som akustiktak i kontor och skolor, d\u00e4r b\u00e5de rumsakustik och arkitektoniskt uttryck \u00e4r avg\u00f6rande. De vertikala elementen skapar rytm, djup och en exklusiv tr\u00e4arkitektur i rummet samtidigt som rumsakustiken f\u00f6rb\u00e4ttras. Blayde har h\u00f6gkvalitativt tr\u00e4fan\u00e9r p\u00e5 b\u00e5da sidor och massiva kantlister p\u00e5 alla synliga kanter. Den h\u00f6gdensitets fibergipsk\u00e4rnan g\u00f6r att systemet uppn\u00e5r brandklass upp till A2-s1,d0 utan kemisk impregnering.<br \/>\nSystemet installeras med Capax Quick-Up, vilket m\u00f6jligg\u00f6r en s\u00e4ker och helt demonterbar installation. Blayde kan anpassas med olika fan\u00e9r, pigmenterade f\u00e4rger och Gustafs akustiska perforeringsm\u00f6nster, inklusive Nano-perforering\u00ae. Djup finns fr\u00e5n 130 till 400 mm och systemet \u00e4r kompatibelt med Capax Mix System.<\/p>\n","protected":false},"excerpt":{"rendered":"<p>AKUSTISKT BAFFELTAK i TR\u00c4 Blayde \u00e4r ett akustiskt baffeltak i tr\u00e4 som ger arkitekter m\u00f6jlighet att forma uttrycksfulla undertak i offentliga milj\u00f6er. Systemet anv\u00e4nds ofta som akustiktak i kontor och skolor, d\u00e4r b\u00e5de rumsakustik och arkitektoniskt uttryck \u00e4r avg\u00f6rande. De vertikala elementen skapar rytm, djup och en exklusiv tr\u00e4arkitektur i rummet samtidigt som rumsakustiken f\u00f6rb\u00e4ttras. [&hellip;]<\/p>\n","protected":false},"featured_media":81719,"template":"","meta":{"_acf_changed":false,"inline_featured_image":false,"footnotes":""},"product_brand":[],"product_cat":[563,234],"product_tag":[],"class_list":{"0":"post-81800","1":"product","2":"type-product","3":"status-publish","4":"has-post-thumbnail","6":"product_cat-linear-mixed","7":"product_cat-gustafs-linears-sv","8":"pa_acoustic-class-absorption-a","9":"pa_acoustic-class-absorption-b","10":"pa_acoustic-class-absorption-c","11":"pa_acoustic-class-absorption-d","13":"first","14":"instock","15":"shipping-taxable","16":"product-type-simple"},"acf":[],"yoast_head":"<!-- This site is optimized with the Yoast SEO plugin v25.4 - https:\/\/yoast.com\/wordpress\/plugins\/seo\/ -->\n<title>Blayde | Akustiskt baffeltak i tr\u00e4 | Gustafs Scandinavia<\/title>\n<meta name=\"description\" content=\"Gustafs Scandinavia Akustiskt baffeltak i tr\u00e4 f\u00f6r offentliga rum. Akustiktak i kontor, skolor och lobbyer. Vertikala element skapar rytm och djup samtidigt som rumsakustiken f\u00f6rb\u00e4ttras. Brandklass upp till A2-s1,d0.\" \/>\n<meta name=\"robots\" content=\"index, follow, max-snippet:-1, max-image-preview:large, max-video-preview:-1\" \/>\n<link rel=\"canonical\" href=\"https:\/\/gustafs.com\/sv\/produkt\/blayde-akustiskt-baffeltak\/\" \/>\n<meta property=\"og:locale\" content=\"sv_SE\" \/>\n<meta property=\"og:type\" content=\"article\" \/>\n<meta property=\"og:title\" content=\"Blayde | Akustiskt baffeltak i tr\u00e4 | Gustafs Scandinavia\" \/>\n<meta property=\"og:description\" content=\"Gustafs Scandinavia Akustiskt baffeltak i tr\u00e4 f\u00f6r offentliga rum. Akustiktak i kontor, skolor och lobbyer. Vertikala element skapar rytm och djup samtidigt som rumsakustiken f\u00f6rb\u00e4ttras. Brandklass upp till A2-s1,d0.\" \/>\n<meta property=\"og:url\" content=\"https:\/\/gustafs.com\/sv\/produkt\/blayde-akustiskt-baffeltak\/\" \/>\n<meta property=\"og:site_name\" content=\"Gustafs Scandinavia\" \/>\n<meta property=\"article:modified_time\" content=\"2026-03-12T09:30:28+00:00\" \/>\n<meta property=\"og:image\" content=\"https:\/\/gustafs.com\/wp-content\/uploads\/2025\/11\/blayde-prod-new.png\" \/>\n\t<meta property=\"og:image:width\" content=\"575\" \/>\n\t<meta property=\"og:image:height\" content=\"719\" \/>\n\t<meta property=\"og:image:type\" content=\"image\/png\" \/>\n<meta name=\"twitter:card\" content=\"summary_large_image\" \/>\n<meta name=\"twitter:label1\" content=\"Ber\u00e4knad l\u00e4stid\" \/>\n\t<meta name=\"twitter:data1\" content=\"1 minut\" \/>\n<script type=\"application\/ld+json\" class=\"yoast-schema-graph\">{\"@context\":\"https:\/\/schema.org\",\"@graph\":[{\"@type\":\"WebPage\",\"@id\":\"https:\/\/gustafs.com\/sv\/produkt\/blayde-akustiskt-baffeltak\/\",\"url\":\"https:\/\/gustafs.com\/sv\/produkt\/blayde-akustiskt-baffeltak\/\",\"name\":\"Blayde | Akustiskt baffeltak i tr\u00e4 | Gustafs Scandinavia\",\"isPartOf\":{\"@id\":\"https:\/\/gustafs.com\/sv\/#website\"},\"primaryImageOfPage\":{\"@id\":\"https:\/\/gustafs.com\/sv\/produkt\/blayde-akustiskt-baffeltak\/#primaryimage\"},\"image\":{\"@id\":\"https:\/\/gustafs.com\/sv\/produkt\/blayde-akustiskt-baffeltak\/#primaryimage\"},\"thumbnailUrl\":\"https:\/\/gustafs.com\/wp-content\/uploads\/2025\/11\/blayde-prod-new.png\",\"datePublished\":\"2026-02-23T12:40:36+00:00\",\"dateModified\":\"2026-03-12T09:30:28+00:00\",\"description\":\"Gustafs Scandinavia Akustiskt baffeltak i tr\u00e4 f\u00f6r offentliga rum. Akustiktak i kontor, skolor och lobbyer. Vertikala element skapar rytm och djup samtidigt som rumsakustiken f\u00f6rb\u00e4ttras. Brandklass upp till A2-s1,d0.\",\"breadcrumb\":{\"@id\":\"https:\/\/gustafs.com\/sv\/produkt\/blayde-akustiskt-baffeltak\/#breadcrumb\"},\"inLanguage\":\"sv-SE\",\"potentialAction\":[{\"@type\":\"ReadAction\",\"target\":[\"https:\/\/gustafs.com\/sv\/produkt\/blayde-akustiskt-baffeltak\/\"]}]},{\"@type\":\"ImageObject\",\"inLanguage\":\"sv-SE\",\"@id\":\"https:\/\/gustafs.com\/sv\/produkt\/blayde-akustiskt-baffeltak\/#primaryimage\",\"url\":\"https:\/\/gustafs.com\/wp-content\/uploads\/2025\/11\/blayde-prod-new.png\",\"contentUrl\":\"https:\/\/gustafs.com\/wp-content\/uploads\/2025\/11\/blayde-prod-new.png\",\"width\":575,\"height\":719},{\"@type\":\"BreadcrumbList\",\"@id\":\"https:\/\/gustafs.com\/sv\/produkt\/blayde-akustiskt-baffeltak\/#breadcrumb\",\"itemListElement\":[{\"@type\":\"ListItem\",\"position\":1,\"name\":\"Gustafs\",\"item\":\"https:\/\/gustafs.com\/sv\/\"},{\"@type\":\"ListItem\",\"position\":2,\"name\":\"Produkter\",\"item\":\"https:\/\/gustafs.com\/sv\/produkter\/\"},{\"@type\":\"ListItem\",\"position\":3,\"name\":\"Gustafs Linears\",\"item\":\"https:\/\/gustafs.com\/sv\/produkt-kategori\/gustafs-linears-sv\/\"},{\"@type\":\"ListItem\",\"position\":4,\"name\":\"Blayde\"}]},{\"@type\":\"WebSite\",\"@id\":\"https:\/\/gustafs.com\/sv\/#website\",\"url\":\"https:\/\/gustafs.com\/sv\/\",\"name\":\"Gustafs Scandinavia\",\"description\":\"Exclusive Wooden Panels And Acoustic Panels\",\"potentialAction\":[{\"@type\":\"SearchAction\",\"target\":{\"@type\":\"EntryPoint\",\"urlTemplate\":\"https:\/\/gustafs.com\/sv\/?s={search_term_string}\"},\"query-input\":{\"@type\":\"PropertyValueSpecification\",\"valueRequired\":true,\"valueName\":\"search_term_string\"}}],\"inLanguage\":\"sv-SE\"}]}<\/script>\n<!-- \/ Yoast SEO plugin. -->","yoast_head_json":{"title":"Blayde | Akustiskt baffeltak i tr\u00e4 | Gustafs Scandinavia","description":"Gustafs Scandinavia Akustiskt baffeltak i tr\u00e4 f\u00f6r offentliga rum. Akustiktak i kontor, skolor och lobbyer. Vertikala element skapar rytm och djup samtidigt som rumsakustiken f\u00f6rb\u00e4ttras. Brandklass upp till A2-s1,d0.","robots":{"index":"index","follow":"follow","max-snippet":"max-snippet:-1","max-image-preview":"max-image-preview:large","max-video-preview":"max-video-preview:-1"},"canonical":"https:\/\/gustafs.com\/sv\/produkt\/blayde-akustiskt-baffeltak\/","og_locale":"sv_SE","og_type":"article","og_title":"Blayde | Akustiskt baffeltak i tr\u00e4 | Gustafs Scandinavia","og_description":"Gustafs Scandinavia Akustiskt baffeltak i tr\u00e4 f\u00f6r offentliga rum. Akustiktak i kontor, skolor och lobbyer. Vertikala element skapar rytm och djup samtidigt som rumsakustiken f\u00f6rb\u00e4ttras. Brandklass upp till A2-s1,d0.","og_url":"https:\/\/gustafs.com\/sv\/produkt\/blayde-akustiskt-baffeltak\/","og_site_name":"Gustafs Scandinavia","article_modified_time":"2026-03-12T09:30:28+00:00","og_image":[{"width":575,"height":719,"url":"https:\/\/gustafs.com\/wp-content\/uploads\/2025\/11\/blayde-prod-new.png","type":"image\/png"}],"twitter_card":"summary_large_image","twitter_misc":{"Ber\u00e4knad l\u00e4stid":"1 minut"},"schema":{"@context":"https:\/\/schema.org","@graph":[{"@type":"WebPage","@id":"https:\/\/gustafs.com\/sv\/produkt\/blayde-akustiskt-baffeltak\/","url":"https:\/\/gustafs.com\/sv\/produkt\/blayde-akustiskt-baffeltak\/","name":"Blayde | Akustiskt baffeltak i tr\u00e4 | Gustafs Scandinavia","isPartOf":{"@id":"https:\/\/gustafs.com\/sv\/#website"},"primaryImageOfPage":{"@id":"https:\/\/gustafs.com\/sv\/produkt\/blayde-akustiskt-baffeltak\/#primaryimage"},"image":{"@id":"https:\/\/gustafs.com\/sv\/produkt\/blayde-akustiskt-baffeltak\/#primaryimage"},"thumbnailUrl":"https:\/\/gustafs.com\/wp-content\/uploads\/2025\/11\/blayde-prod-new.png","datePublished":"2026-02-23T12:40:36+00:00","dateModified":"2026-03-12T09:30:28+00:00","description":"Gustafs Scandinavia Akustiskt baffeltak i tr\u00e4 f\u00f6r offentliga rum. Akustiktak i kontor, skolor och lobbyer. Vertikala element skapar rytm och djup samtidigt som rumsakustiken f\u00f6rb\u00e4ttras. Brandklass upp till A2-s1,d0.","breadcrumb":{"@id":"https:\/\/gustafs.com\/sv\/produkt\/blayde-akustiskt-baffeltak\/#breadcrumb"},"inLanguage":"sv-SE","potentialAction":[{"@type":"ReadAction","target":["https:\/\/gustafs.com\/sv\/produkt\/blayde-akustiskt-baffeltak\/"]}]},{"@type":"ImageObject","inLanguage":"sv-SE","@id":"https:\/\/gustafs.com\/sv\/produkt\/blayde-akustiskt-baffeltak\/#primaryimage","url":"https:\/\/gustafs.com\/wp-content\/uploads\/2025\/11\/blayde-prod-new.png","contentUrl":"https:\/\/gustafs.com\/wp-content\/uploads\/2025\/11\/blayde-prod-new.png","width":575,"height":719},{"@type":"BreadcrumbList","@id":"https:\/\/gustafs.com\/sv\/produkt\/blayde-akustiskt-baffeltak\/#breadcrumb","itemListElement":[{"@type":"ListItem","position":1,"name":"Gustafs","item":"https:\/\/gustafs.com\/sv\/"},{"@type":"ListItem","position":2,"name":"Produkter","item":"https:\/\/gustafs.com\/sv\/produkter\/"},{"@type":"ListItem","position":3,"name":"Gustafs Linears","item":"https:\/\/gustafs.com\/sv\/produkt-kategori\/gustafs-linears-sv\/"},{"@type":"ListItem","position":4,"name":"Blayde"}]},{"@type":"WebSite","@id":"https:\/\/gustafs.com\/sv\/#website","url":"https:\/\/gustafs.com\/sv\/","name":"Gustafs Scandinavia","description":"Exclusive Wooden Panels And Acoustic Panels","potentialAction":[{"@type":"SearchAction","target":{"@type":"EntryPoint","urlTemplate":"https:\/\/gustafs.com\/sv\/?s={search_term_string}"},"query-input":{"@type":"PropertyValueSpecification","valueRequired":true,"valueName":"search_term_string"}}],"inLanguage":"sv-SE"}]}},"_links":{"self":[{"href":"https:\/\/gustafs.com\/sv\/wp-json\/wp\/v2\/product\/81800","targetHints":{"allow":["GET"]}}],"collection":[{"href":"https:\/\/gustafs.com\/sv\/wp-json\/wp\/v2\/product"}],"about":[{"href":"https:\/\/gustafs.com\/sv\/wp-json\/wp\/v2\/types\/product"}],"version-history":[{"count":42,"href":"https:\/\/gustafs.com\/sv\/wp-json\/wp\/v2\/product\/81800\/revisions"}],"predecessor-version":[{"id":82142,"href":"https:\/\/gustafs.com\/sv\/wp-json\/wp\/v2\/product\/81800\/revisions\/82142"}],"wp:featuredmedia":[{"embeddable":true,"href":"https:\/\/gustafs.com\/sv\/wp-json\/wp\/v2\/media\/81719"}],"wp:attachment":[{"href":"https:\/\/gustafs.com\/sv\/wp-json\/wp\/v2\/media?parent=81800"}],"wp:term":[{"taxonomy":"product_brand","embeddable":true,"href":"https:\/\/gustafs.com\/sv\/wp-json\/wp\/v2\/product_brand?post=81800"},{"taxonomy":"product_cat","embeddable":true,"href":"https:\/\/gustafs.com\/sv\/wp-json\/wp\/v2\/product_cat?post=81800"},{"taxonomy":"product_tag","embeddable":true,"href":"https:\/\/gustafs.com\/sv\/wp-json\/wp\/v2\/product_tag?post=81800"}],"curies":[{"name":"wp","href":"https:\/\/api.w.org\/{rel}","templated":true}]}}