{"id":81786,"date":"2025-11-17T13:54:58","date_gmt":"2026-02-23T10:24:01","guid":{"rendered":"https:\/\/gustafs.com\/product\/linear-rib-e\/"},"modified":"2026-02-24T14:03:28","modified_gmt":"2026-02-24T13:03:28","slug":"linear-rib-e","status":"publish","type":"product","link":"https:\/\/gustafs.com\/sv\/produkt\/linear-rib-e\/","title":{"rendered":"Linear Rib-E"},"content":{"rendered":"<p>Rib-E bygger vidare p\u00e5 v\u00e5r bepr\u00f6vade Gustafs Linear Rib, men med en rundad profil som ger ett mjukare och mer fl\u00f6dande uttryck. Rib-E finns i tv\u00e5 dimensioner och \u00e4r tillverkad med \u00e4kta tr\u00e4fan\u00e9r och en formstabil fiber-gipsk\u00e4rna vilken s\u00e4kerst\u00e4ller l\u00e5ngsiktig anv\u00e4ndning \u2013 \u00e4ven i kr\u00e4vande milj\u00f6er.<br \/>\nPrecis som alla l\u00f6sningar i Gustafs Linear-familjen installeras Rib-E med Capax Quick-Up-systemet, vilket ger en exakt, effektiv och s\u00e4ker montering. Det visuella uttrycket styr du sj\u00e4lv: v\u00e4lj fan\u00e9r, ytskikt, dimensioner, ribb mellanrum samt eventuell bakgrundsf\u00e4rg, f\u00f6r att skapa r\u00e4tt karakt\u00e4r f\u00f6r ditt projekt. Rib-E ing\u00e5r i Gustafs mix system och g\u00e5r att kombinera med andra produkter i samma montagesystem.<\/p>\n","protected":false},"excerpt":{"rendered":"<p>Rib-E bygger vidare p\u00e5 v\u00e5r bepr\u00f6vade Gustafs Linear Rib, men med en rundad profil som ger ett mjukare och mer fl\u00f6dande uttryck. Rib-E finns i tv\u00e5 dimensioner och \u00e4r tillverkad med \u00e4kta tr\u00e4fan\u00e9r och en formstabil fiber-gipsk\u00e4rna vilken s\u00e4kerst\u00e4ller l\u00e5ngsiktig anv\u00e4ndning \u2013 \u00e4ven i kr\u00e4vande milj\u00f6er. Precis som alla l\u00f6sningar i Gustafs Linear-familjen installeras Rib-E [&hellip;]<\/p>\n","protected":false},"featured_media":81654,"template":"","meta":{"_acf_changed":false,"inline_featured_image":false,"footnotes":""},"product_brand":[],"product_cat":[234,236],"product_tag":[],"class_list":{"0":"post-81786","1":"product","2":"type-product","3":"status-publish","4":"has-post-thumbnail","6":"product_cat-gustafs-linears-sv","7":"product_cat-linear-system-sv","8":"pa_acoustic-class-absorption-a","9":"pa_acoustic-class-absorption-b","10":"pa_acoustic-class-absorption-c","12":"first","13":"instock","14":"shipping-taxable","15":"product-type-simple"},"acf":[],"yoast_head":"<!-- This site is optimized with the Yoast SEO plugin v25.4 - https:\/\/yoast.com\/wordpress\/plugins\/seo\/ -->\n<title>Linear Rib-E | Gustafs Scandinavia<\/title>\n<meta name=\"robots\" content=\"index, follow, max-snippet:-1, max-image-preview:large, max-video-preview:-1\" \/>\n<link rel=\"canonical\" href=\"https:\/\/gustafs.com\/sv\/produkt\/linear-rib-e\/\" \/>\n<meta property=\"og:locale\" content=\"sv_SE\" \/>\n<meta property=\"og:type\" content=\"article\" \/>\n<meta property=\"og:title\" content=\"Linear Rib-E | Gustafs Scandinavia\" \/>\n<meta property=\"og:description\" content=\"Rib-E bygger vidare p\u00e5 v\u00e5r bepr\u00f6vade Gustafs Linear Rib, men med en rundad profil som ger ett mjukare och mer fl\u00f6dande uttryck. Rib-E finns i tv\u00e5 dimensioner och \u00e4r tillverkad med \u00e4kta tr\u00e4fan\u00e9r och en formstabil fiber-gipsk\u00e4rna vilken s\u00e4kerst\u00e4ller l\u00e5ngsiktig anv\u00e4ndning \u2013 \u00e4ven i kr\u00e4vande milj\u00f6er. Precis som alla l\u00f6sningar i Gustafs Linear-familjen installeras Rib-E [&hellip;]\" \/>\n<meta property=\"og:url\" content=\"https:\/\/gustafs.com\/sv\/produkt\/linear-rib-e\/\" \/>\n<meta property=\"og:site_name\" content=\"Gustafs Scandinavia\" \/>\n<meta property=\"article:modified_time\" content=\"2026-02-24T13:03:28+00:00\" \/>\n<meta property=\"og:image\" content=\"https:\/\/gustafs.com\/wp-content\/uploads\/2025\/11\/rib-e-new.jpg\" \/>\n\t<meta property=\"og:image:width\" content=\"485\" \/>\n\t<meta property=\"og:image:height\" content=\"607\" \/>\n\t<meta property=\"og:image:type\" content=\"image\/jpeg\" \/>\n<meta name=\"twitter:card\" content=\"summary_large_image\" \/>\n<meta name=\"twitter:label1\" content=\"Ber\u00e4knad l\u00e4stid\" \/>\n\t<meta name=\"twitter:data1\" content=\"1 minut\" \/>\n<script type=\"application\/ld+json\" class=\"yoast-schema-graph\">{\"@context\":\"https:\/\/schema.org\",\"@graph\":[{\"@type\":\"WebPage\",\"@id\":\"https:\/\/gustafs.com\/sv\/produkt\/linear-rib-e\/\",\"url\":\"https:\/\/gustafs.com\/sv\/produkt\/linear-rib-e\/\",\"name\":\"Linear Rib-E | Gustafs Scandinavia\",\"isPartOf\":{\"@id\":\"https:\/\/gustafs.com\/sv\/#website\"},\"primaryImageOfPage\":{\"@id\":\"https:\/\/gustafs.com\/sv\/produkt\/linear-rib-e\/#primaryimage\"},\"image\":{\"@id\":\"https:\/\/gustafs.com\/sv\/produkt\/linear-rib-e\/#primaryimage\"},\"thumbnailUrl\":\"https:\/\/gustafs.com\/wp-content\/uploads\/2025\/11\/rib-e-new.jpg\",\"datePublished\":\"2026-02-23T10:24:01+00:00\",\"dateModified\":\"2026-02-24T13:03:28+00:00\",\"breadcrumb\":{\"@id\":\"https:\/\/gustafs.com\/sv\/produkt\/linear-rib-e\/#breadcrumb\"},\"inLanguage\":\"sv-SE\",\"potentialAction\":[{\"@type\":\"ReadAction\",\"target\":[\"https:\/\/gustafs.com\/sv\/produkt\/linear-rib-e\/\"]}]},{\"@type\":\"ImageObject\",\"inLanguage\":\"sv-SE\",\"@id\":\"https:\/\/gustafs.com\/sv\/produkt\/linear-rib-e\/#primaryimage\",\"url\":\"https:\/\/gustafs.com\/wp-content\/uploads\/2025\/11\/rib-e-new.jpg\",\"contentUrl\":\"https:\/\/gustafs.com\/wp-content\/uploads\/2025\/11\/rib-e-new.jpg\",\"width\":485,\"height\":607},{\"@type\":\"BreadcrumbList\",\"@id\":\"https:\/\/gustafs.com\/sv\/produkt\/linear-rib-e\/#breadcrumb\",\"itemListElement\":[{\"@type\":\"ListItem\",\"position\":1,\"name\":\"Gustafs\",\"item\":\"https:\/\/gustafs.com\/sv\/\"},{\"@type\":\"ListItem\",\"position\":2,\"name\":\"Produkter\",\"item\":\"https:\/\/gustafs.com\/sv\/produkter\/\"},{\"@type\":\"ListItem\",\"position\":3,\"name\":\"Gustafs Linears\",\"item\":\"https:\/\/gustafs.com\/sv\/produkt-kategori\/gustafs-linears-sv\/\"},{\"@type\":\"ListItem\",\"position\":4,\"name\":\"Linear Rib-E\"}]},{\"@type\":\"WebSite\",\"@id\":\"https:\/\/gustafs.com\/sv\/#website\",\"url\":\"https:\/\/gustafs.com\/sv\/\",\"name\":\"Gustafs Scandinavia\",\"description\":\"Exclusive Wooden Panels And Acoustic Panels\",\"potentialAction\":[{\"@type\":\"SearchAction\",\"target\":{\"@type\":\"EntryPoint\",\"urlTemplate\":\"https:\/\/gustafs.com\/sv\/?s={search_term_string}\"},\"query-input\":{\"@type\":\"PropertyValueSpecification\",\"valueRequired\":true,\"valueName\":\"search_term_string\"}}],\"inLanguage\":\"sv-SE\"}]}<\/script>\n<!-- \/ Yoast SEO plugin. -->","yoast_head_json":{"title":"Linear Rib-E | Gustafs Scandinavia","robots":{"index":"index","follow":"follow","max-snippet":"max-snippet:-1","max-image-preview":"max-image-preview:large","max-video-preview":"max-video-preview:-1"},"canonical":"https:\/\/gustafs.com\/sv\/produkt\/linear-rib-e\/","og_locale":"sv_SE","og_type":"article","og_title":"Linear Rib-E | Gustafs Scandinavia","og_description":"Rib-E bygger vidare p\u00e5 v\u00e5r bepr\u00f6vade Gustafs Linear Rib, men med en rundad profil som ger ett mjukare och mer fl\u00f6dande uttryck. Rib-E finns i tv\u00e5 dimensioner och \u00e4r tillverkad med \u00e4kta tr\u00e4fan\u00e9r och en formstabil fiber-gipsk\u00e4rna vilken s\u00e4kerst\u00e4ller l\u00e5ngsiktig anv\u00e4ndning \u2013 \u00e4ven i kr\u00e4vande milj\u00f6er. Precis som alla l\u00f6sningar i Gustafs Linear-familjen installeras Rib-E [&hellip;]","og_url":"https:\/\/gustafs.com\/sv\/produkt\/linear-rib-e\/","og_site_name":"Gustafs Scandinavia","article_modified_time":"2026-02-24T13:03:28+00:00","og_image":[{"width":485,"height":607,"url":"https:\/\/gustafs.com\/wp-content\/uploads\/2025\/11\/rib-e-new.jpg","type":"image\/jpeg"}],"twitter_card":"summary_large_image","twitter_misc":{"Ber\u00e4knad l\u00e4stid":"1 minut"},"schema":{"@context":"https:\/\/schema.org","@graph":[{"@type":"WebPage","@id":"https:\/\/gustafs.com\/sv\/produkt\/linear-rib-e\/","url":"https:\/\/gustafs.com\/sv\/produkt\/linear-rib-e\/","name":"Linear Rib-E | Gustafs Scandinavia","isPartOf":{"@id":"https:\/\/gustafs.com\/sv\/#website"},"primaryImageOfPage":{"@id":"https:\/\/gustafs.com\/sv\/produkt\/linear-rib-e\/#primaryimage"},"image":{"@id":"https:\/\/gustafs.com\/sv\/produkt\/linear-rib-e\/#primaryimage"},"thumbnailUrl":"https:\/\/gustafs.com\/wp-content\/uploads\/2025\/11\/rib-e-new.jpg","datePublished":"2026-02-23T10:24:01+00:00","dateModified":"2026-02-24T13:03:28+00:00","breadcrumb":{"@id":"https:\/\/gustafs.com\/sv\/produkt\/linear-rib-e\/#breadcrumb"},"inLanguage":"sv-SE","potentialAction":[{"@type":"ReadAction","target":["https:\/\/gustafs.com\/sv\/produkt\/linear-rib-e\/"]}]},{"@type":"ImageObject","inLanguage":"sv-SE","@id":"https:\/\/gustafs.com\/sv\/produkt\/linear-rib-e\/#primaryimage","url":"https:\/\/gustafs.com\/wp-content\/uploads\/2025\/11\/rib-e-new.jpg","contentUrl":"https:\/\/gustafs.com\/wp-content\/uploads\/2025\/11\/rib-e-new.jpg","width":485,"height":607},{"@type":"BreadcrumbList","@id":"https:\/\/gustafs.com\/sv\/produkt\/linear-rib-e\/#breadcrumb","itemListElement":[{"@type":"ListItem","position":1,"name":"Gustafs","item":"https:\/\/gustafs.com\/sv\/"},{"@type":"ListItem","position":2,"name":"Produkter","item":"https:\/\/gustafs.com\/sv\/produkter\/"},{"@type":"ListItem","position":3,"name":"Gustafs Linears","item":"https:\/\/gustafs.com\/sv\/produkt-kategori\/gustafs-linears-sv\/"},{"@type":"ListItem","position":4,"name":"Linear Rib-E"}]},{"@type":"WebSite","@id":"https:\/\/gustafs.com\/sv\/#website","url":"https:\/\/gustafs.com\/sv\/","name":"Gustafs Scandinavia","description":"Exclusive Wooden Panels And Acoustic Panels","potentialAction":[{"@type":"SearchAction","target":{"@type":"EntryPoint","urlTemplate":"https:\/\/gustafs.com\/sv\/?s={search_term_string}"},"query-input":{"@type":"PropertyValueSpecification","valueRequired":true,"valueName":"search_term_string"}}],"inLanguage":"sv-SE"}]}},"_links":{"self":[{"href":"https:\/\/gustafs.com\/sv\/wp-json\/wp\/v2\/product\/81786","targetHints":{"allow":["GET"]}}],"collection":[{"href":"https:\/\/gustafs.com\/sv\/wp-json\/wp\/v2\/product"}],"about":[{"href":"https:\/\/gustafs.com\/sv\/wp-json\/wp\/v2\/types\/product"}],"version-history":[{"count":15,"href":"https:\/\/gustafs.com\/sv\/wp-json\/wp\/v2\/product\/81786\/revisions"}],"predecessor-version":[{"id":81874,"href":"https:\/\/gustafs.com\/sv\/wp-json\/wp\/v2\/product\/81786\/revisions\/81874"}],"wp:featuredmedia":[{"embeddable":true,"href":"https:\/\/gustafs.com\/sv\/wp-json\/wp\/v2\/media\/81654"}],"wp:attachment":[{"href":"https:\/\/gustafs.com\/sv\/wp-json\/wp\/v2\/media?parent=81786"}],"wp:term":[{"taxonomy":"product_brand","embeddable":true,"href":"https:\/\/gustafs.com\/sv\/wp-json\/wp\/v2\/product_brand?post=81786"},{"taxonomy":"product_cat","embeddable":true,"href":"https:\/\/gustafs.com\/sv\/wp-json\/wp\/v2\/product_cat?post=81786"},{"taxonomy":"product_tag","embeddable":true,"href":"https:\/\/gustafs.com\/sv\/wp-json\/wp\/v2\/product_tag?post=81786"}],"curies":[{"name":"wp","href":"https:\/\/api.w.org\/{rel}","templated":true}]}}