{"id":7887,"date":"2022-05-09T07:07:27","date_gmt":"2022-05-09T07:07:27","guid":{"rendered":"https:\/\/gustafs.com\/?post_type=product&#038;p=7887"},"modified":"2025-10-20T10:26:24","modified_gmt":"2025-10-20T08:26:24","slug":"trapaneler","status":"publish","type":"product","link":"https:\/\/gustafs.com\/sv\/produkt\/trapaneler\/","title":{"rendered":"Tr\u00e4panel &#8211; operforerad"},"content":{"rendered":"<p style=\"letter-spacing: 1px;\">TR\u00c4PANELER F\u00d6R V\u00c4GGAR OCH UNDERTAK<\/p>\n<p>V\u00e5ra klassiska tr\u00e4paneler f\u00f6r v\u00e4ggar och undertak ger dig en uppsj\u00f6 av m\u00f6jligheter f\u00f6r att skapa fantastiska inredningar. Genom att anv\u00e4nda olika tr\u00e4slag, fan\u00e9rsk\u00e4rningar, pigmenteringar och installationsm\u00f6nster kan du s\u00e4tta en unik pr\u00e4gel p\u00e5 ditt projekt. V\u00e5ra tr\u00e4paneler installeras med v\u00e5rt ber\u00f6mda Capax installationssystem som garanterar ett vackert slutresultat.<\/p>\n","protected":false},"excerpt":{"rendered":"<p>TR\u00c4PANELER F\u00d6R V\u00c4GGAR OCH UNDERTAK V\u00e5ra klassiska tr\u00e4paneler f\u00f6r v\u00e4ggar och undertak ger dig en uppsj\u00f6 av m\u00f6jligheter f\u00f6r att skapa fantastiska inredningar. Genom att anv\u00e4nda olika tr\u00e4slag, fan\u00e9rsk\u00e4rningar, pigmenteringar och installationsm\u00f6nster kan du s\u00e4tta en unik pr\u00e4gel p\u00e5 ditt projekt. V\u00e5ra tr\u00e4paneler installeras med v\u00e5rt ber\u00f6mda Capax installationssystem som garanterar ett vackert slutresultat.<\/p>\n","protected":false},"featured_media":2916,"template":"","meta":{"_acf_changed":false,"inline_featured_image":false,"footnotes":""},"product_brand":[],"product_cat":[73],"product_tag":[],"class_list":{"0":"post-7887","1":"product","2":"type-product","3":"status-publish","4":"has-post-thumbnail","6":"product_cat-gustafs-panelsystem","7":"pa_acoustic-class-oklassificerad","9":"first","10":"instock","11":"shipping-taxable","12":"product-type-simple"},"acf":[],"yoast_head":"<!-- This site is optimized with the Yoast SEO plugin v25.4 - https:\/\/yoast.com\/wordpress\/plugins\/seo\/ -->\n<title>Gustafs Sl\u00e4ta Tr\u00e4panel | Tak och v\u00e4ggpaneler med \u00f6nskat faner<\/title>\n<meta name=\"description\" content=\"Gustafs arkitektoniska tr\u00e4panel f\u00f6r v\u00e4ggar och undertak ger interi\u00f6ren en exklusiv k\u00e4nsla med b\u00e4sta m\u00f6jliga brandskydd. Projektproducerade paneler i \u00f6nskat tr\u00e4faner och yta.\" \/>\n<meta name=\"robots\" content=\"index, follow, max-snippet:-1, max-image-preview:large, max-video-preview:-1\" \/>\n<link rel=\"canonical\" href=\"https:\/\/gustafs.com\/sv\/produkt\/trapaneler\/\" \/>\n<meta property=\"og:locale\" content=\"sv_SE\" \/>\n<meta property=\"og:type\" content=\"article\" \/>\n<meta property=\"og:title\" content=\"Gustafs Sl\u00e4ta Tr\u00e4panel | Tak och v\u00e4ggpaneler med \u00f6nskat faner\" \/>\n<meta property=\"og:description\" content=\"Gustafs arkitektoniska tr\u00e4panel f\u00f6r v\u00e4ggar och undertak ger interi\u00f6ren en exklusiv k\u00e4nsla med b\u00e4sta m\u00f6jliga brandskydd. Projektproducerade paneler i \u00f6nskat tr\u00e4faner och yta.\" \/>\n<meta property=\"og:url\" content=\"https:\/\/gustafs.com\/sv\/produkt\/trapaneler\/\" \/>\n<meta property=\"og:site_name\" content=\"Gustafs Scandinavia\" \/>\n<meta property=\"article:modified_time\" content=\"2025-10-20T08:26:24+00:00\" \/>\n<meta property=\"og:image\" content=\"https:\/\/gustafs.com\/wp-content\/uploads\/2021\/11\/oak-non-perforated-panel.jpg\" \/>\n\t<meta property=\"og:image:width\" content=\"1030\" \/>\n\t<meta property=\"og:image:height\" content=\"1290\" \/>\n\t<meta property=\"og:image:type\" content=\"image\/jpeg\" \/>\n<meta name=\"twitter:card\" content=\"summary_large_image\" \/>\n<meta name=\"twitter:label1\" content=\"Ber\u00e4knad l\u00e4stid\" \/>\n\t<meta name=\"twitter:data1\" content=\"1 minut\" \/>\n<script type=\"application\/ld+json\" class=\"yoast-schema-graph\">{\"@context\":\"https:\/\/schema.org\",\"@graph\":[{\"@type\":\"WebPage\",\"@id\":\"https:\/\/gustafs.com\/sv\/produkt\/trapaneler\/\",\"url\":\"https:\/\/gustafs.com\/sv\/produkt\/trapaneler\/\",\"name\":\"Gustafs Sl\u00e4ta Tr\u00e4panel | Tak och v\u00e4ggpaneler med \u00f6nskat faner\",\"isPartOf\":{\"@id\":\"https:\/\/gustafs.com\/sv\/#website\"},\"primaryImageOfPage\":{\"@id\":\"https:\/\/gustafs.com\/sv\/produkt\/trapaneler\/#primaryimage\"},\"image\":{\"@id\":\"https:\/\/gustafs.com\/sv\/produkt\/trapaneler\/#primaryimage\"},\"thumbnailUrl\":\"https:\/\/gustafs.com\/wp-content\/uploads\/2021\/11\/oak-non-perforated-panel.jpg\",\"datePublished\":\"2022-05-09T07:07:27+00:00\",\"dateModified\":\"2025-10-20T08:26:24+00:00\",\"description\":\"Gustafs arkitektoniska tr\u00e4panel f\u00f6r v\u00e4ggar och undertak ger interi\u00f6ren en exklusiv k\u00e4nsla med b\u00e4sta m\u00f6jliga brandskydd. Projektproducerade paneler i \u00f6nskat tr\u00e4faner och yta.\",\"breadcrumb\":{\"@id\":\"https:\/\/gustafs.com\/sv\/produkt\/trapaneler\/#breadcrumb\"},\"inLanguage\":\"sv-SE\",\"potentialAction\":[{\"@type\":\"ReadAction\",\"target\":[\"https:\/\/gustafs.com\/sv\/produkt\/trapaneler\/\"]}]},{\"@type\":\"ImageObject\",\"inLanguage\":\"sv-SE\",\"@id\":\"https:\/\/gustafs.com\/sv\/produkt\/trapaneler\/#primaryimage\",\"url\":\"https:\/\/gustafs.com\/wp-content\/uploads\/2021\/11\/oak-non-perforated-panel.jpg\",\"contentUrl\":\"https:\/\/gustafs.com\/wp-content\/uploads\/2021\/11\/oak-non-perforated-panel.jpg\",\"width\":1030,\"height\":1290,\"caption\":\"Tr\u00e4panel med ekfan\u00e9r\"},{\"@type\":\"BreadcrumbList\",\"@id\":\"https:\/\/gustafs.com\/sv\/produkt\/trapaneler\/#breadcrumb\",\"itemListElement\":[{\"@type\":\"ListItem\",\"position\":1,\"name\":\"Gustafs\",\"item\":\"https:\/\/gustafs.com\/sv\/\"},{\"@type\":\"ListItem\",\"position\":2,\"name\":\"Produkter\",\"item\":\"https:\/\/gustafs.com\/sv\/produkter\/\"},{\"@type\":\"ListItem\",\"position\":3,\"name\":\"Gustafs Paneler\",\"item\":\"https:\/\/gustafs.com\/sv\/produkt-kategori\/gustafs-panelsystem\/\"},{\"@type\":\"ListItem\",\"position\":4,\"name\":\"Tr\u00e4panel &#8211; operforerad\"}]},{\"@type\":\"WebSite\",\"@id\":\"https:\/\/gustafs.com\/sv\/#website\",\"url\":\"https:\/\/gustafs.com\/sv\/\",\"name\":\"Gustafs Scandinavia\",\"description\":\"Exclusive Wooden Panels And Acoustic Panels\",\"potentialAction\":[{\"@type\":\"SearchAction\",\"target\":{\"@type\":\"EntryPoint\",\"urlTemplate\":\"https:\/\/gustafs.com\/sv\/?s={search_term_string}\"},\"query-input\":{\"@type\":\"PropertyValueSpecification\",\"valueRequired\":true,\"valueName\":\"search_term_string\"}}],\"inLanguage\":\"sv-SE\"}]}<\/script>\n<!-- \/ Yoast SEO plugin. -->","yoast_head_json":{"title":"Gustafs Sl\u00e4ta Tr\u00e4panel | Tak och v\u00e4ggpaneler med \u00f6nskat faner","description":"Gustafs arkitektoniska tr\u00e4panel f\u00f6r v\u00e4ggar och undertak ger interi\u00f6ren en exklusiv k\u00e4nsla med b\u00e4sta m\u00f6jliga brandskydd. Projektproducerade paneler i \u00f6nskat tr\u00e4faner och yta.","robots":{"index":"index","follow":"follow","max-snippet":"max-snippet:-1","max-image-preview":"max-image-preview:large","max-video-preview":"max-video-preview:-1"},"canonical":"https:\/\/gustafs.com\/sv\/produkt\/trapaneler\/","og_locale":"sv_SE","og_type":"article","og_title":"Gustafs Sl\u00e4ta Tr\u00e4panel | Tak och v\u00e4ggpaneler med \u00f6nskat faner","og_description":"Gustafs arkitektoniska tr\u00e4panel f\u00f6r v\u00e4ggar och undertak ger interi\u00f6ren en exklusiv k\u00e4nsla med b\u00e4sta m\u00f6jliga brandskydd. Projektproducerade paneler i \u00f6nskat tr\u00e4faner och yta.","og_url":"https:\/\/gustafs.com\/sv\/produkt\/trapaneler\/","og_site_name":"Gustafs Scandinavia","article_modified_time":"2025-10-20T08:26:24+00:00","og_image":[{"width":1030,"height":1290,"url":"https:\/\/gustafs.com\/wp-content\/uploads\/2021\/11\/oak-non-perforated-panel.jpg","type":"image\/jpeg"}],"twitter_card":"summary_large_image","twitter_misc":{"Ber\u00e4knad l\u00e4stid":"1 minut"},"schema":{"@context":"https:\/\/schema.org","@graph":[{"@type":"WebPage","@id":"https:\/\/gustafs.com\/sv\/produkt\/trapaneler\/","url":"https:\/\/gustafs.com\/sv\/produkt\/trapaneler\/","name":"Gustafs Sl\u00e4ta Tr\u00e4panel | Tak och v\u00e4ggpaneler med \u00f6nskat faner","isPartOf":{"@id":"https:\/\/gustafs.com\/sv\/#website"},"primaryImageOfPage":{"@id":"https:\/\/gustafs.com\/sv\/produkt\/trapaneler\/#primaryimage"},"image":{"@id":"https:\/\/gustafs.com\/sv\/produkt\/trapaneler\/#primaryimage"},"thumbnailUrl":"https:\/\/gustafs.com\/wp-content\/uploads\/2021\/11\/oak-non-perforated-panel.jpg","datePublished":"2022-05-09T07:07:27+00:00","dateModified":"2025-10-20T08:26:24+00:00","description":"Gustafs arkitektoniska tr\u00e4panel f\u00f6r v\u00e4ggar och undertak ger interi\u00f6ren en exklusiv k\u00e4nsla med b\u00e4sta m\u00f6jliga brandskydd. Projektproducerade paneler i \u00f6nskat tr\u00e4faner och yta.","breadcrumb":{"@id":"https:\/\/gustafs.com\/sv\/produkt\/trapaneler\/#breadcrumb"},"inLanguage":"sv-SE","potentialAction":[{"@type":"ReadAction","target":["https:\/\/gustafs.com\/sv\/produkt\/trapaneler\/"]}]},{"@type":"ImageObject","inLanguage":"sv-SE","@id":"https:\/\/gustafs.com\/sv\/produkt\/trapaneler\/#primaryimage","url":"https:\/\/gustafs.com\/wp-content\/uploads\/2021\/11\/oak-non-perforated-panel.jpg","contentUrl":"https:\/\/gustafs.com\/wp-content\/uploads\/2021\/11\/oak-non-perforated-panel.jpg","width":1030,"height":1290,"caption":"Tr\u00e4panel med ekfan\u00e9r"},{"@type":"BreadcrumbList","@id":"https:\/\/gustafs.com\/sv\/produkt\/trapaneler\/#breadcrumb","itemListElement":[{"@type":"ListItem","position":1,"name":"Gustafs","item":"https:\/\/gustafs.com\/sv\/"},{"@type":"ListItem","position":2,"name":"Produkter","item":"https:\/\/gustafs.com\/sv\/produkter\/"},{"@type":"ListItem","position":3,"name":"Gustafs Paneler","item":"https:\/\/gustafs.com\/sv\/produkt-kategori\/gustafs-panelsystem\/"},{"@type":"ListItem","position":4,"name":"Tr\u00e4panel &#8211; operforerad"}]},{"@type":"WebSite","@id":"https:\/\/gustafs.com\/sv\/#website","url":"https:\/\/gustafs.com\/sv\/","name":"Gustafs Scandinavia","description":"Exclusive Wooden Panels And Acoustic Panels","potentialAction":[{"@type":"SearchAction","target":{"@type":"EntryPoint","urlTemplate":"https:\/\/gustafs.com\/sv\/?s={search_term_string}"},"query-input":{"@type":"PropertyValueSpecification","valueRequired":true,"valueName":"search_term_string"}}],"inLanguage":"sv-SE"}]}},"_links":{"self":[{"href":"https:\/\/gustafs.com\/sv\/wp-json\/wp\/v2\/product\/7887","targetHints":{"allow":["GET"]}}],"collection":[{"href":"https:\/\/gustafs.com\/sv\/wp-json\/wp\/v2\/product"}],"about":[{"href":"https:\/\/gustafs.com\/sv\/wp-json\/wp\/v2\/types\/product"}],"version-history":[{"count":35,"href":"https:\/\/gustafs.com\/sv\/wp-json\/wp\/v2\/product\/7887\/revisions"}],"predecessor-version":[{"id":77646,"href":"https:\/\/gustafs.com\/sv\/wp-json\/wp\/v2\/product\/7887\/revisions\/77646"}],"wp:featuredmedia":[{"embeddable":true,"href":"https:\/\/gustafs.com\/sv\/wp-json\/wp\/v2\/media\/2916"}],"wp:attachment":[{"href":"https:\/\/gustafs.com\/sv\/wp-json\/wp\/v2\/media?parent=7887"}],"wp:term":[{"taxonomy":"product_brand","embeddable":true,"href":"https:\/\/gustafs.com\/sv\/wp-json\/wp\/v2\/product_brand?post=7887"},{"taxonomy":"product_cat","embeddable":true,"href":"https:\/\/gustafs.com\/sv\/wp-json\/wp\/v2\/product_cat?post=7887"},{"taxonomy":"product_tag","embeddable":true,"href":"https:\/\/gustafs.com\/sv\/wp-json\/wp\/v2\/product_tag?post=7887"}],"curies":[{"name":"wp","href":"https:\/\/api.w.org\/{rel}","templated":true}]}}