{"id":22120,"date":"2023-11-27T15:28:40","date_gmt":"2024-03-04T15:10:28","guid":{"rendered":"https:\/\/gustafs.com\/?post_type=product&#038;p=22120"},"modified":"2025-10-24T16:53:41","modified_gmt":"2025-10-24T14:53:41","slug":"feltfon-addstyle","status":"publish","type":"product","link":"https:\/\/gustafs.com\/sv\/produkt\/feltfon-addstyle\/","title":{"rendered":"Feltfon AddStyle"},"content":{"rendered":"<p style=\"letter-spacing: 1px;\">AKUSTISKA RAMAR akustiktak f\u00f6r T24- och T15-b\u00e4rverk<\/p>\n<p>Feltfon\u00a9 AddStyle lyfter estetiken och akustiken i alla tak, oavsett om det \u00e4r ett \u00f6ppet T-b\u00e4rverk eller ett befintligt mjukt akustiktak. L\u00e4gg till stil och f\u00e5 det att l\u00e5ta vackert. AddStyle-elementen klickas enkelt p\u00e5 plats p\u00e5 T15- eller T24-b\u00e4rverk, anpassade till tv\u00e5 globala standarder. Med en rad olika m\u00f6nster, djup och filtf\u00e4rger kan du skapa en personlig k\u00e4nsla i dina tak. V\u00e4lj mellan raka, diagonala eller v\u00e5gformade m\u00f6nster, eller sl\u00e4pp loss din kreativitet och designa ditt eget m\u00f6nster. Feltfon\u00a9 AddStyle uppfyller brandklass B-s1,d0 utan behov av impregnering.<\/p>\n","protected":false},"excerpt":{"rendered":"<p>AKUSTISKA RAMAR akustiktak f\u00f6r T24- och T15-b\u00e4rverk Feltfon\u00a9 AddStyle lyfter estetiken och akustiken i alla tak, oavsett om det \u00e4r ett \u00f6ppet T-b\u00e4rverk eller ett befintligt mjukt akustiktak. L\u00e4gg till stil och f\u00e5 det att l\u00e5ta vackert. AddStyle-elementen klickas enkelt p\u00e5 plats p\u00e5 T15- eller T24-b\u00e4rverk, anpassade till tv\u00e5 globala standarder. Med en rad olika [&hellip;]<\/p>\n","protected":false},"featured_media":20734,"template":"","meta":{"_acf_changed":false,"inline_featured_image":false,"footnotes":""},"product_brand":[],"product_cat":[387,377],"product_tag":[],"class_list":{"0":"post-22120","1":"product","2":"type-product","3":"status-publish","4":"has-post-thumbnail","6":"product_cat-feltfon-addstyle-sv","7":"product_cat-feltfon","8":"pa_acoustic-class-absorption-a","9":"pa_acoustic-class-absorption-b","10":"pa_acoustic-class-absorption-c","12":"first","13":"instock","14":"shipping-taxable","15":"product-type-simple"},"acf":[],"yoast_head":"<!-- This site is optimized with the Yoast SEO plugin v25.4 - https:\/\/yoast.com\/wordpress\/plugins\/seo\/ -->\n<title>Feltfon AddStyle | Takabsorbenter - effektiva &amp; snygga akustiktak<\/title>\n<meta name=\"description\" content=\"AddStyle undertakssystem. F\u00f6rb\u00e4ttra och liva upp ditt befintliga akustiktak eller anv\u00e4nd nedpendlat fr\u00e5n lokalens redan befintliga tak. Passar T15- eller T24-b\u00e4rverk. Snygga ljudabsorbenter i m\u00e5nga varianter och kombinationsm\u00f6jligheter.\" \/>\n<meta name=\"robots\" content=\"index, follow, max-snippet:-1, max-image-preview:large, max-video-preview:-1\" \/>\n<link rel=\"canonical\" href=\"https:\/\/gustafs.com\/sv\/produkt\/feltfon-addstyle\/\" \/>\n<meta property=\"og:locale\" content=\"sv_SE\" \/>\n<meta property=\"og:type\" content=\"article\" \/>\n<meta property=\"og:title\" content=\"Feltfon AddStyle | Takabsorbenter - effektiva &amp; snygga akustiktak\" \/>\n<meta property=\"og:description\" content=\"AddStyle undertakssystem. F\u00f6rb\u00e4ttra och liva upp ditt befintliga akustiktak eller anv\u00e4nd nedpendlat fr\u00e5n lokalens redan befintliga tak. Passar T15- eller T24-b\u00e4rverk. Snygga ljudabsorbenter i m\u00e5nga varianter och kombinationsm\u00f6jligheter.\" \/>\n<meta property=\"og:url\" content=\"https:\/\/gustafs.com\/sv\/produkt\/feltfon-addstyle\/\" \/>\n<meta property=\"og:site_name\" content=\"Gustafs Scandinavia\" \/>\n<meta property=\"article:modified_time\" content=\"2025-10-24T14:53:41+00:00\" \/>\n<meta property=\"og:image\" content=\"https:\/\/gustafs.com\/wp-content\/uploads\/2023\/11\/diagonal-818x1024.gif\" \/>\n\t<meta property=\"og:image:width\" content=\"818\" \/>\n\t<meta property=\"og:image:height\" content=\"1024\" \/>\n\t<meta property=\"og:image:type\" content=\"image\/gif\" \/>\n<meta name=\"twitter:card\" content=\"summary_large_image\" \/>\n<meta name=\"twitter:label1\" content=\"Ber\u00e4knad l\u00e4stid\" \/>\n\t<meta name=\"twitter:data1\" content=\"1 minut\" \/>\n<script type=\"application\/ld+json\" class=\"yoast-schema-graph\">{\"@context\":\"https:\/\/schema.org\",\"@graph\":[{\"@type\":\"WebPage\",\"@id\":\"https:\/\/gustafs.com\/sv\/produkt\/feltfon-addstyle\/\",\"url\":\"https:\/\/gustafs.com\/sv\/produkt\/feltfon-addstyle\/\",\"name\":\"Feltfon AddStyle | Takabsorbenter - effektiva & snygga akustiktak\",\"isPartOf\":{\"@id\":\"https:\/\/gustafs.com\/sv\/#website\"},\"primaryImageOfPage\":{\"@id\":\"https:\/\/gustafs.com\/sv\/produkt\/feltfon-addstyle\/#primaryimage\"},\"image\":{\"@id\":\"https:\/\/gustafs.com\/sv\/produkt\/feltfon-addstyle\/#primaryimage\"},\"thumbnailUrl\":\"https:\/\/gustafs.com\/wp-content\/uploads\/2023\/11\/diagonal.gif\",\"datePublished\":\"2024-03-04T15:10:28+00:00\",\"dateModified\":\"2025-10-24T14:53:41+00:00\",\"description\":\"AddStyle undertakssystem. F\u00f6rb\u00e4ttra och liva upp ditt befintliga akustiktak eller anv\u00e4nd nedpendlat fr\u00e5n lokalens redan befintliga tak. Passar T15- eller T24-b\u00e4rverk. Snygga ljudabsorbenter i m\u00e5nga varianter och kombinationsm\u00f6jligheter.\",\"breadcrumb\":{\"@id\":\"https:\/\/gustafs.com\/sv\/produkt\/feltfon-addstyle\/#breadcrumb\"},\"inLanguage\":\"sv-SE\",\"potentialAction\":[{\"@type\":\"ReadAction\",\"target\":[\"https:\/\/gustafs.com\/sv\/produkt\/feltfon-addstyle\/\"]}]},{\"@type\":\"ImageObject\",\"inLanguage\":\"sv-SE\",\"@id\":\"https:\/\/gustafs.com\/sv\/produkt\/feltfon-addstyle\/#primaryimage\",\"url\":\"https:\/\/gustafs.com\/wp-content\/uploads\/2023\/11\/diagonal.gif\",\"contentUrl\":\"https:\/\/gustafs.com\/wp-content\/uploads\/2023\/11\/diagonal.gif\",\"width\":1030,\"height\":1290,\"caption\":\"Acoustic ceilings for Acoustic tiles, AddStyle\"},{\"@type\":\"BreadcrumbList\",\"@id\":\"https:\/\/gustafs.com\/sv\/produkt\/feltfon-addstyle\/#breadcrumb\",\"itemListElement\":[{\"@type\":\"ListItem\",\"position\":1,\"name\":\"Gustafs\",\"item\":\"https:\/\/gustafs.com\/sv\/\"},{\"@type\":\"ListItem\",\"position\":2,\"name\":\"Produkter\",\"item\":\"https:\/\/gustafs.com\/sv\/produkter\/\"},{\"@type\":\"ListItem\",\"position\":3,\"name\":\"Feltfon\",\"item\":\"https:\/\/gustafs.com\/sv\/produkt-kategori\/feltfon\/\"},{\"@type\":\"ListItem\",\"position\":4,\"name\":\"Feltfon AddStyle\"}]},{\"@type\":\"WebSite\",\"@id\":\"https:\/\/gustafs.com\/sv\/#website\",\"url\":\"https:\/\/gustafs.com\/sv\/\",\"name\":\"Gustafs Scandinavia\",\"description\":\"Exclusive Wooden Panels And Acoustic Panels\",\"potentialAction\":[{\"@type\":\"SearchAction\",\"target\":{\"@type\":\"EntryPoint\",\"urlTemplate\":\"https:\/\/gustafs.com\/sv\/?s={search_term_string}\"},\"query-input\":{\"@type\":\"PropertyValueSpecification\",\"valueRequired\":true,\"valueName\":\"search_term_string\"}}],\"inLanguage\":\"sv-SE\"}]}<\/script>\n<!-- \/ Yoast SEO plugin. -->","yoast_head_json":{"title":"Feltfon AddStyle | Takabsorbenter - effektiva & snygga akustiktak","description":"AddStyle undertakssystem. F\u00f6rb\u00e4ttra och liva upp ditt befintliga akustiktak eller anv\u00e4nd nedpendlat fr\u00e5n lokalens redan befintliga tak. Passar T15- eller T24-b\u00e4rverk. Snygga ljudabsorbenter i m\u00e5nga varianter och kombinationsm\u00f6jligheter.","robots":{"index":"index","follow":"follow","max-snippet":"max-snippet:-1","max-image-preview":"max-image-preview:large","max-video-preview":"max-video-preview:-1"},"canonical":"https:\/\/gustafs.com\/sv\/produkt\/feltfon-addstyle\/","og_locale":"sv_SE","og_type":"article","og_title":"Feltfon AddStyle | Takabsorbenter - effektiva & snygga akustiktak","og_description":"AddStyle undertakssystem. F\u00f6rb\u00e4ttra och liva upp ditt befintliga akustiktak eller anv\u00e4nd nedpendlat fr\u00e5n lokalens redan befintliga tak. Passar T15- eller T24-b\u00e4rverk. Snygga ljudabsorbenter i m\u00e5nga varianter och kombinationsm\u00f6jligheter.","og_url":"https:\/\/gustafs.com\/sv\/produkt\/feltfon-addstyle\/","og_site_name":"Gustafs Scandinavia","article_modified_time":"2025-10-24T14:53:41+00:00","og_image":[{"width":818,"height":1024,"url":"https:\/\/gustafs.com\/wp-content\/uploads\/2023\/11\/diagonal-818x1024.gif","type":"image\/gif"}],"twitter_card":"summary_large_image","twitter_misc":{"Ber\u00e4knad l\u00e4stid":"1 minut"},"schema":{"@context":"https:\/\/schema.org","@graph":[{"@type":"WebPage","@id":"https:\/\/gustafs.com\/sv\/produkt\/feltfon-addstyle\/","url":"https:\/\/gustafs.com\/sv\/produkt\/feltfon-addstyle\/","name":"Feltfon AddStyle | Takabsorbenter - effektiva & snygga akustiktak","isPartOf":{"@id":"https:\/\/gustafs.com\/sv\/#website"},"primaryImageOfPage":{"@id":"https:\/\/gustafs.com\/sv\/produkt\/feltfon-addstyle\/#primaryimage"},"image":{"@id":"https:\/\/gustafs.com\/sv\/produkt\/feltfon-addstyle\/#primaryimage"},"thumbnailUrl":"https:\/\/gustafs.com\/wp-content\/uploads\/2023\/11\/diagonal.gif","datePublished":"2024-03-04T15:10:28+00:00","dateModified":"2025-10-24T14:53:41+00:00","description":"AddStyle undertakssystem. F\u00f6rb\u00e4ttra och liva upp ditt befintliga akustiktak eller anv\u00e4nd nedpendlat fr\u00e5n lokalens redan befintliga tak. Passar T15- eller T24-b\u00e4rverk. Snygga ljudabsorbenter i m\u00e5nga varianter och kombinationsm\u00f6jligheter.","breadcrumb":{"@id":"https:\/\/gustafs.com\/sv\/produkt\/feltfon-addstyle\/#breadcrumb"},"inLanguage":"sv-SE","potentialAction":[{"@type":"ReadAction","target":["https:\/\/gustafs.com\/sv\/produkt\/feltfon-addstyle\/"]}]},{"@type":"ImageObject","inLanguage":"sv-SE","@id":"https:\/\/gustafs.com\/sv\/produkt\/feltfon-addstyle\/#primaryimage","url":"https:\/\/gustafs.com\/wp-content\/uploads\/2023\/11\/diagonal.gif","contentUrl":"https:\/\/gustafs.com\/wp-content\/uploads\/2023\/11\/diagonal.gif","width":1030,"height":1290,"caption":"Acoustic ceilings for Acoustic tiles, AddStyle"},{"@type":"BreadcrumbList","@id":"https:\/\/gustafs.com\/sv\/produkt\/feltfon-addstyle\/#breadcrumb","itemListElement":[{"@type":"ListItem","position":1,"name":"Gustafs","item":"https:\/\/gustafs.com\/sv\/"},{"@type":"ListItem","position":2,"name":"Produkter","item":"https:\/\/gustafs.com\/sv\/produkter\/"},{"@type":"ListItem","position":3,"name":"Feltfon","item":"https:\/\/gustafs.com\/sv\/produkt-kategori\/feltfon\/"},{"@type":"ListItem","position":4,"name":"Feltfon AddStyle"}]},{"@type":"WebSite","@id":"https:\/\/gustafs.com\/sv\/#website","url":"https:\/\/gustafs.com\/sv\/","name":"Gustafs Scandinavia","description":"Exclusive Wooden Panels And Acoustic Panels","potentialAction":[{"@type":"SearchAction","target":{"@type":"EntryPoint","urlTemplate":"https:\/\/gustafs.com\/sv\/?s={search_term_string}"},"query-input":{"@type":"PropertyValueSpecification","valueRequired":true,"valueName":"search_term_string"}}],"inLanguage":"sv-SE"}]}},"_links":{"self":[{"href":"https:\/\/gustafs.com\/sv\/wp-json\/wp\/v2\/product\/22120","targetHints":{"allow":["GET"]}}],"collection":[{"href":"https:\/\/gustafs.com\/sv\/wp-json\/wp\/v2\/product"}],"about":[{"href":"https:\/\/gustafs.com\/sv\/wp-json\/wp\/v2\/types\/product"}],"version-history":[{"count":15,"href":"https:\/\/gustafs.com\/sv\/wp-json\/wp\/v2\/product\/22120\/revisions"}],"predecessor-version":[{"id":78038,"href":"https:\/\/gustafs.com\/sv\/wp-json\/wp\/v2\/product\/22120\/revisions\/78038"}],"wp:featuredmedia":[{"embeddable":true,"href":"https:\/\/gustafs.com\/sv\/wp-json\/wp\/v2\/media\/20734"}],"wp:attachment":[{"href":"https:\/\/gustafs.com\/sv\/wp-json\/wp\/v2\/media?parent=22120"}],"wp:term":[{"taxonomy":"product_brand","embeddable":true,"href":"https:\/\/gustafs.com\/sv\/wp-json\/wp\/v2\/product_brand?post=22120"},{"taxonomy":"product_cat","embeddable":true,"href":"https:\/\/gustafs.com\/sv\/wp-json\/wp\/v2\/product_cat?post=22120"},{"taxonomy":"product_tag","embeddable":true,"href":"https:\/\/gustafs.com\/sv\/wp-json\/wp\/v2\/product_tag?post=22120"}],"curies":[{"name":"wp","href":"https:\/\/api.w.org\/{rel}","templated":true}]}}