{"id":22070,"date":"2023-10-18T13:59:37","date_gmt":"2024-03-04T12:41:29","guid":{"rendered":"https:\/\/gustafs.com\/?post_type=product&#038;p=22070"},"modified":"2025-10-24T17:11:49","modified_gmt":"2025-10-24T15:11:49","slug":"feltfon-intersections","status":"publish","type":"product","link":"https:\/\/gustafs.com\/sv\/produkt\/feltfon-intersections\/","title":{"rendered":"Feltfon Intersections"},"content":{"rendered":"<p style=\"letter-spacing: 1px;\">AKUSTISKA LINJ\u00c4RA FILTABSORBENT med \u00f6verlappande sektioner<\/p>\n<p>Upplev gr\u00e4nsl\u00f6s kreativitet med Feltfon\u00a9 Vector Intersections, v\u00e4ggabsorbenter, som ger dig frihet att, tillsammans\u00a0 med Feltfon\u00a9 Linear Rib, designa \u00f6verlappande vinklade m\u00f6nster och f\u00e5 en unik ljudabsorbent. Sl\u00e4pp loss din kreativitet och upplev sk\u00f6nheten i Capax Quick-Up-systemet, som ger en strykt\u00e5lig och enkel installation p\u00e5 b\u00e5de v\u00e4ggar och tak. Feltfon Intersections \u00e4r \u00e4ven l\u00e4mplig f\u00f6r installation i milj\u00f6er med h\u00f6ga fuktniv\u00e5er som t.ex. v\u00e5trum och badhus. V\u00e4lj mellan flera olika bredder, djup, f\u00e4rger och mellanrumsbredd eller l\u00e4gg in fyllningslister i tr\u00e4 mellan dina ribbor. Feltfon\u00a9 Intersections \u00e4r dessutom brands\u00e4ker utan behov av impregnering.<\/p>\n","protected":false},"excerpt":{"rendered":"<p>AKUSTISKA LINJ\u00c4RA FILTABSORBENT med \u00f6verlappande sektioner Upplev gr\u00e4nsl\u00f6s kreativitet med Feltfon\u00a9 Vector Intersections, v\u00e4ggabsorbenter, som ger dig frihet att, tillsammans\u00a0 med Feltfon\u00a9 Linear Rib, designa \u00f6verlappande vinklade m\u00f6nster och f\u00e5 en unik ljudabsorbent. Sl\u00e4pp loss din kreativitet och upplev sk\u00f6nheten i Capax Quick-Up-systemet, som ger en strykt\u00e5lig och enkel installation p\u00e5 b\u00e5de v\u00e4ggar och tak. [&hellip;]<\/p>\n","protected":false},"featured_media":25396,"template":"","meta":{"_acf_changed":false,"inline_featured_image":false,"footnotes":""},"product_brand":[],"product_cat":[377,378],"product_tag":[],"class_list":{"0":"post-22070","1":"product","2":"type-product","3":"status-publish","4":"has-post-thumbnail","6":"product_cat-feltfon","7":"product_cat-feltfon-vector-sv","8":"pa_acoustic-class-absorption-a","9":"pa_acoustic-class-absorption-b","10":"pa_acoustic-class-absorption-c","11":"pa_acoustic-class-absorption-d","13":"first","14":"instock","15":"shipping-taxable","16":"product-type-simple"},"acf":[],"yoast_head":"<!-- This site is optimized with the Yoast SEO plugin v25.4 - https:\/\/yoast.com\/wordpress\/plugins\/seo\/ -->\n<title>Feltfon Intersections - flexibla v\u00e4ggabsorbenter och akustikpaneler<\/title>\n<meta name=\"description\" content=\"Feltfon\u00a9 Intersections, v\u00e4ggabsorbenter, ger dig frihet att designa egna \u00f6verlappande vinklade m\u00f6nster och d\u00e4rmed skapa en unik ljudabsorbent. Capax Installationssystem ger en t\u00e5lig och enkel installation i b\u00e5de tak och p\u00e5 v\u00e4ggar. Vattent\u00e5lig och brandklassad.\" \/>\n<meta name=\"robots\" content=\"index, follow, max-snippet:-1, max-image-preview:large, max-video-preview:-1\" \/>\n<link rel=\"canonical\" href=\"https:\/\/gustafs.com\/sv\/produkt\/feltfon-intersections\/\" \/>\n<meta property=\"og:locale\" content=\"sv_SE\" \/>\n<meta property=\"og:type\" content=\"article\" \/>\n<meta property=\"og:title\" content=\"Feltfon Intersections - flexibla v\u00e4ggabsorbenter och akustikpaneler\" \/>\n<meta property=\"og:description\" content=\"Feltfon\u00a9 Intersections, v\u00e4ggabsorbenter, ger dig frihet att designa egna \u00f6verlappande vinklade m\u00f6nster och d\u00e4rmed skapa en unik ljudabsorbent. Capax Installationssystem ger en t\u00e5lig och enkel installation i b\u00e5de tak och p\u00e5 v\u00e4ggar. Vattent\u00e5lig och brandklassad.\" \/>\n<meta property=\"og:url\" content=\"https:\/\/gustafs.com\/sv\/produkt\/feltfon-intersections\/\" \/>\n<meta property=\"og:site_name\" content=\"Gustafs Scandinavia\" \/>\n<meta property=\"article:modified_time\" content=\"2025-10-24T15:11:49+00:00\" \/>\n<meta property=\"og:image\" content=\"https:\/\/gustafs.com\/wp-content\/uploads\/2023\/10\/gustafs-sff2025-fotograf-mattias-hamren-29.jpg\" \/>\n\t<meta property=\"og:image:width\" content=\"1652\" \/>\n\t<meta property=\"og:image:height\" content=\"2069\" \/>\n\t<meta property=\"og:image:type\" content=\"image\/jpeg\" \/>\n<meta name=\"twitter:card\" content=\"summary_large_image\" \/>\n<meta name=\"twitter:label1\" content=\"Ber\u00e4knad l\u00e4stid\" \/>\n\t<meta name=\"twitter:data1\" content=\"1 minut\" \/>\n<script type=\"application\/ld+json\" class=\"yoast-schema-graph\">{\"@context\":\"https:\/\/schema.org\",\"@graph\":[{\"@type\":\"WebPage\",\"@id\":\"https:\/\/gustafs.com\/sv\/produkt\/feltfon-intersections\/\",\"url\":\"https:\/\/gustafs.com\/sv\/produkt\/feltfon-intersections\/\",\"name\":\"Feltfon Intersections - flexibla v\u00e4ggabsorbenter och akustikpaneler\",\"isPartOf\":{\"@id\":\"https:\/\/gustafs.com\/sv\/#website\"},\"primaryImageOfPage\":{\"@id\":\"https:\/\/gustafs.com\/sv\/produkt\/feltfon-intersections\/#primaryimage\"},\"image\":{\"@id\":\"https:\/\/gustafs.com\/sv\/produkt\/feltfon-intersections\/#primaryimage\"},\"thumbnailUrl\":\"https:\/\/gustafs.com\/wp-content\/uploads\/2023\/10\/gustafs-sff2025-fotograf-mattias-hamren-29.jpg\",\"datePublished\":\"2024-03-04T12:41:29+00:00\",\"dateModified\":\"2025-10-24T15:11:49+00:00\",\"description\":\"Feltfon\u00a9 Intersections, v\u00e4ggabsorbenter, ger dig frihet att designa egna \u00f6verlappande vinklade m\u00f6nster och d\u00e4rmed skapa en unik ljudabsorbent. Capax Installationssystem ger en t\u00e5lig och enkel installation i b\u00e5de tak och p\u00e5 v\u00e4ggar. Vattent\u00e5lig och brandklassad.\",\"breadcrumb\":{\"@id\":\"https:\/\/gustafs.com\/sv\/produkt\/feltfon-intersections\/#breadcrumb\"},\"inLanguage\":\"sv-SE\",\"potentialAction\":[{\"@type\":\"ReadAction\",\"target\":[\"https:\/\/gustafs.com\/sv\/produkt\/feltfon-intersections\/\"]}]},{\"@type\":\"ImageObject\",\"inLanguage\":\"sv-SE\",\"@id\":\"https:\/\/gustafs.com\/sv\/produkt\/feltfon-intersections\/#primaryimage\",\"url\":\"https:\/\/gustafs.com\/wp-content\/uploads\/2023\/10\/gustafs-sff2025-fotograf-mattias-hamren-29.jpg\",\"contentUrl\":\"https:\/\/gustafs.com\/wp-content\/uploads\/2023\/10\/gustafs-sff2025-fotograf-mattias-hamren-29.jpg\",\"width\":1652,\"height\":2069},{\"@type\":\"BreadcrumbList\",\"@id\":\"https:\/\/gustafs.com\/sv\/produkt\/feltfon-intersections\/#breadcrumb\",\"itemListElement\":[{\"@type\":\"ListItem\",\"position\":1,\"name\":\"Gustafs\",\"item\":\"https:\/\/gustafs.com\/sv\/\"},{\"@type\":\"ListItem\",\"position\":2,\"name\":\"Produkter\",\"item\":\"https:\/\/gustafs.com\/sv\/produkter\/\"},{\"@type\":\"ListItem\",\"position\":3,\"name\":\"Feltfon\",\"item\":\"https:\/\/gustafs.com\/sv\/produkt-kategori\/feltfon\/\"},{\"@type\":\"ListItem\",\"position\":4,\"name\":\"Feltfon Intersections\"}]},{\"@type\":\"WebSite\",\"@id\":\"https:\/\/gustafs.com\/sv\/#website\",\"url\":\"https:\/\/gustafs.com\/sv\/\",\"name\":\"Gustafs Scandinavia\",\"description\":\"Exclusive Wooden Panels And Acoustic Panels\",\"potentialAction\":[{\"@type\":\"SearchAction\",\"target\":{\"@type\":\"EntryPoint\",\"urlTemplate\":\"https:\/\/gustafs.com\/sv\/?s={search_term_string}\"},\"query-input\":{\"@type\":\"PropertyValueSpecification\",\"valueRequired\":true,\"valueName\":\"search_term_string\"}}],\"inLanguage\":\"sv-SE\"}]}<\/script>\n<!-- \/ Yoast SEO plugin. -->","yoast_head_json":{"title":"Feltfon Intersections - flexibla v\u00e4ggabsorbenter och akustikpaneler","description":"Feltfon\u00a9 Intersections, v\u00e4ggabsorbenter, ger dig frihet att designa egna \u00f6verlappande vinklade m\u00f6nster och d\u00e4rmed skapa en unik ljudabsorbent. Capax Installationssystem ger en t\u00e5lig och enkel installation i b\u00e5de tak och p\u00e5 v\u00e4ggar. Vattent\u00e5lig och brandklassad.","robots":{"index":"index","follow":"follow","max-snippet":"max-snippet:-1","max-image-preview":"max-image-preview:large","max-video-preview":"max-video-preview:-1"},"canonical":"https:\/\/gustafs.com\/sv\/produkt\/feltfon-intersections\/","og_locale":"sv_SE","og_type":"article","og_title":"Feltfon Intersections - flexibla v\u00e4ggabsorbenter och akustikpaneler","og_description":"Feltfon\u00a9 Intersections, v\u00e4ggabsorbenter, ger dig frihet att designa egna \u00f6verlappande vinklade m\u00f6nster och d\u00e4rmed skapa en unik ljudabsorbent. Capax Installationssystem ger en t\u00e5lig och enkel installation i b\u00e5de tak och p\u00e5 v\u00e4ggar. Vattent\u00e5lig och brandklassad.","og_url":"https:\/\/gustafs.com\/sv\/produkt\/feltfon-intersections\/","og_site_name":"Gustafs Scandinavia","article_modified_time":"2025-10-24T15:11:49+00:00","og_image":[{"width":1652,"height":2069,"url":"https:\/\/gustafs.com\/wp-content\/uploads\/2023\/10\/gustafs-sff2025-fotograf-mattias-hamren-29.jpg","type":"image\/jpeg"}],"twitter_card":"summary_large_image","twitter_misc":{"Ber\u00e4knad l\u00e4stid":"1 minut"},"schema":{"@context":"https:\/\/schema.org","@graph":[{"@type":"WebPage","@id":"https:\/\/gustafs.com\/sv\/produkt\/feltfon-intersections\/","url":"https:\/\/gustafs.com\/sv\/produkt\/feltfon-intersections\/","name":"Feltfon Intersections - flexibla v\u00e4ggabsorbenter och akustikpaneler","isPartOf":{"@id":"https:\/\/gustafs.com\/sv\/#website"},"primaryImageOfPage":{"@id":"https:\/\/gustafs.com\/sv\/produkt\/feltfon-intersections\/#primaryimage"},"image":{"@id":"https:\/\/gustafs.com\/sv\/produkt\/feltfon-intersections\/#primaryimage"},"thumbnailUrl":"https:\/\/gustafs.com\/wp-content\/uploads\/2023\/10\/gustafs-sff2025-fotograf-mattias-hamren-29.jpg","datePublished":"2024-03-04T12:41:29+00:00","dateModified":"2025-10-24T15:11:49+00:00","description":"Feltfon\u00a9 Intersections, v\u00e4ggabsorbenter, ger dig frihet att designa egna \u00f6verlappande vinklade m\u00f6nster och d\u00e4rmed skapa en unik ljudabsorbent. Capax Installationssystem ger en t\u00e5lig och enkel installation i b\u00e5de tak och p\u00e5 v\u00e4ggar. Vattent\u00e5lig och brandklassad.","breadcrumb":{"@id":"https:\/\/gustafs.com\/sv\/produkt\/feltfon-intersections\/#breadcrumb"},"inLanguage":"sv-SE","potentialAction":[{"@type":"ReadAction","target":["https:\/\/gustafs.com\/sv\/produkt\/feltfon-intersections\/"]}]},{"@type":"ImageObject","inLanguage":"sv-SE","@id":"https:\/\/gustafs.com\/sv\/produkt\/feltfon-intersections\/#primaryimage","url":"https:\/\/gustafs.com\/wp-content\/uploads\/2023\/10\/gustafs-sff2025-fotograf-mattias-hamren-29.jpg","contentUrl":"https:\/\/gustafs.com\/wp-content\/uploads\/2023\/10\/gustafs-sff2025-fotograf-mattias-hamren-29.jpg","width":1652,"height":2069},{"@type":"BreadcrumbList","@id":"https:\/\/gustafs.com\/sv\/produkt\/feltfon-intersections\/#breadcrumb","itemListElement":[{"@type":"ListItem","position":1,"name":"Gustafs","item":"https:\/\/gustafs.com\/sv\/"},{"@type":"ListItem","position":2,"name":"Produkter","item":"https:\/\/gustafs.com\/sv\/produkter\/"},{"@type":"ListItem","position":3,"name":"Feltfon","item":"https:\/\/gustafs.com\/sv\/produkt-kategori\/feltfon\/"},{"@type":"ListItem","position":4,"name":"Feltfon Intersections"}]},{"@type":"WebSite","@id":"https:\/\/gustafs.com\/sv\/#website","url":"https:\/\/gustafs.com\/sv\/","name":"Gustafs Scandinavia","description":"Exclusive Wooden Panels And Acoustic Panels","potentialAction":[{"@type":"SearchAction","target":{"@type":"EntryPoint","urlTemplate":"https:\/\/gustafs.com\/sv\/?s={search_term_string}"},"query-input":{"@type":"PropertyValueSpecification","valueRequired":true,"valueName":"search_term_string"}}],"inLanguage":"sv-SE"}]}},"_links":{"self":[{"href":"https:\/\/gustafs.com\/sv\/wp-json\/wp\/v2\/product\/22070","targetHints":{"allow":["GET"]}}],"collection":[{"href":"https:\/\/gustafs.com\/sv\/wp-json\/wp\/v2\/product"}],"about":[{"href":"https:\/\/gustafs.com\/sv\/wp-json\/wp\/v2\/types\/product"}],"version-history":[{"count":29,"href":"https:\/\/gustafs.com\/sv\/wp-json\/wp\/v2\/product\/22070\/revisions"}],"predecessor-version":[{"id":78044,"href":"https:\/\/gustafs.com\/sv\/wp-json\/wp\/v2\/product\/22070\/revisions\/78044"}],"wp:featuredmedia":[{"embeddable":true,"href":"https:\/\/gustafs.com\/sv\/wp-json\/wp\/v2\/media\/25396"}],"wp:attachment":[{"href":"https:\/\/gustafs.com\/sv\/wp-json\/wp\/v2\/media?parent=22070"}],"wp:term":[{"taxonomy":"product_brand","embeddable":true,"href":"https:\/\/gustafs.com\/sv\/wp-json\/wp\/v2\/product_brand?post=22070"},{"taxonomy":"product_cat","embeddable":true,"href":"https:\/\/gustafs.com\/sv\/wp-json\/wp\/v2\/product_cat?post=22070"},{"taxonomy":"product_tag","embeddable":true,"href":"https:\/\/gustafs.com\/sv\/wp-json\/wp\/v2\/product_tag?post=22070"}],"curies":[{"name":"wp","href":"https:\/\/api.w.org\/{rel}","templated":true}]}}