{"id":22057,"date":"2023-09-19T12:58:58","date_gmt":"2023-09-19T10:58:58","guid":{"rendered":"https:\/\/gustafs.com\/product\/feltfon-blox\/"},"modified":"2025-11-04T09:37:21","modified_gmt":"2025-11-04T08:37:21","slug":"feltfon-blox","status":"publish","type":"product","link":"https:\/\/gustafs.com\/sv\/produkt\/feltfon-blox\/","title":{"rendered":"Feltfon Blox"},"content":{"rendered":"<p style=\"letter-spacing: 1px;\">V\u00c4GG OCH TAK ABSORBENTER i blockdesign<\/p>\n<p>Feltfon\u00a9 Blox, Takabsorbent som pendlas ned fr\u00e5n taket eller h\u00e4ngs upp p\u00e5 v\u00e4ggen. Finns i nio rektangul\u00e4ra dimensioner, 3 standard djup och m\u00e5nga f\u00e4rger. Flexibelt system som ger m\u00f6jlighet att skapa en o\u00e4ndlig m\u00e4ngd m\u00f6nster och anpassa storleken p\u00e5 den ljudabsorberande ytan efter rummets f\u00f6ruts\u00e4ttningar. Enkel och smidig att montera med Capax installationssystem. Feltfon Blox \u00e4r tillverkad av Acoustex\u00a9 akustikfilt och \u00e4r vattenresistent, vilket g\u00f6r den mycket l\u00e4mplig f\u00f6r olika fuktiga offentliga interi\u00f6rer, s\u00e5 som simhallar och spaavdelningar. Feltfon\u00a9 Blox \u00e4r en mycket effektiv bullerd\u00e4mpande l\u00f6sning och uppn\u00e5r brandklass B-s1,d0 utan behov av impregnering.<\/p>\n","protected":false},"excerpt":{"rendered":"<p>V\u00c4GG OCH TAK ABSORBENTER i blockdesign Feltfon\u00a9 Blox, Takabsorbent som pendlas ned fr\u00e5n taket eller h\u00e4ngs upp p\u00e5 v\u00e4ggen. Finns i nio rektangul\u00e4ra dimensioner, 3 standard djup och m\u00e5nga f\u00e4rger. Flexibelt system som ger m\u00f6jlighet att skapa en o\u00e4ndlig m\u00e4ngd m\u00f6nster och anpassa storleken p\u00e5 den ljudabsorberande ytan efter rummets f\u00f6ruts\u00e4ttningar. Enkel och smidig att [&hellip;]<\/p>\n","protected":false},"featured_media":33658,"template":"","meta":{"_acf_changed":false,"inline_featured_image":false,"footnotes":""},"product_brand":[],"product_cat":[377,381],"product_tag":[],"class_list":{"0":"post-22057","1":"product","2":"type-product","3":"status-publish","4":"has-post-thumbnail","6":"product_cat-feltfon","7":"product_cat-feltfon-jewel-sv","8":"pa_acoustic-class-absorption-a","9":"pa_acoustic-class-absorption-c","10":"pa_acoustic-class-absorption-d","12":"first","13":"instock","14":"shipping-taxable","15":"product-type-simple"},"acf":[],"yoast_head":"<!-- This site is optimized with the Yoast SEO plugin v25.4 - https:\/\/yoast.com\/wordpress\/plugins\/seo\/ -->\n<title>Feltfon Blox | Tak- och v\u00e4ggabsorbenter f\u00f6r offentlig milj\u00f6 Gustafs Scandinavia<\/title>\n<meta name=\"description\" content=\"Takabsorbent som pendlas ned fr\u00e5n taket eller h\u00e4ngs upp p\u00e5 v\u00e4ggen. D\u00e4mpar effektivt ljudet i offentliga milj\u00f6er som ex. kontor, skolor, badhus m. fl. Designa fritt din egen yta med brandklassade tak- och v\u00e4ggabsorbenter av filt.\" \/>\n<meta name=\"robots\" content=\"index, follow, max-snippet:-1, max-image-preview:large, max-video-preview:-1\" \/>\n<link rel=\"canonical\" href=\"https:\/\/gustafs.com\/sv\/produkt\/feltfon-blox\/\" \/>\n<meta property=\"og:locale\" content=\"sv_SE\" \/>\n<meta property=\"og:type\" content=\"article\" \/>\n<meta property=\"og:title\" content=\"Feltfon Blox | Tak- och v\u00e4ggabsorbenter f\u00f6r offentlig milj\u00f6 Gustafs Scandinavia\" \/>\n<meta property=\"og:description\" content=\"Takabsorbent som pendlas ned fr\u00e5n taket eller h\u00e4ngs upp p\u00e5 v\u00e4ggen. D\u00e4mpar effektivt ljudet i offentliga milj\u00f6er som ex. kontor, skolor, badhus m. fl. Designa fritt din egen yta med brandklassade tak- och v\u00e4ggabsorbenter av filt.\" \/>\n<meta property=\"og:url\" content=\"https:\/\/gustafs.com\/sv\/produkt\/feltfon-blox\/\" \/>\n<meta property=\"og:site_name\" content=\"Gustafs Scandinavia\" \/>\n<meta property=\"article:modified_time\" content=\"2025-11-04T08:37:21+00:00\" \/>\n<meta property=\"og:image\" content=\"https:\/\/gustafs.com\/wp-content\/uploads\/2025\/02\/feltfon-blox-wall-and-ceiling.jpg\" \/>\n\t<meta property=\"og:image:width\" content=\"1030\" \/>\n\t<meta property=\"og:image:height\" content=\"1290\" \/>\n\t<meta property=\"og:image:type\" content=\"image\/jpeg\" \/>\n<meta name=\"twitter:card\" content=\"summary_large_image\" \/>\n<meta name=\"twitter:label1\" content=\"Ber\u00e4knad l\u00e4stid\" \/>\n\t<meta name=\"twitter:data1\" content=\"1 minut\" \/>\n<script type=\"application\/ld+json\" class=\"yoast-schema-graph\">{\"@context\":\"https:\/\/schema.org\",\"@graph\":[{\"@type\":\"WebPage\",\"@id\":\"https:\/\/gustafs.com\/sv\/produkt\/feltfon-blox\/\",\"url\":\"https:\/\/gustafs.com\/sv\/produkt\/feltfon-blox\/\",\"name\":\"Feltfon Blox | Tak- och v\u00e4ggabsorbenter f\u00f6r offentlig milj\u00f6 Gustafs Scandinavia\",\"isPartOf\":{\"@id\":\"https:\/\/gustafs.com\/sv\/#website\"},\"primaryImageOfPage\":{\"@id\":\"https:\/\/gustafs.com\/sv\/produkt\/feltfon-blox\/#primaryimage\"},\"image\":{\"@id\":\"https:\/\/gustafs.com\/sv\/produkt\/feltfon-blox\/#primaryimage\"},\"thumbnailUrl\":\"https:\/\/gustafs.com\/wp-content\/uploads\/2025\/02\/feltfon-blox-wall-and-ceiling.jpg\",\"datePublished\":\"2023-09-19T10:58:58+00:00\",\"dateModified\":\"2025-11-04T08:37:21+00:00\",\"description\":\"Takabsorbent som pendlas ned fr\u00e5n taket eller h\u00e4ngs upp p\u00e5 v\u00e4ggen. D\u00e4mpar effektivt ljudet i offentliga milj\u00f6er som ex. kontor, skolor, badhus m. fl. Designa fritt din egen yta med brandklassade tak- och v\u00e4ggabsorbenter av filt.\",\"breadcrumb\":{\"@id\":\"https:\/\/gustafs.com\/sv\/produkt\/feltfon-blox\/#breadcrumb\"},\"inLanguage\":\"sv-SE\",\"potentialAction\":[{\"@type\":\"ReadAction\",\"target\":[\"https:\/\/gustafs.com\/sv\/produkt\/feltfon-blox\/\"]}]},{\"@type\":\"ImageObject\",\"inLanguage\":\"sv-SE\",\"@id\":\"https:\/\/gustafs.com\/sv\/produkt\/feltfon-blox\/#primaryimage\",\"url\":\"https:\/\/gustafs.com\/wp-content\/uploads\/2025\/02\/feltfon-blox-wall-and-ceiling.jpg\",\"contentUrl\":\"https:\/\/gustafs.com\/wp-content\/uploads\/2025\/02\/feltfon-blox-wall-and-ceiling.jpg\",\"width\":1030,\"height\":1290},{\"@type\":\"BreadcrumbList\",\"@id\":\"https:\/\/gustafs.com\/sv\/produkt\/feltfon-blox\/#breadcrumb\",\"itemListElement\":[{\"@type\":\"ListItem\",\"position\":1,\"name\":\"Gustafs\",\"item\":\"https:\/\/gustafs.com\/sv\/\"},{\"@type\":\"ListItem\",\"position\":2,\"name\":\"Produkter\",\"item\":\"https:\/\/gustafs.com\/sv\/produkter\/\"},{\"@type\":\"ListItem\",\"position\":3,\"name\":\"Feltfon\",\"item\":\"https:\/\/gustafs.com\/sv\/produkt-kategori\/feltfon\/\"},{\"@type\":\"ListItem\",\"position\":4,\"name\":\"Feltfon Blox\"}]},{\"@type\":\"WebSite\",\"@id\":\"https:\/\/gustafs.com\/sv\/#website\",\"url\":\"https:\/\/gustafs.com\/sv\/\",\"name\":\"Gustafs Scandinavia\",\"description\":\"Exclusive Wooden Panels And Acoustic Panels\",\"potentialAction\":[{\"@type\":\"SearchAction\",\"target\":{\"@type\":\"EntryPoint\",\"urlTemplate\":\"https:\/\/gustafs.com\/sv\/?s={search_term_string}\"},\"query-input\":{\"@type\":\"PropertyValueSpecification\",\"valueRequired\":true,\"valueName\":\"search_term_string\"}}],\"inLanguage\":\"sv-SE\"}]}<\/script>\n<!-- \/ Yoast SEO plugin. -->","yoast_head_json":{"title":"Feltfon Blox | Tak- och v\u00e4ggabsorbenter f\u00f6r offentlig milj\u00f6 Gustafs Scandinavia","description":"Takabsorbent som pendlas ned fr\u00e5n taket eller h\u00e4ngs upp p\u00e5 v\u00e4ggen. D\u00e4mpar effektivt ljudet i offentliga milj\u00f6er som ex. kontor, skolor, badhus m. fl. Designa fritt din egen yta med brandklassade tak- och v\u00e4ggabsorbenter av filt.","robots":{"index":"index","follow":"follow","max-snippet":"max-snippet:-1","max-image-preview":"max-image-preview:large","max-video-preview":"max-video-preview:-1"},"canonical":"https:\/\/gustafs.com\/sv\/produkt\/feltfon-blox\/","og_locale":"sv_SE","og_type":"article","og_title":"Feltfon Blox | Tak- och v\u00e4ggabsorbenter f\u00f6r offentlig milj\u00f6 Gustafs Scandinavia","og_description":"Takabsorbent som pendlas ned fr\u00e5n taket eller h\u00e4ngs upp p\u00e5 v\u00e4ggen. D\u00e4mpar effektivt ljudet i offentliga milj\u00f6er som ex. kontor, skolor, badhus m. fl. Designa fritt din egen yta med brandklassade tak- och v\u00e4ggabsorbenter av filt.","og_url":"https:\/\/gustafs.com\/sv\/produkt\/feltfon-blox\/","og_site_name":"Gustafs Scandinavia","article_modified_time":"2025-11-04T08:37:21+00:00","og_image":[{"width":1030,"height":1290,"url":"https:\/\/gustafs.com\/wp-content\/uploads\/2025\/02\/feltfon-blox-wall-and-ceiling.jpg","type":"image\/jpeg"}],"twitter_card":"summary_large_image","twitter_misc":{"Ber\u00e4knad l\u00e4stid":"1 minut"},"schema":{"@context":"https:\/\/schema.org","@graph":[{"@type":"WebPage","@id":"https:\/\/gustafs.com\/sv\/produkt\/feltfon-blox\/","url":"https:\/\/gustafs.com\/sv\/produkt\/feltfon-blox\/","name":"Feltfon Blox | Tak- och v\u00e4ggabsorbenter f\u00f6r offentlig milj\u00f6 Gustafs Scandinavia","isPartOf":{"@id":"https:\/\/gustafs.com\/sv\/#website"},"primaryImageOfPage":{"@id":"https:\/\/gustafs.com\/sv\/produkt\/feltfon-blox\/#primaryimage"},"image":{"@id":"https:\/\/gustafs.com\/sv\/produkt\/feltfon-blox\/#primaryimage"},"thumbnailUrl":"https:\/\/gustafs.com\/wp-content\/uploads\/2025\/02\/feltfon-blox-wall-and-ceiling.jpg","datePublished":"2023-09-19T10:58:58+00:00","dateModified":"2025-11-04T08:37:21+00:00","description":"Takabsorbent som pendlas ned fr\u00e5n taket eller h\u00e4ngs upp p\u00e5 v\u00e4ggen. D\u00e4mpar effektivt ljudet i offentliga milj\u00f6er som ex. kontor, skolor, badhus m. fl. Designa fritt din egen yta med brandklassade tak- och v\u00e4ggabsorbenter av filt.","breadcrumb":{"@id":"https:\/\/gustafs.com\/sv\/produkt\/feltfon-blox\/#breadcrumb"},"inLanguage":"sv-SE","potentialAction":[{"@type":"ReadAction","target":["https:\/\/gustafs.com\/sv\/produkt\/feltfon-blox\/"]}]},{"@type":"ImageObject","inLanguage":"sv-SE","@id":"https:\/\/gustafs.com\/sv\/produkt\/feltfon-blox\/#primaryimage","url":"https:\/\/gustafs.com\/wp-content\/uploads\/2025\/02\/feltfon-blox-wall-and-ceiling.jpg","contentUrl":"https:\/\/gustafs.com\/wp-content\/uploads\/2025\/02\/feltfon-blox-wall-and-ceiling.jpg","width":1030,"height":1290},{"@type":"BreadcrumbList","@id":"https:\/\/gustafs.com\/sv\/produkt\/feltfon-blox\/#breadcrumb","itemListElement":[{"@type":"ListItem","position":1,"name":"Gustafs","item":"https:\/\/gustafs.com\/sv\/"},{"@type":"ListItem","position":2,"name":"Produkter","item":"https:\/\/gustafs.com\/sv\/produkter\/"},{"@type":"ListItem","position":3,"name":"Feltfon","item":"https:\/\/gustafs.com\/sv\/produkt-kategori\/feltfon\/"},{"@type":"ListItem","position":4,"name":"Feltfon Blox"}]},{"@type":"WebSite","@id":"https:\/\/gustafs.com\/sv\/#website","url":"https:\/\/gustafs.com\/sv\/","name":"Gustafs Scandinavia","description":"Exclusive Wooden Panels And Acoustic Panels","potentialAction":[{"@type":"SearchAction","target":{"@type":"EntryPoint","urlTemplate":"https:\/\/gustafs.com\/sv\/?s={search_term_string}"},"query-input":{"@type":"PropertyValueSpecification","valueRequired":true,"valueName":"search_term_string"}}],"inLanguage":"sv-SE"}]}},"_links":{"self":[{"href":"https:\/\/gustafs.com\/sv\/wp-json\/wp\/v2\/product\/22057","targetHints":{"allow":["GET"]}}],"collection":[{"href":"https:\/\/gustafs.com\/sv\/wp-json\/wp\/v2\/product"}],"about":[{"href":"https:\/\/gustafs.com\/sv\/wp-json\/wp\/v2\/types\/product"}],"version-history":[{"count":26,"href":"https:\/\/gustafs.com\/sv\/wp-json\/wp\/v2\/product\/22057\/revisions"}],"predecessor-version":[{"id":78299,"href":"https:\/\/gustafs.com\/sv\/wp-json\/wp\/v2\/product\/22057\/revisions\/78299"}],"wp:featuredmedia":[{"embeddable":true,"href":"https:\/\/gustafs.com\/sv\/wp-json\/wp\/v2\/media\/33658"}],"wp:attachment":[{"href":"https:\/\/gustafs.com\/sv\/wp-json\/wp\/v2\/media?parent=22057"}],"wp:term":[{"taxonomy":"product_brand","embeddable":true,"href":"https:\/\/gustafs.com\/sv\/wp-json\/wp\/v2\/product_brand?post=22057"},{"taxonomy":"product_cat","embeddable":true,"href":"https:\/\/gustafs.com\/sv\/wp-json\/wp\/v2\/product_cat?post=22057"},{"taxonomy":"product_tag","embeddable":true,"href":"https:\/\/gustafs.com\/sv\/wp-json\/wp\/v2\/product_tag?post=22057"}],"curies":[{"name":"wp","href":"https:\/\/api.w.org\/{rel}","templated":true}]}}