{"id":22046,"date":"2023-11-06T13:17:49","date_gmt":"2023-11-06T12:17:49","guid":{"rendered":"https:\/\/gustafs.com\/product\/feltfon-diamond\/"},"modified":"2026-02-23T15:30:13","modified_gmt":"2026-02-23T14:30:13","slug":"feltfon-diamond","status":"publish","type":"product","link":"https:\/\/gustafs.com\/sv\/produkt\/feltfon-diamond\/","title":{"rendered":"Feltfon Diamond"},"content":{"rendered":"<p style=\"letter-spacing: 1px;\">LJUDD\u00c4MPANDE diamantformade filtabsorbenter<\/p>\n<p>Diamond \u00e4r tillverkad av en 9 mm tjock Acoustex\u00a9 akustikfilt och finns i en m\u00e4ngd olika f\u00e4rger. Skapa sp\u00e4nnande m\u00f6nster med olika f\u00e4rger p\u00e5 enheterna eller genom att vrida dina Diamonds i olika riktningar. Anpassa utseendet ytterligare genom att addera hexagonformade tr\u00e4plattor eller speglar. Feltfon Diamond \u00e4r vattenresistent och robust , vilket g\u00f6r den l\u00e4mplig att anv\u00e4nda f\u00f6r ljudd\u00e4mpning i exempelvis simhallar, omkl\u00e4dningsrum och spaavdelningar. Feltfon\u00a9 Diamond \u00e4r en vacker och mycket effektiv bullerd\u00e4mpande l\u00f6sning som uppn\u00e5r brandklass B-s1,d0 helt utan kemisk impregnering.<\/p>\n","protected":false},"excerpt":{"rendered":"<p>LJUDD\u00c4MPANDE diamantformade filtabsorbenter Diamond \u00e4r tillverkad av en 9 mm tjock Acoustex\u00a9 akustikfilt och finns i en m\u00e4ngd olika f\u00e4rger. Skapa sp\u00e4nnande m\u00f6nster med olika f\u00e4rger p\u00e5 enheterna eller genom att vrida dina Diamonds i olika riktningar. Anpassa utseendet ytterligare genom att addera hexagonformade tr\u00e4plattor eller speglar. Feltfon Diamond \u00e4r vattenresistent och robust , vilket [&hellip;]<\/p>\n","protected":false},"featured_media":33682,"template":"","meta":{"_acf_changed":false,"inline_featured_image":false,"footnotes":""},"product_brand":[],"product_cat":[377,381],"product_tag":[],"class_list":{"0":"post-22046","1":"product","2":"type-product","3":"status-publish","4":"has-post-thumbnail","6":"product_cat-feltfon","7":"product_cat-feltfon-jewel-sv","8":"pa_acoustic-class-absorption-a","9":"pa_acoustic-class-absorption-c","10":"pa_acoustic-class-absorption-d","12":"first","13":"instock","14":"shipping-taxable","15":"product-type-simple"},"acf":[],"yoast_head":"<!-- This site is optimized with the Yoast SEO plugin v25.4 - https:\/\/yoast.com\/wordpress\/plugins\/seo\/ -->\n<title>Feltfon Diamond | Akustiska v\u00e4ggabsorbenter fr\u00e5n Gustafs Scandinavia<\/title>\n<meta name=\"description\" content=\"Gustafs Feltfon Diamonds kan du skapa ljudabsorberande v\u00e4ggar och tak med ett mjukt och varmt uttryck. Mixa fritt f\u00e4rger p\u00e5 de akustiska v\u00e4ggabsorbenterna.\" \/>\n<meta name=\"robots\" content=\"index, follow, max-snippet:-1, max-image-preview:large, max-video-preview:-1\" \/>\n<link rel=\"canonical\" href=\"https:\/\/gustafs.com\/sv\/produkt\/feltfon-diamond\/\" \/>\n<meta property=\"og:locale\" content=\"sv_SE\" \/>\n<meta property=\"og:type\" content=\"article\" \/>\n<meta property=\"og:title\" content=\"Feltfon Diamond | Akustiska v\u00e4ggabsorbenter fr\u00e5n Gustafs Scandinavia\" \/>\n<meta property=\"og:description\" content=\"Gustafs Feltfon Diamonds kan du skapa ljudabsorberande v\u00e4ggar och tak med ett mjukt och varmt uttryck. Mixa fritt f\u00e4rger p\u00e5 de akustiska v\u00e4ggabsorbenterna.\" \/>\n<meta property=\"og:url\" content=\"https:\/\/gustafs.com\/sv\/produkt\/feltfon-diamond\/\" \/>\n<meta property=\"og:site_name\" content=\"Gustafs Scandinavia\" \/>\n<meta property=\"article:modified_time\" content=\"2026-02-23T14:30:13+00:00\" \/>\n<meta property=\"og:image\" content=\"https:\/\/gustafs.com\/wp-content\/uploads\/2025\/02\/feltfon-diamond-detail.jpg\" \/>\n\t<meta property=\"og:image:width\" content=\"1030\" \/>\n\t<meta property=\"og:image:height\" content=\"1290\" \/>\n\t<meta property=\"og:image:type\" content=\"image\/jpeg\" \/>\n<meta name=\"twitter:card\" content=\"summary_large_image\" \/>\n<meta name=\"twitter:label1\" content=\"Ber\u00e4knad l\u00e4stid\" \/>\n\t<meta name=\"twitter:data1\" content=\"1 minut\" \/>\n<script type=\"application\/ld+json\" class=\"yoast-schema-graph\">{\"@context\":\"https:\/\/schema.org\",\"@graph\":[{\"@type\":\"WebPage\",\"@id\":\"https:\/\/gustafs.com\/sv\/produkt\/feltfon-diamond\/\",\"url\":\"https:\/\/gustafs.com\/sv\/produkt\/feltfon-diamond\/\",\"name\":\"Feltfon Diamond | Akustiska v\u00e4ggabsorbenter fr\u00e5n Gustafs Scandinavia\",\"isPartOf\":{\"@id\":\"https:\/\/gustafs.com\/sv\/#website\"},\"primaryImageOfPage\":{\"@id\":\"https:\/\/gustafs.com\/sv\/produkt\/feltfon-diamond\/#primaryimage\"},\"image\":{\"@id\":\"https:\/\/gustafs.com\/sv\/produkt\/feltfon-diamond\/#primaryimage\"},\"thumbnailUrl\":\"https:\/\/gustafs.com\/wp-content\/uploads\/2025\/02\/feltfon-diamond-detail.jpg\",\"datePublished\":\"2023-11-06T12:17:49+00:00\",\"dateModified\":\"2026-02-23T14:30:13+00:00\",\"description\":\"Gustafs Feltfon Diamonds kan du skapa ljudabsorberande v\u00e4ggar och tak med ett mjukt och varmt uttryck. Mixa fritt f\u00e4rger p\u00e5 de akustiska v\u00e4ggabsorbenterna.\",\"breadcrumb\":{\"@id\":\"https:\/\/gustafs.com\/sv\/produkt\/feltfon-diamond\/#breadcrumb\"},\"inLanguage\":\"sv-SE\",\"potentialAction\":[{\"@type\":\"ReadAction\",\"target\":[\"https:\/\/gustafs.com\/sv\/produkt\/feltfon-diamond\/\"]}]},{\"@type\":\"ImageObject\",\"inLanguage\":\"sv-SE\",\"@id\":\"https:\/\/gustafs.com\/sv\/produkt\/feltfon-diamond\/#primaryimage\",\"url\":\"https:\/\/gustafs.com\/wp-content\/uploads\/2025\/02\/feltfon-diamond-detail.jpg\",\"contentUrl\":\"https:\/\/gustafs.com\/wp-content\/uploads\/2025\/02\/feltfon-diamond-detail.jpg\",\"width\":1030,\"height\":1290},{\"@type\":\"BreadcrumbList\",\"@id\":\"https:\/\/gustafs.com\/sv\/produkt\/feltfon-diamond\/#breadcrumb\",\"itemListElement\":[{\"@type\":\"ListItem\",\"position\":1,\"name\":\"Gustafs\",\"item\":\"https:\/\/gustafs.com\/sv\/\"},{\"@type\":\"ListItem\",\"position\":2,\"name\":\"Produkter\",\"item\":\"https:\/\/gustafs.com\/sv\/produkter\/\"},{\"@type\":\"ListItem\",\"position\":3,\"name\":\"Feltfon\",\"item\":\"https:\/\/gustafs.com\/sv\/produkt-kategori\/feltfon\/\"},{\"@type\":\"ListItem\",\"position\":4,\"name\":\"Feltfon Diamond\"}]},{\"@type\":\"WebSite\",\"@id\":\"https:\/\/gustafs.com\/sv\/#website\",\"url\":\"https:\/\/gustafs.com\/sv\/\",\"name\":\"Gustafs Scandinavia\",\"description\":\"Exclusive Wooden Panels And Acoustic Panels\",\"potentialAction\":[{\"@type\":\"SearchAction\",\"target\":{\"@type\":\"EntryPoint\",\"urlTemplate\":\"https:\/\/gustafs.com\/sv\/?s={search_term_string}\"},\"query-input\":{\"@type\":\"PropertyValueSpecification\",\"valueRequired\":true,\"valueName\":\"search_term_string\"}}],\"inLanguage\":\"sv-SE\"}]}<\/script>\n<!-- \/ Yoast SEO plugin. -->","yoast_head_json":{"title":"Feltfon Diamond | Akustiska v\u00e4ggabsorbenter fr\u00e5n Gustafs Scandinavia","description":"Gustafs Feltfon Diamonds kan du skapa ljudabsorberande v\u00e4ggar och tak med ett mjukt och varmt uttryck. Mixa fritt f\u00e4rger p\u00e5 de akustiska v\u00e4ggabsorbenterna.","robots":{"index":"index","follow":"follow","max-snippet":"max-snippet:-1","max-image-preview":"max-image-preview:large","max-video-preview":"max-video-preview:-1"},"canonical":"https:\/\/gustafs.com\/sv\/produkt\/feltfon-diamond\/","og_locale":"sv_SE","og_type":"article","og_title":"Feltfon Diamond | Akustiska v\u00e4ggabsorbenter fr\u00e5n Gustafs Scandinavia","og_description":"Gustafs Feltfon Diamonds kan du skapa ljudabsorberande v\u00e4ggar och tak med ett mjukt och varmt uttryck. Mixa fritt f\u00e4rger p\u00e5 de akustiska v\u00e4ggabsorbenterna.","og_url":"https:\/\/gustafs.com\/sv\/produkt\/feltfon-diamond\/","og_site_name":"Gustafs Scandinavia","article_modified_time":"2026-02-23T14:30:13+00:00","og_image":[{"width":1030,"height":1290,"url":"https:\/\/gustafs.com\/wp-content\/uploads\/2025\/02\/feltfon-diamond-detail.jpg","type":"image\/jpeg"}],"twitter_card":"summary_large_image","twitter_misc":{"Ber\u00e4knad l\u00e4stid":"1 minut"},"schema":{"@context":"https:\/\/schema.org","@graph":[{"@type":"WebPage","@id":"https:\/\/gustafs.com\/sv\/produkt\/feltfon-diamond\/","url":"https:\/\/gustafs.com\/sv\/produkt\/feltfon-diamond\/","name":"Feltfon Diamond | Akustiska v\u00e4ggabsorbenter fr\u00e5n Gustafs Scandinavia","isPartOf":{"@id":"https:\/\/gustafs.com\/sv\/#website"},"primaryImageOfPage":{"@id":"https:\/\/gustafs.com\/sv\/produkt\/feltfon-diamond\/#primaryimage"},"image":{"@id":"https:\/\/gustafs.com\/sv\/produkt\/feltfon-diamond\/#primaryimage"},"thumbnailUrl":"https:\/\/gustafs.com\/wp-content\/uploads\/2025\/02\/feltfon-diamond-detail.jpg","datePublished":"2023-11-06T12:17:49+00:00","dateModified":"2026-02-23T14:30:13+00:00","description":"Gustafs Feltfon Diamonds kan du skapa ljudabsorberande v\u00e4ggar och tak med ett mjukt och varmt uttryck. Mixa fritt f\u00e4rger p\u00e5 de akustiska v\u00e4ggabsorbenterna.","breadcrumb":{"@id":"https:\/\/gustafs.com\/sv\/produkt\/feltfon-diamond\/#breadcrumb"},"inLanguage":"sv-SE","potentialAction":[{"@type":"ReadAction","target":["https:\/\/gustafs.com\/sv\/produkt\/feltfon-diamond\/"]}]},{"@type":"ImageObject","inLanguage":"sv-SE","@id":"https:\/\/gustafs.com\/sv\/produkt\/feltfon-diamond\/#primaryimage","url":"https:\/\/gustafs.com\/wp-content\/uploads\/2025\/02\/feltfon-diamond-detail.jpg","contentUrl":"https:\/\/gustafs.com\/wp-content\/uploads\/2025\/02\/feltfon-diamond-detail.jpg","width":1030,"height":1290},{"@type":"BreadcrumbList","@id":"https:\/\/gustafs.com\/sv\/produkt\/feltfon-diamond\/#breadcrumb","itemListElement":[{"@type":"ListItem","position":1,"name":"Gustafs","item":"https:\/\/gustafs.com\/sv\/"},{"@type":"ListItem","position":2,"name":"Produkter","item":"https:\/\/gustafs.com\/sv\/produkter\/"},{"@type":"ListItem","position":3,"name":"Feltfon","item":"https:\/\/gustafs.com\/sv\/produkt-kategori\/feltfon\/"},{"@type":"ListItem","position":4,"name":"Feltfon Diamond"}]},{"@type":"WebSite","@id":"https:\/\/gustafs.com\/sv\/#website","url":"https:\/\/gustafs.com\/sv\/","name":"Gustafs Scandinavia","description":"Exclusive Wooden Panels And Acoustic Panels","potentialAction":[{"@type":"SearchAction","target":{"@type":"EntryPoint","urlTemplate":"https:\/\/gustafs.com\/sv\/?s={search_term_string}"},"query-input":{"@type":"PropertyValueSpecification","valueRequired":true,"valueName":"search_term_string"}}],"inLanguage":"sv-SE"}]}},"_links":{"self":[{"href":"https:\/\/gustafs.com\/sv\/wp-json\/wp\/v2\/product\/22046","targetHints":{"allow":["GET"]}}],"collection":[{"href":"https:\/\/gustafs.com\/sv\/wp-json\/wp\/v2\/product"}],"about":[{"href":"https:\/\/gustafs.com\/sv\/wp-json\/wp\/v2\/types\/product"}],"version-history":[{"count":16,"href":"https:\/\/gustafs.com\/sv\/wp-json\/wp\/v2\/product\/22046\/revisions"}],"predecessor-version":[{"id":81827,"href":"https:\/\/gustafs.com\/sv\/wp-json\/wp\/v2\/product\/22046\/revisions\/81827"}],"wp:featuredmedia":[{"embeddable":true,"href":"https:\/\/gustafs.com\/sv\/wp-json\/wp\/v2\/media\/33682"}],"wp:attachment":[{"href":"https:\/\/gustafs.com\/sv\/wp-json\/wp\/v2\/media?parent=22046"}],"wp:term":[{"taxonomy":"product_brand","embeddable":true,"href":"https:\/\/gustafs.com\/sv\/wp-json\/wp\/v2\/product_brand?post=22046"},{"taxonomy":"product_cat","embeddable":true,"href":"https:\/\/gustafs.com\/sv\/wp-json\/wp\/v2\/product_cat?post=22046"},{"taxonomy":"product_tag","embeddable":true,"href":"https:\/\/gustafs.com\/sv\/wp-json\/wp\/v2\/product_tag?post=22046"}],"curies":[{"name":"wp","href":"https:\/\/api.w.org\/{rel}","templated":true}]}}