{"id":22043,"date":"2023-11-14T09:32:27","date_gmt":"2023-11-14T08:32:27","guid":{"rendered":"https:\/\/gustafs.com\/product\/feltfon-amethyst\/"},"modified":"2025-10-24T16:54:43","modified_gmt":"2025-10-24T14:54:43","slug":"feltfon-amethyst","status":"publish","type":"product","link":"https:\/\/gustafs.com\/sv\/produkt\/feltfon-amethyst\/","title":{"rendered":"Feltfon Amethyst"},"content":{"rendered":"<p style=\"letter-spacing: 1px;\">DIMENSIONELLA V\u00c4GGABSORBENTER<\/p>\n<p>Feltfon\u00a9 Amethyst, ger dig m\u00f6jlighet att skapa fantastiska akustiska milj\u00f6er. Tack vare tillverkningsmaterialet, Acoustex 9.0, och det tilltagna djupet av Feltfon\u00a9 Amethyst blir den en mycket effektiv ljudabsorbent. Mixa f\u00e4rger och vrid de 3-dimensionella plattorna och f\u00e5 olika visuella effekter i ett o\u00e4ndligt antal m\u00f6nster. Feltfon\u00a9 Amethyst \u00e4r stadig, vattenavvisande och h\u00e5ller brandklass B-s1,d0 Skapa en snyggt och personligt utformad v\u00e4ggabsorbent som inte bara ger trevligare ljudmilj\u00f6 utan ocks\u00e5 en varmt och mysigt visuell atmosf\u00e4r.<\/p>\n","protected":false},"excerpt":{"rendered":"<p>DIMENSIONELLA V\u00c4GGABSORBENTER Feltfon\u00a9 Amethyst, ger dig m\u00f6jlighet att skapa fantastiska akustiska milj\u00f6er. Tack vare tillverkningsmaterialet, Acoustex 9.0, och det tilltagna djupet av Feltfon\u00a9 Amethyst blir den en mycket effektiv ljudabsorbent. Mixa f\u00e4rger och vrid de 3-dimensionella plattorna och f\u00e5 olika visuella effekter i ett o\u00e4ndligt antal m\u00f6nster. Feltfon\u00a9 Amethyst \u00e4r stadig, vattenavvisande och h\u00e5ller brandklass [&hellip;]<\/p>\n","protected":false},"featured_media":77663,"template":"","meta":{"_acf_changed":false,"inline_featured_image":false,"footnotes":""},"product_brand":[],"product_cat":[377,381],"product_tag":[],"class_list":{"0":"post-22043","1":"product","2":"type-product","3":"status-publish","4":"has-post-thumbnail","6":"product_cat-feltfon","7":"product_cat-feltfon-jewel-sv","8":"pa_acoustic-class-absorption-a","9":"pa_acoustic-class-absorption-b","10":"pa_acoustic-class-absorption-c","11":"pa_acoustic-class-absorption-d","13":"first","14":"instock","15":"shipping-taxable","16":"product-type-simple"},"acf":[],"yoast_head":"<!-- This site is optimized with the Yoast SEO plugin v25.4 - https:\/\/yoast.com\/wordpress\/plugins\/seo\/ -->\n<title>Feltfon Amethyst | effektiv ljudabsorbent f\u00f6r v\u00e4ggar och tak Gustafs Scandinavia<\/title>\n<meta name=\"description\" content=\"Feltfon\u00a9 Amethyst \u00e4r en mycket effektiv ljudabsorbent i \u00e5tervunnen PET som ger dig m\u00f6jlighet att skapa fantastiska akustiska milj\u00f6er.\" \/>\n<meta name=\"robots\" content=\"index, follow, max-snippet:-1, max-image-preview:large, max-video-preview:-1\" \/>\n<link rel=\"canonical\" href=\"https:\/\/gustafs.com\/sv\/produkt\/feltfon-amethyst\/\" \/>\n<meta property=\"og:locale\" content=\"sv_SE\" \/>\n<meta property=\"og:type\" content=\"article\" \/>\n<meta property=\"og:title\" content=\"Feltfon Amethyst | effektiv ljudabsorbent f\u00f6r v\u00e4ggar och tak Gustafs Scandinavia\" \/>\n<meta property=\"og:description\" content=\"Feltfon\u00a9 Amethyst \u00e4r en mycket effektiv ljudabsorbent i \u00e5tervunnen PET som ger dig m\u00f6jlighet att skapa fantastiska akustiska milj\u00f6er.\" \/>\n<meta property=\"og:url\" content=\"https:\/\/gustafs.com\/sv\/produkt\/feltfon-amethyst\/\" \/>\n<meta property=\"og:site_name\" content=\"Gustafs Scandinavia\" \/>\n<meta property=\"article:modified_time\" content=\"2025-10-24T14:54:43+00:00\" \/>\n<meta property=\"og:image\" content=\"https:\/\/gustafs.com\/wp-content\/uploads\/2023\/11\/gustafs-amethyst.jpg\" \/>\n\t<meta property=\"og:image:width\" content=\"1030\" \/>\n\t<meta property=\"og:image:height\" content=\"1290\" \/>\n\t<meta property=\"og:image:type\" content=\"image\/jpeg\" \/>\n<meta name=\"twitter:card\" content=\"summary_large_image\" \/>\n<meta name=\"twitter:label1\" content=\"Ber\u00e4knad l\u00e4stid\" \/>\n\t<meta name=\"twitter:data1\" content=\"1 minut\" \/>\n<script type=\"application\/ld+json\" class=\"yoast-schema-graph\">{\"@context\":\"https:\/\/schema.org\",\"@graph\":[{\"@type\":\"WebPage\",\"@id\":\"https:\/\/gustafs.com\/sv\/produkt\/feltfon-amethyst\/\",\"url\":\"https:\/\/gustafs.com\/sv\/produkt\/feltfon-amethyst\/\",\"name\":\"Feltfon Amethyst | effektiv ljudabsorbent f\u00f6r v\u00e4ggar och tak Gustafs Scandinavia\",\"isPartOf\":{\"@id\":\"https:\/\/gustafs.com\/sv\/#website\"},\"primaryImageOfPage\":{\"@id\":\"https:\/\/gustafs.com\/sv\/produkt\/feltfon-amethyst\/#primaryimage\"},\"image\":{\"@id\":\"https:\/\/gustafs.com\/sv\/produkt\/feltfon-amethyst\/#primaryimage\"},\"thumbnailUrl\":\"https:\/\/gustafs.com\/wp-content\/uploads\/2023\/11\/gustafs-amethyst.jpg\",\"datePublished\":\"2023-11-14T08:32:27+00:00\",\"dateModified\":\"2025-10-24T14:54:43+00:00\",\"description\":\"Feltfon\u00a9 Amethyst \u00e4r en mycket effektiv ljudabsorbent i \u00e5tervunnen PET som ger dig m\u00f6jlighet att skapa fantastiska akustiska milj\u00f6er.\",\"breadcrumb\":{\"@id\":\"https:\/\/gustafs.com\/sv\/produkt\/feltfon-amethyst\/#breadcrumb\"},\"inLanguage\":\"sv-SE\",\"potentialAction\":[{\"@type\":\"ReadAction\",\"target\":[\"https:\/\/gustafs.com\/sv\/produkt\/feltfon-amethyst\/\"]}]},{\"@type\":\"ImageObject\",\"inLanguage\":\"sv-SE\",\"@id\":\"https:\/\/gustafs.com\/sv\/produkt\/feltfon-amethyst\/#primaryimage\",\"url\":\"https:\/\/gustafs.com\/wp-content\/uploads\/2023\/11\/gustafs-amethyst.jpg\",\"contentUrl\":\"https:\/\/gustafs.com\/wp-content\/uploads\/2023\/11\/gustafs-amethyst.jpg\",\"width\":1030,\"height\":1290},{\"@type\":\"BreadcrumbList\",\"@id\":\"https:\/\/gustafs.com\/sv\/produkt\/feltfon-amethyst\/#breadcrumb\",\"itemListElement\":[{\"@type\":\"ListItem\",\"position\":1,\"name\":\"Gustafs\",\"item\":\"https:\/\/gustafs.com\/sv\/\"},{\"@type\":\"ListItem\",\"position\":2,\"name\":\"Produkter\",\"item\":\"https:\/\/gustafs.com\/sv\/produkter\/\"},{\"@type\":\"ListItem\",\"position\":3,\"name\":\"Feltfon\",\"item\":\"https:\/\/gustafs.com\/sv\/produkt-kategori\/feltfon\/\"},{\"@type\":\"ListItem\",\"position\":4,\"name\":\"Feltfon Amethyst\"}]},{\"@type\":\"WebSite\",\"@id\":\"https:\/\/gustafs.com\/sv\/#website\",\"url\":\"https:\/\/gustafs.com\/sv\/\",\"name\":\"Gustafs Scandinavia\",\"description\":\"Exclusive Wooden Panels And Acoustic Panels\",\"potentialAction\":[{\"@type\":\"SearchAction\",\"target\":{\"@type\":\"EntryPoint\",\"urlTemplate\":\"https:\/\/gustafs.com\/sv\/?s={search_term_string}\"},\"query-input\":{\"@type\":\"PropertyValueSpecification\",\"valueRequired\":true,\"valueName\":\"search_term_string\"}}],\"inLanguage\":\"sv-SE\"}]}<\/script>\n<!-- \/ Yoast SEO plugin. -->","yoast_head_json":{"title":"Feltfon Amethyst | effektiv ljudabsorbent f\u00f6r v\u00e4ggar och tak Gustafs Scandinavia","description":"Feltfon\u00a9 Amethyst \u00e4r en mycket effektiv ljudabsorbent i \u00e5tervunnen PET som ger dig m\u00f6jlighet att skapa fantastiska akustiska milj\u00f6er.","robots":{"index":"index","follow":"follow","max-snippet":"max-snippet:-1","max-image-preview":"max-image-preview:large","max-video-preview":"max-video-preview:-1"},"canonical":"https:\/\/gustafs.com\/sv\/produkt\/feltfon-amethyst\/","og_locale":"sv_SE","og_type":"article","og_title":"Feltfon Amethyst | effektiv ljudabsorbent f\u00f6r v\u00e4ggar och tak Gustafs Scandinavia","og_description":"Feltfon\u00a9 Amethyst \u00e4r en mycket effektiv ljudabsorbent i \u00e5tervunnen PET som ger dig m\u00f6jlighet att skapa fantastiska akustiska milj\u00f6er.","og_url":"https:\/\/gustafs.com\/sv\/produkt\/feltfon-amethyst\/","og_site_name":"Gustafs Scandinavia","article_modified_time":"2025-10-24T14:54:43+00:00","og_image":[{"width":1030,"height":1290,"url":"https:\/\/gustafs.com\/wp-content\/uploads\/2023\/11\/gustafs-amethyst.jpg","type":"image\/jpeg"}],"twitter_card":"summary_large_image","twitter_misc":{"Ber\u00e4knad l\u00e4stid":"1 minut"},"schema":{"@context":"https:\/\/schema.org","@graph":[{"@type":"WebPage","@id":"https:\/\/gustafs.com\/sv\/produkt\/feltfon-amethyst\/","url":"https:\/\/gustafs.com\/sv\/produkt\/feltfon-amethyst\/","name":"Feltfon Amethyst | effektiv ljudabsorbent f\u00f6r v\u00e4ggar och tak Gustafs Scandinavia","isPartOf":{"@id":"https:\/\/gustafs.com\/sv\/#website"},"primaryImageOfPage":{"@id":"https:\/\/gustafs.com\/sv\/produkt\/feltfon-amethyst\/#primaryimage"},"image":{"@id":"https:\/\/gustafs.com\/sv\/produkt\/feltfon-amethyst\/#primaryimage"},"thumbnailUrl":"https:\/\/gustafs.com\/wp-content\/uploads\/2023\/11\/gustafs-amethyst.jpg","datePublished":"2023-11-14T08:32:27+00:00","dateModified":"2025-10-24T14:54:43+00:00","description":"Feltfon\u00a9 Amethyst \u00e4r en mycket effektiv ljudabsorbent i \u00e5tervunnen PET som ger dig m\u00f6jlighet att skapa fantastiska akustiska milj\u00f6er.","breadcrumb":{"@id":"https:\/\/gustafs.com\/sv\/produkt\/feltfon-amethyst\/#breadcrumb"},"inLanguage":"sv-SE","potentialAction":[{"@type":"ReadAction","target":["https:\/\/gustafs.com\/sv\/produkt\/feltfon-amethyst\/"]}]},{"@type":"ImageObject","inLanguage":"sv-SE","@id":"https:\/\/gustafs.com\/sv\/produkt\/feltfon-amethyst\/#primaryimage","url":"https:\/\/gustafs.com\/wp-content\/uploads\/2023\/11\/gustafs-amethyst.jpg","contentUrl":"https:\/\/gustafs.com\/wp-content\/uploads\/2023\/11\/gustafs-amethyst.jpg","width":1030,"height":1290},{"@type":"BreadcrumbList","@id":"https:\/\/gustafs.com\/sv\/produkt\/feltfon-amethyst\/#breadcrumb","itemListElement":[{"@type":"ListItem","position":1,"name":"Gustafs","item":"https:\/\/gustafs.com\/sv\/"},{"@type":"ListItem","position":2,"name":"Produkter","item":"https:\/\/gustafs.com\/sv\/produkter\/"},{"@type":"ListItem","position":3,"name":"Feltfon","item":"https:\/\/gustafs.com\/sv\/produkt-kategori\/feltfon\/"},{"@type":"ListItem","position":4,"name":"Feltfon Amethyst"}]},{"@type":"WebSite","@id":"https:\/\/gustafs.com\/sv\/#website","url":"https:\/\/gustafs.com\/sv\/","name":"Gustafs Scandinavia","description":"Exclusive Wooden Panels And Acoustic Panels","potentialAction":[{"@type":"SearchAction","target":{"@type":"EntryPoint","urlTemplate":"https:\/\/gustafs.com\/sv\/?s={search_term_string}"},"query-input":{"@type":"PropertyValueSpecification","valueRequired":true,"valueName":"search_term_string"}}],"inLanguage":"sv-SE"}]}},"_links":{"self":[{"href":"https:\/\/gustafs.com\/sv\/wp-json\/wp\/v2\/product\/22043","targetHints":{"allow":["GET"]}}],"collection":[{"href":"https:\/\/gustafs.com\/sv\/wp-json\/wp\/v2\/product"}],"about":[{"href":"https:\/\/gustafs.com\/sv\/wp-json\/wp\/v2\/types\/product"}],"version-history":[{"count":21,"href":"https:\/\/gustafs.com\/sv\/wp-json\/wp\/v2\/product\/22043\/revisions"}],"predecessor-version":[{"id":78039,"href":"https:\/\/gustafs.com\/sv\/wp-json\/wp\/v2\/product\/22043\/revisions\/78039"}],"wp:featuredmedia":[{"embeddable":true,"href":"https:\/\/gustafs.com\/sv\/wp-json\/wp\/v2\/media\/77663"}],"wp:attachment":[{"href":"https:\/\/gustafs.com\/sv\/wp-json\/wp\/v2\/media?parent=22043"}],"wp:term":[{"taxonomy":"product_brand","embeddable":true,"href":"https:\/\/gustafs.com\/sv\/wp-json\/wp\/v2\/product_brand?post=22043"},{"taxonomy":"product_cat","embeddable":true,"href":"https:\/\/gustafs.com\/sv\/wp-json\/wp\/v2\/product_cat?post=22043"},{"taxonomy":"product_tag","embeddable":true,"href":"https:\/\/gustafs.com\/sv\/wp-json\/wp\/v2\/product_tag?post=22043"}],"curies":[{"name":"wp","href":"https:\/\/api.w.org\/{rel}","templated":true}]}}