{"id":21882,"date":"2023-11-14T09:46:30","date_gmt":"2024-02-26T15:12:06","guid":{"rendered":"https:\/\/gustafs.com\/?post_type=product&#038;p=21882"},"modified":"2025-10-24T17:07:02","modified_gmt":"2025-10-24T15:07:02","slug":"feltfon-diabolo","status":"publish","type":"product","link":"https:\/\/gustafs.com\/sv\/produkt\/feltfon-diabolo\/","title":{"rendered":"Feltfon Diabolo"},"content":{"rendered":"<p style=\"letter-spacing: 1px;\">V\u00c5GFORMADE LINJ\u00c4RA AKUSTIKTAK &amp; v\u00e4ggar med goda ljudd\u00e4mpande egenskaper<\/p>\n<p>Feltfon\u00a9 Diabolo best\u00e5r av akustiska ribbor i olika storlekar vinklar som tillsammans skapar en b\u00f6ljande solfj\u00e4derdesign. Ribbornas \u00e4r tillverkade av en stadig filt som hj\u00e4lper till att eliminera ljud. Akustikfilten tillsammans med de ih\u00e5liga ribborna och deras v\u00e5gformade installation ger Diabolo mycket goda ljudd\u00e4mpande egenskaper. Installationssystemet, Capax kan anv\u00e4ndas b\u00e5de p\u00e5 v\u00e4ggar och i tak och passar dimensioner av v\u00e5ra ribbor. Feltfon systemet garanterar en unik h\u00e5llbarhet i utsatta milj\u00f6er s\u00e5 som t.ex. skolor, kontor, butiker och simhallar. Feltfon\u00a9 Diabolo, uppfyller brands\u00e4kerhetsstandard utan behov av impregnering.<\/p>\n","protected":false},"excerpt":{"rendered":"<p>V\u00c5GFORMADE LINJ\u00c4RA AKUSTIKTAK &amp; v\u00e4ggar med goda ljudd\u00e4mpande egenskaper Feltfon\u00a9 Diabolo best\u00e5r av akustiska ribbor i olika storlekar vinklar som tillsammans skapar en b\u00f6ljande solfj\u00e4derdesign. Ribbornas \u00e4r tillverkade av en stadig filt som hj\u00e4lper till att eliminera ljud. Akustikfilten tillsammans med de ih\u00e5liga ribborna och deras v\u00e5gformade installation ger Diabolo mycket goda ljudd\u00e4mpande egenskaper. Installationssystemet, [&hellip;]<\/p>\n","protected":false},"featured_media":22180,"template":"","meta":{"_acf_changed":false,"inline_featured_image":false,"footnotes":""},"product_brand":[],"product_cat":[377,384],"product_tag":[],"class_list":{"0":"post-21882","1":"product","2":"type-product","3":"status-publish","4":"has-post-thumbnail","6":"product_cat-feltfon","7":"product_cat-feltfon-linear-sv","8":"pa_acoustic-class-absorption-a","9":"pa_acoustic-class-absorption-c","10":"pa_acoustic-class-absorption-d","12":"first","13":"instock","14":"shipping-taxable","15":"product-type-simple"},"acf":[],"yoast_head":"<!-- This site is optimized with the Yoast SEO plugin v25.4 - https:\/\/yoast.com\/wordpress\/plugins\/seo\/ -->\n<title>Feltfon Diabolo | Vacker akustikl\u00f6sning med goda ljudd\u00e4mpande egenskaper<\/title>\n<meta name=\"description\" content=\"Akustiska ribbor och Bafflar som finns i flera storlekar och vinklar och som tillsammans skapar en b\u00f6ljande solfj\u00e4derformad design p\u00e5 din akustikv\u00e4gg eller tak. Goda ljudd\u00e4mpande egenskaper och minskar effektivt o\u00f6nskade ljud. Brandklass B-s1,d0 f\u00f6r offentliga interi\u00f6ra milj\u00f6er.\" \/>\n<meta name=\"robots\" content=\"index, follow, max-snippet:-1, max-image-preview:large, max-video-preview:-1\" \/>\n<link rel=\"canonical\" href=\"https:\/\/gustafs.com\/sv\/produkt\/feltfon-diabolo\/\" \/>\n<meta property=\"og:locale\" content=\"sv_SE\" \/>\n<meta property=\"og:type\" content=\"article\" \/>\n<meta property=\"og:title\" content=\"Feltfon Diabolo | Vacker akustikl\u00f6sning med goda ljudd\u00e4mpande egenskaper\" \/>\n<meta property=\"og:description\" content=\"Akustiska ribbor och Bafflar som finns i flera storlekar och vinklar och som tillsammans skapar en b\u00f6ljande solfj\u00e4derformad design p\u00e5 din akustikv\u00e4gg eller tak. Goda ljudd\u00e4mpande egenskaper och minskar effektivt o\u00f6nskade ljud. Brandklass B-s1,d0 f\u00f6r offentliga interi\u00f6ra milj\u00f6er.\" \/>\n<meta property=\"og:url\" content=\"https:\/\/gustafs.com\/sv\/produkt\/feltfon-diabolo\/\" \/>\n<meta property=\"og:site_name\" content=\"Gustafs Scandinavia\" \/>\n<meta property=\"article:modified_time\" content=\"2025-10-24T15:07:02+00:00\" \/>\n<meta property=\"og:image\" content=\"https:\/\/gustafs.com\/wp-content\/uploads\/2023\/11\/feltfon-diabolo-ceiling-1290-scaled.jpg\" \/>\n\t<meta property=\"og:image:width\" content=\"2044\" \/>\n\t<meta property=\"og:image:height\" content=\"2560\" \/>\n\t<meta property=\"og:image:type\" content=\"image\/jpeg\" \/>\n<meta name=\"twitter:card\" content=\"summary_large_image\" \/>\n<meta name=\"twitter:label1\" content=\"Ber\u00e4knad l\u00e4stid\" \/>\n\t<meta name=\"twitter:data1\" content=\"1 minut\" \/>\n<script type=\"application\/ld+json\" class=\"yoast-schema-graph\">{\"@context\":\"https:\/\/schema.org\",\"@graph\":[{\"@type\":\"WebPage\",\"@id\":\"https:\/\/gustafs.com\/sv\/produkt\/feltfon-diabolo\/\",\"url\":\"https:\/\/gustafs.com\/sv\/produkt\/feltfon-diabolo\/\",\"name\":\"Feltfon Diabolo | Vacker akustikl\u00f6sning med goda ljudd\u00e4mpande egenskaper\",\"isPartOf\":{\"@id\":\"https:\/\/gustafs.com\/sv\/#website\"},\"primaryImageOfPage\":{\"@id\":\"https:\/\/gustafs.com\/sv\/produkt\/feltfon-diabolo\/#primaryimage\"},\"image\":{\"@id\":\"https:\/\/gustafs.com\/sv\/produkt\/feltfon-diabolo\/#primaryimage\"},\"thumbnailUrl\":\"https:\/\/gustafs.com\/wp-content\/uploads\/2023\/11\/feltfon-diabolo-ceiling-1290-scaled.jpg\",\"datePublished\":\"2024-02-26T15:12:06+00:00\",\"dateModified\":\"2025-10-24T15:07:02+00:00\",\"description\":\"Akustiska ribbor och Bafflar som finns i flera storlekar och vinklar och som tillsammans skapar en b\u00f6ljande solfj\u00e4derformad design p\u00e5 din akustikv\u00e4gg eller tak. Goda ljudd\u00e4mpande egenskaper och minskar effektivt o\u00f6nskade ljud. Brandklass B-s1,d0 f\u00f6r offentliga interi\u00f6ra milj\u00f6er.\",\"breadcrumb\":{\"@id\":\"https:\/\/gustafs.com\/sv\/produkt\/feltfon-diabolo\/#breadcrumb\"},\"inLanguage\":\"sv-SE\",\"potentialAction\":[{\"@type\":\"ReadAction\",\"target\":[\"https:\/\/gustafs.com\/sv\/produkt\/feltfon-diabolo\/\"]}]},{\"@type\":\"ImageObject\",\"inLanguage\":\"sv-SE\",\"@id\":\"https:\/\/gustafs.com\/sv\/produkt\/feltfon-diabolo\/#primaryimage\",\"url\":\"https:\/\/gustafs.com\/wp-content\/uploads\/2023\/11\/feltfon-diabolo-ceiling-1290-scaled.jpg\",\"contentUrl\":\"https:\/\/gustafs.com\/wp-content\/uploads\/2023\/11\/feltfon-diabolo-ceiling-1290-scaled.jpg\",\"width\":2044,\"height\":2560,\"caption\":\"acoustic ceiling with baffles\"},{\"@type\":\"BreadcrumbList\",\"@id\":\"https:\/\/gustafs.com\/sv\/produkt\/feltfon-diabolo\/#breadcrumb\",\"itemListElement\":[{\"@type\":\"ListItem\",\"position\":1,\"name\":\"Gustafs\",\"item\":\"https:\/\/gustafs.com\/sv\/\"},{\"@type\":\"ListItem\",\"position\":2,\"name\":\"Produkter\",\"item\":\"https:\/\/gustafs.com\/sv\/produkter\/\"},{\"@type\":\"ListItem\",\"position\":3,\"name\":\"Feltfon\",\"item\":\"https:\/\/gustafs.com\/sv\/produkt-kategori\/feltfon\/\"},{\"@type\":\"ListItem\",\"position\":4,\"name\":\"Feltfon Diabolo\"}]},{\"@type\":\"WebSite\",\"@id\":\"https:\/\/gustafs.com\/sv\/#website\",\"url\":\"https:\/\/gustafs.com\/sv\/\",\"name\":\"Gustafs Scandinavia\",\"description\":\"Exclusive Wooden Panels And Acoustic Panels\",\"potentialAction\":[{\"@type\":\"SearchAction\",\"target\":{\"@type\":\"EntryPoint\",\"urlTemplate\":\"https:\/\/gustafs.com\/sv\/?s={search_term_string}\"},\"query-input\":{\"@type\":\"PropertyValueSpecification\",\"valueRequired\":true,\"valueName\":\"search_term_string\"}}],\"inLanguage\":\"sv-SE\"}]}<\/script>\n<!-- \/ Yoast SEO plugin. -->","yoast_head_json":{"title":"Feltfon Diabolo | Vacker akustikl\u00f6sning med goda ljudd\u00e4mpande egenskaper","description":"Akustiska ribbor och Bafflar som finns i flera storlekar och vinklar och som tillsammans skapar en b\u00f6ljande solfj\u00e4derformad design p\u00e5 din akustikv\u00e4gg eller tak. Goda ljudd\u00e4mpande egenskaper och minskar effektivt o\u00f6nskade ljud. Brandklass B-s1,d0 f\u00f6r offentliga interi\u00f6ra milj\u00f6er.","robots":{"index":"index","follow":"follow","max-snippet":"max-snippet:-1","max-image-preview":"max-image-preview:large","max-video-preview":"max-video-preview:-1"},"canonical":"https:\/\/gustafs.com\/sv\/produkt\/feltfon-diabolo\/","og_locale":"sv_SE","og_type":"article","og_title":"Feltfon Diabolo | Vacker akustikl\u00f6sning med goda ljudd\u00e4mpande egenskaper","og_description":"Akustiska ribbor och Bafflar som finns i flera storlekar och vinklar och som tillsammans skapar en b\u00f6ljande solfj\u00e4derformad design p\u00e5 din akustikv\u00e4gg eller tak. Goda ljudd\u00e4mpande egenskaper och minskar effektivt o\u00f6nskade ljud. Brandklass B-s1,d0 f\u00f6r offentliga interi\u00f6ra milj\u00f6er.","og_url":"https:\/\/gustafs.com\/sv\/produkt\/feltfon-diabolo\/","og_site_name":"Gustafs Scandinavia","article_modified_time":"2025-10-24T15:07:02+00:00","og_image":[{"width":2044,"height":2560,"url":"https:\/\/gustafs.com\/wp-content\/uploads\/2023\/11\/feltfon-diabolo-ceiling-1290-scaled.jpg","type":"image\/jpeg"}],"twitter_card":"summary_large_image","twitter_misc":{"Ber\u00e4knad l\u00e4stid":"1 minut"},"schema":{"@context":"https:\/\/schema.org","@graph":[{"@type":"WebPage","@id":"https:\/\/gustafs.com\/sv\/produkt\/feltfon-diabolo\/","url":"https:\/\/gustafs.com\/sv\/produkt\/feltfon-diabolo\/","name":"Feltfon Diabolo | Vacker akustikl\u00f6sning med goda ljudd\u00e4mpande egenskaper","isPartOf":{"@id":"https:\/\/gustafs.com\/sv\/#website"},"primaryImageOfPage":{"@id":"https:\/\/gustafs.com\/sv\/produkt\/feltfon-diabolo\/#primaryimage"},"image":{"@id":"https:\/\/gustafs.com\/sv\/produkt\/feltfon-diabolo\/#primaryimage"},"thumbnailUrl":"https:\/\/gustafs.com\/wp-content\/uploads\/2023\/11\/feltfon-diabolo-ceiling-1290-scaled.jpg","datePublished":"2024-02-26T15:12:06+00:00","dateModified":"2025-10-24T15:07:02+00:00","description":"Akustiska ribbor och Bafflar som finns i flera storlekar och vinklar och som tillsammans skapar en b\u00f6ljande solfj\u00e4derformad design p\u00e5 din akustikv\u00e4gg eller tak. Goda ljudd\u00e4mpande egenskaper och minskar effektivt o\u00f6nskade ljud. Brandklass B-s1,d0 f\u00f6r offentliga interi\u00f6ra milj\u00f6er.","breadcrumb":{"@id":"https:\/\/gustafs.com\/sv\/produkt\/feltfon-diabolo\/#breadcrumb"},"inLanguage":"sv-SE","potentialAction":[{"@type":"ReadAction","target":["https:\/\/gustafs.com\/sv\/produkt\/feltfon-diabolo\/"]}]},{"@type":"ImageObject","inLanguage":"sv-SE","@id":"https:\/\/gustafs.com\/sv\/produkt\/feltfon-diabolo\/#primaryimage","url":"https:\/\/gustafs.com\/wp-content\/uploads\/2023\/11\/feltfon-diabolo-ceiling-1290-scaled.jpg","contentUrl":"https:\/\/gustafs.com\/wp-content\/uploads\/2023\/11\/feltfon-diabolo-ceiling-1290-scaled.jpg","width":2044,"height":2560,"caption":"acoustic ceiling with baffles"},{"@type":"BreadcrumbList","@id":"https:\/\/gustafs.com\/sv\/produkt\/feltfon-diabolo\/#breadcrumb","itemListElement":[{"@type":"ListItem","position":1,"name":"Gustafs","item":"https:\/\/gustafs.com\/sv\/"},{"@type":"ListItem","position":2,"name":"Produkter","item":"https:\/\/gustafs.com\/sv\/produkter\/"},{"@type":"ListItem","position":3,"name":"Feltfon","item":"https:\/\/gustafs.com\/sv\/produkt-kategori\/feltfon\/"},{"@type":"ListItem","position":4,"name":"Feltfon Diabolo"}]},{"@type":"WebSite","@id":"https:\/\/gustafs.com\/sv\/#website","url":"https:\/\/gustafs.com\/sv\/","name":"Gustafs Scandinavia","description":"Exclusive Wooden Panels And Acoustic Panels","potentialAction":[{"@type":"SearchAction","target":{"@type":"EntryPoint","urlTemplate":"https:\/\/gustafs.com\/sv\/?s={search_term_string}"},"query-input":{"@type":"PropertyValueSpecification","valueRequired":true,"valueName":"search_term_string"}}],"inLanguage":"sv-SE"}]}},"_links":{"self":[{"href":"https:\/\/gustafs.com\/sv\/wp-json\/wp\/v2\/product\/21882","targetHints":{"allow":["GET"]}}],"collection":[{"href":"https:\/\/gustafs.com\/sv\/wp-json\/wp\/v2\/product"}],"about":[{"href":"https:\/\/gustafs.com\/sv\/wp-json\/wp\/v2\/types\/product"}],"version-history":[{"count":34,"href":"https:\/\/gustafs.com\/sv\/wp-json\/wp\/v2\/product\/21882\/revisions"}],"predecessor-version":[{"id":78043,"href":"https:\/\/gustafs.com\/sv\/wp-json\/wp\/v2\/product\/21882\/revisions\/78043"}],"wp:featuredmedia":[{"embeddable":true,"href":"https:\/\/gustafs.com\/sv\/wp-json\/wp\/v2\/media\/22180"}],"wp:attachment":[{"href":"https:\/\/gustafs.com\/sv\/wp-json\/wp\/v2\/media?parent=21882"}],"wp:term":[{"taxonomy":"product_brand","embeddable":true,"href":"https:\/\/gustafs.com\/sv\/wp-json\/wp\/v2\/product_brand?post=21882"},{"taxonomy":"product_cat","embeddable":true,"href":"https:\/\/gustafs.com\/sv\/wp-json\/wp\/v2\/product_cat?post=21882"},{"taxonomy":"product_tag","embeddable":true,"href":"https:\/\/gustafs.com\/sv\/wp-json\/wp\/v2\/product_tag?post=21882"}],"curies":[{"name":"wp","href":"https:\/\/api.w.org\/{rel}","templated":true}]}}