{"id":21816,"date":"2023-09-19T12:55:22","date_gmt":"2024-02-22T14:06:33","guid":{"rendered":"https:\/\/gustafs.com\/?post_type=product&#038;p=21816"},"modified":"2025-11-04T09:22:18","modified_gmt":"2025-11-04T08:22:18","slug":"feltfon-slash","status":"publish","type":"product","link":"https:\/\/gustafs.com\/sv\/produkt\/feltfon-slash\/","title":{"rendered":"Feltfon Slash"},"content":{"rendered":"<p style=\"letter-spacing: 1px;\">GERADE AKUSTISKA FILTRIBBOR f\u00f6r v\u00e4ggar och tak<\/p>\n<p>Feltfon Slash har gr\u00e4nsl\u00f6s designpotential och du kan skapa dina egna v\u00e4ggabsorbenter efter egen stil. Feltfon\u00a9 Slash, har 45 grader gerade skarvar, och du kan mixa f\u00e4rger som du vill. Vinkeln p\u00e5 skarven matchar designen hos Feltfon\u00a9 Intersections, vilket g\u00f6r dem enkla att kombinera och du f\u00e5r o\u00e4ndliga designm\u00f6jligheter. Capax Quick-Up-systemet s\u00e4kerst\u00e4ller robusta och anv\u00e4ndarv\u00e4nliga installationer f\u00f6r b\u00e5de v\u00e4ggar och tak. Systemet \u00e4r utformat f\u00f6r att vara motst\u00e5ndskraftigt mot vatten och \u00e4r godk\u00e4nt f\u00f6r anv\u00e4ndning i v\u00e5trum. Anpassa ditt utseende genom att variera bredd, djup, f\u00e4rg, mellanrumsbredd eller l\u00e4gg till fyllningslister i tr\u00e4. Feltfon\u00a9 Slash \u00e4r brandbest\u00e4ndigt utan behov av impregnering.<\/p>\n","protected":false},"excerpt":{"rendered":"<p>GERADE AKUSTISKA FILTRIBBOR f\u00f6r v\u00e4ggar och tak Feltfon Slash har gr\u00e4nsl\u00f6s designpotential och du kan skapa dina egna v\u00e4ggabsorbenter efter egen stil. Feltfon\u00a9 Slash, har 45 grader gerade skarvar, och du kan mixa f\u00e4rger som du vill. Vinkeln p\u00e5 skarven matchar designen hos Feltfon\u00a9 Intersections, vilket g\u00f6r dem enkla att kombinera och du f\u00e5r o\u00e4ndliga [&hellip;]<\/p>\n","protected":false},"featured_media":20584,"template":"","meta":{"_acf_changed":false,"inline_featured_image":false,"footnotes":""},"product_brand":[],"product_cat":[377,378],"product_tag":[],"class_list":{"0":"post-21816","1":"product","2":"type-product","3":"status-publish","4":"has-post-thumbnail","6":"product_cat-feltfon","7":"product_cat-feltfon-vector-sv","8":"pa_acoustic-class-absorption-a","9":"pa_acoustic-class-absorption-b","10":"pa_acoustic-class-absorption-c","11":"pa_acoustic-class-absorption-d","13":"first","14":"instock","15":"shipping-taxable","16":"product-type-simple"},"acf":[],"yoast_head":"<!-- This site is optimized with the Yoast SEO plugin v25.4 - https:\/\/yoast.com\/wordpress\/plugins\/seo\/ -->\n<title>Feltfon Slash | Ljudabsorberande filtribbor<\/title>\n<meta name=\"description\" content=\"Feltfon Slash har gr\u00e4nsl\u00f6s designpotential och du kan skapa dina egna ljudabsorberande v\u00e4gg och tak installationer. Skapa egna m\u00f6nster eller inspireras av v\u00e5ra f\u00e4rdiga. Skarvarna i Feltfon\u00a9 Slash, \u00e4r 45 grader och du kan mixa f\u00e4rger som du vill. Enkel att sj\u00e4lv kapa och justera.\" \/>\n<meta name=\"robots\" content=\"index, follow, max-snippet:-1, max-image-preview:large, max-video-preview:-1\" \/>\n<link rel=\"canonical\" href=\"https:\/\/gustafs.com\/sv\/produkt\/feltfon-slash\/\" \/>\n<meta property=\"og:locale\" content=\"sv_SE\" \/>\n<meta property=\"og:type\" content=\"article\" \/>\n<meta property=\"og:title\" content=\"Feltfon Slash | Ljudabsorberande filtribbor\" \/>\n<meta property=\"og:description\" content=\"Feltfon Slash har gr\u00e4nsl\u00f6s designpotential och du kan skapa dina egna ljudabsorberande v\u00e4gg och tak installationer. Skapa egna m\u00f6nster eller inspireras av v\u00e5ra f\u00e4rdiga. Skarvarna i Feltfon\u00a9 Slash, \u00e4r 45 grader och du kan mixa f\u00e4rger som du vill. Enkel att sj\u00e4lv kapa och justera.\" \/>\n<meta property=\"og:url\" content=\"https:\/\/gustafs.com\/sv\/produkt\/feltfon-slash\/\" \/>\n<meta property=\"og:site_name\" content=\"Gustafs Scandinavia\" \/>\n<meta property=\"article:modified_time\" content=\"2025-11-04T08:22:18+00:00\" \/>\n<meta property=\"og:image\" content=\"https:\/\/gustafs.com\/wp-content\/uploads\/2023\/09\/slach-pattern-1030-scaled.jpg\" \/>\n\t<meta property=\"og:image:width\" content=\"2044\" \/>\n\t<meta property=\"og:image:height\" content=\"2560\" \/>\n\t<meta property=\"og:image:type\" content=\"image\/jpeg\" \/>\n<meta name=\"twitter:card\" content=\"summary_large_image\" \/>\n<meta name=\"twitter:label1\" content=\"Ber\u00e4knad l\u00e4stid\" \/>\n\t<meta name=\"twitter:data1\" content=\"1 minut\" \/>\n<script type=\"application\/ld+json\" class=\"yoast-schema-graph\">{\"@context\":\"https:\/\/schema.org\",\"@graph\":[{\"@type\":\"WebPage\",\"@id\":\"https:\/\/gustafs.com\/sv\/produkt\/feltfon-slash\/\",\"url\":\"https:\/\/gustafs.com\/sv\/produkt\/feltfon-slash\/\",\"name\":\"Feltfon Slash | Ljudabsorberande filtribbor\",\"isPartOf\":{\"@id\":\"https:\/\/gustafs.com\/sv\/#website\"},\"primaryImageOfPage\":{\"@id\":\"https:\/\/gustafs.com\/sv\/produkt\/feltfon-slash\/#primaryimage\"},\"image\":{\"@id\":\"https:\/\/gustafs.com\/sv\/produkt\/feltfon-slash\/#primaryimage\"},\"thumbnailUrl\":\"https:\/\/gustafs.com\/wp-content\/uploads\/2023\/09\/slach-pattern-1030-scaled.jpg\",\"datePublished\":\"2024-02-22T14:06:33+00:00\",\"dateModified\":\"2025-11-04T08:22:18+00:00\",\"description\":\"Feltfon Slash har gr\u00e4nsl\u00f6s designpotential och du kan skapa dina egna ljudabsorberande v\u00e4gg och tak installationer. Skapa egna m\u00f6nster eller inspireras av v\u00e5ra f\u00e4rdiga. Skarvarna i Feltfon\u00a9 Slash, \u00e4r 45 grader och du kan mixa f\u00e4rger som du vill. Enkel att sj\u00e4lv kapa och justera.\",\"breadcrumb\":{\"@id\":\"https:\/\/gustafs.com\/sv\/produkt\/feltfon-slash\/#breadcrumb\"},\"inLanguage\":\"sv-SE\",\"potentialAction\":[{\"@type\":\"ReadAction\",\"target\":[\"https:\/\/gustafs.com\/sv\/produkt\/feltfon-slash\/\"]}]},{\"@type\":\"ImageObject\",\"inLanguage\":\"sv-SE\",\"@id\":\"https:\/\/gustafs.com\/sv\/produkt\/feltfon-slash\/#primaryimage\",\"url\":\"https:\/\/gustafs.com\/wp-content\/uploads\/2023\/09\/slach-pattern-1030-scaled.jpg\",\"contentUrl\":\"https:\/\/gustafs.com\/wp-content\/uploads\/2023\/09\/slach-pattern-1030-scaled.jpg\",\"width\":2044,\"height\":2560,\"caption\":\"Contemporary white beige interior with wall panel, sofa and decor. 3d render illustration mockup.\"},{\"@type\":\"BreadcrumbList\",\"@id\":\"https:\/\/gustafs.com\/sv\/produkt\/feltfon-slash\/#breadcrumb\",\"itemListElement\":[{\"@type\":\"ListItem\",\"position\":1,\"name\":\"Gustafs\",\"item\":\"https:\/\/gustafs.com\/sv\/\"},{\"@type\":\"ListItem\",\"position\":2,\"name\":\"Produkter\",\"item\":\"https:\/\/gustafs.com\/sv\/produkter\/\"},{\"@type\":\"ListItem\",\"position\":3,\"name\":\"Feltfon\",\"item\":\"https:\/\/gustafs.com\/sv\/produkt-kategori\/feltfon\/\"},{\"@type\":\"ListItem\",\"position\":4,\"name\":\"Feltfon Slash\"}]},{\"@type\":\"WebSite\",\"@id\":\"https:\/\/gustafs.com\/sv\/#website\",\"url\":\"https:\/\/gustafs.com\/sv\/\",\"name\":\"Gustafs Scandinavia\",\"description\":\"Exclusive Wooden Panels And Acoustic Panels\",\"potentialAction\":[{\"@type\":\"SearchAction\",\"target\":{\"@type\":\"EntryPoint\",\"urlTemplate\":\"https:\/\/gustafs.com\/sv\/?s={search_term_string}\"},\"query-input\":{\"@type\":\"PropertyValueSpecification\",\"valueRequired\":true,\"valueName\":\"search_term_string\"}}],\"inLanguage\":\"sv-SE\"}]}<\/script>\n<!-- \/ Yoast SEO plugin. -->","yoast_head_json":{"title":"Feltfon Slash | Ljudabsorberande filtribbor","description":"Feltfon Slash har gr\u00e4nsl\u00f6s designpotential och du kan skapa dina egna ljudabsorberande v\u00e4gg och tak installationer. Skapa egna m\u00f6nster eller inspireras av v\u00e5ra f\u00e4rdiga. Skarvarna i Feltfon\u00a9 Slash, \u00e4r 45 grader och du kan mixa f\u00e4rger som du vill. Enkel att sj\u00e4lv kapa och justera.","robots":{"index":"index","follow":"follow","max-snippet":"max-snippet:-1","max-image-preview":"max-image-preview:large","max-video-preview":"max-video-preview:-1"},"canonical":"https:\/\/gustafs.com\/sv\/produkt\/feltfon-slash\/","og_locale":"sv_SE","og_type":"article","og_title":"Feltfon Slash | Ljudabsorberande filtribbor","og_description":"Feltfon Slash har gr\u00e4nsl\u00f6s designpotential och du kan skapa dina egna ljudabsorberande v\u00e4gg och tak installationer. Skapa egna m\u00f6nster eller inspireras av v\u00e5ra f\u00e4rdiga. Skarvarna i Feltfon\u00a9 Slash, \u00e4r 45 grader och du kan mixa f\u00e4rger som du vill. Enkel att sj\u00e4lv kapa och justera.","og_url":"https:\/\/gustafs.com\/sv\/produkt\/feltfon-slash\/","og_site_name":"Gustafs Scandinavia","article_modified_time":"2025-11-04T08:22:18+00:00","og_image":[{"width":2044,"height":2560,"url":"https:\/\/gustafs.com\/wp-content\/uploads\/2023\/09\/slach-pattern-1030-scaled.jpg","type":"image\/jpeg"}],"twitter_card":"summary_large_image","twitter_misc":{"Ber\u00e4knad l\u00e4stid":"1 minut"},"schema":{"@context":"https:\/\/schema.org","@graph":[{"@type":"WebPage","@id":"https:\/\/gustafs.com\/sv\/produkt\/feltfon-slash\/","url":"https:\/\/gustafs.com\/sv\/produkt\/feltfon-slash\/","name":"Feltfon Slash | Ljudabsorberande filtribbor","isPartOf":{"@id":"https:\/\/gustafs.com\/sv\/#website"},"primaryImageOfPage":{"@id":"https:\/\/gustafs.com\/sv\/produkt\/feltfon-slash\/#primaryimage"},"image":{"@id":"https:\/\/gustafs.com\/sv\/produkt\/feltfon-slash\/#primaryimage"},"thumbnailUrl":"https:\/\/gustafs.com\/wp-content\/uploads\/2023\/09\/slach-pattern-1030-scaled.jpg","datePublished":"2024-02-22T14:06:33+00:00","dateModified":"2025-11-04T08:22:18+00:00","description":"Feltfon Slash har gr\u00e4nsl\u00f6s designpotential och du kan skapa dina egna ljudabsorberande v\u00e4gg och tak installationer. Skapa egna m\u00f6nster eller inspireras av v\u00e5ra f\u00e4rdiga. Skarvarna i Feltfon\u00a9 Slash, \u00e4r 45 grader och du kan mixa f\u00e4rger som du vill. Enkel att sj\u00e4lv kapa och justera.","breadcrumb":{"@id":"https:\/\/gustafs.com\/sv\/produkt\/feltfon-slash\/#breadcrumb"},"inLanguage":"sv-SE","potentialAction":[{"@type":"ReadAction","target":["https:\/\/gustafs.com\/sv\/produkt\/feltfon-slash\/"]}]},{"@type":"ImageObject","inLanguage":"sv-SE","@id":"https:\/\/gustafs.com\/sv\/produkt\/feltfon-slash\/#primaryimage","url":"https:\/\/gustafs.com\/wp-content\/uploads\/2023\/09\/slach-pattern-1030-scaled.jpg","contentUrl":"https:\/\/gustafs.com\/wp-content\/uploads\/2023\/09\/slach-pattern-1030-scaled.jpg","width":2044,"height":2560,"caption":"Contemporary white beige interior with wall panel, sofa and decor. 3d render illustration mockup."},{"@type":"BreadcrumbList","@id":"https:\/\/gustafs.com\/sv\/produkt\/feltfon-slash\/#breadcrumb","itemListElement":[{"@type":"ListItem","position":1,"name":"Gustafs","item":"https:\/\/gustafs.com\/sv\/"},{"@type":"ListItem","position":2,"name":"Produkter","item":"https:\/\/gustafs.com\/sv\/produkter\/"},{"@type":"ListItem","position":3,"name":"Feltfon","item":"https:\/\/gustafs.com\/sv\/produkt-kategori\/feltfon\/"},{"@type":"ListItem","position":4,"name":"Feltfon Slash"}]},{"@type":"WebSite","@id":"https:\/\/gustafs.com\/sv\/#website","url":"https:\/\/gustafs.com\/sv\/","name":"Gustafs Scandinavia","description":"Exclusive Wooden Panels And Acoustic Panels","potentialAction":[{"@type":"SearchAction","target":{"@type":"EntryPoint","urlTemplate":"https:\/\/gustafs.com\/sv\/?s={search_term_string}"},"query-input":{"@type":"PropertyValueSpecification","valueRequired":true,"valueName":"search_term_string"}}],"inLanguage":"sv-SE"}]}},"_links":{"self":[{"href":"https:\/\/gustafs.com\/sv\/wp-json\/wp\/v2\/product\/21816","targetHints":{"allow":["GET"]}}],"collection":[{"href":"https:\/\/gustafs.com\/sv\/wp-json\/wp\/v2\/product"}],"about":[{"href":"https:\/\/gustafs.com\/sv\/wp-json\/wp\/v2\/types\/product"}],"version-history":[{"count":33,"href":"https:\/\/gustafs.com\/sv\/wp-json\/wp\/v2\/product\/21816\/revisions"}],"predecessor-version":[{"id":78295,"href":"https:\/\/gustafs.com\/sv\/wp-json\/wp\/v2\/product\/21816\/revisions\/78295"}],"wp:featuredmedia":[{"embeddable":true,"href":"https:\/\/gustafs.com\/sv\/wp-json\/wp\/v2\/media\/20584"}],"wp:attachment":[{"href":"https:\/\/gustafs.com\/sv\/wp-json\/wp\/v2\/media?parent=21816"}],"wp:term":[{"taxonomy":"product_brand","embeddable":true,"href":"https:\/\/gustafs.com\/sv\/wp-json\/wp\/v2\/product_brand?post=21816"},{"taxonomy":"product_cat","embeddable":true,"href":"https:\/\/gustafs.com\/sv\/wp-json\/wp\/v2\/product_cat?post=21816"},{"taxonomy":"product_tag","embeddable":true,"href":"https:\/\/gustafs.com\/sv\/wp-json\/wp\/v2\/product_tag?post=21816"}],"curies":[{"name":"wp","href":"https:\/\/api.w.org\/{rel}","templated":true}]}}