{"id":21763,"date":"2022-04-05T08:40:20","date_gmt":"2024-02-21T14:57:35","guid":{"rendered":"https:\/\/gustafs.com\/?post_type=product&#038;p=21763"},"modified":"2026-01-22T14:02:26","modified_gmt":"2026-01-22T13:02:26","slug":"feltfon-baffles","status":"publish","type":"product","link":"https:\/\/gustafs.com\/sv\/produkt\/feltfon-baffles\/","title":{"rendered":"Feltfon Baffles"},"content":{"rendered":"<p style=\"letter-spacing: 1px;\">TAK BAFFLAR \/ LINJ\u00c4RA BALKAR f\u00f6r utm\u00e4rkt ljudabsorption<\/p>\n<p>Feltfon\u00a9 Baffles \u00e4r stora ljudabsorberande bafflar f\u00f6r takinstallation som dessutom \u00e4r en l\u00e4tt och kostnadseffektiva l\u00f6sning. Det absorberande filtmaterialet och den ih\u00e5liga k\u00e4rnan ger Feltfon\u00a9 Baffles sin utm\u00e4rkta ljudabsorption. Installationssystemet Capax Quick-Up finns f\u00f6r b\u00e5de v\u00e4ggar och tak och g\u00f6r att bafflarna blir demonterbara. Feltfon Baffles \u00e4r perfekt f\u00f6r anv\u00e4ndning i offentliga utrymmen som skolor, kontor, butiker och gallerior och \u00e4r dessutom godk\u00e4nd f\u00f6r anv\u00e4ndning i v\u00e5trum. Installationssystemet passar flera baffelbredder och man kan skapa ett unikt utseende genom att variera och kombinera olika bredder, djup, filtf\u00e4rger. Sj\u00e4lvklart \u00e4r Feltfon\u00a9 Baffles brands\u00e4kra &#8211; p\u00e5 Gustafs s\u00e4tt, utan behov av impregnering. Takabsorbenter av filt som d\u00e4mpar ljud och bidrar till en b\u00e4ttre arbetsmilj\u00f6.<\/p>\n","protected":false},"excerpt":{"rendered":"<p>TAK BAFFLAR \/ LINJ\u00c4RA BALKAR f\u00f6r utm\u00e4rkt ljudabsorption Feltfon\u00a9 Baffles \u00e4r stora ljudabsorberande bafflar f\u00f6r takinstallation som dessutom \u00e4r en l\u00e4tt och kostnadseffektiva l\u00f6sning. Det absorberande filtmaterialet och den ih\u00e5liga k\u00e4rnan ger Feltfon\u00a9 Baffles sin utm\u00e4rkta ljudabsorption. Installationssystemet Capax Quick-Up finns f\u00f6r b\u00e5de v\u00e4ggar och tak och g\u00f6r att bafflarna blir demonterbara. Feltfon Baffles \u00e4r [&hellip;]<\/p>\n","protected":false},"featured_media":20893,"template":"","meta":{"_acf_changed":false,"inline_featured_image":false,"footnotes":""},"product_brand":[],"product_cat":[377,384],"product_tag":[],"class_list":{"0":"post-21763","1":"product","2":"type-product","3":"status-publish","4":"has-post-thumbnail","6":"product_cat-feltfon","7":"product_cat-feltfon-linear-sv","8":"pa_acoustic-class-absorption-a","10":"first","11":"instock","12":"shipping-taxable","13":"product-type-simple"},"acf":[],"yoast_head":"<!-- This site is optimized with the Yoast SEO plugin v25.4 - https:\/\/yoast.com\/wordpress\/plugins\/seo\/ -->\n<title>Feltfon Baffles | Ljudd\u00e4mpande akustikbafflar Gustafs Scandinavia<\/title>\n<meta name=\"description\" content=\"Ljudd\u00e4mpande akustikbafflar av filt med brandklass B-s1,d0 f\u00f6r offentlig milj\u00f6. Enkelt och smidigt montagesystem som passar f\u00f6r b\u00e5de v\u00e4gg och tak. Takabsorbenter av filt som d\u00e4mpar ljud och bidrar till en b\u00e4ttre arbetsmilj\u00f6.\" \/>\n<meta name=\"robots\" content=\"index, follow, max-snippet:-1, max-image-preview:large, max-video-preview:-1\" \/>\n<link rel=\"canonical\" href=\"https:\/\/gustafs.com\/sv\/produkt\/feltfon-baffles\/\" \/>\n<meta property=\"og:locale\" content=\"sv_SE\" \/>\n<meta property=\"og:type\" content=\"article\" \/>\n<meta property=\"og:title\" content=\"Feltfon Baffles | Ljudd\u00e4mpande akustikbafflar Gustafs Scandinavia\" \/>\n<meta property=\"og:description\" content=\"Ljudd\u00e4mpande akustikbafflar av filt med brandklass B-s1,d0 f\u00f6r offentlig milj\u00f6. Enkelt och smidigt montagesystem som passar f\u00f6r b\u00e5de v\u00e4gg och tak. Takabsorbenter av filt som d\u00e4mpar ljud och bidrar till en b\u00e4ttre arbetsmilj\u00f6.\" \/>\n<meta property=\"og:url\" content=\"https:\/\/gustafs.com\/sv\/produkt\/feltfon-baffles\/\" \/>\n<meta property=\"og:site_name\" content=\"Gustafs Scandinavia\" \/>\n<meta property=\"article:modified_time\" content=\"2026-01-22T13:02:26+00:00\" \/>\n<meta property=\"og:image\" content=\"https:\/\/gustafs.com\/wp-content\/uploads\/2022\/04\/clay-baffle.jpg\" \/>\n\t<meta property=\"og:image:width\" content=\"1030\" \/>\n\t<meta property=\"og:image:height\" content=\"1290\" \/>\n\t<meta property=\"og:image:type\" content=\"image\/jpeg\" \/>\n<meta name=\"twitter:card\" content=\"summary_large_image\" \/>\n<meta name=\"twitter:label1\" content=\"Ber\u00e4knad l\u00e4stid\" \/>\n\t<meta name=\"twitter:data1\" content=\"1 minut\" \/>\n<script type=\"application\/ld+json\" class=\"yoast-schema-graph\">{\"@context\":\"https:\/\/schema.org\",\"@graph\":[{\"@type\":\"WebPage\",\"@id\":\"https:\/\/gustafs.com\/sv\/produkt\/feltfon-baffles\/\",\"url\":\"https:\/\/gustafs.com\/sv\/produkt\/feltfon-baffles\/\",\"name\":\"Feltfon Baffles | Ljudd\u00e4mpande akustikbafflar Gustafs Scandinavia\",\"isPartOf\":{\"@id\":\"https:\/\/gustafs.com\/sv\/#website\"},\"primaryImageOfPage\":{\"@id\":\"https:\/\/gustafs.com\/sv\/produkt\/feltfon-baffles\/#primaryimage\"},\"image\":{\"@id\":\"https:\/\/gustafs.com\/sv\/produkt\/feltfon-baffles\/#primaryimage\"},\"thumbnailUrl\":\"https:\/\/gustafs.com\/wp-content\/uploads\/2022\/04\/clay-baffle.jpg\",\"datePublished\":\"2024-02-21T14:57:35+00:00\",\"dateModified\":\"2026-01-22T13:02:26+00:00\",\"description\":\"Ljudd\u00e4mpande akustikbafflar av filt med brandklass B-s1,d0 f\u00f6r offentlig milj\u00f6. Enkelt och smidigt montagesystem som passar f\u00f6r b\u00e5de v\u00e4gg och tak. Takabsorbenter av filt som d\u00e4mpar ljud och bidrar till en b\u00e4ttre arbetsmilj\u00f6.\",\"breadcrumb\":{\"@id\":\"https:\/\/gustafs.com\/sv\/produkt\/feltfon-baffles\/#breadcrumb\"},\"inLanguage\":\"sv-SE\",\"potentialAction\":[{\"@type\":\"ReadAction\",\"target\":[\"https:\/\/gustafs.com\/sv\/produkt\/feltfon-baffles\/\"]}]},{\"@type\":\"ImageObject\",\"inLanguage\":\"sv-SE\",\"@id\":\"https:\/\/gustafs.com\/sv\/produkt\/feltfon-baffles\/#primaryimage\",\"url\":\"https:\/\/gustafs.com\/wp-content\/uploads\/2022\/04\/clay-baffle.jpg\",\"contentUrl\":\"https:\/\/gustafs.com\/wp-content\/uploads\/2022\/04\/clay-baffle.jpg\",\"width\":1030,\"height\":1290,\"caption\":\"Loft office interior with a white table, white brick walls, loft windows and rows of computer tables with black screens. A meeting room to the right. 3d rendering mock up\"},{\"@type\":\"BreadcrumbList\",\"@id\":\"https:\/\/gustafs.com\/sv\/produkt\/feltfon-baffles\/#breadcrumb\",\"itemListElement\":[{\"@type\":\"ListItem\",\"position\":1,\"name\":\"Gustafs\",\"item\":\"https:\/\/gustafs.com\/sv\/\"},{\"@type\":\"ListItem\",\"position\":2,\"name\":\"Produkter\",\"item\":\"https:\/\/gustafs.com\/sv\/produkter\/\"},{\"@type\":\"ListItem\",\"position\":3,\"name\":\"Feltfon\",\"item\":\"https:\/\/gustafs.com\/sv\/produkt-kategori\/feltfon\/\"},{\"@type\":\"ListItem\",\"position\":4,\"name\":\"Feltfon Baffles\"}]},{\"@type\":\"WebSite\",\"@id\":\"https:\/\/gustafs.com\/sv\/#website\",\"url\":\"https:\/\/gustafs.com\/sv\/\",\"name\":\"Gustafs Scandinavia\",\"description\":\"Exclusive Wooden Panels And Acoustic Panels\",\"potentialAction\":[{\"@type\":\"SearchAction\",\"target\":{\"@type\":\"EntryPoint\",\"urlTemplate\":\"https:\/\/gustafs.com\/sv\/?s={search_term_string}\"},\"query-input\":{\"@type\":\"PropertyValueSpecification\",\"valueRequired\":true,\"valueName\":\"search_term_string\"}}],\"inLanguage\":\"sv-SE\"}]}<\/script>\n<!-- \/ Yoast SEO plugin. -->","yoast_head_json":{"title":"Feltfon Baffles | Ljudd\u00e4mpande akustikbafflar Gustafs Scandinavia","description":"Ljudd\u00e4mpande akustikbafflar av filt med brandklass B-s1,d0 f\u00f6r offentlig milj\u00f6. Enkelt och smidigt montagesystem som passar f\u00f6r b\u00e5de v\u00e4gg och tak. Takabsorbenter av filt som d\u00e4mpar ljud och bidrar till en b\u00e4ttre arbetsmilj\u00f6.","robots":{"index":"index","follow":"follow","max-snippet":"max-snippet:-1","max-image-preview":"max-image-preview:large","max-video-preview":"max-video-preview:-1"},"canonical":"https:\/\/gustafs.com\/sv\/produkt\/feltfon-baffles\/","og_locale":"sv_SE","og_type":"article","og_title":"Feltfon Baffles | Ljudd\u00e4mpande akustikbafflar Gustafs Scandinavia","og_description":"Ljudd\u00e4mpande akustikbafflar av filt med brandklass B-s1,d0 f\u00f6r offentlig milj\u00f6. Enkelt och smidigt montagesystem som passar f\u00f6r b\u00e5de v\u00e4gg och tak. Takabsorbenter av filt som d\u00e4mpar ljud och bidrar till en b\u00e4ttre arbetsmilj\u00f6.","og_url":"https:\/\/gustafs.com\/sv\/produkt\/feltfon-baffles\/","og_site_name":"Gustafs Scandinavia","article_modified_time":"2026-01-22T13:02:26+00:00","og_image":[{"width":1030,"height":1290,"url":"https:\/\/gustafs.com\/wp-content\/uploads\/2022\/04\/clay-baffle.jpg","type":"image\/jpeg"}],"twitter_card":"summary_large_image","twitter_misc":{"Ber\u00e4knad l\u00e4stid":"1 minut"},"schema":{"@context":"https:\/\/schema.org","@graph":[{"@type":"WebPage","@id":"https:\/\/gustafs.com\/sv\/produkt\/feltfon-baffles\/","url":"https:\/\/gustafs.com\/sv\/produkt\/feltfon-baffles\/","name":"Feltfon Baffles | Ljudd\u00e4mpande akustikbafflar Gustafs Scandinavia","isPartOf":{"@id":"https:\/\/gustafs.com\/sv\/#website"},"primaryImageOfPage":{"@id":"https:\/\/gustafs.com\/sv\/produkt\/feltfon-baffles\/#primaryimage"},"image":{"@id":"https:\/\/gustafs.com\/sv\/produkt\/feltfon-baffles\/#primaryimage"},"thumbnailUrl":"https:\/\/gustafs.com\/wp-content\/uploads\/2022\/04\/clay-baffle.jpg","datePublished":"2024-02-21T14:57:35+00:00","dateModified":"2026-01-22T13:02:26+00:00","description":"Ljudd\u00e4mpande akustikbafflar av filt med brandklass B-s1,d0 f\u00f6r offentlig milj\u00f6. Enkelt och smidigt montagesystem som passar f\u00f6r b\u00e5de v\u00e4gg och tak. Takabsorbenter av filt som d\u00e4mpar ljud och bidrar till en b\u00e4ttre arbetsmilj\u00f6.","breadcrumb":{"@id":"https:\/\/gustafs.com\/sv\/produkt\/feltfon-baffles\/#breadcrumb"},"inLanguage":"sv-SE","potentialAction":[{"@type":"ReadAction","target":["https:\/\/gustafs.com\/sv\/produkt\/feltfon-baffles\/"]}]},{"@type":"ImageObject","inLanguage":"sv-SE","@id":"https:\/\/gustafs.com\/sv\/produkt\/feltfon-baffles\/#primaryimage","url":"https:\/\/gustafs.com\/wp-content\/uploads\/2022\/04\/clay-baffle.jpg","contentUrl":"https:\/\/gustafs.com\/wp-content\/uploads\/2022\/04\/clay-baffle.jpg","width":1030,"height":1290,"caption":"Loft office interior with a white table, white brick walls, loft windows and rows of computer tables with black screens. A meeting room to the right. 3d rendering mock up"},{"@type":"BreadcrumbList","@id":"https:\/\/gustafs.com\/sv\/produkt\/feltfon-baffles\/#breadcrumb","itemListElement":[{"@type":"ListItem","position":1,"name":"Gustafs","item":"https:\/\/gustafs.com\/sv\/"},{"@type":"ListItem","position":2,"name":"Produkter","item":"https:\/\/gustafs.com\/sv\/produkter\/"},{"@type":"ListItem","position":3,"name":"Feltfon","item":"https:\/\/gustafs.com\/sv\/produkt-kategori\/feltfon\/"},{"@type":"ListItem","position":4,"name":"Feltfon Baffles"}]},{"@type":"WebSite","@id":"https:\/\/gustafs.com\/sv\/#website","url":"https:\/\/gustafs.com\/sv\/","name":"Gustafs Scandinavia","description":"Exclusive Wooden Panels And Acoustic Panels","potentialAction":[{"@type":"SearchAction","target":{"@type":"EntryPoint","urlTemplate":"https:\/\/gustafs.com\/sv\/?s={search_term_string}"},"query-input":{"@type":"PropertyValueSpecification","valueRequired":true,"valueName":"search_term_string"}}],"inLanguage":"sv-SE"}]}},"_links":{"self":[{"href":"https:\/\/gustafs.com\/sv\/wp-json\/wp\/v2\/product\/21763","targetHints":{"allow":["GET"]}}],"collection":[{"href":"https:\/\/gustafs.com\/sv\/wp-json\/wp\/v2\/product"}],"about":[{"href":"https:\/\/gustafs.com\/sv\/wp-json\/wp\/v2\/types\/product"}],"version-history":[{"count":38,"href":"https:\/\/gustafs.com\/sv\/wp-json\/wp\/v2\/product\/21763\/revisions"}],"predecessor-version":[{"id":80947,"href":"https:\/\/gustafs.com\/sv\/wp-json\/wp\/v2\/product\/21763\/revisions\/80947"}],"wp:featuredmedia":[{"embeddable":true,"href":"https:\/\/gustafs.com\/sv\/wp-json\/wp\/v2\/media\/20893"}],"wp:attachment":[{"href":"https:\/\/gustafs.com\/sv\/wp-json\/wp\/v2\/media?parent=21763"}],"wp:term":[{"taxonomy":"product_brand","embeddable":true,"href":"https:\/\/gustafs.com\/sv\/wp-json\/wp\/v2\/product_brand?post=21763"},{"taxonomy":"product_cat","embeddable":true,"href":"https:\/\/gustafs.com\/sv\/wp-json\/wp\/v2\/product_cat?post=21763"},{"taxonomy":"product_tag","embeddable":true,"href":"https:\/\/gustafs.com\/sv\/wp-json\/wp\/v2\/product_tag?post=21763"}],"curies":[{"name":"wp","href":"https:\/\/api.w.org\/{rel}","templated":true}]}}