{"id":21619,"date":"2023-11-14T09:49:14","date_gmt":"2024-02-21T09:51:43","guid":{"rendered":"https:\/\/gustafs.com\/?post_type=product&#038;p=21619"},"modified":"2025-10-24T16:59:23","modified_gmt":"2025-10-24T14:59:23","slug":"feltfon-dna","status":"publish","type":"product","link":"https:\/\/gustafs.com\/sv\/produkt\/feltfon-dna\/","title":{"rendered":"Feltfon DNA"},"content":{"rendered":"<p style=\"letter-spacing: 1px;\">FILTABSORBENT Ljudd\u00e4mpande konstverk i v\u00e5gm\u00f6nster<\/p>\n<p>Feltfon\u00a9 DNA &#8211; Ljudd\u00e4mpande konstverk, inspirerade av origami, l\u00e4gger till en tredje dimension till din ljudabsorberande installation och med sina fantastiska 3D-formade v\u00e5gm\u00f6nster f\u00f6rb\u00e4ttrar den akustiken i rummet. Capax Quick-Up-systemet s\u00e4kerst\u00e4ller stabila och enkla installationer f\u00f6r b\u00e5de v\u00e4ggar och tak. Med Gustafs Acoustex\u00a9 \u00e4r Feltfon DNA robust och vattenresistent f\u00f6r alla typer av offentliga interi\u00f6rer. Berika designen med fyllningslister i tr\u00e4. Feltfon\u00a9 DNA har brandklass B-s1,d0 utan behov av impregnering. Placera enkelt varje DNA ribba som du vill och skapa egna v\u00e5gm\u00f6nster.<\/p>\n","protected":false},"excerpt":{"rendered":"<p>FILTABSORBENT Ljudd\u00e4mpande konstverk i v\u00e5gm\u00f6nster Feltfon\u00a9 DNA &#8211; Ljudd\u00e4mpande konstverk, inspirerade av origami, l\u00e4gger till en tredje dimension till din ljudabsorberande installation och med sina fantastiska 3D-formade v\u00e5gm\u00f6nster f\u00f6rb\u00e4ttrar den akustiken i rummet. Capax Quick-Up-systemet s\u00e4kerst\u00e4ller stabila och enkla installationer f\u00f6r b\u00e5de v\u00e4ggar och tak. Med Gustafs Acoustex\u00a9 \u00e4r Feltfon DNA robust och vattenresistent f\u00f6r [&hellip;]<\/p>\n","protected":false},"featured_media":20268,"template":"","meta":{"_acf_changed":false,"inline_featured_image":false,"footnotes":""},"product_brand":[],"product_cat":[377,378],"product_tag":[],"class_list":{"0":"post-21619","1":"product","2":"type-product","3":"status-publish","4":"has-post-thumbnail","6":"product_cat-feltfon","7":"product_cat-feltfon-vector-sv","8":"pa_acoustic-class-absorption-a","9":"pa_acoustic-class-absorption-b","10":"pa_acoustic-class-absorption-c","11":"pa_acoustic-class-absorption-d","13":"first","14":"instock","15":"shipping-taxable","16":"product-type-simple"},"acf":[],"yoast_head":"<!-- This site is optimized with the Yoast SEO plugin v25.4 - https:\/\/yoast.com\/wordpress\/plugins\/seo\/ -->\n<title>Feltfon DNA | Ljudd\u00e4mpande konstverk<\/title>\n<meta name=\"description\" content=\"Ljudd\u00e4mpande konstverk i flera modeller och f\u00e4rger. De kan snyggt synkas in och matcha arbetsplatsens \u00f6vriga m\u00f6blering. Med ljudabsorbenterna kan du uppn\u00e5 A-klassad ljudabsorption och samtidigt vara trygg med en produkt som h\u00e5ller brandklass Bs1,d0.\" \/>\n<meta name=\"robots\" content=\"index, follow, max-snippet:-1, max-image-preview:large, max-video-preview:-1\" \/>\n<link rel=\"canonical\" href=\"https:\/\/gustafs.com\/sv\/produkt\/feltfon-dna\/\" \/>\n<meta property=\"og:locale\" content=\"sv_SE\" \/>\n<meta property=\"og:type\" content=\"article\" \/>\n<meta property=\"og:title\" content=\"Feltfon DNA | Ljudd\u00e4mpande konstverk\" \/>\n<meta property=\"og:description\" content=\"Ljudd\u00e4mpande konstverk i flera modeller och f\u00e4rger. De kan snyggt synkas in och matcha arbetsplatsens \u00f6vriga m\u00f6blering. Med ljudabsorbenterna kan du uppn\u00e5 A-klassad ljudabsorption och samtidigt vara trygg med en produkt som h\u00e5ller brandklass Bs1,d0.\" \/>\n<meta property=\"og:url\" content=\"https:\/\/gustafs.com\/sv\/produkt\/feltfon-dna\/\" \/>\n<meta property=\"og:site_name\" content=\"Gustafs Scandinavia\" \/>\n<meta property=\"article:modified_time\" content=\"2025-10-24T14:59:23+00:00\" \/>\n<meta property=\"og:image\" content=\"https:\/\/gustafs.com\/wp-content\/uploads\/2023\/11\/gustafs-scandinavia-havrekvarn-fotograf-mattias-hamren-17.jpg\" \/>\n\t<meta property=\"og:image:width\" content=\"1030\" \/>\n\t<meta property=\"og:image:height\" content=\"1290\" \/>\n\t<meta property=\"og:image:type\" content=\"image\/jpeg\" \/>\n<meta name=\"twitter:card\" content=\"summary_large_image\" \/>\n<meta name=\"twitter:label1\" content=\"Ber\u00e4knad l\u00e4stid\" \/>\n\t<meta name=\"twitter:data1\" content=\"1 minut\" \/>\n<script type=\"application\/ld+json\" class=\"yoast-schema-graph\">{\"@context\":\"https:\/\/schema.org\",\"@graph\":[{\"@type\":\"WebPage\",\"@id\":\"https:\/\/gustafs.com\/sv\/produkt\/feltfon-dna\/\",\"url\":\"https:\/\/gustafs.com\/sv\/produkt\/feltfon-dna\/\",\"name\":\"Feltfon DNA | Ljudd\u00e4mpande konstverk\",\"isPartOf\":{\"@id\":\"https:\/\/gustafs.com\/sv\/#website\"},\"primaryImageOfPage\":{\"@id\":\"https:\/\/gustafs.com\/sv\/produkt\/feltfon-dna\/#primaryimage\"},\"image\":{\"@id\":\"https:\/\/gustafs.com\/sv\/produkt\/feltfon-dna\/#primaryimage\"},\"thumbnailUrl\":\"https:\/\/gustafs.com\/wp-content\/uploads\/2023\/11\/gustafs-scandinavia-havrekvarn-fotograf-mattias-hamren-17.jpg\",\"datePublished\":\"2024-02-21T09:51:43+00:00\",\"dateModified\":\"2025-10-24T14:59:23+00:00\",\"description\":\"Ljudd\u00e4mpande konstverk i flera modeller och f\u00e4rger. De kan snyggt synkas in och matcha arbetsplatsens \u00f6vriga m\u00f6blering. Med ljudabsorbenterna kan du uppn\u00e5 A-klassad ljudabsorption och samtidigt vara trygg med en produkt som h\u00e5ller brandklass Bs1,d0.\",\"breadcrumb\":{\"@id\":\"https:\/\/gustafs.com\/sv\/produkt\/feltfon-dna\/#breadcrumb\"},\"inLanguage\":\"sv-SE\",\"potentialAction\":[{\"@type\":\"ReadAction\",\"target\":[\"https:\/\/gustafs.com\/sv\/produkt\/feltfon-dna\/\"]}]},{\"@type\":\"ImageObject\",\"inLanguage\":\"sv-SE\",\"@id\":\"https:\/\/gustafs.com\/sv\/produkt\/feltfon-dna\/#primaryimage\",\"url\":\"https:\/\/gustafs.com\/wp-content\/uploads\/2023\/11\/gustafs-scandinavia-havrekvarn-fotograf-mattias-hamren-17.jpg\",\"contentUrl\":\"https:\/\/gustafs.com\/wp-content\/uploads\/2023\/11\/gustafs-scandinavia-havrekvarn-fotograf-mattias-hamren-17.jpg\",\"width\":1030,\"height\":1290},{\"@type\":\"BreadcrumbList\",\"@id\":\"https:\/\/gustafs.com\/sv\/produkt\/feltfon-dna\/#breadcrumb\",\"itemListElement\":[{\"@type\":\"ListItem\",\"position\":1,\"name\":\"Gustafs\",\"item\":\"https:\/\/gustafs.com\/sv\/\"},{\"@type\":\"ListItem\",\"position\":2,\"name\":\"Produkter\",\"item\":\"https:\/\/gustafs.com\/sv\/produkter\/\"},{\"@type\":\"ListItem\",\"position\":3,\"name\":\"Feltfon\",\"item\":\"https:\/\/gustafs.com\/sv\/produkt-kategori\/feltfon\/\"},{\"@type\":\"ListItem\",\"position\":4,\"name\":\"Feltfon DNA\"}]},{\"@type\":\"WebSite\",\"@id\":\"https:\/\/gustafs.com\/sv\/#website\",\"url\":\"https:\/\/gustafs.com\/sv\/\",\"name\":\"Gustafs Scandinavia\",\"description\":\"Exclusive Wooden Panels And Acoustic Panels\",\"potentialAction\":[{\"@type\":\"SearchAction\",\"target\":{\"@type\":\"EntryPoint\",\"urlTemplate\":\"https:\/\/gustafs.com\/sv\/?s={search_term_string}\"},\"query-input\":{\"@type\":\"PropertyValueSpecification\",\"valueRequired\":true,\"valueName\":\"search_term_string\"}}],\"inLanguage\":\"sv-SE\"}]}<\/script>\n<!-- \/ Yoast SEO plugin. -->","yoast_head_json":{"title":"Feltfon DNA | Ljudd\u00e4mpande konstverk","description":"Ljudd\u00e4mpande konstverk i flera modeller och f\u00e4rger. De kan snyggt synkas in och matcha arbetsplatsens \u00f6vriga m\u00f6blering. Med ljudabsorbenterna kan du uppn\u00e5 A-klassad ljudabsorption och samtidigt vara trygg med en produkt som h\u00e5ller brandklass Bs1,d0.","robots":{"index":"index","follow":"follow","max-snippet":"max-snippet:-1","max-image-preview":"max-image-preview:large","max-video-preview":"max-video-preview:-1"},"canonical":"https:\/\/gustafs.com\/sv\/produkt\/feltfon-dna\/","og_locale":"sv_SE","og_type":"article","og_title":"Feltfon DNA | Ljudd\u00e4mpande konstverk","og_description":"Ljudd\u00e4mpande konstverk i flera modeller och f\u00e4rger. De kan snyggt synkas in och matcha arbetsplatsens \u00f6vriga m\u00f6blering. Med ljudabsorbenterna kan du uppn\u00e5 A-klassad ljudabsorption och samtidigt vara trygg med en produkt som h\u00e5ller brandklass Bs1,d0.","og_url":"https:\/\/gustafs.com\/sv\/produkt\/feltfon-dna\/","og_site_name":"Gustafs Scandinavia","article_modified_time":"2025-10-24T14:59:23+00:00","og_image":[{"width":1030,"height":1290,"url":"https:\/\/gustafs.com\/wp-content\/uploads\/2023\/11\/gustafs-scandinavia-havrekvarn-fotograf-mattias-hamren-17.jpg","type":"image\/jpeg"}],"twitter_card":"summary_large_image","twitter_misc":{"Ber\u00e4knad l\u00e4stid":"1 minut"},"schema":{"@context":"https:\/\/schema.org","@graph":[{"@type":"WebPage","@id":"https:\/\/gustafs.com\/sv\/produkt\/feltfon-dna\/","url":"https:\/\/gustafs.com\/sv\/produkt\/feltfon-dna\/","name":"Feltfon DNA | Ljudd\u00e4mpande konstverk","isPartOf":{"@id":"https:\/\/gustafs.com\/sv\/#website"},"primaryImageOfPage":{"@id":"https:\/\/gustafs.com\/sv\/produkt\/feltfon-dna\/#primaryimage"},"image":{"@id":"https:\/\/gustafs.com\/sv\/produkt\/feltfon-dna\/#primaryimage"},"thumbnailUrl":"https:\/\/gustafs.com\/wp-content\/uploads\/2023\/11\/gustafs-scandinavia-havrekvarn-fotograf-mattias-hamren-17.jpg","datePublished":"2024-02-21T09:51:43+00:00","dateModified":"2025-10-24T14:59:23+00:00","description":"Ljudd\u00e4mpande konstverk i flera modeller och f\u00e4rger. De kan snyggt synkas in och matcha arbetsplatsens \u00f6vriga m\u00f6blering. Med ljudabsorbenterna kan du uppn\u00e5 A-klassad ljudabsorption och samtidigt vara trygg med en produkt som h\u00e5ller brandklass Bs1,d0.","breadcrumb":{"@id":"https:\/\/gustafs.com\/sv\/produkt\/feltfon-dna\/#breadcrumb"},"inLanguage":"sv-SE","potentialAction":[{"@type":"ReadAction","target":["https:\/\/gustafs.com\/sv\/produkt\/feltfon-dna\/"]}]},{"@type":"ImageObject","inLanguage":"sv-SE","@id":"https:\/\/gustafs.com\/sv\/produkt\/feltfon-dna\/#primaryimage","url":"https:\/\/gustafs.com\/wp-content\/uploads\/2023\/11\/gustafs-scandinavia-havrekvarn-fotograf-mattias-hamren-17.jpg","contentUrl":"https:\/\/gustafs.com\/wp-content\/uploads\/2023\/11\/gustafs-scandinavia-havrekvarn-fotograf-mattias-hamren-17.jpg","width":1030,"height":1290},{"@type":"BreadcrumbList","@id":"https:\/\/gustafs.com\/sv\/produkt\/feltfon-dna\/#breadcrumb","itemListElement":[{"@type":"ListItem","position":1,"name":"Gustafs","item":"https:\/\/gustafs.com\/sv\/"},{"@type":"ListItem","position":2,"name":"Produkter","item":"https:\/\/gustafs.com\/sv\/produkter\/"},{"@type":"ListItem","position":3,"name":"Feltfon","item":"https:\/\/gustafs.com\/sv\/produkt-kategori\/feltfon\/"},{"@type":"ListItem","position":4,"name":"Feltfon DNA"}]},{"@type":"WebSite","@id":"https:\/\/gustafs.com\/sv\/#website","url":"https:\/\/gustafs.com\/sv\/","name":"Gustafs Scandinavia","description":"Exclusive Wooden Panels And Acoustic Panels","potentialAction":[{"@type":"SearchAction","target":{"@type":"EntryPoint","urlTemplate":"https:\/\/gustafs.com\/sv\/?s={search_term_string}"},"query-input":{"@type":"PropertyValueSpecification","valueRequired":true,"valueName":"search_term_string"}}],"inLanguage":"sv-SE"}]}},"_links":{"self":[{"href":"https:\/\/gustafs.com\/sv\/wp-json\/wp\/v2\/product\/21619","targetHints":{"allow":["GET"]}}],"collection":[{"href":"https:\/\/gustafs.com\/sv\/wp-json\/wp\/v2\/product"}],"about":[{"href":"https:\/\/gustafs.com\/sv\/wp-json\/wp\/v2\/types\/product"}],"version-history":[{"count":42,"href":"https:\/\/gustafs.com\/sv\/wp-json\/wp\/v2\/product\/21619\/revisions"}],"predecessor-version":[{"id":78041,"href":"https:\/\/gustafs.com\/sv\/wp-json\/wp\/v2\/product\/21619\/revisions\/78041"}],"wp:featuredmedia":[{"embeddable":true,"href":"https:\/\/gustafs.com\/sv\/wp-json\/wp\/v2\/media\/20268"}],"wp:attachment":[{"href":"https:\/\/gustafs.com\/sv\/wp-json\/wp\/v2\/media?parent=21619"}],"wp:term":[{"taxonomy":"product_brand","embeddable":true,"href":"https:\/\/gustafs.com\/sv\/wp-json\/wp\/v2\/product_brand?post=21619"},{"taxonomy":"product_cat","embeddable":true,"href":"https:\/\/gustafs.com\/sv\/wp-json\/wp\/v2\/product_cat?post=21619"},{"taxonomy":"product_tag","embeddable":true,"href":"https:\/\/gustafs.com\/sv\/wp-json\/wp\/v2\/product_tag?post=21619"}],"curies":[{"name":"wp","href":"https:\/\/api.w.org\/{rel}","templated":true}]}}