{"id":21517,"date":"2023-11-29T15:42:49","date_gmt":"2024-02-20T13:07:37","guid":{"rendered":"https:\/\/gustafs.com\/?post_type=product&#038;p=21517"},"modified":"2025-11-04T09:15:21","modified_gmt":"2025-11-04T08:15:21","slug":"feltfon-pixel","status":"publish","type":"product","link":"https:\/\/gustafs.com\/sv\/produkt\/feltfon-pixel\/","title":{"rendered":"Feltfon Pixel"},"content":{"rendered":"<p style=\"letter-spacing: 1px;\">LJUDD\u00c4MPANDE LINJ\u00c4R FILT med dekorelement<\/p>\n<p>Gustafs Feltfon\u00a9 Pixel ger dig m\u00f6jlighet att skapa ljudabsorberande v\u00e4ggar och tak med en mjuk och varm estetik. Capax Quick-Up installationssystem finns tillg\u00e4ngligt f\u00f6r v\u00e4ggar och tak. Det \u00e4r ett system som \u00e4r robust f\u00f6r skolor, vackert f\u00f6r kontor, kreativt f\u00f6r arkitekter och prisv\u00e4rt, akustiskt och brands\u00e4kert utan impregnering f\u00f6r alla. Denna h\u00e5llbara l\u00f6sning \u00e4r tillverkad av minst 50% \u00e5tervunnet material efter konsumtion och demonstrerar v\u00e5rt engagemang f\u00f6r att minska milj\u00f6p\u00e5verkan. Skapa pixelm\u00f6nster utan anstr\u00e4ngning med hj\u00e4lp av pixlar i olika material som tr\u00e4 eller filt.<\/p>\n","protected":false},"excerpt":{"rendered":"<p>LJUDD\u00c4MPANDE LINJ\u00c4R FILT med dekorelement Gustafs Feltfon\u00a9 Pixel ger dig m\u00f6jlighet att skapa ljudabsorberande v\u00e4ggar och tak med en mjuk och varm estetik. Capax Quick-Up installationssystem finns tillg\u00e4ngligt f\u00f6r v\u00e4ggar och tak. Det \u00e4r ett system som \u00e4r robust f\u00f6r skolor, vackert f\u00f6r kontor, kreativt f\u00f6r arkitekter och prisv\u00e4rt, akustiskt och brands\u00e4kert utan impregnering f\u00f6r [&hellip;]<\/p>\n","protected":false},"featured_media":20589,"template":"","meta":{"_acf_changed":false,"inline_featured_image":false,"footnotes":""},"product_brand":[],"product_cat":[377,378],"product_tag":[],"class_list":{"0":"post-21517","1":"product","2":"type-product","3":"status-publish","4":"has-post-thumbnail","6":"product_cat-feltfon","7":"product_cat-feltfon-vector-sv","8":"pa_acoustic-class-absorption-a","9":"pa_acoustic-class-absorption-b","10":"pa_acoustic-class-absorption-c","11":"pa_acoustic-class-absorption-d","13":"first","14":"instock","15":"shipping-taxable","16":"product-type-simple"},"acf":[],"yoast_head":"<!-- This site is optimized with the Yoast SEO plugin v25.4 - https:\/\/yoast.com\/wordpress\/plugins\/seo\/ -->\n<title>Feltfon Pixel | Ljudd\u00e4mpande filtabsorbenter med eget m\u00f6nster Gustafs Scandinavia<\/title>\n<meta name=\"description\" content=\"Skapa ljudabsorberande tavlor och v\u00e4gginstallationer med vackra pixelm\u00f6nster efter egen design. V\u00e4lj bland m\u00e5nga filtf\u00e4rger och dimensioner och anv\u00e4nd tr\u00e4 eller filt till dina pixlar och f\u00e5 en unik akustikv\u00e4gg.\" \/>\n<meta name=\"robots\" content=\"index, follow, max-snippet:-1, max-image-preview:large, max-video-preview:-1\" \/>\n<link rel=\"canonical\" href=\"https:\/\/gustafs.com\/sv\/produkt\/feltfon-pixel\/\" \/>\n<meta property=\"og:locale\" content=\"sv_SE\" \/>\n<meta property=\"og:type\" content=\"article\" \/>\n<meta property=\"og:title\" content=\"Feltfon Pixel | Ljudd\u00e4mpande filtabsorbenter med eget m\u00f6nster Gustafs Scandinavia\" \/>\n<meta property=\"og:description\" content=\"Skapa ljudabsorberande tavlor och v\u00e4gginstallationer med vackra pixelm\u00f6nster efter egen design. V\u00e4lj bland m\u00e5nga filtf\u00e4rger och dimensioner och anv\u00e4nd tr\u00e4 eller filt till dina pixlar och f\u00e5 en unik akustikv\u00e4gg.\" \/>\n<meta property=\"og:url\" content=\"https:\/\/gustafs.com\/sv\/produkt\/feltfon-pixel\/\" \/>\n<meta property=\"og:site_name\" content=\"Gustafs Scandinavia\" \/>\n<meta property=\"article:modified_time\" content=\"2025-11-04T08:15:21+00:00\" \/>\n<meta property=\"og:image\" content=\"https:\/\/gustafs.com\/wp-content\/uploads\/2023\/11\/feltfon-pixle-acoustic-wall-burned-clay-1030-scaled.jpg\" \/>\n\t<meta property=\"og:image:width\" content=\"2044\" \/>\n\t<meta property=\"og:image:height\" content=\"2560\" \/>\n\t<meta property=\"og:image:type\" content=\"image\/jpeg\" \/>\n<meta name=\"twitter:card\" content=\"summary_large_image\" \/>\n<meta name=\"twitter:label1\" content=\"Ber\u00e4knad l\u00e4stid\" \/>\n\t<meta name=\"twitter:data1\" content=\"1 minut\" \/>\n<script type=\"application\/ld+json\" class=\"yoast-schema-graph\">{\"@context\":\"https:\/\/schema.org\",\"@graph\":[{\"@type\":\"WebPage\",\"@id\":\"https:\/\/gustafs.com\/sv\/produkt\/feltfon-pixel\/\",\"url\":\"https:\/\/gustafs.com\/sv\/produkt\/feltfon-pixel\/\",\"name\":\"Feltfon Pixel | Ljudd\u00e4mpande filtabsorbenter med eget m\u00f6nster Gustafs Scandinavia\",\"isPartOf\":{\"@id\":\"https:\/\/gustafs.com\/sv\/#website\"},\"primaryImageOfPage\":{\"@id\":\"https:\/\/gustafs.com\/sv\/produkt\/feltfon-pixel\/#primaryimage\"},\"image\":{\"@id\":\"https:\/\/gustafs.com\/sv\/produkt\/feltfon-pixel\/#primaryimage\"},\"thumbnailUrl\":\"https:\/\/gustafs.com\/wp-content\/uploads\/2023\/11\/feltfon-pixle-acoustic-wall-burned-clay-1030-scaled.jpg\",\"datePublished\":\"2024-02-20T13:07:37+00:00\",\"dateModified\":\"2025-11-04T08:15:21+00:00\",\"description\":\"Skapa ljudabsorberande tavlor och v\u00e4gginstallationer med vackra pixelm\u00f6nster efter egen design. V\u00e4lj bland m\u00e5nga filtf\u00e4rger och dimensioner och anv\u00e4nd tr\u00e4 eller filt till dina pixlar och f\u00e5 en unik akustikv\u00e4gg.\",\"breadcrumb\":{\"@id\":\"https:\/\/gustafs.com\/sv\/produkt\/feltfon-pixel\/#breadcrumb\"},\"inLanguage\":\"sv-SE\",\"potentialAction\":[{\"@type\":\"ReadAction\",\"target\":[\"https:\/\/gustafs.com\/sv\/produkt\/feltfon-pixel\/\"]}]},{\"@type\":\"ImageObject\",\"inLanguage\":\"sv-SE\",\"@id\":\"https:\/\/gustafs.com\/sv\/produkt\/feltfon-pixel\/#primaryimage\",\"url\":\"https:\/\/gustafs.com\/wp-content\/uploads\/2023\/11\/feltfon-pixle-acoustic-wall-burned-clay-1030-scaled.jpg\",\"contentUrl\":\"https:\/\/gustafs.com\/wp-content\/uploads\/2023\/11\/feltfon-pixle-acoustic-wall-burned-clay-1030-scaled.jpg\",\"width\":2044,\"height\":2560},{\"@type\":\"BreadcrumbList\",\"@id\":\"https:\/\/gustafs.com\/sv\/produkt\/feltfon-pixel\/#breadcrumb\",\"itemListElement\":[{\"@type\":\"ListItem\",\"position\":1,\"name\":\"Gustafs\",\"item\":\"https:\/\/gustafs.com\/sv\/\"},{\"@type\":\"ListItem\",\"position\":2,\"name\":\"Produkter\",\"item\":\"https:\/\/gustafs.com\/sv\/produkter\/\"},{\"@type\":\"ListItem\",\"position\":3,\"name\":\"Feltfon\",\"item\":\"https:\/\/gustafs.com\/sv\/produkt-kategori\/feltfon\/\"},{\"@type\":\"ListItem\",\"position\":4,\"name\":\"Feltfon Pixel\"}]},{\"@type\":\"WebSite\",\"@id\":\"https:\/\/gustafs.com\/sv\/#website\",\"url\":\"https:\/\/gustafs.com\/sv\/\",\"name\":\"Gustafs Scandinavia\",\"description\":\"Exclusive Wooden Panels And Acoustic Panels\",\"potentialAction\":[{\"@type\":\"SearchAction\",\"target\":{\"@type\":\"EntryPoint\",\"urlTemplate\":\"https:\/\/gustafs.com\/sv\/?s={search_term_string}\"},\"query-input\":{\"@type\":\"PropertyValueSpecification\",\"valueRequired\":true,\"valueName\":\"search_term_string\"}}],\"inLanguage\":\"sv-SE\"}]}<\/script>\n<!-- \/ Yoast SEO plugin. -->","yoast_head_json":{"title":"Feltfon Pixel | Ljudd\u00e4mpande filtabsorbenter med eget m\u00f6nster Gustafs Scandinavia","description":"Skapa ljudabsorberande tavlor och v\u00e4gginstallationer med vackra pixelm\u00f6nster efter egen design. V\u00e4lj bland m\u00e5nga filtf\u00e4rger och dimensioner och anv\u00e4nd tr\u00e4 eller filt till dina pixlar och f\u00e5 en unik akustikv\u00e4gg.","robots":{"index":"index","follow":"follow","max-snippet":"max-snippet:-1","max-image-preview":"max-image-preview:large","max-video-preview":"max-video-preview:-1"},"canonical":"https:\/\/gustafs.com\/sv\/produkt\/feltfon-pixel\/","og_locale":"sv_SE","og_type":"article","og_title":"Feltfon Pixel | Ljudd\u00e4mpande filtabsorbenter med eget m\u00f6nster Gustafs Scandinavia","og_description":"Skapa ljudabsorberande tavlor och v\u00e4gginstallationer med vackra pixelm\u00f6nster efter egen design. V\u00e4lj bland m\u00e5nga filtf\u00e4rger och dimensioner och anv\u00e4nd tr\u00e4 eller filt till dina pixlar och f\u00e5 en unik akustikv\u00e4gg.","og_url":"https:\/\/gustafs.com\/sv\/produkt\/feltfon-pixel\/","og_site_name":"Gustafs Scandinavia","article_modified_time":"2025-11-04T08:15:21+00:00","og_image":[{"width":2044,"height":2560,"url":"https:\/\/gustafs.com\/wp-content\/uploads\/2023\/11\/feltfon-pixle-acoustic-wall-burned-clay-1030-scaled.jpg","type":"image\/jpeg"}],"twitter_card":"summary_large_image","twitter_misc":{"Ber\u00e4knad l\u00e4stid":"1 minut"},"schema":{"@context":"https:\/\/schema.org","@graph":[{"@type":"WebPage","@id":"https:\/\/gustafs.com\/sv\/produkt\/feltfon-pixel\/","url":"https:\/\/gustafs.com\/sv\/produkt\/feltfon-pixel\/","name":"Feltfon Pixel | Ljudd\u00e4mpande filtabsorbenter med eget m\u00f6nster Gustafs Scandinavia","isPartOf":{"@id":"https:\/\/gustafs.com\/sv\/#website"},"primaryImageOfPage":{"@id":"https:\/\/gustafs.com\/sv\/produkt\/feltfon-pixel\/#primaryimage"},"image":{"@id":"https:\/\/gustafs.com\/sv\/produkt\/feltfon-pixel\/#primaryimage"},"thumbnailUrl":"https:\/\/gustafs.com\/wp-content\/uploads\/2023\/11\/feltfon-pixle-acoustic-wall-burned-clay-1030-scaled.jpg","datePublished":"2024-02-20T13:07:37+00:00","dateModified":"2025-11-04T08:15:21+00:00","description":"Skapa ljudabsorberande tavlor och v\u00e4gginstallationer med vackra pixelm\u00f6nster efter egen design. V\u00e4lj bland m\u00e5nga filtf\u00e4rger och dimensioner och anv\u00e4nd tr\u00e4 eller filt till dina pixlar och f\u00e5 en unik akustikv\u00e4gg.","breadcrumb":{"@id":"https:\/\/gustafs.com\/sv\/produkt\/feltfon-pixel\/#breadcrumb"},"inLanguage":"sv-SE","potentialAction":[{"@type":"ReadAction","target":["https:\/\/gustafs.com\/sv\/produkt\/feltfon-pixel\/"]}]},{"@type":"ImageObject","inLanguage":"sv-SE","@id":"https:\/\/gustafs.com\/sv\/produkt\/feltfon-pixel\/#primaryimage","url":"https:\/\/gustafs.com\/wp-content\/uploads\/2023\/11\/feltfon-pixle-acoustic-wall-burned-clay-1030-scaled.jpg","contentUrl":"https:\/\/gustafs.com\/wp-content\/uploads\/2023\/11\/feltfon-pixle-acoustic-wall-burned-clay-1030-scaled.jpg","width":2044,"height":2560},{"@type":"BreadcrumbList","@id":"https:\/\/gustafs.com\/sv\/produkt\/feltfon-pixel\/#breadcrumb","itemListElement":[{"@type":"ListItem","position":1,"name":"Gustafs","item":"https:\/\/gustafs.com\/sv\/"},{"@type":"ListItem","position":2,"name":"Produkter","item":"https:\/\/gustafs.com\/sv\/produkter\/"},{"@type":"ListItem","position":3,"name":"Feltfon","item":"https:\/\/gustafs.com\/sv\/produkt-kategori\/feltfon\/"},{"@type":"ListItem","position":4,"name":"Feltfon Pixel"}]},{"@type":"WebSite","@id":"https:\/\/gustafs.com\/sv\/#website","url":"https:\/\/gustafs.com\/sv\/","name":"Gustafs Scandinavia","description":"Exclusive Wooden Panels And Acoustic Panels","potentialAction":[{"@type":"SearchAction","target":{"@type":"EntryPoint","urlTemplate":"https:\/\/gustafs.com\/sv\/?s={search_term_string}"},"query-input":{"@type":"PropertyValueSpecification","valueRequired":true,"valueName":"search_term_string"}}],"inLanguage":"sv-SE"}]}},"_links":{"self":[{"href":"https:\/\/gustafs.com\/sv\/wp-json\/wp\/v2\/product\/21517","targetHints":{"allow":["GET"]}}],"collection":[{"href":"https:\/\/gustafs.com\/sv\/wp-json\/wp\/v2\/product"}],"about":[{"href":"https:\/\/gustafs.com\/sv\/wp-json\/wp\/v2\/types\/product"}],"version-history":[{"count":23,"href":"https:\/\/gustafs.com\/sv\/wp-json\/wp\/v2\/product\/21517\/revisions"}],"predecessor-version":[{"id":78292,"href":"https:\/\/gustafs.com\/sv\/wp-json\/wp\/v2\/product\/21517\/revisions\/78292"}],"wp:featuredmedia":[{"embeddable":true,"href":"https:\/\/gustafs.com\/sv\/wp-json\/wp\/v2\/media\/20589"}],"wp:attachment":[{"href":"https:\/\/gustafs.com\/sv\/wp-json\/wp\/v2\/media?parent=21517"}],"wp:term":[{"taxonomy":"product_brand","embeddable":true,"href":"https:\/\/gustafs.com\/sv\/wp-json\/wp\/v2\/product_brand?post=21517"},{"taxonomy":"product_cat","embeddable":true,"href":"https:\/\/gustafs.com\/sv\/wp-json\/wp\/v2\/product_cat?post=21517"},{"taxonomy":"product_tag","embeddable":true,"href":"https:\/\/gustafs.com\/sv\/wp-json\/wp\/v2\/product_tag?post=21517"}],"curies":[{"name":"wp","href":"https:\/\/api.w.org\/{rel}","templated":true}]}}