{"id":19729,"date":"2023-12-18T15:45:01","date_gmt":"2023-12-18T14:45:02","guid":{"rendered":"https:\/\/gustafs.com\/?post_type=product&#038;p=19729"},"modified":"2025-10-10T09:35:35","modified_gmt":"2025-10-10T07:35:35","slug":"lamellow_plus_cera","status":"publish","type":"product","link":"https:\/\/gustafs.com\/sv\/produkt\/lamellow_plus_cera\/","title":{"rendered":"Lamellow+ Cera"},"content":{"rendered":"<p style=\"letter-spacing: 1px;\">AKUSTIK LINJ\u00c4R PANEL F\u00d6R V\u00c4GGAR OCH TAK<\/p>\n<p>En stabil filtbaksida och linj\u00e4ra ribbor i ett modernt kompositmaterial som ytbehandlats med trippel UV-lack. Enkel och snabb montering, p\u00e5 v\u00e4gg med skruvar, spik eller lim, nedpendlat fr\u00e5n tak med Gustafs v\u00e4lbepr\u00f6vade T24-system. Panelerna monteras alltid med dolda skarvar emellan, i alla fyra riktningar. Sj\u00e4lvklart har Lamellow+ Cera en solid B-s1,d0 brandklassning, p\u00e5 Gustafs s\u00e4tt utan behov av kemisk impregnering. Uppfyller alla kriterier f\u00f6r anv\u00e4ndning i offentliga milj\u00f6er. \u00c4r du inredningsarkitekt \u2013 utmana oss med ditt eget designm\u00f6nster i v\u00e5r Lamellow+ serie!<\/p>\n","protected":false},"excerpt":{"rendered":"<p>AKUSTIK LINJ\u00c4R PANEL F\u00d6R V\u00c4GGAR OCH TAK En stabil filtbaksida och linj\u00e4ra ribbor i ett modernt kompositmaterial som ytbehandlats med trippel UV-lack. Enkel och snabb montering, p\u00e5 v\u00e4gg med skruvar, spik eller lim, nedpendlat fr\u00e5n tak med Gustafs v\u00e4lbepr\u00f6vade T24-system. Panelerna monteras alltid med dolda skarvar emellan, i alla fyra riktningar. Sj\u00e4lvklart har Lamellow+ Cera [&hellip;]<\/p>\n","protected":false},"featured_media":77363,"template":"","meta":{"_acf_changed":false,"inline_featured_image":false,"footnotes":""},"product_brand":[],"product_cat":[234,235],"product_tag":[238],"class_list":{"0":"post-19729","1":"product","2":"type-product","3":"status-publish","4":"has-post-thumbnail","6":"product_cat-gustafs-linears-sv","7":"product_cat-linear-panels-sv","8":"product_tag-linear-panels-sv","9":"pa_acoustic-class-absorption-a","10":"pa_acoustic-class-absorption-d","12":"first","13":"instock","14":"shipping-taxable","15":"product-type-simple"},"acf":[],"yoast_head":"<!-- This site is optimized with the Yoast SEO plugin v25.4 - https:\/\/yoast.com\/wordpress\/plugins\/seo\/ -->\n<title>Lamellow+ Cera | Gustafs Scandinavia<\/title>\n<meta name=\"robots\" content=\"index, follow, max-snippet:-1, max-image-preview:large, max-video-preview:-1\" \/>\n<link rel=\"canonical\" href=\"https:\/\/gustafs.com\/sv\/produkt\/lamellow_plus_cera\/\" \/>\n<meta property=\"og:locale\" content=\"sv_SE\" \/>\n<meta property=\"og:type\" content=\"article\" \/>\n<meta property=\"og:title\" content=\"Lamellow+ Cera | Gustafs Scandinavia\" \/>\n<meta property=\"og:description\" content=\"AKUSTIK LINJ\u00c4R PANEL F\u00d6R V\u00c4GGAR OCH TAK En stabil filtbaksida och linj\u00e4ra ribbor i ett modernt kompositmaterial som ytbehandlats med trippel UV-lack. Enkel och snabb montering, p\u00e5 v\u00e4gg med skruvar, spik eller lim, nedpendlat fr\u00e5n tak med Gustafs v\u00e4lbepr\u00f6vade T24-system. Panelerna monteras alltid med dolda skarvar emellan, i alla fyra riktningar. Sj\u00e4lvklart har Lamellow+ Cera [&hellip;]\" \/>\n<meta property=\"og:url\" content=\"https:\/\/gustafs.com\/sv\/produkt\/lamellow_plus_cera\/\" \/>\n<meta property=\"og:site_name\" content=\"Gustafs Scandinavia\" \/>\n<meta property=\"article:modified_time\" content=\"2025-10-10T07:35:35+00:00\" \/>\n<meta property=\"og:image\" content=\"https:\/\/gustafs.com\/wp-content\/uploads\/2023\/12\/lamellow-cera-linear-dark-grey-produktkort.jpg\" \/>\n\t<meta property=\"og:image:width\" content=\"1030\" \/>\n\t<meta property=\"og:image:height\" content=\"1290\" \/>\n\t<meta property=\"og:image:type\" content=\"image\/jpeg\" \/>\n<meta name=\"twitter:card\" content=\"summary_large_image\" \/>\n<meta name=\"twitter:label1\" content=\"Ber\u00e4knad l\u00e4stid\" \/>\n\t<meta name=\"twitter:data1\" content=\"1 minut\" \/>\n<script type=\"application\/ld+json\" class=\"yoast-schema-graph\">{\"@context\":\"https:\/\/schema.org\",\"@graph\":[{\"@type\":\"WebPage\",\"@id\":\"https:\/\/gustafs.com\/sv\/produkt\/lamellow_plus_cera\/\",\"url\":\"https:\/\/gustafs.com\/sv\/produkt\/lamellow_plus_cera\/\",\"name\":\"Lamellow+ Cera | Gustafs Scandinavia\",\"isPartOf\":{\"@id\":\"https:\/\/gustafs.com\/sv\/#website\"},\"primaryImageOfPage\":{\"@id\":\"https:\/\/gustafs.com\/sv\/produkt\/lamellow_plus_cera\/#primaryimage\"},\"image\":{\"@id\":\"https:\/\/gustafs.com\/sv\/produkt\/lamellow_plus_cera\/#primaryimage\"},\"thumbnailUrl\":\"https:\/\/gustafs.com\/wp-content\/uploads\/2023\/12\/lamellow-cera-linear-dark-grey-produktkort.jpg\",\"datePublished\":\"2023-12-18T14:45:02+00:00\",\"dateModified\":\"2025-10-10T07:35:35+00:00\",\"breadcrumb\":{\"@id\":\"https:\/\/gustafs.com\/sv\/produkt\/lamellow_plus_cera\/#breadcrumb\"},\"inLanguage\":\"sv-SE\",\"potentialAction\":[{\"@type\":\"ReadAction\",\"target\":[\"https:\/\/gustafs.com\/sv\/produkt\/lamellow_plus_cera\/\"]}]},{\"@type\":\"ImageObject\",\"inLanguage\":\"sv-SE\",\"@id\":\"https:\/\/gustafs.com\/sv\/produkt\/lamellow_plus_cera\/#primaryimage\",\"url\":\"https:\/\/gustafs.com\/wp-content\/uploads\/2023\/12\/lamellow-cera-linear-dark-grey-produktkort.jpg\",\"contentUrl\":\"https:\/\/gustafs.com\/wp-content\/uploads\/2023\/12\/lamellow-cera-linear-dark-grey-produktkort.jpg\",\"width\":1030,\"height\":1290},{\"@type\":\"BreadcrumbList\",\"@id\":\"https:\/\/gustafs.com\/sv\/produkt\/lamellow_plus_cera\/#breadcrumb\",\"itemListElement\":[{\"@type\":\"ListItem\",\"position\":1,\"name\":\"Gustafs\",\"item\":\"https:\/\/gustafs.com\/sv\/\"},{\"@type\":\"ListItem\",\"position\":2,\"name\":\"Produkter\",\"item\":\"https:\/\/gustafs.com\/sv\/produkter\/\"},{\"@type\":\"ListItem\",\"position\":3,\"name\":\"Gustafs Linears\",\"item\":\"https:\/\/gustafs.com\/sv\/produkt-kategori\/gustafs-linears-sv\/\"},{\"@type\":\"ListItem\",\"position\":4,\"name\":\"Lamellow+ Cera\"}]},{\"@type\":\"WebSite\",\"@id\":\"https:\/\/gustafs.com\/sv\/#website\",\"url\":\"https:\/\/gustafs.com\/sv\/\",\"name\":\"Gustafs Scandinavia\",\"description\":\"Exclusive Wooden Panels And Acoustic Panels\",\"potentialAction\":[{\"@type\":\"SearchAction\",\"target\":{\"@type\":\"EntryPoint\",\"urlTemplate\":\"https:\/\/gustafs.com\/sv\/?s={search_term_string}\"},\"query-input\":{\"@type\":\"PropertyValueSpecification\",\"valueRequired\":true,\"valueName\":\"search_term_string\"}}],\"inLanguage\":\"sv-SE\"}]}<\/script>\n<!-- \/ Yoast SEO plugin. -->","yoast_head_json":{"title":"Lamellow+ Cera | Gustafs Scandinavia","robots":{"index":"index","follow":"follow","max-snippet":"max-snippet:-1","max-image-preview":"max-image-preview:large","max-video-preview":"max-video-preview:-1"},"canonical":"https:\/\/gustafs.com\/sv\/produkt\/lamellow_plus_cera\/","og_locale":"sv_SE","og_type":"article","og_title":"Lamellow+ Cera | Gustafs Scandinavia","og_description":"AKUSTIK LINJ\u00c4R PANEL F\u00d6R V\u00c4GGAR OCH TAK En stabil filtbaksida och linj\u00e4ra ribbor i ett modernt kompositmaterial som ytbehandlats med trippel UV-lack. Enkel och snabb montering, p\u00e5 v\u00e4gg med skruvar, spik eller lim, nedpendlat fr\u00e5n tak med Gustafs v\u00e4lbepr\u00f6vade T24-system. Panelerna monteras alltid med dolda skarvar emellan, i alla fyra riktningar. Sj\u00e4lvklart har Lamellow+ Cera [&hellip;]","og_url":"https:\/\/gustafs.com\/sv\/produkt\/lamellow_plus_cera\/","og_site_name":"Gustafs Scandinavia","article_modified_time":"2025-10-10T07:35:35+00:00","og_image":[{"width":1030,"height":1290,"url":"https:\/\/gustafs.com\/wp-content\/uploads\/2023\/12\/lamellow-cera-linear-dark-grey-produktkort.jpg","type":"image\/jpeg"}],"twitter_card":"summary_large_image","twitter_misc":{"Ber\u00e4knad l\u00e4stid":"1 minut"},"schema":{"@context":"https:\/\/schema.org","@graph":[{"@type":"WebPage","@id":"https:\/\/gustafs.com\/sv\/produkt\/lamellow_plus_cera\/","url":"https:\/\/gustafs.com\/sv\/produkt\/lamellow_plus_cera\/","name":"Lamellow+ Cera | Gustafs Scandinavia","isPartOf":{"@id":"https:\/\/gustafs.com\/sv\/#website"},"primaryImageOfPage":{"@id":"https:\/\/gustafs.com\/sv\/produkt\/lamellow_plus_cera\/#primaryimage"},"image":{"@id":"https:\/\/gustafs.com\/sv\/produkt\/lamellow_plus_cera\/#primaryimage"},"thumbnailUrl":"https:\/\/gustafs.com\/wp-content\/uploads\/2023\/12\/lamellow-cera-linear-dark-grey-produktkort.jpg","datePublished":"2023-12-18T14:45:02+00:00","dateModified":"2025-10-10T07:35:35+00:00","breadcrumb":{"@id":"https:\/\/gustafs.com\/sv\/produkt\/lamellow_plus_cera\/#breadcrumb"},"inLanguage":"sv-SE","potentialAction":[{"@type":"ReadAction","target":["https:\/\/gustafs.com\/sv\/produkt\/lamellow_plus_cera\/"]}]},{"@type":"ImageObject","inLanguage":"sv-SE","@id":"https:\/\/gustafs.com\/sv\/produkt\/lamellow_plus_cera\/#primaryimage","url":"https:\/\/gustafs.com\/wp-content\/uploads\/2023\/12\/lamellow-cera-linear-dark-grey-produktkort.jpg","contentUrl":"https:\/\/gustafs.com\/wp-content\/uploads\/2023\/12\/lamellow-cera-linear-dark-grey-produktkort.jpg","width":1030,"height":1290},{"@type":"BreadcrumbList","@id":"https:\/\/gustafs.com\/sv\/produkt\/lamellow_plus_cera\/#breadcrumb","itemListElement":[{"@type":"ListItem","position":1,"name":"Gustafs","item":"https:\/\/gustafs.com\/sv\/"},{"@type":"ListItem","position":2,"name":"Produkter","item":"https:\/\/gustafs.com\/sv\/produkter\/"},{"@type":"ListItem","position":3,"name":"Gustafs Linears","item":"https:\/\/gustafs.com\/sv\/produkt-kategori\/gustafs-linears-sv\/"},{"@type":"ListItem","position":4,"name":"Lamellow+ Cera"}]},{"@type":"WebSite","@id":"https:\/\/gustafs.com\/sv\/#website","url":"https:\/\/gustafs.com\/sv\/","name":"Gustafs Scandinavia","description":"Exclusive Wooden Panels And Acoustic Panels","potentialAction":[{"@type":"SearchAction","target":{"@type":"EntryPoint","urlTemplate":"https:\/\/gustafs.com\/sv\/?s={search_term_string}"},"query-input":{"@type":"PropertyValueSpecification","valueRequired":true,"valueName":"search_term_string"}}],"inLanguage":"sv-SE"}]}},"_links":{"self":[{"href":"https:\/\/gustafs.com\/sv\/wp-json\/wp\/v2\/product\/19729","targetHints":{"allow":["GET"]}}],"collection":[{"href":"https:\/\/gustafs.com\/sv\/wp-json\/wp\/v2\/product"}],"about":[{"href":"https:\/\/gustafs.com\/sv\/wp-json\/wp\/v2\/types\/product"}],"version-history":[{"count":23,"href":"https:\/\/gustafs.com\/sv\/wp-json\/wp\/v2\/product\/19729\/revisions"}],"predecessor-version":[{"id":33459,"href":"https:\/\/gustafs.com\/sv\/wp-json\/wp\/v2\/product\/19729\/revisions\/33459"}],"wp:featuredmedia":[{"embeddable":true,"href":"https:\/\/gustafs.com\/sv\/wp-json\/wp\/v2\/media\/77363"}],"wp:attachment":[{"href":"https:\/\/gustafs.com\/sv\/wp-json\/wp\/v2\/media?parent=19729"}],"wp:term":[{"taxonomy":"product_brand","embeddable":true,"href":"https:\/\/gustafs.com\/sv\/wp-json\/wp\/v2\/product_brand?post=19729"},{"taxonomy":"product_cat","embeddable":true,"href":"https:\/\/gustafs.com\/sv\/wp-json\/wp\/v2\/product_cat?post=19729"},{"taxonomy":"product_tag","embeddable":true,"href":"https:\/\/gustafs.com\/sv\/wp-json\/wp\/v2\/product_tag?post=19729"}],"curies":[{"name":"wp","href":"https:\/\/api.w.org\/{rel}","templated":true}]}}