{"id":17889,"date":"2023-10-02T09:03:30","date_gmt":"2023-10-02T07:03:30","guid":{"rendered":"https:\/\/gustafs.com\/?post_type=product&#038;p=17889"},"modified":"2025-11-10T16:02:35","modified_gmt":"2025-11-10T15:02:35","slug":"feltfon-curves","status":"publish","type":"product","link":"https:\/\/gustafs.com\/sv\/produkt\/feltfon-curves\/","title":{"rendered":"Feltfon Curves"},"content":{"rendered":"<p style=\"letter-spacing: 1px;\">LJUDABSORBERANDE FILTRIBBOR med b\u00e5gformade kurvor<\/p>\n<p>Med Feltfon\u00a9 Vector Curves kan du sj\u00e4lv designa egna v\u00e4lvda m\u00f6nster p\u00e5 din v\u00e4ggabsorbent. Genom att kombinera de olika b\u00e5gformerna i Curves med Feltfon\u00a9 Linear Ribbor som bas. Installationssystemet Capax Quick-Up \u00e4r mycket enkelt att anv\u00e4nda och ger en strykt\u00e5lig och enkel installation f\u00f6r b\u00e5de v\u00e4ggar och tak. Feltfon \u00e4r \u00e4ven l\u00e4mplig f\u00f6r installation i milj\u00f6er med h\u00f6ga fuktniv\u00e5er, t.ex. simhallar och v\u00e5trum. Du kan ytterligare skr\u00e4ddarsy din design genom att variera bredd, djup, f\u00e4rg, mellanrumsbredd eller genom att addera fyllningslister i tr\u00e4. Feltfon\u00a9 Curves \u00e4r brands\u00e4kert utan impregnering. V\u00e4lj mellan tv\u00e5 designvarianter: kvartscirklar och halvcirklar. V\u00e4ggabsorbenter av filt som d\u00e4mpar ljud och bidrar till en b\u00e4ttre arbetsmilj\u00f6.<\/p>\n","protected":false},"excerpt":{"rendered":"<p>LJUDABSORBERANDE FILTRIBBOR med b\u00e5gformade kurvor Med Feltfon\u00a9 Vector Curves kan du sj\u00e4lv designa egna v\u00e4lvda m\u00f6nster p\u00e5 din v\u00e4ggabsorbent. Genom att kombinera de olika b\u00e5gformerna i Curves med Feltfon\u00a9 Linear Ribbor som bas. Installationssystemet Capax Quick-Up \u00e4r mycket enkelt att anv\u00e4nda och ger en strykt\u00e5lig och enkel installation f\u00f6r b\u00e5de v\u00e4ggar och tak. Feltfon \u00e4r [&hellip;]<\/p>\n","protected":false},"featured_media":25366,"template":"","meta":{"_acf_changed":false,"inline_featured_image":false,"footnotes":""},"product_brand":[],"product_cat":[377,378],"product_tag":[],"class_list":{"0":"post-17889","1":"product","2":"type-product","3":"status-publish","4":"has-post-thumbnail","6":"product_cat-feltfon","7":"product_cat-feltfon-vector-sv","8":"pa_acoustic-class-absorption-a","9":"pa_acoustic-class-absorption-b","10":"pa_acoustic-class-absorption-c","11":"pa_acoustic-class-absorption-d","13":"first","14":"instock","15":"shipping-taxable","16":"product-type-simple"},"acf":[],"yoast_head":"<!-- This site is optimized with the Yoast SEO plugin v25.4 - https:\/\/yoast.com\/wordpress\/plugins\/seo\/ -->\n<title>Feltfon Curves | V\u00e4ggabsorbenter | Filt av \u00e5tervunnen PET<\/title>\n<meta name=\"description\" content=\"Med Feltfon Curves, V\u00e4ggabsorbenter av filt som d\u00e4mpar ljud och bidrar till en b\u00e4ttre arbetsmilj\u00f6, kan du uppn\u00e5 A-klassad ljudabsorption och samtidigt vara trygg med en produkt som h\u00e5ller brandklass Bs1,d0, helt utan behov av impregnering. Skapa din egen design.\" \/>\n<meta name=\"robots\" content=\"index, follow, max-snippet:-1, max-image-preview:large, max-video-preview:-1\" \/>\n<link rel=\"canonical\" href=\"https:\/\/gustafs.com\/sv\/produkt\/feltfon-curves\/\" \/>\n<meta property=\"og:locale\" content=\"sv_SE\" \/>\n<meta property=\"og:type\" content=\"article\" \/>\n<meta property=\"og:title\" content=\"Feltfon Curves | V\u00e4ggabsorbenter | Filt av \u00e5tervunnen PET\" \/>\n<meta property=\"og:description\" content=\"Med Feltfon Curves, V\u00e4ggabsorbenter av filt som d\u00e4mpar ljud och bidrar till en b\u00e4ttre arbetsmilj\u00f6, kan du uppn\u00e5 A-klassad ljudabsorption och samtidigt vara trygg med en produkt som h\u00e5ller brandklass Bs1,d0, helt utan behov av impregnering. Skapa din egen design.\" \/>\n<meta property=\"og:url\" content=\"https:\/\/gustafs.com\/sv\/produkt\/feltfon-curves\/\" \/>\n<meta property=\"og:site_name\" content=\"Gustafs Scandinavia\" \/>\n<meta property=\"article:modified_time\" content=\"2025-11-10T15:02:35+00:00\" \/>\n<meta property=\"og:image\" content=\"https:\/\/gustafs.com\/wp-content\/uploads\/2023\/10\/curves-1030-1290-scaled.jpg\" \/>\n\t<meta property=\"og:image:width\" content=\"2044\" \/>\n\t<meta property=\"og:image:height\" content=\"2560\" \/>\n\t<meta property=\"og:image:type\" content=\"image\/jpeg\" \/>\n<meta name=\"twitter:card\" content=\"summary_large_image\" \/>\n<meta name=\"twitter:label1\" content=\"Ber\u00e4knad l\u00e4stid\" \/>\n\t<meta name=\"twitter:data1\" content=\"1 minut\" \/>\n<script type=\"application\/ld+json\" class=\"yoast-schema-graph\">{\"@context\":\"https:\/\/schema.org\",\"@graph\":[{\"@type\":\"WebPage\",\"@id\":\"https:\/\/gustafs.com\/sv\/produkt\/feltfon-curves\/\",\"url\":\"https:\/\/gustafs.com\/sv\/produkt\/feltfon-curves\/\",\"name\":\"Feltfon Curves | V\u00e4ggabsorbenter | Filt av \u00e5tervunnen PET\",\"isPartOf\":{\"@id\":\"https:\/\/gustafs.com\/sv\/#website\"},\"primaryImageOfPage\":{\"@id\":\"https:\/\/gustafs.com\/sv\/produkt\/feltfon-curves\/#primaryimage\"},\"image\":{\"@id\":\"https:\/\/gustafs.com\/sv\/produkt\/feltfon-curves\/#primaryimage\"},\"thumbnailUrl\":\"https:\/\/gustafs.com\/wp-content\/uploads\/2023\/10\/curves-1030-1290-scaled.jpg\",\"datePublished\":\"2023-10-02T07:03:30+00:00\",\"dateModified\":\"2025-11-10T15:02:35+00:00\",\"description\":\"Med Feltfon Curves, V\u00e4ggabsorbenter av filt som d\u00e4mpar ljud och bidrar till en b\u00e4ttre arbetsmilj\u00f6, kan du uppn\u00e5 A-klassad ljudabsorption och samtidigt vara trygg med en produkt som h\u00e5ller brandklass Bs1,d0, helt utan behov av impregnering. Skapa din egen design.\",\"breadcrumb\":{\"@id\":\"https:\/\/gustafs.com\/sv\/produkt\/feltfon-curves\/#breadcrumb\"},\"inLanguage\":\"sv-SE\",\"potentialAction\":[{\"@type\":\"ReadAction\",\"target\":[\"https:\/\/gustafs.com\/sv\/produkt\/feltfon-curves\/\"]}]},{\"@type\":\"ImageObject\",\"inLanguage\":\"sv-SE\",\"@id\":\"https:\/\/gustafs.com\/sv\/produkt\/feltfon-curves\/#primaryimage\",\"url\":\"https:\/\/gustafs.com\/wp-content\/uploads\/2023\/10\/curves-1030-1290-scaled.jpg\",\"contentUrl\":\"https:\/\/gustafs.com\/wp-content\/uploads\/2023\/10\/curves-1030-1290-scaled.jpg\",\"width\":2044,\"height\":2560},{\"@type\":\"BreadcrumbList\",\"@id\":\"https:\/\/gustafs.com\/sv\/produkt\/feltfon-curves\/#breadcrumb\",\"itemListElement\":[{\"@type\":\"ListItem\",\"position\":1,\"name\":\"Gustafs\",\"item\":\"https:\/\/gustafs.com\/sv\/\"},{\"@type\":\"ListItem\",\"position\":2,\"name\":\"Produkter\",\"item\":\"https:\/\/gustafs.com\/sv\/produkter\/\"},{\"@type\":\"ListItem\",\"position\":3,\"name\":\"Feltfon\",\"item\":\"https:\/\/gustafs.com\/sv\/produkt-kategori\/feltfon\/\"},{\"@type\":\"ListItem\",\"position\":4,\"name\":\"Feltfon Curves\"}]},{\"@type\":\"WebSite\",\"@id\":\"https:\/\/gustafs.com\/sv\/#website\",\"url\":\"https:\/\/gustafs.com\/sv\/\",\"name\":\"Gustafs Scandinavia\",\"description\":\"Exclusive Wooden Panels And Acoustic Panels\",\"potentialAction\":[{\"@type\":\"SearchAction\",\"target\":{\"@type\":\"EntryPoint\",\"urlTemplate\":\"https:\/\/gustafs.com\/sv\/?s={search_term_string}\"},\"query-input\":{\"@type\":\"PropertyValueSpecification\",\"valueRequired\":true,\"valueName\":\"search_term_string\"}}],\"inLanguage\":\"sv-SE\"}]}<\/script>\n<!-- \/ Yoast SEO plugin. -->","yoast_head_json":{"title":"Feltfon Curves | V\u00e4ggabsorbenter | Filt av \u00e5tervunnen PET","description":"Med Feltfon Curves, V\u00e4ggabsorbenter av filt som d\u00e4mpar ljud och bidrar till en b\u00e4ttre arbetsmilj\u00f6, kan du uppn\u00e5 A-klassad ljudabsorption och samtidigt vara trygg med en produkt som h\u00e5ller brandklass Bs1,d0, helt utan behov av impregnering. Skapa din egen design.","robots":{"index":"index","follow":"follow","max-snippet":"max-snippet:-1","max-image-preview":"max-image-preview:large","max-video-preview":"max-video-preview:-1"},"canonical":"https:\/\/gustafs.com\/sv\/produkt\/feltfon-curves\/","og_locale":"sv_SE","og_type":"article","og_title":"Feltfon Curves | V\u00e4ggabsorbenter | Filt av \u00e5tervunnen PET","og_description":"Med Feltfon Curves, V\u00e4ggabsorbenter av filt som d\u00e4mpar ljud och bidrar till en b\u00e4ttre arbetsmilj\u00f6, kan du uppn\u00e5 A-klassad ljudabsorption och samtidigt vara trygg med en produkt som h\u00e5ller brandklass Bs1,d0, helt utan behov av impregnering. Skapa din egen design.","og_url":"https:\/\/gustafs.com\/sv\/produkt\/feltfon-curves\/","og_site_name":"Gustafs Scandinavia","article_modified_time":"2025-11-10T15:02:35+00:00","og_image":[{"width":2044,"height":2560,"url":"https:\/\/gustafs.com\/wp-content\/uploads\/2023\/10\/curves-1030-1290-scaled.jpg","type":"image\/jpeg"}],"twitter_card":"summary_large_image","twitter_misc":{"Ber\u00e4knad l\u00e4stid":"1 minut"},"schema":{"@context":"https:\/\/schema.org","@graph":[{"@type":"WebPage","@id":"https:\/\/gustafs.com\/sv\/produkt\/feltfon-curves\/","url":"https:\/\/gustafs.com\/sv\/produkt\/feltfon-curves\/","name":"Feltfon Curves | V\u00e4ggabsorbenter | Filt av \u00e5tervunnen PET","isPartOf":{"@id":"https:\/\/gustafs.com\/sv\/#website"},"primaryImageOfPage":{"@id":"https:\/\/gustafs.com\/sv\/produkt\/feltfon-curves\/#primaryimage"},"image":{"@id":"https:\/\/gustafs.com\/sv\/produkt\/feltfon-curves\/#primaryimage"},"thumbnailUrl":"https:\/\/gustafs.com\/wp-content\/uploads\/2023\/10\/curves-1030-1290-scaled.jpg","datePublished":"2023-10-02T07:03:30+00:00","dateModified":"2025-11-10T15:02:35+00:00","description":"Med Feltfon Curves, V\u00e4ggabsorbenter av filt som d\u00e4mpar ljud och bidrar till en b\u00e4ttre arbetsmilj\u00f6, kan du uppn\u00e5 A-klassad ljudabsorption och samtidigt vara trygg med en produkt som h\u00e5ller brandklass Bs1,d0, helt utan behov av impregnering. Skapa din egen design.","breadcrumb":{"@id":"https:\/\/gustafs.com\/sv\/produkt\/feltfon-curves\/#breadcrumb"},"inLanguage":"sv-SE","potentialAction":[{"@type":"ReadAction","target":["https:\/\/gustafs.com\/sv\/produkt\/feltfon-curves\/"]}]},{"@type":"ImageObject","inLanguage":"sv-SE","@id":"https:\/\/gustafs.com\/sv\/produkt\/feltfon-curves\/#primaryimage","url":"https:\/\/gustafs.com\/wp-content\/uploads\/2023\/10\/curves-1030-1290-scaled.jpg","contentUrl":"https:\/\/gustafs.com\/wp-content\/uploads\/2023\/10\/curves-1030-1290-scaled.jpg","width":2044,"height":2560},{"@type":"BreadcrumbList","@id":"https:\/\/gustafs.com\/sv\/produkt\/feltfon-curves\/#breadcrumb","itemListElement":[{"@type":"ListItem","position":1,"name":"Gustafs","item":"https:\/\/gustafs.com\/sv\/"},{"@type":"ListItem","position":2,"name":"Produkter","item":"https:\/\/gustafs.com\/sv\/produkter\/"},{"@type":"ListItem","position":3,"name":"Feltfon","item":"https:\/\/gustafs.com\/sv\/produkt-kategori\/feltfon\/"},{"@type":"ListItem","position":4,"name":"Feltfon Curves"}]},{"@type":"WebSite","@id":"https:\/\/gustafs.com\/sv\/#website","url":"https:\/\/gustafs.com\/sv\/","name":"Gustafs Scandinavia","description":"Exclusive Wooden Panels And Acoustic Panels","potentialAction":[{"@type":"SearchAction","target":{"@type":"EntryPoint","urlTemplate":"https:\/\/gustafs.com\/sv\/?s={search_term_string}"},"query-input":{"@type":"PropertyValueSpecification","valueRequired":true,"valueName":"search_term_string"}}],"inLanguage":"sv-SE"}]}},"_links":{"self":[{"href":"https:\/\/gustafs.com\/sv\/wp-json\/wp\/v2\/product\/17889","targetHints":{"allow":["GET"]}}],"collection":[{"href":"https:\/\/gustafs.com\/sv\/wp-json\/wp\/v2\/product"}],"about":[{"href":"https:\/\/gustafs.com\/sv\/wp-json\/wp\/v2\/types\/product"}],"version-history":[{"count":46,"href":"https:\/\/gustafs.com\/sv\/wp-json\/wp\/v2\/product\/17889\/revisions"}],"predecessor-version":[{"id":78860,"href":"https:\/\/gustafs.com\/sv\/wp-json\/wp\/v2\/product\/17889\/revisions\/78860"}],"wp:featuredmedia":[{"embeddable":true,"href":"https:\/\/gustafs.com\/sv\/wp-json\/wp\/v2\/media\/25366"}],"wp:attachment":[{"href":"https:\/\/gustafs.com\/sv\/wp-json\/wp\/v2\/media?parent=17889"}],"wp:term":[{"taxonomy":"product_brand","embeddable":true,"href":"https:\/\/gustafs.com\/sv\/wp-json\/wp\/v2\/product_brand?post=17889"},{"taxonomy":"product_cat","embeddable":true,"href":"https:\/\/gustafs.com\/sv\/wp-json\/wp\/v2\/product_cat?post=17889"},{"taxonomy":"product_tag","embeddable":true,"href":"https:\/\/gustafs.com\/sv\/wp-json\/wp\/v2\/product_tag?post=17889"}],"curies":[{"name":"wp","href":"https:\/\/api.w.org\/{rel}","templated":true}]}}