{"id":17172,"date":"2023-07-06T12:30:13","date_gmt":"2023-07-06T10:30:13","guid":{"rendered":"https:\/\/gustafs.com\/product\/feltfon-vector-layers\/"},"modified":"2026-01-20T13:47:59","modified_gmt":"2026-01-20T12:47:59","slug":"feltfon-layers","status":"publish","type":"product","link":"https:\/\/gustafs.com\/sv\/produkt\/feltfon-layers\/","title":{"rendered":"Feltfon Layers"},"content":{"rendered":"<p>AKUSTISK FILT MED FRI DESIGN f\u00f6r ljudabsorberande v\u00e4ggar och tak<\/p>\n<p>Med Feltfon Layers kan du skapa egen design i flera lager. Med Feltfon Layers kan arkitekter och inredare f\u00f6rvandla en funktionell akustikpanel till ett akustiskt konstverk. Feltfon Layers utg\u00e5r fr\u00e5n flera standardm\u00e5tt men du har stora designm\u00f6jligheter och kan sj\u00e4lv v\u00e4lja motiv och hur m\u00e5nga lager ditt motiv skall framst\u00e4llas i. Produkten \u00e4r \u00e4ven brands\u00e4ker brandklass B-s1, d0, utan anv\u00e4ndning av n\u00e5gon impregnering. Med Feltfon produkternas gemensamma Capax Quick-Up installationssystem garanterar ocks\u00e5 att monteringen blir l\u00e4tt, smidig och kommer att h\u00e5lla l\u00e4nge.<\/p>\n","protected":false},"excerpt":{"rendered":"<p>AKUSTISK FILT MED FRI DESIGN f\u00f6r ljudabsorberande v\u00e4ggar och tak Med Feltfon Layers kan du skapa egen design i flera lager. Med Feltfon Layers kan arkitekter och inredare f\u00f6rvandla en funktionell akustikpanel till ett akustiskt konstverk. Feltfon Layers utg\u00e5r fr\u00e5n flera standardm\u00e5tt men du har stora designm\u00f6jligheter och kan sj\u00e4lv v\u00e4lja motiv och hur m\u00e5nga [&hellip;]<\/p>\n","protected":false},"featured_media":25378,"template":"","meta":{"_acf_changed":false,"inline_featured_image":false,"footnotes":""},"product_brand":[],"product_cat":[377,378],"product_tag":[],"class_list":{"0":"post-17172","1":"product","2":"type-product","3":"status-publish","4":"has-post-thumbnail","6":"product_cat-feltfon","7":"product_cat-feltfon-vector-sv","8":"pa_acoustic-class-absorption-a","9":"pa_acoustic-class-absorption-b","10":"pa_acoustic-class-absorption-c","11":"pa_acoustic-class-absorption-d","13":"first","14":"instock","15":"shipping-taxable","16":"product-type-simple"},"acf":[],"yoast_head":"<!-- This site is optimized with the Yoast SEO plugin v25.4 - https:\/\/yoast.com\/wordpress\/plugins\/seo\/ -->\n<title>Feltfon Layers | Akustiskt konstverk efter egen design<\/title>\n<meta name=\"description\" content=\"Med Feltfon Layers kan arkitekter och inredare f\u00f6rvandla en funktionell akustikpanel till ett akustiskt konstverk efter egen design.\" \/>\n<meta name=\"robots\" content=\"index, follow, max-snippet:-1, max-image-preview:large, max-video-preview:-1\" \/>\n<link rel=\"canonical\" href=\"https:\/\/gustafs.com\/sv\/produkt\/feltfon-layers\/\" \/>\n<meta property=\"og:locale\" content=\"sv_SE\" \/>\n<meta property=\"og:type\" content=\"article\" \/>\n<meta property=\"og:title\" content=\"Feltfon Layers | Akustiskt konstverk efter egen design\" \/>\n<meta property=\"og:description\" content=\"Med Feltfon Layers kan arkitekter och inredare f\u00f6rvandla en funktionell akustikpanel till ett akustiskt konstverk efter egen design.\" \/>\n<meta property=\"og:url\" content=\"https:\/\/gustafs.com\/sv\/produkt\/feltfon-layers\/\" \/>\n<meta property=\"og:site_name\" content=\"Gustafs Scandinavia\" \/>\n<meta property=\"article:modified_time\" content=\"2026-01-20T12:47:59+00:00\" \/>\n<meta property=\"og:image\" content=\"https:\/\/gustafs.com\/wp-content\/uploads\/2023\/07\/heart-feltfon-layers.jpg\" \/>\n\t<meta property=\"og:image:width\" content=\"1999\" \/>\n\t<meta property=\"og:image:height\" content=\"2504\" \/>\n\t<meta property=\"og:image:type\" content=\"image\/jpeg\" \/>\n<meta name=\"twitter:card\" content=\"summary_large_image\" \/>\n<meta name=\"twitter:label1\" content=\"Ber\u00e4knad l\u00e4stid\" \/>\n\t<meta name=\"twitter:data1\" content=\"1 minut\" \/>\n<script type=\"application\/ld+json\" class=\"yoast-schema-graph\">{\"@context\":\"https:\/\/schema.org\",\"@graph\":[{\"@type\":\"WebPage\",\"@id\":\"https:\/\/gustafs.com\/sv\/produkt\/feltfon-layers\/\",\"url\":\"https:\/\/gustafs.com\/sv\/produkt\/feltfon-layers\/\",\"name\":\"Feltfon Layers | Akustiskt konstverk efter egen design\",\"isPartOf\":{\"@id\":\"https:\/\/gustafs.com\/sv\/#website\"},\"primaryImageOfPage\":{\"@id\":\"https:\/\/gustafs.com\/sv\/produkt\/feltfon-layers\/#primaryimage\"},\"image\":{\"@id\":\"https:\/\/gustafs.com\/sv\/produkt\/feltfon-layers\/#primaryimage\"},\"thumbnailUrl\":\"https:\/\/gustafs.com\/wp-content\/uploads\/2023\/07\/heart-feltfon-layers.jpg\",\"datePublished\":\"2023-07-06T10:30:13+00:00\",\"dateModified\":\"2026-01-20T12:47:59+00:00\",\"description\":\"Med Feltfon Layers kan arkitekter och inredare f\u00f6rvandla en funktionell akustikpanel till ett akustiskt konstverk efter egen design.\",\"breadcrumb\":{\"@id\":\"https:\/\/gustafs.com\/sv\/produkt\/feltfon-layers\/#breadcrumb\"},\"inLanguage\":\"sv-SE\",\"potentialAction\":[{\"@type\":\"ReadAction\",\"target\":[\"https:\/\/gustafs.com\/sv\/produkt\/feltfon-layers\/\"]}]},{\"@type\":\"ImageObject\",\"inLanguage\":\"sv-SE\",\"@id\":\"https:\/\/gustafs.com\/sv\/produkt\/feltfon-layers\/#primaryimage\",\"url\":\"https:\/\/gustafs.com\/wp-content\/uploads\/2023\/07\/heart-feltfon-layers.jpg\",\"contentUrl\":\"https:\/\/gustafs.com\/wp-content\/uploads\/2023\/07\/heart-feltfon-layers.jpg\",\"width\":1999,\"height\":2504},{\"@type\":\"BreadcrumbList\",\"@id\":\"https:\/\/gustafs.com\/sv\/produkt\/feltfon-layers\/#breadcrumb\",\"itemListElement\":[{\"@type\":\"ListItem\",\"position\":1,\"name\":\"Gustafs\",\"item\":\"https:\/\/gustafs.com\/sv\/\"},{\"@type\":\"ListItem\",\"position\":2,\"name\":\"Produkter\",\"item\":\"https:\/\/gustafs.com\/sv\/produkter\/\"},{\"@type\":\"ListItem\",\"position\":3,\"name\":\"Feltfon\",\"item\":\"https:\/\/gustafs.com\/sv\/produkt-kategori\/feltfon\/\"},{\"@type\":\"ListItem\",\"position\":4,\"name\":\"Feltfon Layers\"}]},{\"@type\":\"WebSite\",\"@id\":\"https:\/\/gustafs.com\/sv\/#website\",\"url\":\"https:\/\/gustafs.com\/sv\/\",\"name\":\"Gustafs Scandinavia\",\"description\":\"Exclusive Wooden Panels And Acoustic Panels\",\"potentialAction\":[{\"@type\":\"SearchAction\",\"target\":{\"@type\":\"EntryPoint\",\"urlTemplate\":\"https:\/\/gustafs.com\/sv\/?s={search_term_string}\"},\"query-input\":{\"@type\":\"PropertyValueSpecification\",\"valueRequired\":true,\"valueName\":\"search_term_string\"}}],\"inLanguage\":\"sv-SE\"}]}<\/script>\n<!-- \/ Yoast SEO plugin. -->","yoast_head_json":{"title":"Feltfon Layers | Akustiskt konstverk efter egen design","description":"Med Feltfon Layers kan arkitekter och inredare f\u00f6rvandla en funktionell akustikpanel till ett akustiskt konstverk efter egen design.","robots":{"index":"index","follow":"follow","max-snippet":"max-snippet:-1","max-image-preview":"max-image-preview:large","max-video-preview":"max-video-preview:-1"},"canonical":"https:\/\/gustafs.com\/sv\/produkt\/feltfon-layers\/","og_locale":"sv_SE","og_type":"article","og_title":"Feltfon Layers | Akustiskt konstverk efter egen design","og_description":"Med Feltfon Layers kan arkitekter och inredare f\u00f6rvandla en funktionell akustikpanel till ett akustiskt konstverk efter egen design.","og_url":"https:\/\/gustafs.com\/sv\/produkt\/feltfon-layers\/","og_site_name":"Gustafs Scandinavia","article_modified_time":"2026-01-20T12:47:59+00:00","og_image":[{"width":1999,"height":2504,"url":"https:\/\/gustafs.com\/wp-content\/uploads\/2023\/07\/heart-feltfon-layers.jpg","type":"image\/jpeg"}],"twitter_card":"summary_large_image","twitter_misc":{"Ber\u00e4knad l\u00e4stid":"1 minut"},"schema":{"@context":"https:\/\/schema.org","@graph":[{"@type":"WebPage","@id":"https:\/\/gustafs.com\/sv\/produkt\/feltfon-layers\/","url":"https:\/\/gustafs.com\/sv\/produkt\/feltfon-layers\/","name":"Feltfon Layers | Akustiskt konstverk efter egen design","isPartOf":{"@id":"https:\/\/gustafs.com\/sv\/#website"},"primaryImageOfPage":{"@id":"https:\/\/gustafs.com\/sv\/produkt\/feltfon-layers\/#primaryimage"},"image":{"@id":"https:\/\/gustafs.com\/sv\/produkt\/feltfon-layers\/#primaryimage"},"thumbnailUrl":"https:\/\/gustafs.com\/wp-content\/uploads\/2023\/07\/heart-feltfon-layers.jpg","datePublished":"2023-07-06T10:30:13+00:00","dateModified":"2026-01-20T12:47:59+00:00","description":"Med Feltfon Layers kan arkitekter och inredare f\u00f6rvandla en funktionell akustikpanel till ett akustiskt konstverk efter egen design.","breadcrumb":{"@id":"https:\/\/gustafs.com\/sv\/produkt\/feltfon-layers\/#breadcrumb"},"inLanguage":"sv-SE","potentialAction":[{"@type":"ReadAction","target":["https:\/\/gustafs.com\/sv\/produkt\/feltfon-layers\/"]}]},{"@type":"ImageObject","inLanguage":"sv-SE","@id":"https:\/\/gustafs.com\/sv\/produkt\/feltfon-layers\/#primaryimage","url":"https:\/\/gustafs.com\/wp-content\/uploads\/2023\/07\/heart-feltfon-layers.jpg","contentUrl":"https:\/\/gustafs.com\/wp-content\/uploads\/2023\/07\/heart-feltfon-layers.jpg","width":1999,"height":2504},{"@type":"BreadcrumbList","@id":"https:\/\/gustafs.com\/sv\/produkt\/feltfon-layers\/#breadcrumb","itemListElement":[{"@type":"ListItem","position":1,"name":"Gustafs","item":"https:\/\/gustafs.com\/sv\/"},{"@type":"ListItem","position":2,"name":"Produkter","item":"https:\/\/gustafs.com\/sv\/produkter\/"},{"@type":"ListItem","position":3,"name":"Feltfon","item":"https:\/\/gustafs.com\/sv\/produkt-kategori\/feltfon\/"},{"@type":"ListItem","position":4,"name":"Feltfon Layers"}]},{"@type":"WebSite","@id":"https:\/\/gustafs.com\/sv\/#website","url":"https:\/\/gustafs.com\/sv\/","name":"Gustafs Scandinavia","description":"Exclusive Wooden Panels And Acoustic Panels","potentialAction":[{"@type":"SearchAction","target":{"@type":"EntryPoint","urlTemplate":"https:\/\/gustafs.com\/sv\/?s={search_term_string}"},"query-input":{"@type":"PropertyValueSpecification","valueRequired":true,"valueName":"search_term_string"}}],"inLanguage":"sv-SE"}]}},"_links":{"self":[{"href":"https:\/\/gustafs.com\/sv\/wp-json\/wp\/v2\/product\/17172","targetHints":{"allow":["GET"]}}],"collection":[{"href":"https:\/\/gustafs.com\/sv\/wp-json\/wp\/v2\/product"}],"about":[{"href":"https:\/\/gustafs.com\/sv\/wp-json\/wp\/v2\/types\/product"}],"version-history":[{"count":48,"href":"https:\/\/gustafs.com\/sv\/wp-json\/wp\/v2\/product\/17172\/revisions"}],"predecessor-version":[{"id":80898,"href":"https:\/\/gustafs.com\/sv\/wp-json\/wp\/v2\/product\/17172\/revisions\/80898"}],"wp:featuredmedia":[{"embeddable":true,"href":"https:\/\/gustafs.com\/sv\/wp-json\/wp\/v2\/media\/25378"}],"wp:attachment":[{"href":"https:\/\/gustafs.com\/sv\/wp-json\/wp\/v2\/media?parent=17172"}],"wp:term":[{"taxonomy":"product_brand","embeddable":true,"href":"https:\/\/gustafs.com\/sv\/wp-json\/wp\/v2\/product_brand?post=17172"},{"taxonomy":"product_cat","embeddable":true,"href":"https:\/\/gustafs.com\/sv\/wp-json\/wp\/v2\/product_cat?post=17172"},{"taxonomy":"product_tag","embeddable":true,"href":"https:\/\/gustafs.com\/sv\/wp-json\/wp\/v2\/product_tag?post=17172"}],"curies":[{"name":"wp","href":"https:\/\/api.w.org\/{rel}","templated":true}]}}