{"id":16924,"date":"2023-06-27T12:03:07","date_gmt":"2023-06-27T12:03:07","guid":{"rendered":"https:\/\/gustafs.com\/?post_type=product&#038;p=16924"},"modified":"2024-11-06T14:30:41","modified_gmt":"2024-11-06T13:30:41","slug":"figura-acoustic-panel","status":"publish","type":"product","link":"https:\/\/gustafs.com\/sv\/produkt\/figura-acoustic-panel\/","title":{"rendered":"Figura+ Akustikpanel"},"content":{"rendered":"<p style=\"letter-spacing: 1px;\">AKUSTISKA KONSTVERK \/ DESIGNPANELER<\/p>\n<p>En kombination av s\u00e4kerhet och elegans: Figura+ akustikpaneler har den h\u00f6ga brandklassificeringen B-s1,d0, vilket garanterar s\u00e4kerhet i alla offentliga milj\u00f6er. Panelerna \u00e4r tillverkade med vackra tr\u00e4fan\u00e9r och bidrar med sin naturliga sk\u00f6nhet i rummet. Med inspiration fr\u00e5n naturens underverk erbjuder Figura+ fyra m\u00f6nster; Bubbles, Splash, Pebbels och Snake. Figura+ akustikpaneler levereras f\u00e4rdiga att installera. De har en robust 9 mm akustisk filtbaksida tillverkad av \u00e5tervunna plastflaskor, vilket \u00e5terspeglar v\u00e5rt engagemang f\u00f6r h\u00e5llbara produkter. Med ett stort utbud av fan\u00e9r och m\u00e5nga olika standardf\u00e4rger p\u00e5 filten skapar dessa paneler en m\u00f6jlighet f\u00f6r designers att anpassa utseendet till varje utrymme och samtidigt bidra till en gr\u00f6nare framtid.<\/p>\n","protected":false},"excerpt":{"rendered":"<p>AKUSTISKA KONSTVERK \/ DESIGNPANELER En kombination av s\u00e4kerhet och elegans: Figura+ akustikpaneler har den h\u00f6ga brandklassificeringen B-s1,d0, vilket garanterar s\u00e4kerhet i alla offentliga milj\u00f6er. Panelerna \u00e4r tillverkade med vackra tr\u00e4fan\u00e9r och bidrar med sin naturliga sk\u00f6nhet i rummet. Med inspiration fr\u00e5n naturens underverk erbjuder Figura+ fyra m\u00f6nster; Bubbles, Splash, Pebbels och Snake. Figura+ akustikpaneler levereras [&hellip;]<\/p>\n","protected":false},"featured_media":17107,"template":"","meta":{"_acf_changed":false,"inline_featured_image":false,"footnotes":""},"product_brand":[],"product_cat":[73],"product_tag":[],"class_list":{"0":"post-16924","1":"product","2":"type-product","3":"status-publish","4":"has-post-thumbnail","6":"product_cat-gustafs-panelsystem","7":"pa_acoustic-class-absorption-a","8":"pa_acoustic-class-absorption-b","9":"pa_acoustic-class-absorption-c","11":"first","12":"instock","13":"shipping-taxable","14":"product-type-simple"},"acf":[],"yoast_head":"<!-- This site is optimized with the Yoast SEO plugin v25.4 - https:\/\/yoast.com\/wordpress\/plugins\/seo\/ -->\n<title>Gustafs Figura+ | Gustafs Scandinavia<\/title>\n<meta name=\"description\" content=\"Gustafs architectural wood panels for walls and ceilings gives the interior an exclusive feel with the best possible fire protection.\" \/>\n<meta name=\"robots\" content=\"index, follow, max-snippet:-1, max-image-preview:large, max-video-preview:-1\" \/>\n<link rel=\"canonical\" href=\"https:\/\/gustafs.com\/sv\/produkt\/figura-acoustic-panel\/\" \/>\n<meta property=\"og:locale\" content=\"sv_SE\" \/>\n<meta property=\"og:type\" content=\"article\" \/>\n<meta property=\"og:title\" content=\"Gustafs Figura+ | Gustafs Scandinavia\" \/>\n<meta property=\"og:description\" content=\"Gustafs architectural wood panels for walls and ceilings gives the interior an exclusive feel with the best possible fire protection.\" \/>\n<meta property=\"og:url\" content=\"https:\/\/gustafs.com\/sv\/produkt\/figura-acoustic-panel\/\" \/>\n<meta property=\"og:site_name\" content=\"Gustafs Scandinavia\" \/>\n<meta property=\"article:modified_time\" content=\"2024-11-06T13:30:41+00:00\" \/>\n<meta property=\"og:image\" content=\"https:\/\/gustafs.com\/wp-content\/uploads\/2023\/06\/figurabubbles-2b-kopieraweb-818x1024.png\" \/>\n\t<meta property=\"og:image:width\" content=\"818\" \/>\n\t<meta property=\"og:image:height\" content=\"1024\" \/>\n\t<meta property=\"og:image:type\" content=\"image\/png\" \/>\n<meta name=\"twitter:card\" content=\"summary_large_image\" \/>\n<meta name=\"twitter:label1\" content=\"Ber\u00e4knad l\u00e4stid\" \/>\n\t<meta name=\"twitter:data1\" content=\"1 minut\" \/>\n<script type=\"application\/ld+json\" class=\"yoast-schema-graph\">{\"@context\":\"https:\/\/schema.org\",\"@graph\":[{\"@type\":\"WebPage\",\"@id\":\"https:\/\/gustafs.com\/sv\/produkt\/figura-acoustic-panel\/\",\"url\":\"https:\/\/gustafs.com\/sv\/produkt\/figura-acoustic-panel\/\",\"name\":\"Gustafs Figura+ | Gustafs Scandinavia\",\"isPartOf\":{\"@id\":\"https:\/\/gustafs.com\/sv\/#website\"},\"primaryImageOfPage\":{\"@id\":\"https:\/\/gustafs.com\/sv\/produkt\/figura-acoustic-panel\/#primaryimage\"},\"image\":{\"@id\":\"https:\/\/gustafs.com\/sv\/produkt\/figura-acoustic-panel\/#primaryimage\"},\"thumbnailUrl\":\"https:\/\/gustafs.com\/wp-content\/uploads\/2023\/06\/figurabubbles-2b-kopieraweb-scaled.jpg\",\"datePublished\":\"2023-06-27T12:03:07+00:00\",\"dateModified\":\"2024-11-06T13:30:41+00:00\",\"description\":\"Gustafs architectural wood panels for walls and ceilings gives the interior an exclusive feel with the best possible fire protection.\",\"breadcrumb\":{\"@id\":\"https:\/\/gustafs.com\/sv\/produkt\/figura-acoustic-panel\/#breadcrumb\"},\"inLanguage\":\"sv-SE\",\"potentialAction\":[{\"@type\":\"ReadAction\",\"target\":[\"https:\/\/gustafs.com\/sv\/produkt\/figura-acoustic-panel\/\"]}]},{\"@type\":\"ImageObject\",\"inLanguage\":\"sv-SE\",\"@id\":\"https:\/\/gustafs.com\/sv\/produkt\/figura-acoustic-panel\/#primaryimage\",\"url\":\"https:\/\/gustafs.com\/wp-content\/uploads\/2023\/06\/figurabubbles-2b-kopieraweb-scaled.jpg\",\"contentUrl\":\"https:\/\/gustafs.com\/wp-content\/uploads\/2023\/06\/figurabubbles-2b-kopieraweb-scaled.jpg\",\"width\":2044,\"height\":2560},{\"@type\":\"BreadcrumbList\",\"@id\":\"https:\/\/gustafs.com\/sv\/produkt\/figura-acoustic-panel\/#breadcrumb\",\"itemListElement\":[{\"@type\":\"ListItem\",\"position\":1,\"name\":\"Gustafs\",\"item\":\"https:\/\/gustafs.com\/sv\/\"},{\"@type\":\"ListItem\",\"position\":2,\"name\":\"Produkter\",\"item\":\"https:\/\/gustafs.com\/sv\/produkter\/\"},{\"@type\":\"ListItem\",\"position\":3,\"name\":\"Gustafs Paneler\",\"item\":\"https:\/\/gustafs.com\/sv\/produkt-kategori\/gustafs-panelsystem\/\"},{\"@type\":\"ListItem\",\"position\":4,\"name\":\"Figura+ Akustikpanel\"}]},{\"@type\":\"WebSite\",\"@id\":\"https:\/\/gustafs.com\/sv\/#website\",\"url\":\"https:\/\/gustafs.com\/sv\/\",\"name\":\"Gustafs Scandinavia\",\"description\":\"Exclusive Wooden Panels And Acoustic Panels\",\"potentialAction\":[{\"@type\":\"SearchAction\",\"target\":{\"@type\":\"EntryPoint\",\"urlTemplate\":\"https:\/\/gustafs.com\/sv\/?s={search_term_string}\"},\"query-input\":{\"@type\":\"PropertyValueSpecification\",\"valueRequired\":true,\"valueName\":\"search_term_string\"}}],\"inLanguage\":\"sv-SE\"}]}<\/script>\n<!-- \/ Yoast SEO plugin. -->","yoast_head_json":{"title":"Gustafs Figura+ | Gustafs Scandinavia","description":"Gustafs architectural wood panels for walls and ceilings gives the interior an exclusive feel with the best possible fire protection.","robots":{"index":"index","follow":"follow","max-snippet":"max-snippet:-1","max-image-preview":"max-image-preview:large","max-video-preview":"max-video-preview:-1"},"canonical":"https:\/\/gustafs.com\/sv\/produkt\/figura-acoustic-panel\/","og_locale":"sv_SE","og_type":"article","og_title":"Gustafs Figura+ | Gustafs Scandinavia","og_description":"Gustafs architectural wood panels for walls and ceilings gives the interior an exclusive feel with the best possible fire protection.","og_url":"https:\/\/gustafs.com\/sv\/produkt\/figura-acoustic-panel\/","og_site_name":"Gustafs Scandinavia","article_modified_time":"2024-11-06T13:30:41+00:00","og_image":[{"width":818,"height":1024,"url":"https:\/\/gustafs.com\/wp-content\/uploads\/2023\/06\/figurabubbles-2b-kopieraweb-818x1024.png","type":"image\/png"}],"twitter_card":"summary_large_image","twitter_misc":{"Ber\u00e4knad l\u00e4stid":"1 minut"},"schema":{"@context":"https:\/\/schema.org","@graph":[{"@type":"WebPage","@id":"https:\/\/gustafs.com\/sv\/produkt\/figura-acoustic-panel\/","url":"https:\/\/gustafs.com\/sv\/produkt\/figura-acoustic-panel\/","name":"Gustafs Figura+ | Gustafs Scandinavia","isPartOf":{"@id":"https:\/\/gustafs.com\/sv\/#website"},"primaryImageOfPage":{"@id":"https:\/\/gustafs.com\/sv\/produkt\/figura-acoustic-panel\/#primaryimage"},"image":{"@id":"https:\/\/gustafs.com\/sv\/produkt\/figura-acoustic-panel\/#primaryimage"},"thumbnailUrl":"https:\/\/gustafs.com\/wp-content\/uploads\/2023\/06\/figurabubbles-2b-kopieraweb-scaled.jpg","datePublished":"2023-06-27T12:03:07+00:00","dateModified":"2024-11-06T13:30:41+00:00","description":"Gustafs architectural wood panels for walls and ceilings gives the interior an exclusive feel with the best possible fire protection.","breadcrumb":{"@id":"https:\/\/gustafs.com\/sv\/produkt\/figura-acoustic-panel\/#breadcrumb"},"inLanguage":"sv-SE","potentialAction":[{"@type":"ReadAction","target":["https:\/\/gustafs.com\/sv\/produkt\/figura-acoustic-panel\/"]}]},{"@type":"ImageObject","inLanguage":"sv-SE","@id":"https:\/\/gustafs.com\/sv\/produkt\/figura-acoustic-panel\/#primaryimage","url":"https:\/\/gustafs.com\/wp-content\/uploads\/2023\/06\/figurabubbles-2b-kopieraweb-scaled.jpg","contentUrl":"https:\/\/gustafs.com\/wp-content\/uploads\/2023\/06\/figurabubbles-2b-kopieraweb-scaled.jpg","width":2044,"height":2560},{"@type":"BreadcrumbList","@id":"https:\/\/gustafs.com\/sv\/produkt\/figura-acoustic-panel\/#breadcrumb","itemListElement":[{"@type":"ListItem","position":1,"name":"Gustafs","item":"https:\/\/gustafs.com\/sv\/"},{"@type":"ListItem","position":2,"name":"Produkter","item":"https:\/\/gustafs.com\/sv\/produkter\/"},{"@type":"ListItem","position":3,"name":"Gustafs Paneler","item":"https:\/\/gustafs.com\/sv\/produkt-kategori\/gustafs-panelsystem\/"},{"@type":"ListItem","position":4,"name":"Figura+ Akustikpanel"}]},{"@type":"WebSite","@id":"https:\/\/gustafs.com\/sv\/#website","url":"https:\/\/gustafs.com\/sv\/","name":"Gustafs Scandinavia","description":"Exclusive Wooden Panels And Acoustic Panels","potentialAction":[{"@type":"SearchAction","target":{"@type":"EntryPoint","urlTemplate":"https:\/\/gustafs.com\/sv\/?s={search_term_string}"},"query-input":{"@type":"PropertyValueSpecification","valueRequired":true,"valueName":"search_term_string"}}],"inLanguage":"sv-SE"}]}},"_links":{"self":[{"href":"https:\/\/gustafs.com\/sv\/wp-json\/wp\/v2\/product\/16924","targetHints":{"allow":["GET"]}}],"collection":[{"href":"https:\/\/gustafs.com\/sv\/wp-json\/wp\/v2\/product"}],"about":[{"href":"https:\/\/gustafs.com\/sv\/wp-json\/wp\/v2\/types\/product"}],"version-history":[{"count":24,"href":"https:\/\/gustafs.com\/sv\/wp-json\/wp\/v2\/product\/16924\/revisions"}],"predecessor-version":[{"id":24667,"href":"https:\/\/gustafs.com\/sv\/wp-json\/wp\/v2\/product\/16924\/revisions\/24667"}],"wp:featuredmedia":[{"embeddable":true,"href":"https:\/\/gustafs.com\/sv\/wp-json\/wp\/v2\/media\/17107"}],"wp:attachment":[{"href":"https:\/\/gustafs.com\/sv\/wp-json\/wp\/v2\/media?parent=16924"}],"wp:term":[{"taxonomy":"product_brand","embeddable":true,"href":"https:\/\/gustafs.com\/sv\/wp-json\/wp\/v2\/product_brand?post=16924"},{"taxonomy":"product_cat","embeddable":true,"href":"https:\/\/gustafs.com\/sv\/wp-json\/wp\/v2\/product_cat?post=16924"},{"taxonomy":"product_tag","embeddable":true,"href":"https:\/\/gustafs.com\/sv\/wp-json\/wp\/v2\/product_tag?post=16924"}],"curies":[{"name":"wp","href":"https:\/\/api.w.org\/{rel}","templated":true}]}}