{"id":12812,"date":"2022-03-15T19:01:56","date_gmt":"2022-03-15T19:01:56","guid":{"rendered":"https:\/\/gustafs.com\/product\/capax-system-ceiling\/"},"modified":"2024-06-27T10:49:24","modified_gmt":"2024-06-27T08:49:24","slug":"capax-system-ceiling","status":"publish","type":"product","link":"https:\/\/gustafs.com\/sv\/produkt\/capax-system-ceiling\/","title":{"rendered":"Panel &#8211; Installation &#8211; Tak"},"content":{"rendered":"<p>Installation av akustikpaneler och sl\u00e4ta tr\u00e4paneler. Capax-systemet \u00e4r vridstyvt och sj\u00e4lvb\u00e4rande, vilket g\u00f6r att man inte beh\u00f6ver f\u00e4sta p\u00e5 intilliggande v\u00e4ggar.<br \/>\nSystemet g\u00f6r det m\u00f6jligt att demontera alla paneler och d\u00e4rmed f\u00e5 tillg\u00e5ng till \u00f6verliggande tekniska installationer, men samtidigt bibeh\u00e5lla den \u00f6vergripande stabiliteten och styrkan.<br \/>\nCapax takprofilsystem \u00e4r helt dolt.<\/p>\n","protected":false},"excerpt":{"rendered":"<p>Installation av akustikpaneler och sl\u00e4ta tr\u00e4paneler. Capax-systemet \u00e4r vridstyvt och sj\u00e4lvb\u00e4rande, vilket g\u00f6r att man inte beh\u00f6ver f\u00e4sta p\u00e5 intilliggande v\u00e4ggar. Systemet g\u00f6r det m\u00f6jligt att demontera alla paneler och d\u00e4rmed f\u00e5 tillg\u00e5ng till \u00f6verliggande tekniska installationer, men samtidigt bibeh\u00e5lla den \u00f6vergripande stabiliteten och styrkan. Capax takprofilsystem \u00e4r helt dolt.<\/p>\n","protected":false},"featured_media":8009,"template":"","meta":{"_acf_changed":false,"inline_featured_image":false,"footnotes":""},"product_brand":[],"product_cat":[233],"product_tag":[],"class_list":{"0":"post-12812","1":"product","2":"type-product","3":"status-publish","4":"has-post-thumbnail","6":"product_cat-capax-sv","8":"first","9":"instock","10":"shipping-taxable","11":"product-type-simple"},"acf":[],"yoast_head":"<!-- This site is optimized with the Yoast SEO plugin v25.4 - https:\/\/yoast.com\/wordpress\/plugins\/seo\/ -->\n<title>Gustafs Panel - Installation - Tak | installera ljudabsorbenter f\u00f6r tak<\/title>\n<meta name=\"description\" content=\"Gustafs Panel - akustikpaneler i tr\u00e4. Att installera ljudabsorbenter f\u00f6r tak till kontor och offentlig milj\u00f6. Gustafs akustikpaneler f\u00f6r tak.\" \/>\n<meta name=\"robots\" content=\"index, follow, max-snippet:-1, max-image-preview:large, max-video-preview:-1\" \/>\n<link rel=\"canonical\" href=\"https:\/\/gustafs.com\/sv\/produkt\/capax-system-ceiling\/\" \/>\n<meta property=\"og:locale\" content=\"sv_SE\" \/>\n<meta property=\"og:type\" content=\"article\" \/>\n<meta property=\"og:title\" content=\"Gustafs Panel - Installation - Tak | installera ljudabsorbenter f\u00f6r tak\" \/>\n<meta property=\"og:description\" content=\"Gustafs Panel - akustikpaneler i tr\u00e4. Att installera ljudabsorbenter f\u00f6r tak till kontor och offentlig milj\u00f6. Gustafs akustikpaneler f\u00f6r tak.\" \/>\n<meta property=\"og:url\" content=\"https:\/\/gustafs.com\/sv\/produkt\/capax-system-ceiling\/\" \/>\n<meta property=\"og:site_name\" content=\"Gustafs Scandinavia\" \/>\n<meta property=\"article:modified_time\" content=\"2024-06-27T08:49:24+00:00\" \/>\n<meta property=\"og:image\" content=\"https:\/\/gustafs.com\/wp-content\/uploads\/2022\/03\/panel-ceiling-installation3.jpg\" \/>\n\t<meta property=\"og:image:width\" content=\"1030\" \/>\n\t<meta property=\"og:image:height\" content=\"1290\" \/>\n\t<meta property=\"og:image:type\" content=\"image\/jpeg\" \/>\n<meta name=\"twitter:card\" content=\"summary_large_image\" \/>\n<meta name=\"twitter:label1\" content=\"Ber\u00e4knad l\u00e4stid\" \/>\n\t<meta name=\"twitter:data1\" content=\"1 minut\" \/>\n<script type=\"application\/ld+json\" class=\"yoast-schema-graph\">{\"@context\":\"https:\/\/schema.org\",\"@graph\":[{\"@type\":\"WebPage\",\"@id\":\"https:\/\/gustafs.com\/sv\/produkt\/capax-system-ceiling\/\",\"url\":\"https:\/\/gustafs.com\/sv\/produkt\/capax-system-ceiling\/\",\"name\":\"Gustafs Panel - Installation - Tak | installera ljudabsorbenter f\u00f6r tak\",\"isPartOf\":{\"@id\":\"https:\/\/gustafs.com\/sv\/#website\"},\"primaryImageOfPage\":{\"@id\":\"https:\/\/gustafs.com\/sv\/produkt\/capax-system-ceiling\/#primaryimage\"},\"image\":{\"@id\":\"https:\/\/gustafs.com\/sv\/produkt\/capax-system-ceiling\/#primaryimage\"},\"thumbnailUrl\":\"https:\/\/gustafs.com\/wp-content\/uploads\/2022\/03\/panel-ceiling-installation3.jpg\",\"datePublished\":\"2022-03-15T19:01:56+00:00\",\"dateModified\":\"2024-06-27T08:49:24+00:00\",\"description\":\"Gustafs Panel - akustikpaneler i tr\u00e4. Att installera ljudabsorbenter f\u00f6r tak till kontor och offentlig milj\u00f6. Gustafs akustikpaneler f\u00f6r tak.\",\"breadcrumb\":{\"@id\":\"https:\/\/gustafs.com\/sv\/produkt\/capax-system-ceiling\/#breadcrumb\"},\"inLanguage\":\"sv-SE\",\"potentialAction\":[{\"@type\":\"ReadAction\",\"target\":[\"https:\/\/gustafs.com\/sv\/produkt\/capax-system-ceiling\/\"]}]},{\"@type\":\"ImageObject\",\"inLanguage\":\"sv-SE\",\"@id\":\"https:\/\/gustafs.com\/sv\/produkt\/capax-system-ceiling\/#primaryimage\",\"url\":\"https:\/\/gustafs.com\/wp-content\/uploads\/2022\/03\/panel-ceiling-installation3.jpg\",\"contentUrl\":\"https:\/\/gustafs.com\/wp-content\/uploads\/2022\/03\/panel-ceiling-installation3.jpg\",\"width\":1030,\"height\":1290},{\"@type\":\"BreadcrumbList\",\"@id\":\"https:\/\/gustafs.com\/sv\/produkt\/capax-system-ceiling\/#breadcrumb\",\"itemListElement\":[{\"@type\":\"ListItem\",\"position\":1,\"name\":\"Gustafs\",\"item\":\"https:\/\/gustafs.com\/sv\/\"},{\"@type\":\"ListItem\",\"position\":2,\"name\":\"Produkter\",\"item\":\"https:\/\/gustafs.com\/sv\/produkter\/\"},{\"@type\":\"ListItem\",\"position\":3,\"name\":\"Capax installationssystem\",\"item\":\"https:\/\/gustafs.com\/sv\/produkt-kategori\/capax-sv\/\"},{\"@type\":\"ListItem\",\"position\":4,\"name\":\"Panel &#8211; Installation &#8211; Tak\"}]},{\"@type\":\"WebSite\",\"@id\":\"https:\/\/gustafs.com\/sv\/#website\",\"url\":\"https:\/\/gustafs.com\/sv\/\",\"name\":\"Gustafs Scandinavia\",\"description\":\"Exclusive Wooden Panels And Acoustic Panels\",\"potentialAction\":[{\"@type\":\"SearchAction\",\"target\":{\"@type\":\"EntryPoint\",\"urlTemplate\":\"https:\/\/gustafs.com\/sv\/?s={search_term_string}\"},\"query-input\":{\"@type\":\"PropertyValueSpecification\",\"valueRequired\":true,\"valueName\":\"search_term_string\"}}],\"inLanguage\":\"sv-SE\"}]}<\/script>\n<!-- \/ Yoast SEO plugin. -->","yoast_head_json":{"title":"Gustafs Panel - Installation - Tak | installera ljudabsorbenter f\u00f6r tak","description":"Gustafs Panel - akustikpaneler i tr\u00e4. Att installera ljudabsorbenter f\u00f6r tak till kontor och offentlig milj\u00f6. Gustafs akustikpaneler f\u00f6r tak.","robots":{"index":"index","follow":"follow","max-snippet":"max-snippet:-1","max-image-preview":"max-image-preview:large","max-video-preview":"max-video-preview:-1"},"canonical":"https:\/\/gustafs.com\/sv\/produkt\/capax-system-ceiling\/","og_locale":"sv_SE","og_type":"article","og_title":"Gustafs Panel - Installation - Tak | installera ljudabsorbenter f\u00f6r tak","og_description":"Gustafs Panel - akustikpaneler i tr\u00e4. Att installera ljudabsorbenter f\u00f6r tak till kontor och offentlig milj\u00f6. Gustafs akustikpaneler f\u00f6r tak.","og_url":"https:\/\/gustafs.com\/sv\/produkt\/capax-system-ceiling\/","og_site_name":"Gustafs Scandinavia","article_modified_time":"2024-06-27T08:49:24+00:00","og_image":[{"width":1030,"height":1290,"url":"https:\/\/gustafs.com\/wp-content\/uploads\/2022\/03\/panel-ceiling-installation3.jpg","type":"image\/jpeg"}],"twitter_card":"summary_large_image","twitter_misc":{"Ber\u00e4knad l\u00e4stid":"1 minut"},"schema":{"@context":"https:\/\/schema.org","@graph":[{"@type":"WebPage","@id":"https:\/\/gustafs.com\/sv\/produkt\/capax-system-ceiling\/","url":"https:\/\/gustafs.com\/sv\/produkt\/capax-system-ceiling\/","name":"Gustafs Panel - Installation - Tak | installera ljudabsorbenter f\u00f6r tak","isPartOf":{"@id":"https:\/\/gustafs.com\/sv\/#website"},"primaryImageOfPage":{"@id":"https:\/\/gustafs.com\/sv\/produkt\/capax-system-ceiling\/#primaryimage"},"image":{"@id":"https:\/\/gustafs.com\/sv\/produkt\/capax-system-ceiling\/#primaryimage"},"thumbnailUrl":"https:\/\/gustafs.com\/wp-content\/uploads\/2022\/03\/panel-ceiling-installation3.jpg","datePublished":"2022-03-15T19:01:56+00:00","dateModified":"2024-06-27T08:49:24+00:00","description":"Gustafs Panel - akustikpaneler i tr\u00e4. Att installera ljudabsorbenter f\u00f6r tak till kontor och offentlig milj\u00f6. Gustafs akustikpaneler f\u00f6r tak.","breadcrumb":{"@id":"https:\/\/gustafs.com\/sv\/produkt\/capax-system-ceiling\/#breadcrumb"},"inLanguage":"sv-SE","potentialAction":[{"@type":"ReadAction","target":["https:\/\/gustafs.com\/sv\/produkt\/capax-system-ceiling\/"]}]},{"@type":"ImageObject","inLanguage":"sv-SE","@id":"https:\/\/gustafs.com\/sv\/produkt\/capax-system-ceiling\/#primaryimage","url":"https:\/\/gustafs.com\/wp-content\/uploads\/2022\/03\/panel-ceiling-installation3.jpg","contentUrl":"https:\/\/gustafs.com\/wp-content\/uploads\/2022\/03\/panel-ceiling-installation3.jpg","width":1030,"height":1290},{"@type":"BreadcrumbList","@id":"https:\/\/gustafs.com\/sv\/produkt\/capax-system-ceiling\/#breadcrumb","itemListElement":[{"@type":"ListItem","position":1,"name":"Gustafs","item":"https:\/\/gustafs.com\/sv\/"},{"@type":"ListItem","position":2,"name":"Produkter","item":"https:\/\/gustafs.com\/sv\/produkter\/"},{"@type":"ListItem","position":3,"name":"Capax installationssystem","item":"https:\/\/gustafs.com\/sv\/produkt-kategori\/capax-sv\/"},{"@type":"ListItem","position":4,"name":"Panel &#8211; Installation &#8211; Tak"}]},{"@type":"WebSite","@id":"https:\/\/gustafs.com\/sv\/#website","url":"https:\/\/gustafs.com\/sv\/","name":"Gustafs Scandinavia","description":"Exclusive Wooden Panels And Acoustic Panels","potentialAction":[{"@type":"SearchAction","target":{"@type":"EntryPoint","urlTemplate":"https:\/\/gustafs.com\/sv\/?s={search_term_string}"},"query-input":{"@type":"PropertyValueSpecification","valueRequired":true,"valueName":"search_term_string"}}],"inLanguage":"sv-SE"}]}},"_links":{"self":[{"href":"https:\/\/gustafs.com\/sv\/wp-json\/wp\/v2\/product\/12812","targetHints":{"allow":["GET"]}}],"collection":[{"href":"https:\/\/gustafs.com\/sv\/wp-json\/wp\/v2\/product"}],"about":[{"href":"https:\/\/gustafs.com\/sv\/wp-json\/wp\/v2\/types\/product"}],"version-history":[{"count":20,"href":"https:\/\/gustafs.com\/sv\/wp-json\/wp\/v2\/product\/12812\/revisions"}],"predecessor-version":[{"id":24020,"href":"https:\/\/gustafs.com\/sv\/wp-json\/wp\/v2\/product\/12812\/revisions\/24020"}],"wp:featuredmedia":[{"embeddable":true,"href":"https:\/\/gustafs.com\/sv\/wp-json\/wp\/v2\/media\/8009"}],"wp:attachment":[{"href":"https:\/\/gustafs.com\/sv\/wp-json\/wp\/v2\/media?parent=12812"}],"wp:term":[{"taxonomy":"product_brand","embeddable":true,"href":"https:\/\/gustafs.com\/sv\/wp-json\/wp\/v2\/product_brand?post=12812"},{"taxonomy":"product_cat","embeddable":true,"href":"https:\/\/gustafs.com\/sv\/wp-json\/wp\/v2\/product_cat?post=12812"},{"taxonomy":"product_tag","embeddable":true,"href":"https:\/\/gustafs.com\/sv\/wp-json\/wp\/v2\/product_tag?post=12812"}],"curies":[{"name":"wp","href":"https:\/\/api.w.org\/{rel}","templated":true}]}}