{"id":12772,"date":"2022-04-05T08:44:47","date_gmt":"2022-04-05T08:44:47","guid":{"rendered":"https:\/\/gustafs.com\/product\/module-wall-portrait\/"},"modified":"2024-04-30T12:48:43","modified_gmt":"2024-04-30T10:48:43","slug":"module-wall-portrait","status":"publish","type":"product","link":"https:\/\/gustafs.com\/sv\/produkt\/module-wall-portrait\/","title":{"rendered":"Module V\u00e4gg"},"content":{"rendered":"<p style=\"letter-spacing: 1px;\">LINJ\u00c4RA PANELER MED MASSIVA TR\u00c4RIBBOR<\/p>\n<p>Med Gustafs modulsystem kan du skapa fantastiska v\u00e4ggar med tr\u00e4ribbor. Med hj\u00e4lp av massivt tr\u00e4, fanerad plywood eller laminerade MDF-ribbor kan du anpassa m\u00e5nga egenskaper individuellt. Du kan variera tr\u00e4slag, pigmentering, dimensioner, liggande eller st\u00e5ende ribbor, mellanrummen och f\u00e4rgen mellan ribborna. Gustafs Module Wall-paneler kan ocks\u00e5 anv\u00e4ndas i b\u00f6jda installationer.<\/p>\n","protected":false},"excerpt":{"rendered":"<p>LINJ\u00c4RA PANELER MED MASSIVA TR\u00c4RIBBOR Med Gustafs modulsystem kan du skapa fantastiska v\u00e4ggar med tr\u00e4ribbor. Med hj\u00e4lp av massivt tr\u00e4, fanerad plywood eller laminerade MDF-ribbor kan du anpassa m\u00e5nga egenskaper individuellt. Du kan variera tr\u00e4slag, pigmentering, dimensioner, liggande eller st\u00e5ende ribbor, mellanrummen och f\u00e4rgen mellan ribborna. Gustafs Module Wall-paneler kan ocks\u00e5 anv\u00e4ndas i b\u00f6jda installationer.<\/p>\n","protected":false},"featured_media":8654,"template":"","meta":{"_acf_changed":false,"inline_featured_image":false,"footnotes":""},"product_brand":[],"product_cat":[234,235],"product_tag":[],"class_list":{"0":"post-12772","1":"product","2":"type-product","3":"status-publish","4":"has-post-thumbnail","6":"product_cat-gustafs-linears-sv","7":"product_cat-linear-panels-sv","9":"first","10":"instock","11":"shipping-taxable","12":"product-type-simple"},"acf":[],"yoast_head":"<!-- This site is optimized with the Yoast SEO plugin v25.4 - https:\/\/yoast.com\/wordpress\/plugins\/seo\/ -->\n<title>Module V\u00e4gg | Gustafs Scandinavia<\/title>\n<meta name=\"robots\" content=\"index, follow, max-snippet:-1, max-image-preview:large, max-video-preview:-1\" \/>\n<link rel=\"canonical\" href=\"https:\/\/gustafs.com\/sv\/produkt\/module-wall-portrait\/\" \/>\n<meta property=\"og:locale\" content=\"sv_SE\" \/>\n<meta property=\"og:type\" content=\"article\" \/>\n<meta property=\"og:title\" content=\"Module V\u00e4gg | Gustafs Scandinavia\" \/>\n<meta property=\"og:description\" content=\"LINJ\u00c4RA PANELER MED MASSIVA TR\u00c4RIBBOR Med Gustafs modulsystem kan du skapa fantastiska v\u00e4ggar med tr\u00e4ribbor. Med hj\u00e4lp av massivt tr\u00e4, fanerad plywood eller laminerade MDF-ribbor kan du anpassa m\u00e5nga egenskaper individuellt. Du kan variera tr\u00e4slag, pigmentering, dimensioner, liggande eller st\u00e5ende ribbor, mellanrummen och f\u00e4rgen mellan ribborna. Gustafs Module Wall-paneler kan ocks\u00e5 anv\u00e4ndas i b\u00f6jda installationer.\" \/>\n<meta property=\"og:url\" content=\"https:\/\/gustafs.com\/sv\/produkt\/module-wall-portrait\/\" \/>\n<meta property=\"og:site_name\" content=\"Gustafs Scandinavia\" \/>\n<meta property=\"article:modified_time\" content=\"2024-04-30T10:48:43+00:00\" \/>\n<meta property=\"og:image\" content=\"https:\/\/gustafs.com\/wp-content\/uploads\/2022\/04\/module-wall-wood-portrait-closeup-1.jpg\" \/>\n\t<meta property=\"og:image:width\" content=\"1030\" \/>\n\t<meta property=\"og:image:height\" content=\"1290\" \/>\n\t<meta property=\"og:image:type\" content=\"image\/jpeg\" \/>\n<meta name=\"twitter:card\" content=\"summary_large_image\" \/>\n<meta name=\"twitter:label1\" content=\"Ber\u00e4knad l\u00e4stid\" \/>\n\t<meta name=\"twitter:data1\" content=\"1 minut\" \/>\n<script type=\"application\/ld+json\" class=\"yoast-schema-graph\">{\"@context\":\"https:\/\/schema.org\",\"@graph\":[{\"@type\":\"WebPage\",\"@id\":\"https:\/\/gustafs.com\/sv\/produkt\/module-wall-portrait\/\",\"url\":\"https:\/\/gustafs.com\/sv\/produkt\/module-wall-portrait\/\",\"name\":\"Module V\u00e4gg | Gustafs Scandinavia\",\"isPartOf\":{\"@id\":\"https:\/\/gustafs.com\/sv\/#website\"},\"primaryImageOfPage\":{\"@id\":\"https:\/\/gustafs.com\/sv\/produkt\/module-wall-portrait\/#primaryimage\"},\"image\":{\"@id\":\"https:\/\/gustafs.com\/sv\/produkt\/module-wall-portrait\/#primaryimage\"},\"thumbnailUrl\":\"https:\/\/gustafs.com\/wp-content\/uploads\/2022\/04\/module-wall-wood-portrait-closeup-1.jpg\",\"datePublished\":\"2022-04-05T08:44:47+00:00\",\"dateModified\":\"2024-04-30T10:48:43+00:00\",\"breadcrumb\":{\"@id\":\"https:\/\/gustafs.com\/sv\/produkt\/module-wall-portrait\/#breadcrumb\"},\"inLanguage\":\"sv-SE\",\"potentialAction\":[{\"@type\":\"ReadAction\",\"target\":[\"https:\/\/gustafs.com\/sv\/produkt\/module-wall-portrait\/\"]}]},{\"@type\":\"ImageObject\",\"inLanguage\":\"sv-SE\",\"@id\":\"https:\/\/gustafs.com\/sv\/produkt\/module-wall-portrait\/#primaryimage\",\"url\":\"https:\/\/gustafs.com\/wp-content\/uploads\/2022\/04\/module-wall-wood-portrait-closeup-1.jpg\",\"contentUrl\":\"https:\/\/gustafs.com\/wp-content\/uploads\/2022\/04\/module-wall-wood-portrait-closeup-1.jpg\",\"width\":1030,\"height\":1290},{\"@type\":\"BreadcrumbList\",\"@id\":\"https:\/\/gustafs.com\/sv\/produkt\/module-wall-portrait\/#breadcrumb\",\"itemListElement\":[{\"@type\":\"ListItem\",\"position\":1,\"name\":\"Gustafs\",\"item\":\"https:\/\/gustafs.com\/sv\/\"},{\"@type\":\"ListItem\",\"position\":2,\"name\":\"Produkter\",\"item\":\"https:\/\/gustafs.com\/sv\/produkter\/\"},{\"@type\":\"ListItem\",\"position\":3,\"name\":\"Gustafs Linears\",\"item\":\"https:\/\/gustafs.com\/sv\/produkt-kategori\/gustafs-linears-sv\/\"},{\"@type\":\"ListItem\",\"position\":4,\"name\":\"Module V\u00e4gg\"}]},{\"@type\":\"WebSite\",\"@id\":\"https:\/\/gustafs.com\/sv\/#website\",\"url\":\"https:\/\/gustafs.com\/sv\/\",\"name\":\"Gustafs Scandinavia\",\"description\":\"Exclusive Wooden Panels And Acoustic Panels\",\"potentialAction\":[{\"@type\":\"SearchAction\",\"target\":{\"@type\":\"EntryPoint\",\"urlTemplate\":\"https:\/\/gustafs.com\/sv\/?s={search_term_string}\"},\"query-input\":{\"@type\":\"PropertyValueSpecification\",\"valueRequired\":true,\"valueName\":\"search_term_string\"}}],\"inLanguage\":\"sv-SE\"}]}<\/script>\n<!-- \/ Yoast SEO plugin. -->","yoast_head_json":{"title":"Module V\u00e4gg | Gustafs Scandinavia","robots":{"index":"index","follow":"follow","max-snippet":"max-snippet:-1","max-image-preview":"max-image-preview:large","max-video-preview":"max-video-preview:-1"},"canonical":"https:\/\/gustafs.com\/sv\/produkt\/module-wall-portrait\/","og_locale":"sv_SE","og_type":"article","og_title":"Module V\u00e4gg | Gustafs Scandinavia","og_description":"LINJ\u00c4RA PANELER MED MASSIVA TR\u00c4RIBBOR Med Gustafs modulsystem kan du skapa fantastiska v\u00e4ggar med tr\u00e4ribbor. Med hj\u00e4lp av massivt tr\u00e4, fanerad plywood eller laminerade MDF-ribbor kan du anpassa m\u00e5nga egenskaper individuellt. Du kan variera tr\u00e4slag, pigmentering, dimensioner, liggande eller st\u00e5ende ribbor, mellanrummen och f\u00e4rgen mellan ribborna. Gustafs Module Wall-paneler kan ocks\u00e5 anv\u00e4ndas i b\u00f6jda installationer.","og_url":"https:\/\/gustafs.com\/sv\/produkt\/module-wall-portrait\/","og_site_name":"Gustafs Scandinavia","article_modified_time":"2024-04-30T10:48:43+00:00","og_image":[{"width":1030,"height":1290,"url":"https:\/\/gustafs.com\/wp-content\/uploads\/2022\/04\/module-wall-wood-portrait-closeup-1.jpg","type":"image\/jpeg"}],"twitter_card":"summary_large_image","twitter_misc":{"Ber\u00e4knad l\u00e4stid":"1 minut"},"schema":{"@context":"https:\/\/schema.org","@graph":[{"@type":"WebPage","@id":"https:\/\/gustafs.com\/sv\/produkt\/module-wall-portrait\/","url":"https:\/\/gustafs.com\/sv\/produkt\/module-wall-portrait\/","name":"Module V\u00e4gg | Gustafs Scandinavia","isPartOf":{"@id":"https:\/\/gustafs.com\/sv\/#website"},"primaryImageOfPage":{"@id":"https:\/\/gustafs.com\/sv\/produkt\/module-wall-portrait\/#primaryimage"},"image":{"@id":"https:\/\/gustafs.com\/sv\/produkt\/module-wall-portrait\/#primaryimage"},"thumbnailUrl":"https:\/\/gustafs.com\/wp-content\/uploads\/2022\/04\/module-wall-wood-portrait-closeup-1.jpg","datePublished":"2022-04-05T08:44:47+00:00","dateModified":"2024-04-30T10:48:43+00:00","breadcrumb":{"@id":"https:\/\/gustafs.com\/sv\/produkt\/module-wall-portrait\/#breadcrumb"},"inLanguage":"sv-SE","potentialAction":[{"@type":"ReadAction","target":["https:\/\/gustafs.com\/sv\/produkt\/module-wall-portrait\/"]}]},{"@type":"ImageObject","inLanguage":"sv-SE","@id":"https:\/\/gustafs.com\/sv\/produkt\/module-wall-portrait\/#primaryimage","url":"https:\/\/gustafs.com\/wp-content\/uploads\/2022\/04\/module-wall-wood-portrait-closeup-1.jpg","contentUrl":"https:\/\/gustafs.com\/wp-content\/uploads\/2022\/04\/module-wall-wood-portrait-closeup-1.jpg","width":1030,"height":1290},{"@type":"BreadcrumbList","@id":"https:\/\/gustafs.com\/sv\/produkt\/module-wall-portrait\/#breadcrumb","itemListElement":[{"@type":"ListItem","position":1,"name":"Gustafs","item":"https:\/\/gustafs.com\/sv\/"},{"@type":"ListItem","position":2,"name":"Produkter","item":"https:\/\/gustafs.com\/sv\/produkter\/"},{"@type":"ListItem","position":3,"name":"Gustafs Linears","item":"https:\/\/gustafs.com\/sv\/produkt-kategori\/gustafs-linears-sv\/"},{"@type":"ListItem","position":4,"name":"Module V\u00e4gg"}]},{"@type":"WebSite","@id":"https:\/\/gustafs.com\/sv\/#website","url":"https:\/\/gustafs.com\/sv\/","name":"Gustafs Scandinavia","description":"Exclusive Wooden Panels And Acoustic Panels","potentialAction":[{"@type":"SearchAction","target":{"@type":"EntryPoint","urlTemplate":"https:\/\/gustafs.com\/sv\/?s={search_term_string}"},"query-input":{"@type":"PropertyValueSpecification","valueRequired":true,"valueName":"search_term_string"}}],"inLanguage":"sv-SE"}]}},"_links":{"self":[{"href":"https:\/\/gustafs.com\/sv\/wp-json\/wp\/v2\/product\/12772","targetHints":{"allow":["GET"]}}],"collection":[{"href":"https:\/\/gustafs.com\/sv\/wp-json\/wp\/v2\/product"}],"about":[{"href":"https:\/\/gustafs.com\/sv\/wp-json\/wp\/v2\/types\/product"}],"version-history":[{"count":26,"href":"https:\/\/gustafs.com\/sv\/wp-json\/wp\/v2\/product\/12772\/revisions"}],"predecessor-version":[{"id":23134,"href":"https:\/\/gustafs.com\/sv\/wp-json\/wp\/v2\/product\/12772\/revisions\/23134"}],"wp:featuredmedia":[{"embeddable":true,"href":"https:\/\/gustafs.com\/sv\/wp-json\/wp\/v2\/media\/8654"}],"wp:attachment":[{"href":"https:\/\/gustafs.com\/sv\/wp-json\/wp\/v2\/media?parent=12772"}],"wp:term":[{"taxonomy":"product_brand","embeddable":true,"href":"https:\/\/gustafs.com\/sv\/wp-json\/wp\/v2\/product_brand?post=12772"},{"taxonomy":"product_cat","embeddable":true,"href":"https:\/\/gustafs.com\/sv\/wp-json\/wp\/v2\/product_cat?post=12772"},{"taxonomy":"product_tag","embeddable":true,"href":"https:\/\/gustafs.com\/sv\/wp-json\/wp\/v2\/product_tag?post=12772"}],"curies":[{"name":"wp","href":"https:\/\/api.w.org\/{rel}","templated":true}]}}