{"id":12769,"date":"2022-06-27T11:52:00","date_gmt":"2022-06-27T11:52:00","guid":{"rendered":"https:\/\/gustafs.com\/product\/module-ceiling\/"},"modified":"2024-08-08T14:03:30","modified_gmt":"2024-08-08T12:03:30","slug":"module-ceiling","status":"publish","type":"product","link":"https:\/\/gustafs.com\/sv\/produkt\/module-ceiling\/","title":{"rendered":"Module FS-Tak"},"content":{"rendered":"<p style=\"letter-spacing: 1px;\">LINJ\u00c4RA PANELER MED RIBBOR AV MASSIVT TR\u00c4, NEDPENDLADE UNDERTAK<\/p>\n<p>Med Gustafs modulsystem kan du skapa ett fantastiskt tak med snygga tr\u00e4ribbor. Med hj\u00e4lp av ribbor av massivt tr\u00e4 eller fanerad plywood \u00e4r det m\u00f6jligt att justera m\u00e5nga parametrar individuellt. Du kan variera tr\u00e4slaget, pigmentering, dimensioner, liggande eller st\u00e5ende ribbor, mellanrummen och f\u00e4rgen p\u00e5 den akustiska filten. Gustafs Module-FS-paneler kan \u00e4ven tillverkas b\u00f6jde. Den fritt upph\u00e4ngda nedpendlade installationen \u00e4r dold och demonterbar och mycket l\u00e4mplig f\u00f6r att skapa frist\u00e5ende installationer.<\/p>\n","protected":false},"excerpt":{"rendered":"<p>LINJ\u00c4RA PANELER MED RIBBOR AV MASSIVT TR\u00c4, NEDPENDLADE UNDERTAK Med Gustafs modulsystem kan du skapa ett fantastiskt tak med snygga tr\u00e4ribbor. Med hj\u00e4lp av ribbor av massivt tr\u00e4 eller fanerad plywood \u00e4r det m\u00f6jligt att justera m\u00e5nga parametrar individuellt. Du kan variera tr\u00e4slaget, pigmentering, dimensioner, liggande eller st\u00e5ende ribbor, mellanrummen och f\u00e4rgen p\u00e5 den akustiska [&hellip;]<\/p>\n","protected":false},"featured_media":8641,"template":"","meta":{"_acf_changed":false,"inline_featured_image":false,"footnotes":""},"product_brand":[],"product_cat":[234,235],"product_tag":[],"class_list":{"0":"post-12769","1":"product","2":"type-product","3":"status-publish","4":"has-post-thumbnail","6":"product_cat-gustafs-linears-sv","7":"product_cat-linear-panels-sv","9":"first","10":"instock","11":"shipping-taxable","12":"product-type-simple"},"acf":[],"yoast_head":"<!-- This site is optimized with the Yoast SEO plugin v25.4 - https:\/\/yoast.com\/wordpress\/plugins\/seo\/ -->\n<title>Module FS-Tak | Gustafs Scandinavia<\/title>\n<meta name=\"robots\" content=\"index, follow, max-snippet:-1, max-image-preview:large, max-video-preview:-1\" \/>\n<link rel=\"canonical\" href=\"https:\/\/gustafs.com\/sv\/produkt\/module-ceiling\/\" \/>\n<meta property=\"og:locale\" content=\"sv_SE\" \/>\n<meta property=\"og:type\" content=\"article\" \/>\n<meta property=\"og:title\" content=\"Module FS-Tak | Gustafs Scandinavia\" \/>\n<meta property=\"og:description\" content=\"LINJ\u00c4RA PANELER MED RIBBOR AV MASSIVT TR\u00c4, NEDPENDLADE UNDERTAK Med Gustafs modulsystem kan du skapa ett fantastiskt tak med snygga tr\u00e4ribbor. Med hj\u00e4lp av ribbor av massivt tr\u00e4 eller fanerad plywood \u00e4r det m\u00f6jligt att justera m\u00e5nga parametrar individuellt. Du kan variera tr\u00e4slaget, pigmentering, dimensioner, liggande eller st\u00e5ende ribbor, mellanrummen och f\u00e4rgen p\u00e5 den akustiska [&hellip;]\" \/>\n<meta property=\"og:url\" content=\"https:\/\/gustafs.com\/sv\/produkt\/module-ceiling\/\" \/>\n<meta property=\"og:site_name\" content=\"Gustafs Scandinavia\" \/>\n<meta property=\"article:modified_time\" content=\"2024-08-08T12:03:30+00:00\" \/>\n<meta property=\"og:image\" content=\"https:\/\/gustafs.com\/wp-content\/uploads\/2018\/04\/glm-t24-portrait-solid-wood-project-closeup-1.jpg\" \/>\n\t<meta property=\"og:image:width\" content=\"1030\" \/>\n\t<meta property=\"og:image:height\" content=\"1290\" \/>\n\t<meta property=\"og:image:type\" content=\"image\/jpeg\" \/>\n<meta name=\"twitter:card\" content=\"summary_large_image\" \/>\n<meta name=\"twitter:label1\" content=\"Ber\u00e4knad l\u00e4stid\" \/>\n\t<meta name=\"twitter:data1\" content=\"1 minut\" \/>\n<script type=\"application\/ld+json\" class=\"yoast-schema-graph\">{\"@context\":\"https:\/\/schema.org\",\"@graph\":[{\"@type\":\"WebPage\",\"@id\":\"https:\/\/gustafs.com\/sv\/produkt\/module-ceiling\/\",\"url\":\"https:\/\/gustafs.com\/sv\/produkt\/module-ceiling\/\",\"name\":\"Module FS-Tak | Gustafs Scandinavia\",\"isPartOf\":{\"@id\":\"https:\/\/gustafs.com\/sv\/#website\"},\"primaryImageOfPage\":{\"@id\":\"https:\/\/gustafs.com\/sv\/produkt\/module-ceiling\/#primaryimage\"},\"image\":{\"@id\":\"https:\/\/gustafs.com\/sv\/produkt\/module-ceiling\/#primaryimage\"},\"thumbnailUrl\":\"https:\/\/gustafs.com\/wp-content\/uploads\/2018\/04\/glm-t24-portrait-solid-wood-project-closeup-1.jpg\",\"datePublished\":\"2022-06-27T11:52:00+00:00\",\"dateModified\":\"2024-08-08T12:03:30+00:00\",\"breadcrumb\":{\"@id\":\"https:\/\/gustafs.com\/sv\/produkt\/module-ceiling\/#breadcrumb\"},\"inLanguage\":\"sv-SE\",\"potentialAction\":[{\"@type\":\"ReadAction\",\"target\":[\"https:\/\/gustafs.com\/sv\/produkt\/module-ceiling\/\"]}]},{\"@type\":\"ImageObject\",\"inLanguage\":\"sv-SE\",\"@id\":\"https:\/\/gustafs.com\/sv\/produkt\/module-ceiling\/#primaryimage\",\"url\":\"https:\/\/gustafs.com\/wp-content\/uploads\/2018\/04\/glm-t24-portrait-solid-wood-project-closeup-1.jpg\",\"contentUrl\":\"https:\/\/gustafs.com\/wp-content\/uploads\/2018\/04\/glm-t24-portrait-solid-wood-project-closeup-1.jpg\",\"width\":1030,\"height\":1290},{\"@type\":\"BreadcrumbList\",\"@id\":\"https:\/\/gustafs.com\/sv\/produkt\/module-ceiling\/#breadcrumb\",\"itemListElement\":[{\"@type\":\"ListItem\",\"position\":1,\"name\":\"Gustafs\",\"item\":\"https:\/\/gustafs.com\/sv\/\"},{\"@type\":\"ListItem\",\"position\":2,\"name\":\"Produkter\",\"item\":\"https:\/\/gustafs.com\/sv\/produkter\/\"},{\"@type\":\"ListItem\",\"position\":3,\"name\":\"Gustafs Linears\",\"item\":\"https:\/\/gustafs.com\/sv\/produkt-kategori\/gustafs-linears-sv\/\"},{\"@type\":\"ListItem\",\"position\":4,\"name\":\"Module FS-Tak\"}]},{\"@type\":\"WebSite\",\"@id\":\"https:\/\/gustafs.com\/sv\/#website\",\"url\":\"https:\/\/gustafs.com\/sv\/\",\"name\":\"Gustafs Scandinavia\",\"description\":\"Exclusive Wooden Panels And Acoustic Panels\",\"potentialAction\":[{\"@type\":\"SearchAction\",\"target\":{\"@type\":\"EntryPoint\",\"urlTemplate\":\"https:\/\/gustafs.com\/sv\/?s={search_term_string}\"},\"query-input\":{\"@type\":\"PropertyValueSpecification\",\"valueRequired\":true,\"valueName\":\"search_term_string\"}}],\"inLanguage\":\"sv-SE\"}]}<\/script>\n<!-- \/ Yoast SEO plugin. -->","yoast_head_json":{"title":"Module FS-Tak | Gustafs Scandinavia","robots":{"index":"index","follow":"follow","max-snippet":"max-snippet:-1","max-image-preview":"max-image-preview:large","max-video-preview":"max-video-preview:-1"},"canonical":"https:\/\/gustafs.com\/sv\/produkt\/module-ceiling\/","og_locale":"sv_SE","og_type":"article","og_title":"Module FS-Tak | Gustafs Scandinavia","og_description":"LINJ\u00c4RA PANELER MED RIBBOR AV MASSIVT TR\u00c4, NEDPENDLADE UNDERTAK Med Gustafs modulsystem kan du skapa ett fantastiskt tak med snygga tr\u00e4ribbor. Med hj\u00e4lp av ribbor av massivt tr\u00e4 eller fanerad plywood \u00e4r det m\u00f6jligt att justera m\u00e5nga parametrar individuellt. Du kan variera tr\u00e4slaget, pigmentering, dimensioner, liggande eller st\u00e5ende ribbor, mellanrummen och f\u00e4rgen p\u00e5 den akustiska [&hellip;]","og_url":"https:\/\/gustafs.com\/sv\/produkt\/module-ceiling\/","og_site_name":"Gustafs Scandinavia","article_modified_time":"2024-08-08T12:03:30+00:00","og_image":[{"width":1030,"height":1290,"url":"https:\/\/gustafs.com\/wp-content\/uploads\/2018\/04\/glm-t24-portrait-solid-wood-project-closeup-1.jpg","type":"image\/jpeg"}],"twitter_card":"summary_large_image","twitter_misc":{"Ber\u00e4knad l\u00e4stid":"1 minut"},"schema":{"@context":"https:\/\/schema.org","@graph":[{"@type":"WebPage","@id":"https:\/\/gustafs.com\/sv\/produkt\/module-ceiling\/","url":"https:\/\/gustafs.com\/sv\/produkt\/module-ceiling\/","name":"Module FS-Tak | Gustafs Scandinavia","isPartOf":{"@id":"https:\/\/gustafs.com\/sv\/#website"},"primaryImageOfPage":{"@id":"https:\/\/gustafs.com\/sv\/produkt\/module-ceiling\/#primaryimage"},"image":{"@id":"https:\/\/gustafs.com\/sv\/produkt\/module-ceiling\/#primaryimage"},"thumbnailUrl":"https:\/\/gustafs.com\/wp-content\/uploads\/2018\/04\/glm-t24-portrait-solid-wood-project-closeup-1.jpg","datePublished":"2022-06-27T11:52:00+00:00","dateModified":"2024-08-08T12:03:30+00:00","breadcrumb":{"@id":"https:\/\/gustafs.com\/sv\/produkt\/module-ceiling\/#breadcrumb"},"inLanguage":"sv-SE","potentialAction":[{"@type":"ReadAction","target":["https:\/\/gustafs.com\/sv\/produkt\/module-ceiling\/"]}]},{"@type":"ImageObject","inLanguage":"sv-SE","@id":"https:\/\/gustafs.com\/sv\/produkt\/module-ceiling\/#primaryimage","url":"https:\/\/gustafs.com\/wp-content\/uploads\/2018\/04\/glm-t24-portrait-solid-wood-project-closeup-1.jpg","contentUrl":"https:\/\/gustafs.com\/wp-content\/uploads\/2018\/04\/glm-t24-portrait-solid-wood-project-closeup-1.jpg","width":1030,"height":1290},{"@type":"BreadcrumbList","@id":"https:\/\/gustafs.com\/sv\/produkt\/module-ceiling\/#breadcrumb","itemListElement":[{"@type":"ListItem","position":1,"name":"Gustafs","item":"https:\/\/gustafs.com\/sv\/"},{"@type":"ListItem","position":2,"name":"Produkter","item":"https:\/\/gustafs.com\/sv\/produkter\/"},{"@type":"ListItem","position":3,"name":"Gustafs Linears","item":"https:\/\/gustafs.com\/sv\/produkt-kategori\/gustafs-linears-sv\/"},{"@type":"ListItem","position":4,"name":"Module FS-Tak"}]},{"@type":"WebSite","@id":"https:\/\/gustafs.com\/sv\/#website","url":"https:\/\/gustafs.com\/sv\/","name":"Gustafs Scandinavia","description":"Exclusive Wooden Panels And Acoustic Panels","potentialAction":[{"@type":"SearchAction","target":{"@type":"EntryPoint","urlTemplate":"https:\/\/gustafs.com\/sv\/?s={search_term_string}"},"query-input":{"@type":"PropertyValueSpecification","valueRequired":true,"valueName":"search_term_string"}}],"inLanguage":"sv-SE"}]}},"_links":{"self":[{"href":"https:\/\/gustafs.com\/sv\/wp-json\/wp\/v2\/product\/12769","targetHints":{"allow":["GET"]}}],"collection":[{"href":"https:\/\/gustafs.com\/sv\/wp-json\/wp\/v2\/product"}],"about":[{"href":"https:\/\/gustafs.com\/sv\/wp-json\/wp\/v2\/types\/product"}],"version-history":[{"count":23,"href":"https:\/\/gustafs.com\/sv\/wp-json\/wp\/v2\/product\/12769\/revisions"}],"predecessor-version":[{"id":24100,"href":"https:\/\/gustafs.com\/sv\/wp-json\/wp\/v2\/product\/12769\/revisions\/24100"}],"wp:featuredmedia":[{"embeddable":true,"href":"https:\/\/gustafs.com\/sv\/wp-json\/wp\/v2\/media\/8641"}],"wp:attachment":[{"href":"https:\/\/gustafs.com\/sv\/wp-json\/wp\/v2\/media?parent=12769"}],"wp:term":[{"taxonomy":"product_brand","embeddable":true,"href":"https:\/\/gustafs.com\/sv\/wp-json\/wp\/v2\/product_brand?post=12769"},{"taxonomy":"product_cat","embeddable":true,"href":"https:\/\/gustafs.com\/sv\/wp-json\/wp\/v2\/product_cat?post=12769"},{"taxonomy":"product_tag","embeddable":true,"href":"https:\/\/gustafs.com\/sv\/wp-json\/wp\/v2\/product_tag?post=12769"}],"curies":[{"name":"wp","href":"https:\/\/api.w.org\/{rel}","templated":true}]}}