{"id":12765,"date":"2022-06-20T06:51:06","date_gmt":"2022-06-20T06:51:06","guid":{"rendered":"https:\/\/gustafs.com\/product\/lamellow_plus_linear\/"},"modified":"2026-03-30T16:05:08","modified_gmt":"2026-03-30T14:05:08","slug":"lamellow_plus","status":"publish","type":"product","link":"https:\/\/gustafs.com\/sv\/produkt\/lamellow_plus\/","title":{"rendered":"Lamellow+"},"content":{"rendered":"<p style=\"letter-spacing: 1px;\">AKUSTIK LINJ\u00c4R PANEL F\u00d6R V\u00c4GGAR OCH TAK<\/p>\n<p>F\u00f6rb\u00e4ttra akustiken snabbt och f\u00e5 en elegant linj\u00e4r design i ditt hem, kontor eller skola.<br \/>\nLamellow \u00e4r akustiska ribbpaneler med ribbor kl\u00e4dda i finaste faner, monterade p\u00e5 en akustisk filtbaksida. Installationen \u00e4r enkel och snabb och kan g\u00f6ras med skruvar, spikar eller lim. Ribbpanelerna \u00e4r konstruerade s\u00e5 att skarvarna blir \u00f6verlappande och dolda. Monteras med eller utan matchande inramningslister.<\/p>\n","protected":false},"excerpt":{"rendered":"<p>AKUSTIK LINJ\u00c4R PANEL F\u00d6R V\u00c4GGAR OCH TAK F\u00f6rb\u00e4ttra akustiken snabbt och f\u00e5 en elegant linj\u00e4r design i ditt hem, kontor eller skola. Lamellow \u00e4r akustiska ribbpaneler med ribbor kl\u00e4dda i finaste faner, monterade p\u00e5 en akustisk filtbaksida. Installationen \u00e4r enkel och snabb och kan g\u00f6ras med skruvar, spikar eller lim. Ribbpanelerna \u00e4r konstruerade s\u00e5 att [&hellip;]<\/p>\n","protected":false},"featured_media":3692,"template":"","meta":{"_acf_changed":false,"inline_featured_image":false,"footnotes":""},"product_brand":[],"product_cat":[234,235],"product_tag":[238],"class_list":{"0":"post-12765","1":"product","2":"type-product","3":"status-publish","4":"has-post-thumbnail","6":"product_cat-gustafs-linears-sv","7":"product_cat-linear-panels-sv","8":"product_tag-linear-panels-sv","9":"pa_acoustic-class-absorption-a","10":"pa_acoustic-class-absorption-d","12":"first","13":"instock","14":"shipping-taxable","15":"product-type-simple"},"acf":[],"yoast_head":"<!-- This site is optimized with the Yoast SEO plugin v25.4 - https:\/\/yoast.com\/wordpress\/plugins\/seo\/ -->\n<title>Lamellow+ | Gustafs Scandinavia<\/title>\n<meta name=\"robots\" content=\"index, follow, max-snippet:-1, max-image-preview:large, max-video-preview:-1\" \/>\n<link rel=\"canonical\" href=\"https:\/\/gustafs.com\/sv\/produkt\/lamellow_plus\/\" \/>\n<meta property=\"og:locale\" content=\"sv_SE\" \/>\n<meta property=\"og:type\" content=\"article\" \/>\n<meta property=\"og:title\" content=\"Lamellow+ | Gustafs Scandinavia\" \/>\n<meta property=\"og:description\" content=\"AKUSTIK LINJ\u00c4R PANEL F\u00d6R V\u00c4GGAR OCH TAK F\u00f6rb\u00e4ttra akustiken snabbt och f\u00e5 en elegant linj\u00e4r design i ditt hem, kontor eller skola. Lamellow \u00e4r akustiska ribbpaneler med ribbor kl\u00e4dda i finaste faner, monterade p\u00e5 en akustisk filtbaksida. Installationen \u00e4r enkel och snabb och kan g\u00f6ras med skruvar, spikar eller lim. Ribbpanelerna \u00e4r konstruerade s\u00e5 att [&hellip;]\" \/>\n<meta property=\"og:url\" content=\"https:\/\/gustafs.com\/sv\/produkt\/lamellow_plus\/\" \/>\n<meta property=\"og:site_name\" content=\"Gustafs Scandinavia\" \/>\n<meta property=\"article:modified_time\" content=\"2026-03-30T14:05:08+00:00\" \/>\n<meta property=\"og:image\" content=\"https:\/\/gustafs.com\/wp-content\/uploads\/2022\/01\/lamellow-acoustic-panel-walnut.jpg\" \/>\n\t<meta property=\"og:image:width\" content=\"1030\" \/>\n\t<meta property=\"og:image:height\" content=\"1290\" \/>\n\t<meta property=\"og:image:type\" content=\"image\/jpeg\" \/>\n<meta name=\"twitter:card\" content=\"summary_large_image\" \/>\n<meta name=\"twitter:label1\" content=\"Ber\u00e4knad l\u00e4stid\" \/>\n\t<meta name=\"twitter:data1\" content=\"1 minut\" \/>\n<script type=\"application\/ld+json\" class=\"yoast-schema-graph\">{\"@context\":\"https:\/\/schema.org\",\"@graph\":[{\"@type\":\"WebPage\",\"@id\":\"https:\/\/gustafs.com\/sv\/produkt\/lamellow_plus\/\",\"url\":\"https:\/\/gustafs.com\/sv\/produkt\/lamellow_plus\/\",\"name\":\"Lamellow+ | Gustafs Scandinavia\",\"isPartOf\":{\"@id\":\"https:\/\/gustafs.com\/sv\/#website\"},\"primaryImageOfPage\":{\"@id\":\"https:\/\/gustafs.com\/sv\/produkt\/lamellow_plus\/#primaryimage\"},\"image\":{\"@id\":\"https:\/\/gustafs.com\/sv\/produkt\/lamellow_plus\/#primaryimage\"},\"thumbnailUrl\":\"https:\/\/gustafs.com\/wp-content\/uploads\/2022\/01\/lamellow-acoustic-panel-walnut.jpg\",\"datePublished\":\"2022-06-20T06:51:06+00:00\",\"dateModified\":\"2026-03-30T14:05:08+00:00\",\"breadcrumb\":{\"@id\":\"https:\/\/gustafs.com\/sv\/produkt\/lamellow_plus\/#breadcrumb\"},\"inLanguage\":\"sv-SE\",\"potentialAction\":[{\"@type\":\"ReadAction\",\"target\":[\"https:\/\/gustafs.com\/sv\/produkt\/lamellow_plus\/\"]}]},{\"@type\":\"ImageObject\",\"inLanguage\":\"sv-SE\",\"@id\":\"https:\/\/gustafs.com\/sv\/produkt\/lamellow_plus\/#primaryimage\",\"url\":\"https:\/\/gustafs.com\/wp-content\/uploads\/2022\/01\/lamellow-acoustic-panel-walnut.jpg\",\"contentUrl\":\"https:\/\/gustafs.com\/wp-content\/uploads\/2022\/01\/lamellow-acoustic-panel-walnut.jpg\",\"width\":1030,\"height\":1290},{\"@type\":\"BreadcrumbList\",\"@id\":\"https:\/\/gustafs.com\/sv\/produkt\/lamellow_plus\/#breadcrumb\",\"itemListElement\":[{\"@type\":\"ListItem\",\"position\":1,\"name\":\"Gustafs\",\"item\":\"https:\/\/gustafs.com\/sv\/\"},{\"@type\":\"ListItem\",\"position\":2,\"name\":\"Produkter\",\"item\":\"https:\/\/gustafs.com\/sv\/produkter\/\"},{\"@type\":\"ListItem\",\"position\":3,\"name\":\"Gustafs Linears\",\"item\":\"https:\/\/gustafs.com\/sv\/produkt-kategori\/gustafs-linears-sv\/\"},{\"@type\":\"ListItem\",\"position\":4,\"name\":\"Lamellow+\"}]},{\"@type\":\"WebSite\",\"@id\":\"https:\/\/gustafs.com\/sv\/#website\",\"url\":\"https:\/\/gustafs.com\/sv\/\",\"name\":\"Gustafs Scandinavia\",\"description\":\"Exclusive Wooden Panels And Acoustic Panels\",\"potentialAction\":[{\"@type\":\"SearchAction\",\"target\":{\"@type\":\"EntryPoint\",\"urlTemplate\":\"https:\/\/gustafs.com\/sv\/?s={search_term_string}\"},\"query-input\":{\"@type\":\"PropertyValueSpecification\",\"valueRequired\":true,\"valueName\":\"search_term_string\"}}],\"inLanguage\":\"sv-SE\"}]}<\/script>\n<!-- \/ Yoast SEO plugin. -->","yoast_head_json":{"title":"Lamellow+ | Gustafs Scandinavia","robots":{"index":"index","follow":"follow","max-snippet":"max-snippet:-1","max-image-preview":"max-image-preview:large","max-video-preview":"max-video-preview:-1"},"canonical":"https:\/\/gustafs.com\/sv\/produkt\/lamellow_plus\/","og_locale":"sv_SE","og_type":"article","og_title":"Lamellow+ | Gustafs Scandinavia","og_description":"AKUSTIK LINJ\u00c4R PANEL F\u00d6R V\u00c4GGAR OCH TAK F\u00f6rb\u00e4ttra akustiken snabbt och f\u00e5 en elegant linj\u00e4r design i ditt hem, kontor eller skola. Lamellow \u00e4r akustiska ribbpaneler med ribbor kl\u00e4dda i finaste faner, monterade p\u00e5 en akustisk filtbaksida. Installationen \u00e4r enkel och snabb och kan g\u00f6ras med skruvar, spikar eller lim. Ribbpanelerna \u00e4r konstruerade s\u00e5 att [&hellip;]","og_url":"https:\/\/gustafs.com\/sv\/produkt\/lamellow_plus\/","og_site_name":"Gustafs Scandinavia","article_modified_time":"2026-03-30T14:05:08+00:00","og_image":[{"width":1030,"height":1290,"url":"https:\/\/gustafs.com\/wp-content\/uploads\/2022\/01\/lamellow-acoustic-panel-walnut.jpg","type":"image\/jpeg"}],"twitter_card":"summary_large_image","twitter_misc":{"Ber\u00e4knad l\u00e4stid":"1 minut"},"schema":{"@context":"https:\/\/schema.org","@graph":[{"@type":"WebPage","@id":"https:\/\/gustafs.com\/sv\/produkt\/lamellow_plus\/","url":"https:\/\/gustafs.com\/sv\/produkt\/lamellow_plus\/","name":"Lamellow+ | Gustafs Scandinavia","isPartOf":{"@id":"https:\/\/gustafs.com\/sv\/#website"},"primaryImageOfPage":{"@id":"https:\/\/gustafs.com\/sv\/produkt\/lamellow_plus\/#primaryimage"},"image":{"@id":"https:\/\/gustafs.com\/sv\/produkt\/lamellow_plus\/#primaryimage"},"thumbnailUrl":"https:\/\/gustafs.com\/wp-content\/uploads\/2022\/01\/lamellow-acoustic-panel-walnut.jpg","datePublished":"2022-06-20T06:51:06+00:00","dateModified":"2026-03-30T14:05:08+00:00","breadcrumb":{"@id":"https:\/\/gustafs.com\/sv\/produkt\/lamellow_plus\/#breadcrumb"},"inLanguage":"sv-SE","potentialAction":[{"@type":"ReadAction","target":["https:\/\/gustafs.com\/sv\/produkt\/lamellow_plus\/"]}]},{"@type":"ImageObject","inLanguage":"sv-SE","@id":"https:\/\/gustafs.com\/sv\/produkt\/lamellow_plus\/#primaryimage","url":"https:\/\/gustafs.com\/wp-content\/uploads\/2022\/01\/lamellow-acoustic-panel-walnut.jpg","contentUrl":"https:\/\/gustafs.com\/wp-content\/uploads\/2022\/01\/lamellow-acoustic-panel-walnut.jpg","width":1030,"height":1290},{"@type":"BreadcrumbList","@id":"https:\/\/gustafs.com\/sv\/produkt\/lamellow_plus\/#breadcrumb","itemListElement":[{"@type":"ListItem","position":1,"name":"Gustafs","item":"https:\/\/gustafs.com\/sv\/"},{"@type":"ListItem","position":2,"name":"Produkter","item":"https:\/\/gustafs.com\/sv\/produkter\/"},{"@type":"ListItem","position":3,"name":"Gustafs Linears","item":"https:\/\/gustafs.com\/sv\/produkt-kategori\/gustafs-linears-sv\/"},{"@type":"ListItem","position":4,"name":"Lamellow+"}]},{"@type":"WebSite","@id":"https:\/\/gustafs.com\/sv\/#website","url":"https:\/\/gustafs.com\/sv\/","name":"Gustafs Scandinavia","description":"Exclusive Wooden Panels And Acoustic Panels","potentialAction":[{"@type":"SearchAction","target":{"@type":"EntryPoint","urlTemplate":"https:\/\/gustafs.com\/sv\/?s={search_term_string}"},"query-input":{"@type":"PropertyValueSpecification","valueRequired":true,"valueName":"search_term_string"}}],"inLanguage":"sv-SE"}]}},"_links":{"self":[{"href":"https:\/\/gustafs.com\/sv\/wp-json\/wp\/v2\/product\/12765","targetHints":{"allow":["GET"]}}],"collection":[{"href":"https:\/\/gustafs.com\/sv\/wp-json\/wp\/v2\/product"}],"about":[{"href":"https:\/\/gustafs.com\/sv\/wp-json\/wp\/v2\/types\/product"}],"version-history":[{"count":60,"href":"https:\/\/gustafs.com\/sv\/wp-json\/wp\/v2\/product\/12765\/revisions"}],"predecessor-version":[{"id":82882,"href":"https:\/\/gustafs.com\/sv\/wp-json\/wp\/v2\/product\/12765\/revisions\/82882"}],"wp:featuredmedia":[{"embeddable":true,"href":"https:\/\/gustafs.com\/sv\/wp-json\/wp\/v2\/media\/3692"}],"wp:attachment":[{"href":"https:\/\/gustafs.com\/sv\/wp-json\/wp\/v2\/media?parent=12765"}],"wp:term":[{"taxonomy":"product_brand","embeddable":true,"href":"https:\/\/gustafs.com\/sv\/wp-json\/wp\/v2\/product_brand?post=12765"},{"taxonomy":"product_cat","embeddable":true,"href":"https:\/\/gustafs.com\/sv\/wp-json\/wp\/v2\/product_cat?post=12765"},{"taxonomy":"product_tag","embeddable":true,"href":"https:\/\/gustafs.com\/sv\/wp-json\/wp\/v2\/product_tag?post=12765"}],"curies":[{"name":"wp","href":"https:\/\/api.w.org\/{rel}","templated":true}]}}