{"id":12652,"date":"2022-04-05T06:54:12","date_gmt":"2022-04-05T06:54:12","guid":{"rendered":"https:\/\/gustafs.com\/product\/linear-plank-p-ceiling\/"},"modified":"2024-10-22T15:35:43","modified_gmt":"2024-10-22T13:35:43","slug":"linear-plank-p-ceiling","status":"publish","type":"product","link":"https:\/\/gustafs.com\/sv\/produkt\/linear-plank-p-ceiling\/","title":{"rendered":"Linear Plank-P Tak"},"content":{"rendered":"<p style=\"letter-spacing: 1px;\">EXKLUSIVA PLANKOR F\u00d6R TAK<\/p>\n<p>Gustafs Plank-P har den h\u00f6gsta m\u00f6jliga brandklassen A2-s1,d0 och g\u00f6r det m\u00f6jligt att skapa vackra undertak med vackra obr\u00e4nnbara tr\u00e4plankor i \u00f6nskat tr\u00e4slag. Gustafs Linear Plank-P System anv\u00e4nder Capax, Quick-Up installationssystem, som \u00e4r p\u00e5litligt, arbetsbesparande och ger en perfekt slutfinish i alla situationer. En standardl\u00f6sning med m\u00e5nga justerbara alternativ. Du kan variera tr\u00e4slag, addera f\u00e4rg med hj\u00e4lp av en pigmentering, variera plankdimensionerna 88, 138 eller 188 mm och anv\u00e4nda \u00f6ppna, slutna och f\u00e4rgade mellanrum. Du kan v\u00e4lja mellan ljusa och m\u00f6rkf\u00e4rgade kanter. Gustafs Plank-P kan ocks\u00e5 anv\u00e4ndas till b\u00f6jda takinstallationer.<\/p>\n","protected":false},"excerpt":{"rendered":"<p>EXKLUSIVA PLANKOR F\u00d6R TAK Gustafs Plank-P har den h\u00f6gsta m\u00f6jliga brandklassen A2-s1,d0 och g\u00f6r det m\u00f6jligt att skapa vackra undertak med vackra obr\u00e4nnbara tr\u00e4plankor i \u00f6nskat tr\u00e4slag. Gustafs Linear Plank-P System anv\u00e4nder Capax, Quick-Up installationssystem, som \u00e4r p\u00e5litligt, arbetsbesparande och ger en perfekt slutfinish i alla situationer. En standardl\u00f6sning med m\u00e5nga justerbara alternativ. Du kan [&hellip;]<\/p>\n","protected":false},"featured_media":5824,"template":"","meta":{"_acf_changed":false,"inline_featured_image":false,"footnotes":""},"product_brand":[],"product_cat":[234,236],"product_tag":[],"class_list":{"0":"post-12652","1":"product","2":"type-product","3":"status-publish","4":"has-post-thumbnail","6":"product_cat-gustafs-linears-sv","7":"product_cat-linear-system-sv","8":"pa_acoustic-class-absorption-d","10":"first","11":"instock","12":"shipping-taxable","13":"product-type-simple"},"acf":[],"yoast_head":"<!-- This site is optimized with the Yoast SEO plugin v25.4 - https:\/\/yoast.com\/wordpress\/plugins\/seo\/ -->\n<title>Linear Plank-P Tak | Gustafs Scandinavia<\/title>\n<meta name=\"robots\" content=\"index, follow, max-snippet:-1, max-image-preview:large, max-video-preview:-1\" \/>\n<link rel=\"canonical\" href=\"https:\/\/gustafs.com\/sv\/produkt\/linear-plank-p-ceiling\/\" \/>\n<meta property=\"og:locale\" content=\"sv_SE\" \/>\n<meta property=\"og:type\" content=\"article\" \/>\n<meta property=\"og:title\" content=\"Linear Plank-P Tak | Gustafs Scandinavia\" \/>\n<meta property=\"og:description\" content=\"EXKLUSIVA PLANKOR F\u00d6R TAK Gustafs Plank-P har den h\u00f6gsta m\u00f6jliga brandklassen A2-s1,d0 och g\u00f6r det m\u00f6jligt att skapa vackra undertak med vackra obr\u00e4nnbara tr\u00e4plankor i \u00f6nskat tr\u00e4slag. Gustafs Linear Plank-P System anv\u00e4nder Capax, Quick-Up installationssystem, som \u00e4r p\u00e5litligt, arbetsbesparande och ger en perfekt slutfinish i alla situationer. En standardl\u00f6sning med m\u00e5nga justerbara alternativ. Du kan [&hellip;]\" \/>\n<meta property=\"og:url\" content=\"https:\/\/gustafs.com\/sv\/produkt\/linear-plank-p-ceiling\/\" \/>\n<meta property=\"og:site_name\" content=\"Gustafs Scandinavia\" \/>\n<meta property=\"article:modified_time\" content=\"2024-10-22T13:35:43+00:00\" \/>\n<meta property=\"og:image\" content=\"https:\/\/gustafs.com\/wp-content\/uploads\/2022\/04\/plank-p-ceiling-88-138-188-walnut-product.jpg\" \/>\n\t<meta property=\"og:image:width\" content=\"1030\" \/>\n\t<meta property=\"og:image:height\" content=\"1290\" \/>\n\t<meta property=\"og:image:type\" content=\"image\/jpeg\" \/>\n<meta name=\"twitter:card\" content=\"summary_large_image\" \/>\n<meta name=\"twitter:label1\" content=\"Ber\u00e4knad l\u00e4stid\" \/>\n\t<meta name=\"twitter:data1\" content=\"1 minut\" \/>\n<script type=\"application\/ld+json\" class=\"yoast-schema-graph\">{\"@context\":\"https:\/\/schema.org\",\"@graph\":[{\"@type\":\"WebPage\",\"@id\":\"https:\/\/gustafs.com\/sv\/produkt\/linear-plank-p-ceiling\/\",\"url\":\"https:\/\/gustafs.com\/sv\/produkt\/linear-plank-p-ceiling\/\",\"name\":\"Linear Plank-P Tak | Gustafs Scandinavia\",\"isPartOf\":{\"@id\":\"https:\/\/gustafs.com\/sv\/#website\"},\"primaryImageOfPage\":{\"@id\":\"https:\/\/gustafs.com\/sv\/produkt\/linear-plank-p-ceiling\/#primaryimage\"},\"image\":{\"@id\":\"https:\/\/gustafs.com\/sv\/produkt\/linear-plank-p-ceiling\/#primaryimage\"},\"thumbnailUrl\":\"https:\/\/gustafs.com\/wp-content\/uploads\/2022\/04\/plank-p-ceiling-88-138-188-walnut-product.jpg\",\"datePublished\":\"2022-04-05T06:54:12+00:00\",\"dateModified\":\"2024-10-22T13:35:43+00:00\",\"breadcrumb\":{\"@id\":\"https:\/\/gustafs.com\/sv\/produkt\/linear-plank-p-ceiling\/#breadcrumb\"},\"inLanguage\":\"sv-SE\",\"potentialAction\":[{\"@type\":\"ReadAction\",\"target\":[\"https:\/\/gustafs.com\/sv\/produkt\/linear-plank-p-ceiling\/\"]}]},{\"@type\":\"ImageObject\",\"inLanguage\":\"sv-SE\",\"@id\":\"https:\/\/gustafs.com\/sv\/produkt\/linear-plank-p-ceiling\/#primaryimage\",\"url\":\"https:\/\/gustafs.com\/wp-content\/uploads\/2022\/04\/plank-p-ceiling-88-138-188-walnut-product.jpg\",\"contentUrl\":\"https:\/\/gustafs.com\/wp-content\/uploads\/2022\/04\/plank-p-ceiling-88-138-188-walnut-product.jpg\",\"width\":1030,\"height\":1290},{\"@type\":\"BreadcrumbList\",\"@id\":\"https:\/\/gustafs.com\/sv\/produkt\/linear-plank-p-ceiling\/#breadcrumb\",\"itemListElement\":[{\"@type\":\"ListItem\",\"position\":1,\"name\":\"Gustafs\",\"item\":\"https:\/\/gustafs.com\/sv\/\"},{\"@type\":\"ListItem\",\"position\":2,\"name\":\"Produkter\",\"item\":\"https:\/\/gustafs.com\/sv\/produkter\/\"},{\"@type\":\"ListItem\",\"position\":3,\"name\":\"Gustafs Linears\",\"item\":\"https:\/\/gustafs.com\/sv\/produkt-kategori\/gustafs-linears-sv\/\"},{\"@type\":\"ListItem\",\"position\":4,\"name\":\"Linear Plank-P Tak\"}]},{\"@type\":\"WebSite\",\"@id\":\"https:\/\/gustafs.com\/sv\/#website\",\"url\":\"https:\/\/gustafs.com\/sv\/\",\"name\":\"Gustafs Scandinavia\",\"description\":\"Exclusive Wooden Panels And Acoustic Panels\",\"potentialAction\":[{\"@type\":\"SearchAction\",\"target\":{\"@type\":\"EntryPoint\",\"urlTemplate\":\"https:\/\/gustafs.com\/sv\/?s={search_term_string}\"},\"query-input\":{\"@type\":\"PropertyValueSpecification\",\"valueRequired\":true,\"valueName\":\"search_term_string\"}}],\"inLanguage\":\"sv-SE\"}]}<\/script>\n<!-- \/ Yoast SEO plugin. -->","yoast_head_json":{"title":"Linear Plank-P Tak | Gustafs Scandinavia","robots":{"index":"index","follow":"follow","max-snippet":"max-snippet:-1","max-image-preview":"max-image-preview:large","max-video-preview":"max-video-preview:-1"},"canonical":"https:\/\/gustafs.com\/sv\/produkt\/linear-plank-p-ceiling\/","og_locale":"sv_SE","og_type":"article","og_title":"Linear Plank-P Tak | Gustafs Scandinavia","og_description":"EXKLUSIVA PLANKOR F\u00d6R TAK Gustafs Plank-P har den h\u00f6gsta m\u00f6jliga brandklassen A2-s1,d0 och g\u00f6r det m\u00f6jligt att skapa vackra undertak med vackra obr\u00e4nnbara tr\u00e4plankor i \u00f6nskat tr\u00e4slag. Gustafs Linear Plank-P System anv\u00e4nder Capax, Quick-Up installationssystem, som \u00e4r p\u00e5litligt, arbetsbesparande och ger en perfekt slutfinish i alla situationer. En standardl\u00f6sning med m\u00e5nga justerbara alternativ. Du kan [&hellip;]","og_url":"https:\/\/gustafs.com\/sv\/produkt\/linear-plank-p-ceiling\/","og_site_name":"Gustafs Scandinavia","article_modified_time":"2024-10-22T13:35:43+00:00","og_image":[{"width":1030,"height":1290,"url":"https:\/\/gustafs.com\/wp-content\/uploads\/2022\/04\/plank-p-ceiling-88-138-188-walnut-product.jpg","type":"image\/jpeg"}],"twitter_card":"summary_large_image","twitter_misc":{"Ber\u00e4knad l\u00e4stid":"1 minut"},"schema":{"@context":"https:\/\/schema.org","@graph":[{"@type":"WebPage","@id":"https:\/\/gustafs.com\/sv\/produkt\/linear-plank-p-ceiling\/","url":"https:\/\/gustafs.com\/sv\/produkt\/linear-plank-p-ceiling\/","name":"Linear Plank-P Tak | Gustafs Scandinavia","isPartOf":{"@id":"https:\/\/gustafs.com\/sv\/#website"},"primaryImageOfPage":{"@id":"https:\/\/gustafs.com\/sv\/produkt\/linear-plank-p-ceiling\/#primaryimage"},"image":{"@id":"https:\/\/gustafs.com\/sv\/produkt\/linear-plank-p-ceiling\/#primaryimage"},"thumbnailUrl":"https:\/\/gustafs.com\/wp-content\/uploads\/2022\/04\/plank-p-ceiling-88-138-188-walnut-product.jpg","datePublished":"2022-04-05T06:54:12+00:00","dateModified":"2024-10-22T13:35:43+00:00","breadcrumb":{"@id":"https:\/\/gustafs.com\/sv\/produkt\/linear-plank-p-ceiling\/#breadcrumb"},"inLanguage":"sv-SE","potentialAction":[{"@type":"ReadAction","target":["https:\/\/gustafs.com\/sv\/produkt\/linear-plank-p-ceiling\/"]}]},{"@type":"ImageObject","inLanguage":"sv-SE","@id":"https:\/\/gustafs.com\/sv\/produkt\/linear-plank-p-ceiling\/#primaryimage","url":"https:\/\/gustafs.com\/wp-content\/uploads\/2022\/04\/plank-p-ceiling-88-138-188-walnut-product.jpg","contentUrl":"https:\/\/gustafs.com\/wp-content\/uploads\/2022\/04\/plank-p-ceiling-88-138-188-walnut-product.jpg","width":1030,"height":1290},{"@type":"BreadcrumbList","@id":"https:\/\/gustafs.com\/sv\/produkt\/linear-plank-p-ceiling\/#breadcrumb","itemListElement":[{"@type":"ListItem","position":1,"name":"Gustafs","item":"https:\/\/gustafs.com\/sv\/"},{"@type":"ListItem","position":2,"name":"Produkter","item":"https:\/\/gustafs.com\/sv\/produkter\/"},{"@type":"ListItem","position":3,"name":"Gustafs Linears","item":"https:\/\/gustafs.com\/sv\/produkt-kategori\/gustafs-linears-sv\/"},{"@type":"ListItem","position":4,"name":"Linear Plank-P Tak"}]},{"@type":"WebSite","@id":"https:\/\/gustafs.com\/sv\/#website","url":"https:\/\/gustafs.com\/sv\/","name":"Gustafs Scandinavia","description":"Exclusive Wooden Panels And Acoustic Panels","potentialAction":[{"@type":"SearchAction","target":{"@type":"EntryPoint","urlTemplate":"https:\/\/gustafs.com\/sv\/?s={search_term_string}"},"query-input":{"@type":"PropertyValueSpecification","valueRequired":true,"valueName":"search_term_string"}}],"inLanguage":"sv-SE"}]}},"_links":{"self":[{"href":"https:\/\/gustafs.com\/sv\/wp-json\/wp\/v2\/product\/12652","targetHints":{"allow":["GET"]}}],"collection":[{"href":"https:\/\/gustafs.com\/sv\/wp-json\/wp\/v2\/product"}],"about":[{"href":"https:\/\/gustafs.com\/sv\/wp-json\/wp\/v2\/types\/product"}],"version-history":[{"count":24,"href":"https:\/\/gustafs.com\/sv\/wp-json\/wp\/v2\/product\/12652\/revisions"}],"predecessor-version":[{"id":24614,"href":"https:\/\/gustafs.com\/sv\/wp-json\/wp\/v2\/product\/12652\/revisions\/24614"}],"wp:featuredmedia":[{"embeddable":true,"href":"https:\/\/gustafs.com\/sv\/wp-json\/wp\/v2\/media\/5824"}],"wp:attachment":[{"href":"https:\/\/gustafs.com\/sv\/wp-json\/wp\/v2\/media?parent=12652"}],"wp:term":[{"taxonomy":"product_brand","embeddable":true,"href":"https:\/\/gustafs.com\/sv\/wp-json\/wp\/v2\/product_brand?post=12652"},{"taxonomy":"product_cat","embeddable":true,"href":"https:\/\/gustafs.com\/sv\/wp-json\/wp\/v2\/product_cat?post=12652"},{"taxonomy":"product_tag","embeddable":true,"href":"https:\/\/gustafs.com\/sv\/wp-json\/wp\/v2\/product_tag?post=12652"}],"curies":[{"name":"wp","href":"https:\/\/api.w.org\/{rel}","templated":true}]}}