{"id":12651,"date":"2022-04-05T07:13:52","date_gmt":"2022-04-05T07:13:52","guid":{"rendered":"https:\/\/gustafs.com\/product\/linear-plank-p-wall\/"},"modified":"2024-10-22T15:34:31","modified_gmt":"2024-10-22T13:34:31","slug":"linear-plank-p-wall","status":"publish","type":"product","link":"https:\/\/gustafs.com\/sv\/produkt\/linear-plank-p-wall\/","title":{"rendered":"Linear Plank-P V\u00e4gg"},"content":{"rendered":"<p style=\"letter-spacing: 1px;\">EXKLUSIVA V\u00c4GGPLANKOR MED H\u00d6GSTA BRANDKLASS<\/p>\n<p>Gustafs Plank-P har h\u00f6gsta m\u00f6jliga brandklass A2-s1,d0 och g\u00f6r att du kan skapa vackra brands\u00e4kra v\u00e4ggar med \u00e4kta tr\u00e4plankor. Gustafs Linear Plank System anv\u00e4nder Capax, Quick-Up installationssystem, det \u00e4r p\u00e5litligt, tidsbesparande och ger en perfekt slutfinish. Plank-P \u00e4r en standardl\u00f6sning men har m\u00e5nga individuellt justerbara alternativ. Du kan variera faneret, addera f\u00e4rg med hj\u00e4lp av en pigmentering, arbeta med varierande plankdimensioner mellan 100 och 200 mm eller anv\u00e4nda \u00f6ppna, st\u00e4ngda och f\u00e4rgade fogar. V\u00e4lj mellan ljusa och m\u00f6rka kanter. Gustafs Plank-P kan anv\u00e4ndas p\u00e5 b\u00f6jda v\u00e4ggar.<\/p>\n","protected":false},"excerpt":{"rendered":"<p>EXKLUSIVA V\u00c4GGPLANKOR MED H\u00d6GSTA BRANDKLASS Gustafs Plank-P har h\u00f6gsta m\u00f6jliga brandklass A2-s1,d0 och g\u00f6r att du kan skapa vackra brands\u00e4kra v\u00e4ggar med \u00e4kta tr\u00e4plankor. Gustafs Linear Plank System anv\u00e4nder Capax, Quick-Up installationssystem, det \u00e4r p\u00e5litligt, tidsbesparande och ger en perfekt slutfinish. Plank-P \u00e4r en standardl\u00f6sning men har m\u00e5nga individuellt justerbara alternativ. Du kan variera faneret, [&hellip;]<\/p>\n","protected":false},"featured_media":16631,"template":"","meta":{"_acf_changed":false,"inline_featured_image":false,"footnotes":""},"product_brand":[],"product_cat":[234,236],"product_tag":[],"class_list":{"0":"post-12651","1":"product","2":"type-product","3":"status-publish","4":"has-post-thumbnail","6":"product_cat-gustafs-linears-sv","7":"product_cat-linear-system-sv","8":"pa_acoustic-class-absorption-d","10":"first","11":"instock","12":"shipping-taxable","13":"product-type-simple"},"acf":[],"yoast_head":"<!-- This site is optimized with the Yoast SEO plugin v25.4 - https:\/\/yoast.com\/wordpress\/plugins\/seo\/ -->\n<title>Linear Plank-P V\u00e4gg | Gustafs Scandinavia<\/title>\n<meta name=\"robots\" content=\"index, follow, max-snippet:-1, max-image-preview:large, max-video-preview:-1\" \/>\n<link rel=\"canonical\" href=\"https:\/\/gustafs.com\/sv\/produkt\/linear-plank-p-wall\/\" \/>\n<meta property=\"og:locale\" content=\"sv_SE\" \/>\n<meta property=\"og:type\" content=\"article\" \/>\n<meta property=\"og:title\" content=\"Linear Plank-P V\u00e4gg | Gustafs Scandinavia\" \/>\n<meta property=\"og:description\" content=\"EXKLUSIVA V\u00c4GGPLANKOR MED H\u00d6GSTA BRANDKLASS Gustafs Plank-P har h\u00f6gsta m\u00f6jliga brandklass A2-s1,d0 och g\u00f6r att du kan skapa vackra brands\u00e4kra v\u00e4ggar med \u00e4kta tr\u00e4plankor. Gustafs Linear Plank System anv\u00e4nder Capax, Quick-Up installationssystem, det \u00e4r p\u00e5litligt, tidsbesparande och ger en perfekt slutfinish. Plank-P \u00e4r en standardl\u00f6sning men har m\u00e5nga individuellt justerbara alternativ. Du kan variera faneret, [&hellip;]\" \/>\n<meta property=\"og:url\" content=\"https:\/\/gustafs.com\/sv\/produkt\/linear-plank-p-wall\/\" \/>\n<meta property=\"og:site_name\" content=\"Gustafs Scandinavia\" \/>\n<meta property=\"article:modified_time\" content=\"2024-10-22T13:34:31+00:00\" \/>\n<meta property=\"og:image\" content=\"https:\/\/gustafs.com\/wp-content\/uploads\/2022\/04\/plank-p-wall-100-150-200-walnut-dark-new-product.jpg\" \/>\n\t<meta property=\"og:image:width\" content=\"1030\" \/>\n\t<meta property=\"og:image:height\" content=\"1279\" \/>\n\t<meta property=\"og:image:type\" content=\"image\/jpeg\" \/>\n<meta name=\"twitter:card\" content=\"summary_large_image\" \/>\n<meta name=\"twitter:label1\" content=\"Ber\u00e4knad l\u00e4stid\" \/>\n\t<meta name=\"twitter:data1\" content=\"1 minut\" \/>\n<script type=\"application\/ld+json\" class=\"yoast-schema-graph\">{\"@context\":\"https:\/\/schema.org\",\"@graph\":[{\"@type\":\"WebPage\",\"@id\":\"https:\/\/gustafs.com\/sv\/produkt\/linear-plank-p-wall\/\",\"url\":\"https:\/\/gustafs.com\/sv\/produkt\/linear-plank-p-wall\/\",\"name\":\"Linear Plank-P V\u00e4gg | Gustafs Scandinavia\",\"isPartOf\":{\"@id\":\"https:\/\/gustafs.com\/sv\/#website\"},\"primaryImageOfPage\":{\"@id\":\"https:\/\/gustafs.com\/sv\/produkt\/linear-plank-p-wall\/#primaryimage\"},\"image\":{\"@id\":\"https:\/\/gustafs.com\/sv\/produkt\/linear-plank-p-wall\/#primaryimage\"},\"thumbnailUrl\":\"https:\/\/gustafs.com\/wp-content\/uploads\/2022\/04\/plank-p-wall-100-150-200-walnut-dark-new-product.jpg\",\"datePublished\":\"2022-04-05T07:13:52+00:00\",\"dateModified\":\"2024-10-22T13:34:31+00:00\",\"breadcrumb\":{\"@id\":\"https:\/\/gustafs.com\/sv\/produkt\/linear-plank-p-wall\/#breadcrumb\"},\"inLanguage\":\"sv-SE\",\"potentialAction\":[{\"@type\":\"ReadAction\",\"target\":[\"https:\/\/gustafs.com\/sv\/produkt\/linear-plank-p-wall\/\"]}]},{\"@type\":\"ImageObject\",\"inLanguage\":\"sv-SE\",\"@id\":\"https:\/\/gustafs.com\/sv\/produkt\/linear-plank-p-wall\/#primaryimage\",\"url\":\"https:\/\/gustafs.com\/wp-content\/uploads\/2022\/04\/plank-p-wall-100-150-200-walnut-dark-new-product.jpg\",\"contentUrl\":\"https:\/\/gustafs.com\/wp-content\/uploads\/2022\/04\/plank-p-wall-100-150-200-walnut-dark-new-product.jpg\",\"width\":1030,\"height\":1279},{\"@type\":\"BreadcrumbList\",\"@id\":\"https:\/\/gustafs.com\/sv\/produkt\/linear-plank-p-wall\/#breadcrumb\",\"itemListElement\":[{\"@type\":\"ListItem\",\"position\":1,\"name\":\"Gustafs\",\"item\":\"https:\/\/gustafs.com\/sv\/\"},{\"@type\":\"ListItem\",\"position\":2,\"name\":\"Produkter\",\"item\":\"https:\/\/gustafs.com\/sv\/produkter\/\"},{\"@type\":\"ListItem\",\"position\":3,\"name\":\"Gustafs Linears\",\"item\":\"https:\/\/gustafs.com\/sv\/produkt-kategori\/gustafs-linears-sv\/\"},{\"@type\":\"ListItem\",\"position\":4,\"name\":\"Linear Plank-P V\u00e4gg\"}]},{\"@type\":\"WebSite\",\"@id\":\"https:\/\/gustafs.com\/sv\/#website\",\"url\":\"https:\/\/gustafs.com\/sv\/\",\"name\":\"Gustafs Scandinavia\",\"description\":\"Exclusive Wooden Panels And Acoustic Panels\",\"potentialAction\":[{\"@type\":\"SearchAction\",\"target\":{\"@type\":\"EntryPoint\",\"urlTemplate\":\"https:\/\/gustafs.com\/sv\/?s={search_term_string}\"},\"query-input\":{\"@type\":\"PropertyValueSpecification\",\"valueRequired\":true,\"valueName\":\"search_term_string\"}}],\"inLanguage\":\"sv-SE\"}]}<\/script>\n<!-- \/ Yoast SEO plugin. -->","yoast_head_json":{"title":"Linear Plank-P V\u00e4gg | Gustafs Scandinavia","robots":{"index":"index","follow":"follow","max-snippet":"max-snippet:-1","max-image-preview":"max-image-preview:large","max-video-preview":"max-video-preview:-1"},"canonical":"https:\/\/gustafs.com\/sv\/produkt\/linear-plank-p-wall\/","og_locale":"sv_SE","og_type":"article","og_title":"Linear Plank-P V\u00e4gg | Gustafs Scandinavia","og_description":"EXKLUSIVA V\u00c4GGPLANKOR MED H\u00d6GSTA BRANDKLASS Gustafs Plank-P har h\u00f6gsta m\u00f6jliga brandklass A2-s1,d0 och g\u00f6r att du kan skapa vackra brands\u00e4kra v\u00e4ggar med \u00e4kta tr\u00e4plankor. Gustafs Linear Plank System anv\u00e4nder Capax, Quick-Up installationssystem, det \u00e4r p\u00e5litligt, tidsbesparande och ger en perfekt slutfinish. Plank-P \u00e4r en standardl\u00f6sning men har m\u00e5nga individuellt justerbara alternativ. Du kan variera faneret, [&hellip;]","og_url":"https:\/\/gustafs.com\/sv\/produkt\/linear-plank-p-wall\/","og_site_name":"Gustafs Scandinavia","article_modified_time":"2024-10-22T13:34:31+00:00","og_image":[{"width":1030,"height":1279,"url":"https:\/\/gustafs.com\/wp-content\/uploads\/2022\/04\/plank-p-wall-100-150-200-walnut-dark-new-product.jpg","type":"image\/jpeg"}],"twitter_card":"summary_large_image","twitter_misc":{"Ber\u00e4knad l\u00e4stid":"1 minut"},"schema":{"@context":"https:\/\/schema.org","@graph":[{"@type":"WebPage","@id":"https:\/\/gustafs.com\/sv\/produkt\/linear-plank-p-wall\/","url":"https:\/\/gustafs.com\/sv\/produkt\/linear-plank-p-wall\/","name":"Linear Plank-P V\u00e4gg | Gustafs Scandinavia","isPartOf":{"@id":"https:\/\/gustafs.com\/sv\/#website"},"primaryImageOfPage":{"@id":"https:\/\/gustafs.com\/sv\/produkt\/linear-plank-p-wall\/#primaryimage"},"image":{"@id":"https:\/\/gustafs.com\/sv\/produkt\/linear-plank-p-wall\/#primaryimage"},"thumbnailUrl":"https:\/\/gustafs.com\/wp-content\/uploads\/2022\/04\/plank-p-wall-100-150-200-walnut-dark-new-product.jpg","datePublished":"2022-04-05T07:13:52+00:00","dateModified":"2024-10-22T13:34:31+00:00","breadcrumb":{"@id":"https:\/\/gustafs.com\/sv\/produkt\/linear-plank-p-wall\/#breadcrumb"},"inLanguage":"sv-SE","potentialAction":[{"@type":"ReadAction","target":["https:\/\/gustafs.com\/sv\/produkt\/linear-plank-p-wall\/"]}]},{"@type":"ImageObject","inLanguage":"sv-SE","@id":"https:\/\/gustafs.com\/sv\/produkt\/linear-plank-p-wall\/#primaryimage","url":"https:\/\/gustafs.com\/wp-content\/uploads\/2022\/04\/plank-p-wall-100-150-200-walnut-dark-new-product.jpg","contentUrl":"https:\/\/gustafs.com\/wp-content\/uploads\/2022\/04\/plank-p-wall-100-150-200-walnut-dark-new-product.jpg","width":1030,"height":1279},{"@type":"BreadcrumbList","@id":"https:\/\/gustafs.com\/sv\/produkt\/linear-plank-p-wall\/#breadcrumb","itemListElement":[{"@type":"ListItem","position":1,"name":"Gustafs","item":"https:\/\/gustafs.com\/sv\/"},{"@type":"ListItem","position":2,"name":"Produkter","item":"https:\/\/gustafs.com\/sv\/produkter\/"},{"@type":"ListItem","position":3,"name":"Gustafs Linears","item":"https:\/\/gustafs.com\/sv\/produkt-kategori\/gustafs-linears-sv\/"},{"@type":"ListItem","position":4,"name":"Linear Plank-P V\u00e4gg"}]},{"@type":"WebSite","@id":"https:\/\/gustafs.com\/sv\/#website","url":"https:\/\/gustafs.com\/sv\/","name":"Gustafs Scandinavia","description":"Exclusive Wooden Panels And Acoustic Panels","potentialAction":[{"@type":"SearchAction","target":{"@type":"EntryPoint","urlTemplate":"https:\/\/gustafs.com\/sv\/?s={search_term_string}"},"query-input":{"@type":"PropertyValueSpecification","valueRequired":true,"valueName":"search_term_string"}}],"inLanguage":"sv-SE"}]}},"_links":{"self":[{"href":"https:\/\/gustafs.com\/sv\/wp-json\/wp\/v2\/product\/12651","targetHints":{"allow":["GET"]}}],"collection":[{"href":"https:\/\/gustafs.com\/sv\/wp-json\/wp\/v2\/product"}],"about":[{"href":"https:\/\/gustafs.com\/sv\/wp-json\/wp\/v2\/types\/product"}],"version-history":[{"count":45,"href":"https:\/\/gustafs.com\/sv\/wp-json\/wp\/v2\/product\/12651\/revisions"}],"predecessor-version":[{"id":24613,"href":"https:\/\/gustafs.com\/sv\/wp-json\/wp\/v2\/product\/12651\/revisions\/24613"}],"wp:featuredmedia":[{"embeddable":true,"href":"https:\/\/gustafs.com\/sv\/wp-json\/wp\/v2\/media\/16631"}],"wp:attachment":[{"href":"https:\/\/gustafs.com\/sv\/wp-json\/wp\/v2\/media?parent=12651"}],"wp:term":[{"taxonomy":"product_brand","embeddable":true,"href":"https:\/\/gustafs.com\/sv\/wp-json\/wp\/v2\/product_brand?post=12651"},{"taxonomy":"product_cat","embeddable":true,"href":"https:\/\/gustafs.com\/sv\/wp-json\/wp\/v2\/product_cat?post=12651"},{"taxonomy":"product_tag","embeddable":true,"href":"https:\/\/gustafs.com\/sv\/wp-json\/wp\/v2\/product_tag?post=12651"}],"curies":[{"name":"wp","href":"https:\/\/api.w.org\/{rel}","templated":true}]}}