{"id":12650,"date":"2022-04-05T06:06:01","date_gmt":"2022-04-05T06:06:01","guid":{"rendered":"https:\/\/gustafs.com\/product\/linear-plank-ceiling\/"},"modified":"2024-10-22T15:33:07","modified_gmt":"2024-10-22T13:33:07","slug":"linear-plank-ceiling","status":"publish","type":"product","link":"https:\/\/gustafs.com\/sv\/produkt\/linear-plank-ceiling\/","title":{"rendered":"Linear Plank Tak"},"content":{"rendered":"<p style=\"letter-spacing: 1px;\">EXKLUSIVA PLANKOR F\u00d6R TAK<\/p>\n<p>Gustafs Plank ger en traditionell stil f\u00f6r att skapa vackra tak. Installeras enkelt med Gustafs Capax installationssystem och ger ett p\u00e5litligt, arbetsbesparande och garanterat perfekt slutresultat. \u00c4ven om det \u00e4r ett standardiserat system kan du \u00e4nd\u00e5 f\u00e5 m\u00e5nga funktioner. Du kan variera faner, addera f\u00e4rg i form av pigmentering, anv\u00e4nda dig av plankor i olika bredder (88, 138 och 188 mm) eller anv\u00e4nda \u00f6ppna, slutna och f\u00e4rgade skarvar. Gustafs Plank kan \u00e4ven anv\u00e4ndas till b\u00f6jda tak.<\/p>\n","protected":false},"excerpt":{"rendered":"<p>EXKLUSIVA PLANKOR F\u00d6R TAK Gustafs Plank ger en traditionell stil f\u00f6r att skapa vackra tak. Installeras enkelt med Gustafs Capax installationssystem och ger ett p\u00e5litligt, arbetsbesparande och garanterat perfekt slutresultat. \u00c4ven om det \u00e4r ett standardiserat system kan du \u00e4nd\u00e5 f\u00e5 m\u00e5nga funktioner. Du kan variera faner, addera f\u00e4rg i form av pigmentering, anv\u00e4nda dig [&hellip;]<\/p>\n","protected":false},"featured_media":5840,"template":"","meta":{"_acf_changed":false,"inline_featured_image":false,"footnotes":""},"product_brand":[],"product_cat":[234,236],"product_tag":[],"class_list":{"0":"post-12650","1":"product","2":"type-product","3":"status-publish","4":"has-post-thumbnail","6":"product_cat-gustafs-linears-sv","7":"product_cat-linear-system-sv","8":"pa_acoustic-class-absorption-d","10":"first","11":"instock","12":"shipping-taxable","13":"product-type-simple"},"acf":[],"yoast_head":"<!-- This site is optimized with the Yoast SEO plugin v25.4 - https:\/\/yoast.com\/wordpress\/plugins\/seo\/ -->\n<title>Linear Plank Tak | Gustafs Scandinavia<\/title>\n<meta name=\"robots\" content=\"index, follow, max-snippet:-1, max-image-preview:large, max-video-preview:-1\" \/>\n<link rel=\"canonical\" href=\"https:\/\/gustafs.com\/sv\/produkt\/linear-plank-ceiling\/\" \/>\n<meta property=\"og:locale\" content=\"sv_SE\" \/>\n<meta property=\"og:type\" content=\"article\" \/>\n<meta property=\"og:title\" content=\"Linear Plank Tak | Gustafs Scandinavia\" \/>\n<meta property=\"og:description\" content=\"EXKLUSIVA PLANKOR F\u00d6R TAK Gustafs Plank ger en traditionell stil f\u00f6r att skapa vackra tak. Installeras enkelt med Gustafs Capax installationssystem och ger ett p\u00e5litligt, arbetsbesparande och garanterat perfekt slutresultat. \u00c4ven om det \u00e4r ett standardiserat system kan du \u00e4nd\u00e5 f\u00e5 m\u00e5nga funktioner. Du kan variera faner, addera f\u00e4rg i form av pigmentering, anv\u00e4nda dig [&hellip;]\" \/>\n<meta property=\"og:url\" content=\"https:\/\/gustafs.com\/sv\/produkt\/linear-plank-ceiling\/\" \/>\n<meta property=\"og:site_name\" content=\"Gustafs Scandinavia\" \/>\n<meta property=\"article:modified_time\" content=\"2024-10-22T13:33:07+00:00\" \/>\n<meta property=\"og:image\" content=\"https:\/\/gustafs.com\/wp-content\/uploads\/2022\/04\/plank-ceiling-88-138-188-ek-product.jpg\" \/>\n\t<meta property=\"og:image:width\" content=\"1030\" \/>\n\t<meta property=\"og:image:height\" content=\"1290\" \/>\n\t<meta property=\"og:image:type\" content=\"image\/jpeg\" \/>\n<meta name=\"twitter:card\" content=\"summary_large_image\" \/>\n<meta name=\"twitter:label1\" content=\"Ber\u00e4knad l\u00e4stid\" \/>\n\t<meta name=\"twitter:data1\" content=\"1 minut\" \/>\n<script type=\"application\/ld+json\" class=\"yoast-schema-graph\">{\"@context\":\"https:\/\/schema.org\",\"@graph\":[{\"@type\":\"WebPage\",\"@id\":\"https:\/\/gustafs.com\/sv\/produkt\/linear-plank-ceiling\/\",\"url\":\"https:\/\/gustafs.com\/sv\/produkt\/linear-plank-ceiling\/\",\"name\":\"Linear Plank Tak | Gustafs Scandinavia\",\"isPartOf\":{\"@id\":\"https:\/\/gustafs.com\/sv\/#website\"},\"primaryImageOfPage\":{\"@id\":\"https:\/\/gustafs.com\/sv\/produkt\/linear-plank-ceiling\/#primaryimage\"},\"image\":{\"@id\":\"https:\/\/gustafs.com\/sv\/produkt\/linear-plank-ceiling\/#primaryimage\"},\"thumbnailUrl\":\"https:\/\/gustafs.com\/wp-content\/uploads\/2022\/04\/plank-ceiling-88-138-188-ek-product.jpg\",\"datePublished\":\"2022-04-05T06:06:01+00:00\",\"dateModified\":\"2024-10-22T13:33:07+00:00\",\"breadcrumb\":{\"@id\":\"https:\/\/gustafs.com\/sv\/produkt\/linear-plank-ceiling\/#breadcrumb\"},\"inLanguage\":\"sv-SE\",\"potentialAction\":[{\"@type\":\"ReadAction\",\"target\":[\"https:\/\/gustafs.com\/sv\/produkt\/linear-plank-ceiling\/\"]}]},{\"@type\":\"ImageObject\",\"inLanguage\":\"sv-SE\",\"@id\":\"https:\/\/gustafs.com\/sv\/produkt\/linear-plank-ceiling\/#primaryimage\",\"url\":\"https:\/\/gustafs.com\/wp-content\/uploads\/2022\/04\/plank-ceiling-88-138-188-ek-product.jpg\",\"contentUrl\":\"https:\/\/gustafs.com\/wp-content\/uploads\/2022\/04\/plank-ceiling-88-138-188-ek-product.jpg\",\"width\":1030,\"height\":1290},{\"@type\":\"BreadcrumbList\",\"@id\":\"https:\/\/gustafs.com\/sv\/produkt\/linear-plank-ceiling\/#breadcrumb\",\"itemListElement\":[{\"@type\":\"ListItem\",\"position\":1,\"name\":\"Gustafs\",\"item\":\"https:\/\/gustafs.com\/sv\/\"},{\"@type\":\"ListItem\",\"position\":2,\"name\":\"Produkter\",\"item\":\"https:\/\/gustafs.com\/sv\/produkter\/\"},{\"@type\":\"ListItem\",\"position\":3,\"name\":\"Gustafs Linears\",\"item\":\"https:\/\/gustafs.com\/sv\/produkt-kategori\/gustafs-linears-sv\/\"},{\"@type\":\"ListItem\",\"position\":4,\"name\":\"Linear Plank Tak\"}]},{\"@type\":\"WebSite\",\"@id\":\"https:\/\/gustafs.com\/sv\/#website\",\"url\":\"https:\/\/gustafs.com\/sv\/\",\"name\":\"Gustafs Scandinavia\",\"description\":\"Exclusive Wooden Panels And Acoustic Panels\",\"potentialAction\":[{\"@type\":\"SearchAction\",\"target\":{\"@type\":\"EntryPoint\",\"urlTemplate\":\"https:\/\/gustafs.com\/sv\/?s={search_term_string}\"},\"query-input\":{\"@type\":\"PropertyValueSpecification\",\"valueRequired\":true,\"valueName\":\"search_term_string\"}}],\"inLanguage\":\"sv-SE\"}]}<\/script>\n<!-- \/ Yoast SEO plugin. -->","yoast_head_json":{"title":"Linear Plank Tak | Gustafs Scandinavia","robots":{"index":"index","follow":"follow","max-snippet":"max-snippet:-1","max-image-preview":"max-image-preview:large","max-video-preview":"max-video-preview:-1"},"canonical":"https:\/\/gustafs.com\/sv\/produkt\/linear-plank-ceiling\/","og_locale":"sv_SE","og_type":"article","og_title":"Linear Plank Tak | Gustafs Scandinavia","og_description":"EXKLUSIVA PLANKOR F\u00d6R TAK Gustafs Plank ger en traditionell stil f\u00f6r att skapa vackra tak. Installeras enkelt med Gustafs Capax installationssystem och ger ett p\u00e5litligt, arbetsbesparande och garanterat perfekt slutresultat. \u00c4ven om det \u00e4r ett standardiserat system kan du \u00e4nd\u00e5 f\u00e5 m\u00e5nga funktioner. Du kan variera faner, addera f\u00e4rg i form av pigmentering, anv\u00e4nda dig [&hellip;]","og_url":"https:\/\/gustafs.com\/sv\/produkt\/linear-plank-ceiling\/","og_site_name":"Gustafs Scandinavia","article_modified_time":"2024-10-22T13:33:07+00:00","og_image":[{"width":1030,"height":1290,"url":"https:\/\/gustafs.com\/wp-content\/uploads\/2022\/04\/plank-ceiling-88-138-188-ek-product.jpg","type":"image\/jpeg"}],"twitter_card":"summary_large_image","twitter_misc":{"Ber\u00e4knad l\u00e4stid":"1 minut"},"schema":{"@context":"https:\/\/schema.org","@graph":[{"@type":"WebPage","@id":"https:\/\/gustafs.com\/sv\/produkt\/linear-plank-ceiling\/","url":"https:\/\/gustafs.com\/sv\/produkt\/linear-plank-ceiling\/","name":"Linear Plank Tak | Gustafs Scandinavia","isPartOf":{"@id":"https:\/\/gustafs.com\/sv\/#website"},"primaryImageOfPage":{"@id":"https:\/\/gustafs.com\/sv\/produkt\/linear-plank-ceiling\/#primaryimage"},"image":{"@id":"https:\/\/gustafs.com\/sv\/produkt\/linear-plank-ceiling\/#primaryimage"},"thumbnailUrl":"https:\/\/gustafs.com\/wp-content\/uploads\/2022\/04\/plank-ceiling-88-138-188-ek-product.jpg","datePublished":"2022-04-05T06:06:01+00:00","dateModified":"2024-10-22T13:33:07+00:00","breadcrumb":{"@id":"https:\/\/gustafs.com\/sv\/produkt\/linear-plank-ceiling\/#breadcrumb"},"inLanguage":"sv-SE","potentialAction":[{"@type":"ReadAction","target":["https:\/\/gustafs.com\/sv\/produkt\/linear-plank-ceiling\/"]}]},{"@type":"ImageObject","inLanguage":"sv-SE","@id":"https:\/\/gustafs.com\/sv\/produkt\/linear-plank-ceiling\/#primaryimage","url":"https:\/\/gustafs.com\/wp-content\/uploads\/2022\/04\/plank-ceiling-88-138-188-ek-product.jpg","contentUrl":"https:\/\/gustafs.com\/wp-content\/uploads\/2022\/04\/plank-ceiling-88-138-188-ek-product.jpg","width":1030,"height":1290},{"@type":"BreadcrumbList","@id":"https:\/\/gustafs.com\/sv\/produkt\/linear-plank-ceiling\/#breadcrumb","itemListElement":[{"@type":"ListItem","position":1,"name":"Gustafs","item":"https:\/\/gustafs.com\/sv\/"},{"@type":"ListItem","position":2,"name":"Produkter","item":"https:\/\/gustafs.com\/sv\/produkter\/"},{"@type":"ListItem","position":3,"name":"Gustafs Linears","item":"https:\/\/gustafs.com\/sv\/produkt-kategori\/gustafs-linears-sv\/"},{"@type":"ListItem","position":4,"name":"Linear Plank Tak"}]},{"@type":"WebSite","@id":"https:\/\/gustafs.com\/sv\/#website","url":"https:\/\/gustafs.com\/sv\/","name":"Gustafs Scandinavia","description":"Exclusive Wooden Panels And Acoustic Panels","potentialAction":[{"@type":"SearchAction","target":{"@type":"EntryPoint","urlTemplate":"https:\/\/gustafs.com\/sv\/?s={search_term_string}"},"query-input":{"@type":"PropertyValueSpecification","valueRequired":true,"valueName":"search_term_string"}}],"inLanguage":"sv-SE"}]}},"_links":{"self":[{"href":"https:\/\/gustafs.com\/sv\/wp-json\/wp\/v2\/product\/12650","targetHints":{"allow":["GET"]}}],"collection":[{"href":"https:\/\/gustafs.com\/sv\/wp-json\/wp\/v2\/product"}],"about":[{"href":"https:\/\/gustafs.com\/sv\/wp-json\/wp\/v2\/types\/product"}],"version-history":[{"count":40,"href":"https:\/\/gustafs.com\/sv\/wp-json\/wp\/v2\/product\/12650\/revisions"}],"predecessor-version":[{"id":24612,"href":"https:\/\/gustafs.com\/sv\/wp-json\/wp\/v2\/product\/12650\/revisions\/24612"}],"wp:featuredmedia":[{"embeddable":true,"href":"https:\/\/gustafs.com\/sv\/wp-json\/wp\/v2\/media\/5840"}],"wp:attachment":[{"href":"https:\/\/gustafs.com\/sv\/wp-json\/wp\/v2\/media?parent=12650"}],"wp:term":[{"taxonomy":"product_brand","embeddable":true,"href":"https:\/\/gustafs.com\/sv\/wp-json\/wp\/v2\/product_brand?post=12650"},{"taxonomy":"product_cat","embeddable":true,"href":"https:\/\/gustafs.com\/sv\/wp-json\/wp\/v2\/product_cat?post=12650"},{"taxonomy":"product_tag","embeddable":true,"href":"https:\/\/gustafs.com\/sv\/wp-json\/wp\/v2\/product_tag?post=12650"}],"curies":[{"name":"wp","href":"https:\/\/api.w.org\/{rel}","templated":true}]}}