{"id":12492,"date":"2022-03-07T09:33:45","date_gmt":"2022-03-07T09:33:45","guid":{"rendered":"https:\/\/gustafs.com\/product\/linear-feltfon\/"},"modified":"2025-11-19T15:00:59","modified_gmt":"2025-11-19T14:00:59","slug":"linear-feltfon","status":"publish","type":"product","link":"https:\/\/gustafs.com\/sv\/produkt\/linear-feltfon\/","title":{"rendered":"Feltfon Linear Rib"},"content":{"rendered":"<p style=\"letter-spacing: 1px;\">AKUSTISKA LINJ\u00c4RA FILTRIBBOR<\/p>\n<p>Med Gustafs Feltfon Linear Rib kan du skapa tak och v\u00e4ggar med ett nytt mjukt och varmt uttryck. Feltfonsystemet ger en utm\u00e4rkt ljudd\u00e4mpning. Installationssystemet Capax Quick-Up finns f\u00f6r b\u00e5de v\u00e4ggar och tak. Feltfonsystemet \u00e4r framtagen f\u00f6r att anv\u00e4ndas i offentliga utrymmen och \u00e4r helt demonterbart. Skapa ett eget uttryck genom att variera linjernas bredd och djup, f\u00e4rg, bredd p\u00e5 avst\u00e5nden eller fyll mellanrummen med tr\u00e4inl\u00e4ggsremsor. Naturligtvis \u00e4r Feltfon Linear Rib brands\u00e4ker &#8211; p\u00e5 \u00e4kta Gustafs-s\u00e4tt, allts\u00e5 helt utan behov av impregnering.<\/p>\n","protected":false},"excerpt":{"rendered":"<p>AKUSTISKA LINJ\u00c4RA FILTRIBBOR Med Gustafs Feltfon Linear Rib kan du skapa tak och v\u00e4ggar med ett nytt mjukt och varmt uttryck. Feltfonsystemet ger en utm\u00e4rkt ljudd\u00e4mpning. Installationssystemet Capax Quick-Up finns f\u00f6r b\u00e5de v\u00e4ggar och tak. Feltfonsystemet \u00e4r framtagen f\u00f6r att anv\u00e4ndas i offentliga utrymmen och \u00e4r helt demonterbart. Skapa ett eget uttryck genom att variera [&hellip;]<\/p>\n","protected":false},"featured_media":3801,"template":"","meta":{"_acf_changed":false,"inline_featured_image":false,"footnotes":""},"product_brand":[],"product_cat":[377,384],"product_tag":[],"class_list":{"0":"post-12492","1":"product","2":"type-product","3":"status-publish","4":"has-post-thumbnail","6":"product_cat-feltfon","7":"product_cat-feltfon-linear-sv","8":"pa_acoustic-class-absorption-a","9":"pa_acoustic-class-absorption-b","10":"pa_acoustic-class-absorption-c","11":"pa_acoustic-class-absorption-d","13":"first","14":"instock","15":"shipping-taxable","16":"product-type-simple"},"acf":[],"yoast_head":"<!-- This site is optimized with the Yoast SEO plugin v25.4 - https:\/\/yoast.com\/wordpress\/plugins\/seo\/ -->\n<title>Feltfon Rib | Linj\u00e4ra ljudabsorbenter f\u00f6r offentliga rum Gustafs Scandinavia<\/title>\n<meta name=\"description\" content=\"Feltfon Rib kan anv\u00e4ndas b\u00e5de som v\u00e4ggabsorbenter eller som nedpendlade akustiktak f\u00f6r att effektivt f\u00f6rb\u00e4ttra ljudet i kontor, skolor och badhus.\" \/>\n<meta name=\"robots\" content=\"index, follow, max-snippet:-1, max-image-preview:large, max-video-preview:-1\" \/>\n<link rel=\"canonical\" href=\"https:\/\/gustafs.com\/sv\/produkt\/linear-feltfon\/\" \/>\n<meta property=\"og:locale\" content=\"sv_SE\" \/>\n<meta property=\"og:type\" content=\"article\" \/>\n<meta property=\"og:title\" content=\"Feltfon Rib | Linj\u00e4ra ljudabsorbenter f\u00f6r offentliga rum Gustafs Scandinavia\" \/>\n<meta property=\"og:description\" content=\"Feltfon Rib kan anv\u00e4ndas b\u00e5de som v\u00e4ggabsorbenter eller som nedpendlade akustiktak f\u00f6r att effektivt f\u00f6rb\u00e4ttra ljudet i kontor, skolor och badhus.\" \/>\n<meta property=\"og:url\" content=\"https:\/\/gustafs.com\/sv\/produkt\/linear-feltfon\/\" \/>\n<meta property=\"og:site_name\" content=\"Gustafs Scandinavia\" \/>\n<meta property=\"article:modified_time\" content=\"2025-11-19T14:00:59+00:00\" \/>\n<meta property=\"og:image\" content=\"https:\/\/gustafs.com\/wp-content\/uploads\/2022\/03\/feltfon-design.jpg\" \/>\n\t<meta property=\"og:image:width\" content=\"1030\" \/>\n\t<meta property=\"og:image:height\" content=\"1290\" \/>\n\t<meta property=\"og:image:type\" content=\"image\/jpeg\" \/>\n<meta name=\"twitter:card\" content=\"summary_large_image\" \/>\n<meta name=\"twitter:label1\" content=\"Ber\u00e4knad l\u00e4stid\" \/>\n\t<meta name=\"twitter:data1\" content=\"1 minut\" \/>\n<script type=\"application\/ld+json\" class=\"yoast-schema-graph\">{\"@context\":\"https:\/\/schema.org\",\"@graph\":[{\"@type\":\"WebPage\",\"@id\":\"https:\/\/gustafs.com\/sv\/produkt\/linear-feltfon\/\",\"url\":\"https:\/\/gustafs.com\/sv\/produkt\/linear-feltfon\/\",\"name\":\"Feltfon Rib | Linj\u00e4ra ljudabsorbenter f\u00f6r offentliga rum Gustafs Scandinavia\",\"isPartOf\":{\"@id\":\"https:\/\/gustafs.com\/sv\/#website\"},\"primaryImageOfPage\":{\"@id\":\"https:\/\/gustafs.com\/sv\/produkt\/linear-feltfon\/#primaryimage\"},\"image\":{\"@id\":\"https:\/\/gustafs.com\/sv\/produkt\/linear-feltfon\/#primaryimage\"},\"thumbnailUrl\":\"https:\/\/gustafs.com\/wp-content\/uploads\/2022\/03\/feltfon-design.jpg\",\"datePublished\":\"2022-03-07T09:33:45+00:00\",\"dateModified\":\"2025-11-19T14:00:59+00:00\",\"description\":\"Feltfon Rib kan anv\u00e4ndas b\u00e5de som v\u00e4ggabsorbenter eller som nedpendlade akustiktak f\u00f6r att effektivt f\u00f6rb\u00e4ttra ljudet i kontor, skolor och badhus.\",\"breadcrumb\":{\"@id\":\"https:\/\/gustafs.com\/sv\/produkt\/linear-feltfon\/#breadcrumb\"},\"inLanguage\":\"sv-SE\",\"potentialAction\":[{\"@type\":\"ReadAction\",\"target\":[\"https:\/\/gustafs.com\/sv\/produkt\/linear-feltfon\/\"]}]},{\"@type\":\"ImageObject\",\"inLanguage\":\"sv-SE\",\"@id\":\"https:\/\/gustafs.com\/sv\/produkt\/linear-feltfon\/#primaryimage\",\"url\":\"https:\/\/gustafs.com\/wp-content\/uploads\/2022\/03\/feltfon-design.jpg\",\"contentUrl\":\"https:\/\/gustafs.com\/wp-content\/uploads\/2022\/03\/feltfon-design.jpg\",\"width\":1030,\"height\":1290},{\"@type\":\"BreadcrumbList\",\"@id\":\"https:\/\/gustafs.com\/sv\/produkt\/linear-feltfon\/#breadcrumb\",\"itemListElement\":[{\"@type\":\"ListItem\",\"position\":1,\"name\":\"Gustafs\",\"item\":\"https:\/\/gustafs.com\/sv\/\"},{\"@type\":\"ListItem\",\"position\":2,\"name\":\"Produkter\",\"item\":\"https:\/\/gustafs.com\/sv\/produkter\/\"},{\"@type\":\"ListItem\",\"position\":3,\"name\":\"Feltfon\",\"item\":\"https:\/\/gustafs.com\/sv\/produkt-kategori\/feltfon\/\"},{\"@type\":\"ListItem\",\"position\":4,\"name\":\"Feltfon Linear Rib\"}]},{\"@type\":\"WebSite\",\"@id\":\"https:\/\/gustafs.com\/sv\/#website\",\"url\":\"https:\/\/gustafs.com\/sv\/\",\"name\":\"Gustafs Scandinavia\",\"description\":\"Exclusive Wooden Panels And Acoustic Panels\",\"potentialAction\":[{\"@type\":\"SearchAction\",\"target\":{\"@type\":\"EntryPoint\",\"urlTemplate\":\"https:\/\/gustafs.com\/sv\/?s={search_term_string}\"},\"query-input\":{\"@type\":\"PropertyValueSpecification\",\"valueRequired\":true,\"valueName\":\"search_term_string\"}}],\"inLanguage\":\"sv-SE\"}]}<\/script>\n<!-- \/ Yoast SEO plugin. -->","yoast_head_json":{"title":"Feltfon Rib | Linj\u00e4ra ljudabsorbenter f\u00f6r offentliga rum Gustafs Scandinavia","description":"Feltfon Rib kan anv\u00e4ndas b\u00e5de som v\u00e4ggabsorbenter eller som nedpendlade akustiktak f\u00f6r att effektivt f\u00f6rb\u00e4ttra ljudet i kontor, skolor och badhus.","robots":{"index":"index","follow":"follow","max-snippet":"max-snippet:-1","max-image-preview":"max-image-preview:large","max-video-preview":"max-video-preview:-1"},"canonical":"https:\/\/gustafs.com\/sv\/produkt\/linear-feltfon\/","og_locale":"sv_SE","og_type":"article","og_title":"Feltfon Rib | Linj\u00e4ra ljudabsorbenter f\u00f6r offentliga rum Gustafs Scandinavia","og_description":"Feltfon Rib kan anv\u00e4ndas b\u00e5de som v\u00e4ggabsorbenter eller som nedpendlade akustiktak f\u00f6r att effektivt f\u00f6rb\u00e4ttra ljudet i kontor, skolor och badhus.","og_url":"https:\/\/gustafs.com\/sv\/produkt\/linear-feltfon\/","og_site_name":"Gustafs Scandinavia","article_modified_time":"2025-11-19T14:00:59+00:00","og_image":[{"width":1030,"height":1290,"url":"https:\/\/gustafs.com\/wp-content\/uploads\/2022\/03\/feltfon-design.jpg","type":"image\/jpeg"}],"twitter_card":"summary_large_image","twitter_misc":{"Ber\u00e4knad l\u00e4stid":"1 minut"},"schema":{"@context":"https:\/\/schema.org","@graph":[{"@type":"WebPage","@id":"https:\/\/gustafs.com\/sv\/produkt\/linear-feltfon\/","url":"https:\/\/gustafs.com\/sv\/produkt\/linear-feltfon\/","name":"Feltfon Rib | Linj\u00e4ra ljudabsorbenter f\u00f6r offentliga rum Gustafs Scandinavia","isPartOf":{"@id":"https:\/\/gustafs.com\/sv\/#website"},"primaryImageOfPage":{"@id":"https:\/\/gustafs.com\/sv\/produkt\/linear-feltfon\/#primaryimage"},"image":{"@id":"https:\/\/gustafs.com\/sv\/produkt\/linear-feltfon\/#primaryimage"},"thumbnailUrl":"https:\/\/gustafs.com\/wp-content\/uploads\/2022\/03\/feltfon-design.jpg","datePublished":"2022-03-07T09:33:45+00:00","dateModified":"2025-11-19T14:00:59+00:00","description":"Feltfon Rib kan anv\u00e4ndas b\u00e5de som v\u00e4ggabsorbenter eller som nedpendlade akustiktak f\u00f6r att effektivt f\u00f6rb\u00e4ttra ljudet i kontor, skolor och badhus.","breadcrumb":{"@id":"https:\/\/gustafs.com\/sv\/produkt\/linear-feltfon\/#breadcrumb"},"inLanguage":"sv-SE","potentialAction":[{"@type":"ReadAction","target":["https:\/\/gustafs.com\/sv\/produkt\/linear-feltfon\/"]}]},{"@type":"ImageObject","inLanguage":"sv-SE","@id":"https:\/\/gustafs.com\/sv\/produkt\/linear-feltfon\/#primaryimage","url":"https:\/\/gustafs.com\/wp-content\/uploads\/2022\/03\/feltfon-design.jpg","contentUrl":"https:\/\/gustafs.com\/wp-content\/uploads\/2022\/03\/feltfon-design.jpg","width":1030,"height":1290},{"@type":"BreadcrumbList","@id":"https:\/\/gustafs.com\/sv\/produkt\/linear-feltfon\/#breadcrumb","itemListElement":[{"@type":"ListItem","position":1,"name":"Gustafs","item":"https:\/\/gustafs.com\/sv\/"},{"@type":"ListItem","position":2,"name":"Produkter","item":"https:\/\/gustafs.com\/sv\/produkter\/"},{"@type":"ListItem","position":3,"name":"Feltfon","item":"https:\/\/gustafs.com\/sv\/produkt-kategori\/feltfon\/"},{"@type":"ListItem","position":4,"name":"Feltfon Linear Rib"}]},{"@type":"WebSite","@id":"https:\/\/gustafs.com\/sv\/#website","url":"https:\/\/gustafs.com\/sv\/","name":"Gustafs Scandinavia","description":"Exclusive Wooden Panels And Acoustic Panels","potentialAction":[{"@type":"SearchAction","target":{"@type":"EntryPoint","urlTemplate":"https:\/\/gustafs.com\/sv\/?s={search_term_string}"},"query-input":{"@type":"PropertyValueSpecification","valueRequired":true,"valueName":"search_term_string"}}],"inLanguage":"sv-SE"}]}},"_links":{"self":[{"href":"https:\/\/gustafs.com\/sv\/wp-json\/wp\/v2\/product\/12492","targetHints":{"allow":["GET"]}}],"collection":[{"href":"https:\/\/gustafs.com\/sv\/wp-json\/wp\/v2\/product"}],"about":[{"href":"https:\/\/gustafs.com\/sv\/wp-json\/wp\/v2\/types\/product"}],"version-history":[{"count":88,"href":"https:\/\/gustafs.com\/sv\/wp-json\/wp\/v2\/product\/12492\/revisions"}],"predecessor-version":[{"id":79287,"href":"https:\/\/gustafs.com\/sv\/wp-json\/wp\/v2\/product\/12492\/revisions\/79287"}],"wp:featuredmedia":[{"embeddable":true,"href":"https:\/\/gustafs.com\/sv\/wp-json\/wp\/v2\/media\/3801"}],"wp:attachment":[{"href":"https:\/\/gustafs.com\/sv\/wp-json\/wp\/v2\/media?parent=12492"}],"wp:term":[{"taxonomy":"product_brand","embeddable":true,"href":"https:\/\/gustafs.com\/sv\/wp-json\/wp\/v2\/product_brand?post=12492"},{"taxonomy":"product_cat","embeddable":true,"href":"https:\/\/gustafs.com\/sv\/wp-json\/wp\/v2\/product_cat?post=12492"},{"taxonomy":"product_tag","embeddable":true,"href":"https:\/\/gustafs.com\/sv\/wp-json\/wp\/v2\/product_tag?post=12492"}],"curies":[{"name":"wp","href":"https:\/\/api.w.org\/{rel}","templated":true}]}}