{"id":12484,"date":"2022-07-04T13:17:11","date_gmt":"2022-07-04T13:17:11","guid":{"rendered":"https:\/\/gustafs.com\/?post_type=product&#038;p=12484"},"modified":"2025-06-03T10:19:21","modified_gmt":"2025-06-03T08:19:21","slug":"linear-rib-stripe-xl","status":"publish","type":"product","link":"https:\/\/gustafs.com\/sv\/produkt\/linear-rib-stripe-xl\/","title":{"rendered":"Linear Stripe-XL"},"content":{"rendered":"<p style=\"letter-spacing: 1px;\">AKUSTIKRIBBOR F\u00d6R V\u00c4GGAR OCH TAK<\/p>\n<p>Gustafs Stripe-XL \u00e4r en ribba med h\u00f6gsta brandklass A2-s1,d0 och g\u00f6r att du kan skapa fantastiska tak och v\u00e4ggar. Genom att kombinera en ribba med \u00e4kta tr\u00e4faner och Capax, Quick-Up installationssystem uppn\u00e5s en p\u00e5litlig, tidsbesparande och exklusiv interi\u00f6rfinish. Variera faner och ytbehandling f\u00f6r att skapa din egen design. Gustafs Stripe-XL kan ocks\u00e5 anv\u00e4ndas i b\u00f6jda installationer.<\/p>\n","protected":false},"excerpt":{"rendered":"<p>AKUSTIKRIBBOR F\u00d6R V\u00c4GGAR OCH TAK Gustafs Stripe-XL \u00e4r en ribba med h\u00f6gsta brandklass A2-s1,d0 och g\u00f6r att du kan skapa fantastiska tak och v\u00e4ggar. Genom att kombinera en ribba med \u00e4kta tr\u00e4faner och Capax, Quick-Up installationssystem uppn\u00e5s en p\u00e5litlig, tidsbesparande och exklusiv interi\u00f6rfinish. Variera faner och ytbehandling f\u00f6r att skapa din egen design. Gustafs Stripe-XL [&hellip;]<\/p>\n","protected":false},"featured_media":6246,"template":"","meta":{"_acf_changed":false,"inline_featured_image":false,"footnotes":""},"product_brand":[],"product_cat":[234,236],"product_tag":[],"class_list":{"0":"post-12484","1":"product","2":"type-product","3":"status-publish","4":"has-post-thumbnail","6":"product_cat-gustafs-linears-sv","7":"product_cat-linear-system-sv","8":"pa_acoustic-class-absorption-a","9":"pa_acoustic-class-absorption-b","10":"pa_acoustic-class-absorption-c","12":"first","13":"instock","14":"shipping-taxable","15":"product-type-simple"},"acf":[],"yoast_head":"<!-- This site is optimized with the Yoast SEO plugin v25.4 - https:\/\/yoast.com\/wordpress\/plugins\/seo\/ -->\n<title>Gustafs Linear Stripe-XL | Tr\u00e4ribbor med H\u00f6gsta brandklass<\/title>\n<meta name=\"description\" content=\"Gustafs ribbor Stripe-XL \u00e4r den s\u00e4kraste l\u00f6sningen f\u00f6r en h\u00f6gklassig inredning. Akustikv\u00e4ggar och tak med den h\u00f6gsta brandklass A2-s1,d0, \u00e4r den en p\u00e5litlig val f\u00f6r tak och v\u00e4ggar. \u00c4kta tr\u00e4faner kombinerat med en obr\u00e4nnbar k\u00e4rna av fibergips f\u00e5r man marknadens s\u00e4kraste tr\u00e4ribbor med ljudd\u00e4mpande egenskaper. Skapa din egen unika design med varierande faner eller ytbehandling. Vackra akustiktak och v\u00e4ggar f\u00f6r offentliga milj\u00f6er.\" \/>\n<meta name=\"robots\" content=\"index, follow, max-snippet:-1, max-image-preview:large, max-video-preview:-1\" \/>\n<link rel=\"canonical\" href=\"https:\/\/gustafs.com\/sv\/produkt\/linear-rib-stripe-xl\/\" \/>\n<meta property=\"og:locale\" content=\"sv_SE\" \/>\n<meta property=\"og:type\" content=\"article\" \/>\n<meta property=\"og:title\" content=\"Gustafs Linear Stripe-XL | Tr\u00e4ribbor med H\u00f6gsta brandklass\" \/>\n<meta property=\"og:description\" content=\"Gustafs ribbor Stripe-XL \u00e4r den s\u00e4kraste l\u00f6sningen f\u00f6r en h\u00f6gklassig inredning. Akustikv\u00e4ggar och tak med den h\u00f6gsta brandklass A2-s1,d0, \u00e4r den en p\u00e5litlig val f\u00f6r tak och v\u00e4ggar. \u00c4kta tr\u00e4faner kombinerat med en obr\u00e4nnbar k\u00e4rna av fibergips f\u00e5r man marknadens s\u00e4kraste tr\u00e4ribbor med ljudd\u00e4mpande egenskaper. Skapa din egen unika design med varierande faner eller ytbehandling. Vackra akustiktak och v\u00e4ggar f\u00f6r offentliga milj\u00f6er.\" \/>\n<meta property=\"og:url\" content=\"https:\/\/gustafs.com\/sv\/produkt\/linear-rib-stripe-xl\/\" \/>\n<meta property=\"og:site_name\" content=\"Gustafs Scandinavia\" \/>\n<meta property=\"article:modified_time\" content=\"2025-06-03T08:19:21+00:00\" \/>\n<meta property=\"og:image\" content=\"https:\/\/gustafs.com\/wp-content\/uploads\/2022\/04\/gls-stripe-xl-walnut.jpg\" \/>\n\t<meta property=\"og:image:width\" content=\"1030\" \/>\n\t<meta property=\"og:image:height\" content=\"1290\" \/>\n\t<meta property=\"og:image:type\" content=\"image\/jpeg\" \/>\n<meta name=\"twitter:card\" content=\"summary_large_image\" \/>\n<meta name=\"twitter:label1\" content=\"Ber\u00e4knad l\u00e4stid\" \/>\n\t<meta name=\"twitter:data1\" content=\"1 minut\" \/>\n<script type=\"application\/ld+json\" class=\"yoast-schema-graph\">{\"@context\":\"https:\/\/schema.org\",\"@graph\":[{\"@type\":\"WebPage\",\"@id\":\"https:\/\/gustafs.com\/sv\/produkt\/linear-rib-stripe-xl\/\",\"url\":\"https:\/\/gustafs.com\/sv\/produkt\/linear-rib-stripe-xl\/\",\"name\":\"Gustafs Linear Stripe-XL | Tr\u00e4ribbor med H\u00f6gsta brandklass\",\"isPartOf\":{\"@id\":\"https:\/\/gustafs.com\/sv\/#website\"},\"primaryImageOfPage\":{\"@id\":\"https:\/\/gustafs.com\/sv\/produkt\/linear-rib-stripe-xl\/#primaryimage\"},\"image\":{\"@id\":\"https:\/\/gustafs.com\/sv\/produkt\/linear-rib-stripe-xl\/#primaryimage\"},\"thumbnailUrl\":\"https:\/\/gustafs.com\/wp-content\/uploads\/2022\/04\/gls-stripe-xl-walnut.jpg\",\"datePublished\":\"2022-07-04T13:17:11+00:00\",\"dateModified\":\"2025-06-03T08:19:21+00:00\",\"description\":\"Gustafs ribbor Stripe-XL \u00e4r den s\u00e4kraste l\u00f6sningen f\u00f6r en h\u00f6gklassig inredning. Akustikv\u00e4ggar och tak med den h\u00f6gsta brandklass A2-s1,d0, \u00e4r den en p\u00e5litlig val f\u00f6r tak och v\u00e4ggar. \u00c4kta tr\u00e4faner kombinerat med en obr\u00e4nnbar k\u00e4rna av fibergips f\u00e5r man marknadens s\u00e4kraste tr\u00e4ribbor med ljudd\u00e4mpande egenskaper. Skapa din egen unika design med varierande faner eller ytbehandling. Vackra akustiktak och v\u00e4ggar f\u00f6r offentliga milj\u00f6er.\",\"breadcrumb\":{\"@id\":\"https:\/\/gustafs.com\/sv\/produkt\/linear-rib-stripe-xl\/#breadcrumb\"},\"inLanguage\":\"sv-SE\",\"potentialAction\":[{\"@type\":\"ReadAction\",\"target\":[\"https:\/\/gustafs.com\/sv\/produkt\/linear-rib-stripe-xl\/\"]}]},{\"@type\":\"ImageObject\",\"inLanguage\":\"sv-SE\",\"@id\":\"https:\/\/gustafs.com\/sv\/produkt\/linear-rib-stripe-xl\/#primaryimage\",\"url\":\"https:\/\/gustafs.com\/wp-content\/uploads\/2022\/04\/gls-stripe-xl-walnut.jpg\",\"contentUrl\":\"https:\/\/gustafs.com\/wp-content\/uploads\/2022\/04\/gls-stripe-xl-walnut.jpg\",\"width\":1030,\"height\":1290},{\"@type\":\"BreadcrumbList\",\"@id\":\"https:\/\/gustafs.com\/sv\/produkt\/linear-rib-stripe-xl\/#breadcrumb\",\"itemListElement\":[{\"@type\":\"ListItem\",\"position\":1,\"name\":\"Gustafs\",\"item\":\"https:\/\/gustafs.com\/sv\/\"},{\"@type\":\"ListItem\",\"position\":2,\"name\":\"Produkter\",\"item\":\"https:\/\/gustafs.com\/sv\/produkter\/\"},{\"@type\":\"ListItem\",\"position\":3,\"name\":\"Gustafs Linears\",\"item\":\"https:\/\/gustafs.com\/sv\/produkt-kategori\/gustafs-linears-sv\/\"},{\"@type\":\"ListItem\",\"position\":4,\"name\":\"Linear Stripe-XL\"}]},{\"@type\":\"WebSite\",\"@id\":\"https:\/\/gustafs.com\/sv\/#website\",\"url\":\"https:\/\/gustafs.com\/sv\/\",\"name\":\"Gustafs Scandinavia\",\"description\":\"Exclusive Wooden Panels And Acoustic Panels\",\"potentialAction\":[{\"@type\":\"SearchAction\",\"target\":{\"@type\":\"EntryPoint\",\"urlTemplate\":\"https:\/\/gustafs.com\/sv\/?s={search_term_string}\"},\"query-input\":{\"@type\":\"PropertyValueSpecification\",\"valueRequired\":true,\"valueName\":\"search_term_string\"}}],\"inLanguage\":\"sv-SE\"}]}<\/script>\n<!-- \/ Yoast SEO plugin. -->","yoast_head_json":{"title":"Gustafs Linear Stripe-XL | Tr\u00e4ribbor med H\u00f6gsta brandklass","description":"Gustafs ribbor Stripe-XL \u00e4r den s\u00e4kraste l\u00f6sningen f\u00f6r en h\u00f6gklassig inredning. Akustikv\u00e4ggar och tak med den h\u00f6gsta brandklass A2-s1,d0, \u00e4r den en p\u00e5litlig val f\u00f6r tak och v\u00e4ggar. \u00c4kta tr\u00e4faner kombinerat med en obr\u00e4nnbar k\u00e4rna av fibergips f\u00e5r man marknadens s\u00e4kraste tr\u00e4ribbor med ljudd\u00e4mpande egenskaper. Skapa din egen unika design med varierande faner eller ytbehandling. Vackra akustiktak och v\u00e4ggar f\u00f6r offentliga milj\u00f6er.","robots":{"index":"index","follow":"follow","max-snippet":"max-snippet:-1","max-image-preview":"max-image-preview:large","max-video-preview":"max-video-preview:-1"},"canonical":"https:\/\/gustafs.com\/sv\/produkt\/linear-rib-stripe-xl\/","og_locale":"sv_SE","og_type":"article","og_title":"Gustafs Linear Stripe-XL | Tr\u00e4ribbor med H\u00f6gsta brandklass","og_description":"Gustafs ribbor Stripe-XL \u00e4r den s\u00e4kraste l\u00f6sningen f\u00f6r en h\u00f6gklassig inredning. Akustikv\u00e4ggar och tak med den h\u00f6gsta brandklass A2-s1,d0, \u00e4r den en p\u00e5litlig val f\u00f6r tak och v\u00e4ggar. \u00c4kta tr\u00e4faner kombinerat med en obr\u00e4nnbar k\u00e4rna av fibergips f\u00e5r man marknadens s\u00e4kraste tr\u00e4ribbor med ljudd\u00e4mpande egenskaper. Skapa din egen unika design med varierande faner eller ytbehandling. Vackra akustiktak och v\u00e4ggar f\u00f6r offentliga milj\u00f6er.","og_url":"https:\/\/gustafs.com\/sv\/produkt\/linear-rib-stripe-xl\/","og_site_name":"Gustafs Scandinavia","article_modified_time":"2025-06-03T08:19:21+00:00","og_image":[{"width":1030,"height":1290,"url":"https:\/\/gustafs.com\/wp-content\/uploads\/2022\/04\/gls-stripe-xl-walnut.jpg","type":"image\/jpeg"}],"twitter_card":"summary_large_image","twitter_misc":{"Ber\u00e4knad l\u00e4stid":"1 minut"},"schema":{"@context":"https:\/\/schema.org","@graph":[{"@type":"WebPage","@id":"https:\/\/gustafs.com\/sv\/produkt\/linear-rib-stripe-xl\/","url":"https:\/\/gustafs.com\/sv\/produkt\/linear-rib-stripe-xl\/","name":"Gustafs Linear Stripe-XL | Tr\u00e4ribbor med H\u00f6gsta brandklass","isPartOf":{"@id":"https:\/\/gustafs.com\/sv\/#website"},"primaryImageOfPage":{"@id":"https:\/\/gustafs.com\/sv\/produkt\/linear-rib-stripe-xl\/#primaryimage"},"image":{"@id":"https:\/\/gustafs.com\/sv\/produkt\/linear-rib-stripe-xl\/#primaryimage"},"thumbnailUrl":"https:\/\/gustafs.com\/wp-content\/uploads\/2022\/04\/gls-stripe-xl-walnut.jpg","datePublished":"2022-07-04T13:17:11+00:00","dateModified":"2025-06-03T08:19:21+00:00","description":"Gustafs ribbor Stripe-XL \u00e4r den s\u00e4kraste l\u00f6sningen f\u00f6r en h\u00f6gklassig inredning. Akustikv\u00e4ggar och tak med den h\u00f6gsta brandklass A2-s1,d0, \u00e4r den en p\u00e5litlig val f\u00f6r tak och v\u00e4ggar. \u00c4kta tr\u00e4faner kombinerat med en obr\u00e4nnbar k\u00e4rna av fibergips f\u00e5r man marknadens s\u00e4kraste tr\u00e4ribbor med ljudd\u00e4mpande egenskaper. Skapa din egen unika design med varierande faner eller ytbehandling. Vackra akustiktak och v\u00e4ggar f\u00f6r offentliga milj\u00f6er.","breadcrumb":{"@id":"https:\/\/gustafs.com\/sv\/produkt\/linear-rib-stripe-xl\/#breadcrumb"},"inLanguage":"sv-SE","potentialAction":[{"@type":"ReadAction","target":["https:\/\/gustafs.com\/sv\/produkt\/linear-rib-stripe-xl\/"]}]},{"@type":"ImageObject","inLanguage":"sv-SE","@id":"https:\/\/gustafs.com\/sv\/produkt\/linear-rib-stripe-xl\/#primaryimage","url":"https:\/\/gustafs.com\/wp-content\/uploads\/2022\/04\/gls-stripe-xl-walnut.jpg","contentUrl":"https:\/\/gustafs.com\/wp-content\/uploads\/2022\/04\/gls-stripe-xl-walnut.jpg","width":1030,"height":1290},{"@type":"BreadcrumbList","@id":"https:\/\/gustafs.com\/sv\/produkt\/linear-rib-stripe-xl\/#breadcrumb","itemListElement":[{"@type":"ListItem","position":1,"name":"Gustafs","item":"https:\/\/gustafs.com\/sv\/"},{"@type":"ListItem","position":2,"name":"Produkter","item":"https:\/\/gustafs.com\/sv\/produkter\/"},{"@type":"ListItem","position":3,"name":"Gustafs Linears","item":"https:\/\/gustafs.com\/sv\/produkt-kategori\/gustafs-linears-sv\/"},{"@type":"ListItem","position":4,"name":"Linear Stripe-XL"}]},{"@type":"WebSite","@id":"https:\/\/gustafs.com\/sv\/#website","url":"https:\/\/gustafs.com\/sv\/","name":"Gustafs Scandinavia","description":"Exclusive Wooden Panels And Acoustic Panels","potentialAction":[{"@type":"SearchAction","target":{"@type":"EntryPoint","urlTemplate":"https:\/\/gustafs.com\/sv\/?s={search_term_string}"},"query-input":{"@type":"PropertyValueSpecification","valueRequired":true,"valueName":"search_term_string"}}],"inLanguage":"sv-SE"}]}},"_links":{"self":[{"href":"https:\/\/gustafs.com\/sv\/wp-json\/wp\/v2\/product\/12484","targetHints":{"allow":["GET"]}}],"collection":[{"href":"https:\/\/gustafs.com\/sv\/wp-json\/wp\/v2\/product"}],"about":[{"href":"https:\/\/gustafs.com\/sv\/wp-json\/wp\/v2\/types\/product"}],"version-history":[{"count":58,"href":"https:\/\/gustafs.com\/sv\/wp-json\/wp\/v2\/product\/12484\/revisions"}],"predecessor-version":[{"id":32996,"href":"https:\/\/gustafs.com\/sv\/wp-json\/wp\/v2\/product\/12484\/revisions\/32996"}],"wp:featuredmedia":[{"embeddable":true,"href":"https:\/\/gustafs.com\/sv\/wp-json\/wp\/v2\/media\/6246"}],"wp:attachment":[{"href":"https:\/\/gustafs.com\/sv\/wp-json\/wp\/v2\/media?parent=12484"}],"wp:term":[{"taxonomy":"product_brand","embeddable":true,"href":"https:\/\/gustafs.com\/sv\/wp-json\/wp\/v2\/product_brand?post=12484"},{"taxonomy":"product_cat","embeddable":true,"href":"https:\/\/gustafs.com\/sv\/wp-json\/wp\/v2\/product_cat?post=12484"},{"taxonomy":"product_tag","embeddable":true,"href":"https:\/\/gustafs.com\/sv\/wp-json\/wp\/v2\/product_tag?post=12484"}],"curies":[{"name":"wp","href":"https:\/\/api.w.org\/{rel}","templated":true}]}}