{"id":12483,"date":"2022-04-05T07:18:33","date_gmt":"2022-04-05T07:18:33","guid":{"rendered":"https:\/\/gustafs.com\/product\/linear-rib-s\/"},"modified":"2026-03-09T14:01:38","modified_gmt":"2026-03-09T13:01:38","slug":"linear-rib-s","status":"publish","type":"product","link":"https:\/\/gustafs.com\/sv\/produkt\/linear-rib-s\/","title":{"rendered":"Linear Rib-S"},"content":{"rendered":"<p style=\"letter-spacing: 1px;\">AKUSTIKRIBBOR F\u00d6R V\u00c4GGAR OCH TAK<\/p>\n<p>Med Gustafs Rib kan du skapa fantastiska tak och v\u00e4ggar med akustiska tr\u00e4ribbor. Med hj\u00e4lp av \u00e4kta tr\u00e4faner integrerar Gustafs Linear Rib System Capax, Quick-Up installationssystem f\u00f6r att uppn\u00e5 en tillf\u00f6rlitlig, arbetsbesparande och exklusiv inredning. Fibergipsk\u00e4rnan har m\u00e5nga f\u00f6rdelar och en av dem \u00e4r en l\u00f6sning som inte vrider sig under \u00e5rtionden. Skapa din egen design genom att variera faner, pigmentering av ytfinish, dimensioner, avst\u00e5nd och f\u00e4rg p\u00e5 avst\u00e5nd. Gustafs Linear Rib bekl\u00e4dnad kan ocks\u00e5 anv\u00e4ndas i b\u00f6jda installationer, konvexa eller konkava. Rib-S har h\u00f6rnradie: 0,5 mm.<\/p>\n<p>&nbsp;<\/p>\n","protected":false},"excerpt":{"rendered":"<p>AKUSTIKRIBBOR F\u00d6R V\u00c4GGAR OCH TAK Med Gustafs Rib kan du skapa fantastiska tak och v\u00e4ggar med akustiska tr\u00e4ribbor. Med hj\u00e4lp av \u00e4kta tr\u00e4faner integrerar Gustafs Linear Rib System Capax, Quick-Up installationssystem f\u00f6r att uppn\u00e5 en tillf\u00f6rlitlig, arbetsbesparande och exklusiv inredning. Fibergipsk\u00e4rnan har m\u00e5nga f\u00f6rdelar och en av dem \u00e4r en l\u00f6sning som inte vrider sig [&hellip;]<\/p>\n","protected":false},"featured_media":7783,"template":"","meta":{"_acf_changed":false,"inline_featured_image":false,"footnotes":""},"product_brand":[],"product_cat":[234,236],"product_tag":[],"class_list":{"0":"post-12483","1":"product","2":"type-product","3":"status-publish","4":"has-post-thumbnail","6":"product_cat-gustafs-linears-sv","7":"product_cat-linear-system-sv","8":"pa_acoustic-class-absorption-a","9":"pa_acoustic-class-absorption-b","10":"pa_acoustic-class-absorption-c","12":"first","13":"instock","14":"shipping-taxable","15":"product-type-simple"},"acf":[],"yoast_head":"<!-- This site is optimized with the Yoast SEO plugin v25.4 - https:\/\/yoast.com\/wordpress\/plugins\/seo\/ -->\n<title>Linear Rib-S | Gustafs Scandinavia<\/title>\n<meta name=\"description\" content=\"Gustafs Linear Rib tr\u00e4ribbor ger dig m\u00f6jligheten att skapa snygga och ljudd\u00e4mpande v\u00e4ggar och akustiktak. Ribborna har en yta av \u00e4kta tr\u00e4faner och monteras enkelt med ett tillf\u00f6rlitlig och smidigt installationssystem. Tack vare fibergipsk\u00e4rnan f\u00e5r du en formstabil ribbl\u00f6sning som inte vrider eller sl\u00e5r sig. V\u00e4lj tr\u00e4sort, laminat eller m\u00e5lad yta p\u00e5 dina brands\u00e4kra akustikribbor. Tr\u00e4ribborna finns i m\u00e5nga olika dimensioner och utf\u00f6randen.\" \/>\n<meta name=\"robots\" content=\"index, follow, max-snippet:-1, max-image-preview:large, max-video-preview:-1\" \/>\n<link rel=\"canonical\" href=\"https:\/\/gustafs.com\/sv\/produkt\/linear-rib-s\/\" \/>\n<meta property=\"og:locale\" content=\"sv_SE\" \/>\n<meta property=\"og:type\" content=\"article\" \/>\n<meta property=\"og:title\" content=\"Linear Rib-S | Gustafs Scandinavia\" \/>\n<meta property=\"og:description\" content=\"Gustafs Linear Rib tr\u00e4ribbor ger dig m\u00f6jligheten att skapa snygga och ljudd\u00e4mpande v\u00e4ggar och akustiktak. Ribborna har en yta av \u00e4kta tr\u00e4faner och monteras enkelt med ett tillf\u00f6rlitlig och smidigt installationssystem. Tack vare fibergipsk\u00e4rnan f\u00e5r du en formstabil ribbl\u00f6sning som inte vrider eller sl\u00e5r sig. V\u00e4lj tr\u00e4sort, laminat eller m\u00e5lad yta p\u00e5 dina brands\u00e4kra akustikribbor. Tr\u00e4ribborna finns i m\u00e5nga olika dimensioner och utf\u00f6randen.\" \/>\n<meta property=\"og:url\" content=\"https:\/\/gustafs.com\/sv\/produkt\/linear-rib-s\/\" \/>\n<meta property=\"og:site_name\" content=\"Gustafs Scandinavia\" \/>\n<meta property=\"article:modified_time\" content=\"2026-03-09T13:01:38+00:00\" \/>\n<meta property=\"og:image\" content=\"https:\/\/gustafs.com\/wp-content\/uploads\/2022\/04\/rib-s-product-scaled.jpg\" \/>\n\t<meta property=\"og:image:width\" content=\"2048\" \/>\n\t<meta property=\"og:image:height\" content=\"2560\" \/>\n\t<meta property=\"og:image:type\" content=\"image\/jpeg\" \/>\n<meta name=\"twitter:card\" content=\"summary_large_image\" \/>\n<meta name=\"twitter:label1\" content=\"Ber\u00e4knad l\u00e4stid\" \/>\n\t<meta name=\"twitter:data1\" content=\"1 minut\" \/>\n<script type=\"application\/ld+json\" class=\"yoast-schema-graph\">{\"@context\":\"https:\/\/schema.org\",\"@graph\":[{\"@type\":\"WebPage\",\"@id\":\"https:\/\/gustafs.com\/sv\/produkt\/linear-rib-s\/\",\"url\":\"https:\/\/gustafs.com\/sv\/produkt\/linear-rib-s\/\",\"name\":\"Linear Rib-S | Gustafs Scandinavia\",\"isPartOf\":{\"@id\":\"https:\/\/gustafs.com\/sv\/#website\"},\"primaryImageOfPage\":{\"@id\":\"https:\/\/gustafs.com\/sv\/produkt\/linear-rib-s\/#primaryimage\"},\"image\":{\"@id\":\"https:\/\/gustafs.com\/sv\/produkt\/linear-rib-s\/#primaryimage\"},\"thumbnailUrl\":\"https:\/\/gustafs.com\/wp-content\/uploads\/2022\/04\/rib-s-product-scaled.jpg\",\"datePublished\":\"2022-04-05T07:18:33+00:00\",\"dateModified\":\"2026-03-09T13:01:38+00:00\",\"description\":\"Gustafs Linear Rib tr\u00e4ribbor ger dig m\u00f6jligheten att skapa snygga och ljudd\u00e4mpande v\u00e4ggar och akustiktak. Ribborna har en yta av \u00e4kta tr\u00e4faner och monteras enkelt med ett tillf\u00f6rlitlig och smidigt installationssystem. Tack vare fibergipsk\u00e4rnan f\u00e5r du en formstabil ribbl\u00f6sning som inte vrider eller sl\u00e5r sig. V\u00e4lj tr\u00e4sort, laminat eller m\u00e5lad yta p\u00e5 dina brands\u00e4kra akustikribbor. Tr\u00e4ribborna finns i m\u00e5nga olika dimensioner och utf\u00f6randen.\",\"breadcrumb\":{\"@id\":\"https:\/\/gustafs.com\/sv\/produkt\/linear-rib-s\/#breadcrumb\"},\"inLanguage\":\"sv-SE\",\"potentialAction\":[{\"@type\":\"ReadAction\",\"target\":[\"https:\/\/gustafs.com\/sv\/produkt\/linear-rib-s\/\"]}]},{\"@type\":\"ImageObject\",\"inLanguage\":\"sv-SE\",\"@id\":\"https:\/\/gustafs.com\/sv\/produkt\/linear-rib-s\/#primaryimage\",\"url\":\"https:\/\/gustafs.com\/wp-content\/uploads\/2022\/04\/rib-s-product-scaled.jpg\",\"contentUrl\":\"https:\/\/gustafs.com\/wp-content\/uploads\/2022\/04\/rib-s-product-scaled.jpg\",\"width\":2048,\"height\":2560,\"caption\":\"Acoustic fire rated timber slats Walnut\"},{\"@type\":\"BreadcrumbList\",\"@id\":\"https:\/\/gustafs.com\/sv\/produkt\/linear-rib-s\/#breadcrumb\",\"itemListElement\":[{\"@type\":\"ListItem\",\"position\":1,\"name\":\"Gustafs\",\"item\":\"https:\/\/gustafs.com\/sv\/\"},{\"@type\":\"ListItem\",\"position\":2,\"name\":\"Produkter\",\"item\":\"https:\/\/gustafs.com\/sv\/produkter\/\"},{\"@type\":\"ListItem\",\"position\":3,\"name\":\"Gustafs Linears\",\"item\":\"https:\/\/gustafs.com\/sv\/produkt-kategori\/gustafs-linears-sv\/\"},{\"@type\":\"ListItem\",\"position\":4,\"name\":\"Linear Rib-S\"}]},{\"@type\":\"WebSite\",\"@id\":\"https:\/\/gustafs.com\/sv\/#website\",\"url\":\"https:\/\/gustafs.com\/sv\/\",\"name\":\"Gustafs Scandinavia\",\"description\":\"Exclusive Wooden Panels And Acoustic Panels\",\"potentialAction\":[{\"@type\":\"SearchAction\",\"target\":{\"@type\":\"EntryPoint\",\"urlTemplate\":\"https:\/\/gustafs.com\/sv\/?s={search_term_string}\"},\"query-input\":{\"@type\":\"PropertyValueSpecification\",\"valueRequired\":true,\"valueName\":\"search_term_string\"}}],\"inLanguage\":\"sv-SE\"}]}<\/script>\n<!-- \/ Yoast SEO plugin. -->","yoast_head_json":{"title":"Linear Rib-S | Gustafs Scandinavia","description":"Gustafs Linear Rib tr\u00e4ribbor ger dig m\u00f6jligheten att skapa snygga och ljudd\u00e4mpande v\u00e4ggar och akustiktak. Ribborna har en yta av \u00e4kta tr\u00e4faner och monteras enkelt med ett tillf\u00f6rlitlig och smidigt installationssystem. Tack vare fibergipsk\u00e4rnan f\u00e5r du en formstabil ribbl\u00f6sning som inte vrider eller sl\u00e5r sig. V\u00e4lj tr\u00e4sort, laminat eller m\u00e5lad yta p\u00e5 dina brands\u00e4kra akustikribbor. Tr\u00e4ribborna finns i m\u00e5nga olika dimensioner och utf\u00f6randen.","robots":{"index":"index","follow":"follow","max-snippet":"max-snippet:-1","max-image-preview":"max-image-preview:large","max-video-preview":"max-video-preview:-1"},"canonical":"https:\/\/gustafs.com\/sv\/produkt\/linear-rib-s\/","og_locale":"sv_SE","og_type":"article","og_title":"Linear Rib-S | Gustafs Scandinavia","og_description":"Gustafs Linear Rib tr\u00e4ribbor ger dig m\u00f6jligheten att skapa snygga och ljudd\u00e4mpande v\u00e4ggar och akustiktak. Ribborna har en yta av \u00e4kta tr\u00e4faner och monteras enkelt med ett tillf\u00f6rlitlig och smidigt installationssystem. Tack vare fibergipsk\u00e4rnan f\u00e5r du en formstabil ribbl\u00f6sning som inte vrider eller sl\u00e5r sig. V\u00e4lj tr\u00e4sort, laminat eller m\u00e5lad yta p\u00e5 dina brands\u00e4kra akustikribbor. Tr\u00e4ribborna finns i m\u00e5nga olika dimensioner och utf\u00f6randen.","og_url":"https:\/\/gustafs.com\/sv\/produkt\/linear-rib-s\/","og_site_name":"Gustafs Scandinavia","article_modified_time":"2026-03-09T13:01:38+00:00","og_image":[{"width":2048,"height":2560,"url":"https:\/\/gustafs.com\/wp-content\/uploads\/2022\/04\/rib-s-product-scaled.jpg","type":"image\/jpeg"}],"twitter_card":"summary_large_image","twitter_misc":{"Ber\u00e4knad l\u00e4stid":"1 minut"},"schema":{"@context":"https:\/\/schema.org","@graph":[{"@type":"WebPage","@id":"https:\/\/gustafs.com\/sv\/produkt\/linear-rib-s\/","url":"https:\/\/gustafs.com\/sv\/produkt\/linear-rib-s\/","name":"Linear Rib-S | Gustafs Scandinavia","isPartOf":{"@id":"https:\/\/gustafs.com\/sv\/#website"},"primaryImageOfPage":{"@id":"https:\/\/gustafs.com\/sv\/produkt\/linear-rib-s\/#primaryimage"},"image":{"@id":"https:\/\/gustafs.com\/sv\/produkt\/linear-rib-s\/#primaryimage"},"thumbnailUrl":"https:\/\/gustafs.com\/wp-content\/uploads\/2022\/04\/rib-s-product-scaled.jpg","datePublished":"2022-04-05T07:18:33+00:00","dateModified":"2026-03-09T13:01:38+00:00","description":"Gustafs Linear Rib tr\u00e4ribbor ger dig m\u00f6jligheten att skapa snygga och ljudd\u00e4mpande v\u00e4ggar och akustiktak. Ribborna har en yta av \u00e4kta tr\u00e4faner och monteras enkelt med ett tillf\u00f6rlitlig och smidigt installationssystem. Tack vare fibergipsk\u00e4rnan f\u00e5r du en formstabil ribbl\u00f6sning som inte vrider eller sl\u00e5r sig. V\u00e4lj tr\u00e4sort, laminat eller m\u00e5lad yta p\u00e5 dina brands\u00e4kra akustikribbor. Tr\u00e4ribborna finns i m\u00e5nga olika dimensioner och utf\u00f6randen.","breadcrumb":{"@id":"https:\/\/gustafs.com\/sv\/produkt\/linear-rib-s\/#breadcrumb"},"inLanguage":"sv-SE","potentialAction":[{"@type":"ReadAction","target":["https:\/\/gustafs.com\/sv\/produkt\/linear-rib-s\/"]}]},{"@type":"ImageObject","inLanguage":"sv-SE","@id":"https:\/\/gustafs.com\/sv\/produkt\/linear-rib-s\/#primaryimage","url":"https:\/\/gustafs.com\/wp-content\/uploads\/2022\/04\/rib-s-product-scaled.jpg","contentUrl":"https:\/\/gustafs.com\/wp-content\/uploads\/2022\/04\/rib-s-product-scaled.jpg","width":2048,"height":2560,"caption":"Acoustic fire rated timber slats Walnut"},{"@type":"BreadcrumbList","@id":"https:\/\/gustafs.com\/sv\/produkt\/linear-rib-s\/#breadcrumb","itemListElement":[{"@type":"ListItem","position":1,"name":"Gustafs","item":"https:\/\/gustafs.com\/sv\/"},{"@type":"ListItem","position":2,"name":"Produkter","item":"https:\/\/gustafs.com\/sv\/produkter\/"},{"@type":"ListItem","position":3,"name":"Gustafs Linears","item":"https:\/\/gustafs.com\/sv\/produkt-kategori\/gustafs-linears-sv\/"},{"@type":"ListItem","position":4,"name":"Linear Rib-S"}]},{"@type":"WebSite","@id":"https:\/\/gustafs.com\/sv\/#website","url":"https:\/\/gustafs.com\/sv\/","name":"Gustafs Scandinavia","description":"Exclusive Wooden Panels And Acoustic Panels","potentialAction":[{"@type":"SearchAction","target":{"@type":"EntryPoint","urlTemplate":"https:\/\/gustafs.com\/sv\/?s={search_term_string}"},"query-input":{"@type":"PropertyValueSpecification","valueRequired":true,"valueName":"search_term_string"}}],"inLanguage":"sv-SE"}]}},"_links":{"self":[{"href":"https:\/\/gustafs.com\/sv\/wp-json\/wp\/v2\/product\/12483","targetHints":{"allow":["GET"]}}],"collection":[{"href":"https:\/\/gustafs.com\/sv\/wp-json\/wp\/v2\/product"}],"about":[{"href":"https:\/\/gustafs.com\/sv\/wp-json\/wp\/v2\/types\/product"}],"version-history":[{"count":55,"href":"https:\/\/gustafs.com\/sv\/wp-json\/wp\/v2\/product\/12483\/revisions"}],"predecessor-version":[{"id":82046,"href":"https:\/\/gustafs.com\/sv\/wp-json\/wp\/v2\/product\/12483\/revisions\/82046"}],"wp:featuredmedia":[{"embeddable":true,"href":"https:\/\/gustafs.com\/sv\/wp-json\/wp\/v2\/media\/7783"}],"wp:attachment":[{"href":"https:\/\/gustafs.com\/sv\/wp-json\/wp\/v2\/media?parent=12483"}],"wp:term":[{"taxonomy":"product_brand","embeddable":true,"href":"https:\/\/gustafs.com\/sv\/wp-json\/wp\/v2\/product_brand?post=12483"},{"taxonomy":"product_cat","embeddable":true,"href":"https:\/\/gustafs.com\/sv\/wp-json\/wp\/v2\/product_cat?post=12483"},{"taxonomy":"product_tag","embeddable":true,"href":"https:\/\/gustafs.com\/sv\/wp-json\/wp\/v2\/product_tag?post=12483"}],"curies":[{"name":"wp","href":"https:\/\/api.w.org\/{rel}","templated":true}]}}