{"id":12016,"date":"2022-01-13T07:01:45","date_gmt":"2022-01-13T07:01:45","guid":{"rendered":"https:\/\/gustafs.com\/product\/gustafs-linear-rib\/"},"modified":"2025-10-20T11:34:05","modified_gmt":"2025-10-20T09:34:05","slug":"gustafs-linear-rib","status":"publish","type":"product","link":"https:\/\/gustafs.com\/sv\/produkt\/gustafs-linear-rib\/","title":{"rendered":"Linear Rib-R"},"content":{"rendered":"<p style=\"letter-spacing: 1px;\">AKUSTIKRIBBOR F\u00d6R V\u00c4GGAR OCH TAK<\/p>\n<p>Med Gustafs Rib kan du skapa ljudd\u00e4mpande ribbv\u00e4ggar och tak av brandklassade tr\u00e4ribbor. Skapa akustiska innertak och v\u00e4ggar med tr\u00e4ribbor. Gustafs Linear Rib System anv\u00e4nder \u00e4kta tr\u00e4faner, ett smart Quick-Up installationssystem och en h\u00f6g brandklassning f\u00f6r att uppn\u00e5 en tillf\u00f6rlitlig, arbetsbesparande, s\u00e4ker och exklusiv inredning. Fibergipsk\u00e4rnan har m\u00e5nga f\u00f6rdelar och en av dem \u00e4r en l\u00f6sning som inte vrider sig under \u00e5rtionden. Skapa din egen design genom att variera faner, pigmentering av ytfinish, dimensioner, avst\u00e5nd och f\u00e4rg p\u00e5 avst\u00e5nd. Gustafs Linear Rib bekl\u00e4dnad kan ocks\u00e5 anv\u00e4ndas i b\u00f6jda installationer, konvexa eller konkava.<\/p>\n","protected":false},"excerpt":{"rendered":"<p>AKUSTIKRIBBOR F\u00d6R V\u00c4GGAR OCH TAK Med Gustafs Rib kan du skapa ljudd\u00e4mpande ribbv\u00e4ggar och tak av brandklassade tr\u00e4ribbor. Skapa akustiska innertak och v\u00e4ggar med tr\u00e4ribbor. Gustafs Linear Rib System anv\u00e4nder \u00e4kta tr\u00e4faner, ett smart Quick-Up installationssystem och en h\u00f6g brandklassning f\u00f6r att uppn\u00e5 en tillf\u00f6rlitlig, arbetsbesparande, s\u00e4ker och exklusiv inredning. Fibergipsk\u00e4rnan har m\u00e5nga f\u00f6rdelar och [&hellip;]<\/p>\n","protected":false},"featured_media":4916,"template":"","meta":{"_acf_changed":false,"inline_featured_image":false,"footnotes":""},"product_brand":[],"product_cat":[234,236],"product_tag":[355],"class_list":{"0":"post-12016","1":"product","2":"type-product","3":"status-publish","4":"has-post-thumbnail","6":"product_cat-gustafs-linears-sv","7":"product_cat-linear-system-sv","8":"product_tag-rib-r-sv","9":"pa_acoustic-class-absorption-a","10":"pa_acoustic-class-absorption-b","11":"pa_acoustic-class-absorption-c","13":"first","14":"instock","15":"shipping-taxable","16":"product-type-simple"},"acf":[],"yoast_head":"<!-- This site is optimized with the Yoast SEO plugin v25.4 - https:\/\/yoast.com\/wordpress\/plugins\/seo\/ -->\n<title>Gustafs Linear Rib-R | Exklusiva ljudd\u00e4mpande ribbv\u00e4ggar och tak<\/title>\n<meta name=\"description\" content=\"Med Gustafs Linear Rib-R fanerade tr\u00e4ribbor \/ spaltpanel, skapar du snygga formstabila och ljudd\u00e4mpande v\u00e4ggar och tak. Tr\u00e4ribborna \u00e4r enkla och tidsbesparande att montera och skapa vackra akustikl\u00f6sningar f\u00f6r offentliga rum. Resultatet blir en exklusiv och tidl\u00f6s inredning med goda akustiska, brands\u00e4kra och formstabila egenskaper. F\u00e5 en unik design genom att variera tr\u00e4faner, ytbehandling och dimensioner.\" \/>\n<meta name=\"robots\" content=\"index, follow, max-snippet:-1, max-image-preview:large, max-video-preview:-1\" \/>\n<link rel=\"canonical\" href=\"https:\/\/gustafs.com\/sv\/produkt\/gustafs-linear-rib\/\" \/>\n<meta property=\"og:locale\" content=\"sv_SE\" \/>\n<meta property=\"og:type\" content=\"article\" \/>\n<meta property=\"og:title\" content=\"Gustafs Linear Rib-R | Exklusiva ljudd\u00e4mpande ribbv\u00e4ggar och tak\" \/>\n<meta property=\"og:description\" content=\"Med Gustafs Linear Rib-R fanerade tr\u00e4ribbor \/ spaltpanel, skapar du snygga formstabila och ljudd\u00e4mpande v\u00e4ggar och tak. Tr\u00e4ribborna \u00e4r enkla och tidsbesparande att montera och skapa vackra akustikl\u00f6sningar f\u00f6r offentliga rum. Resultatet blir en exklusiv och tidl\u00f6s inredning med goda akustiska, brands\u00e4kra och formstabila egenskaper. F\u00e5 en unik design genom att variera tr\u00e4faner, ytbehandling och dimensioner.\" \/>\n<meta property=\"og:url\" content=\"https:\/\/gustafs.com\/sv\/produkt\/gustafs-linear-rib\/\" \/>\n<meta property=\"og:site_name\" content=\"Gustafs Scandinavia\" \/>\n<meta property=\"article:modified_time\" content=\"2025-10-20T09:34:05+00:00\" \/>\n<meta property=\"og:image\" content=\"https:\/\/gustafs.com\/wp-content\/uploads\/2022\/01\/linear-rib-produkt-new.jpg\" \/>\n\t<meta property=\"og:image:width\" content=\"1030\" \/>\n\t<meta property=\"og:image:height\" content=\"1290\" \/>\n\t<meta property=\"og:image:type\" content=\"image\/jpeg\" \/>\n<meta name=\"twitter:card\" content=\"summary_large_image\" \/>\n<meta name=\"twitter:label1\" content=\"Ber\u00e4knad l\u00e4stid\" \/>\n\t<meta name=\"twitter:data1\" content=\"1 minut\" \/>\n<script type=\"application\/ld+json\" class=\"yoast-schema-graph\">{\"@context\":\"https:\/\/schema.org\",\"@graph\":[{\"@type\":\"WebPage\",\"@id\":\"https:\/\/gustafs.com\/sv\/produkt\/gustafs-linear-rib\/\",\"url\":\"https:\/\/gustafs.com\/sv\/produkt\/gustafs-linear-rib\/\",\"name\":\"Gustafs Linear Rib-R | Exklusiva ljudd\u00e4mpande ribbv\u00e4ggar och tak\",\"isPartOf\":{\"@id\":\"https:\/\/gustafs.com\/sv\/#website\"},\"primaryImageOfPage\":{\"@id\":\"https:\/\/gustafs.com\/sv\/produkt\/gustafs-linear-rib\/#primaryimage\"},\"image\":{\"@id\":\"https:\/\/gustafs.com\/sv\/produkt\/gustafs-linear-rib\/#primaryimage\"},\"thumbnailUrl\":\"https:\/\/gustafs.com\/wp-content\/uploads\/2022\/01\/linear-rib-produkt-new.jpg\",\"datePublished\":\"2022-01-13T07:01:45+00:00\",\"dateModified\":\"2025-10-20T09:34:05+00:00\",\"description\":\"Med Gustafs Linear Rib-R fanerade tr\u00e4ribbor \/ spaltpanel, skapar du snygga formstabila och ljudd\u00e4mpande v\u00e4ggar och tak. Tr\u00e4ribborna \u00e4r enkla och tidsbesparande att montera och skapa vackra akustikl\u00f6sningar f\u00f6r offentliga rum. Resultatet blir en exklusiv och tidl\u00f6s inredning med goda akustiska, brands\u00e4kra och formstabila egenskaper. F\u00e5 en unik design genom att variera tr\u00e4faner, ytbehandling och dimensioner.\",\"breadcrumb\":{\"@id\":\"https:\/\/gustafs.com\/sv\/produkt\/gustafs-linear-rib\/#breadcrumb\"},\"inLanguage\":\"sv-SE\",\"potentialAction\":[{\"@type\":\"ReadAction\",\"target\":[\"https:\/\/gustafs.com\/sv\/produkt\/gustafs-linear-rib\/\"]}]},{\"@type\":\"ImageObject\",\"inLanguage\":\"sv-SE\",\"@id\":\"https:\/\/gustafs.com\/sv\/produkt\/gustafs-linear-rib\/#primaryimage\",\"url\":\"https:\/\/gustafs.com\/wp-content\/uploads\/2022\/01\/linear-rib-produkt-new.jpg\",\"contentUrl\":\"https:\/\/gustafs.com\/wp-content\/uploads\/2022\/01\/linear-rib-produkt-new.jpg\",\"width\":1030,\"height\":1290},{\"@type\":\"BreadcrumbList\",\"@id\":\"https:\/\/gustafs.com\/sv\/produkt\/gustafs-linear-rib\/#breadcrumb\",\"itemListElement\":[{\"@type\":\"ListItem\",\"position\":1,\"name\":\"Gustafs\",\"item\":\"https:\/\/gustafs.com\/sv\/\"},{\"@type\":\"ListItem\",\"position\":2,\"name\":\"Produkter\",\"item\":\"https:\/\/gustafs.com\/sv\/produkter\/\"},{\"@type\":\"ListItem\",\"position\":3,\"name\":\"Gustafs Linears\",\"item\":\"https:\/\/gustafs.com\/sv\/produkt-kategori\/gustafs-linears-sv\/\"},{\"@type\":\"ListItem\",\"position\":4,\"name\":\"Linear Rib-R\"}]},{\"@type\":\"WebSite\",\"@id\":\"https:\/\/gustafs.com\/sv\/#website\",\"url\":\"https:\/\/gustafs.com\/sv\/\",\"name\":\"Gustafs Scandinavia\",\"description\":\"Exclusive Wooden Panels And Acoustic Panels\",\"potentialAction\":[{\"@type\":\"SearchAction\",\"target\":{\"@type\":\"EntryPoint\",\"urlTemplate\":\"https:\/\/gustafs.com\/sv\/?s={search_term_string}\"},\"query-input\":{\"@type\":\"PropertyValueSpecification\",\"valueRequired\":true,\"valueName\":\"search_term_string\"}}],\"inLanguage\":\"sv-SE\"}]}<\/script>\n<!-- \/ Yoast SEO plugin. -->","yoast_head_json":{"title":"Gustafs Linear Rib-R | Exklusiva ljudd\u00e4mpande ribbv\u00e4ggar och tak","description":"Med Gustafs Linear Rib-R fanerade tr\u00e4ribbor \/ spaltpanel, skapar du snygga formstabila och ljudd\u00e4mpande v\u00e4ggar och tak. Tr\u00e4ribborna \u00e4r enkla och tidsbesparande att montera och skapa vackra akustikl\u00f6sningar f\u00f6r offentliga rum. Resultatet blir en exklusiv och tidl\u00f6s inredning med goda akustiska, brands\u00e4kra och formstabila egenskaper. F\u00e5 en unik design genom att variera tr\u00e4faner, ytbehandling och dimensioner.","robots":{"index":"index","follow":"follow","max-snippet":"max-snippet:-1","max-image-preview":"max-image-preview:large","max-video-preview":"max-video-preview:-1"},"canonical":"https:\/\/gustafs.com\/sv\/produkt\/gustafs-linear-rib\/","og_locale":"sv_SE","og_type":"article","og_title":"Gustafs Linear Rib-R | Exklusiva ljudd\u00e4mpande ribbv\u00e4ggar och tak","og_description":"Med Gustafs Linear Rib-R fanerade tr\u00e4ribbor \/ spaltpanel, skapar du snygga formstabila och ljudd\u00e4mpande v\u00e4ggar och tak. Tr\u00e4ribborna \u00e4r enkla och tidsbesparande att montera och skapa vackra akustikl\u00f6sningar f\u00f6r offentliga rum. Resultatet blir en exklusiv och tidl\u00f6s inredning med goda akustiska, brands\u00e4kra och formstabila egenskaper. F\u00e5 en unik design genom att variera tr\u00e4faner, ytbehandling och dimensioner.","og_url":"https:\/\/gustafs.com\/sv\/produkt\/gustafs-linear-rib\/","og_site_name":"Gustafs Scandinavia","article_modified_time":"2025-10-20T09:34:05+00:00","og_image":[{"width":1030,"height":1290,"url":"https:\/\/gustafs.com\/wp-content\/uploads\/2022\/01\/linear-rib-produkt-new.jpg","type":"image\/jpeg"}],"twitter_card":"summary_large_image","twitter_misc":{"Ber\u00e4knad l\u00e4stid":"1 minut"},"schema":{"@context":"https:\/\/schema.org","@graph":[{"@type":"WebPage","@id":"https:\/\/gustafs.com\/sv\/produkt\/gustafs-linear-rib\/","url":"https:\/\/gustafs.com\/sv\/produkt\/gustafs-linear-rib\/","name":"Gustafs Linear Rib-R | Exklusiva ljudd\u00e4mpande ribbv\u00e4ggar och tak","isPartOf":{"@id":"https:\/\/gustafs.com\/sv\/#website"},"primaryImageOfPage":{"@id":"https:\/\/gustafs.com\/sv\/produkt\/gustafs-linear-rib\/#primaryimage"},"image":{"@id":"https:\/\/gustafs.com\/sv\/produkt\/gustafs-linear-rib\/#primaryimage"},"thumbnailUrl":"https:\/\/gustafs.com\/wp-content\/uploads\/2022\/01\/linear-rib-produkt-new.jpg","datePublished":"2022-01-13T07:01:45+00:00","dateModified":"2025-10-20T09:34:05+00:00","description":"Med Gustafs Linear Rib-R fanerade tr\u00e4ribbor \/ spaltpanel, skapar du snygga formstabila och ljudd\u00e4mpande v\u00e4ggar och tak. Tr\u00e4ribborna \u00e4r enkla och tidsbesparande att montera och skapa vackra akustikl\u00f6sningar f\u00f6r offentliga rum. Resultatet blir en exklusiv och tidl\u00f6s inredning med goda akustiska, brands\u00e4kra och formstabila egenskaper. F\u00e5 en unik design genom att variera tr\u00e4faner, ytbehandling och dimensioner.","breadcrumb":{"@id":"https:\/\/gustafs.com\/sv\/produkt\/gustafs-linear-rib\/#breadcrumb"},"inLanguage":"sv-SE","potentialAction":[{"@type":"ReadAction","target":["https:\/\/gustafs.com\/sv\/produkt\/gustafs-linear-rib\/"]}]},{"@type":"ImageObject","inLanguage":"sv-SE","@id":"https:\/\/gustafs.com\/sv\/produkt\/gustafs-linear-rib\/#primaryimage","url":"https:\/\/gustafs.com\/wp-content\/uploads\/2022\/01\/linear-rib-produkt-new.jpg","contentUrl":"https:\/\/gustafs.com\/wp-content\/uploads\/2022\/01\/linear-rib-produkt-new.jpg","width":1030,"height":1290},{"@type":"BreadcrumbList","@id":"https:\/\/gustafs.com\/sv\/produkt\/gustafs-linear-rib\/#breadcrumb","itemListElement":[{"@type":"ListItem","position":1,"name":"Gustafs","item":"https:\/\/gustafs.com\/sv\/"},{"@type":"ListItem","position":2,"name":"Produkter","item":"https:\/\/gustafs.com\/sv\/produkter\/"},{"@type":"ListItem","position":3,"name":"Gustafs Linears","item":"https:\/\/gustafs.com\/sv\/produkt-kategori\/gustafs-linears-sv\/"},{"@type":"ListItem","position":4,"name":"Linear Rib-R"}]},{"@type":"WebSite","@id":"https:\/\/gustafs.com\/sv\/#website","url":"https:\/\/gustafs.com\/sv\/","name":"Gustafs Scandinavia","description":"Exclusive Wooden Panels And Acoustic Panels","potentialAction":[{"@type":"SearchAction","target":{"@type":"EntryPoint","urlTemplate":"https:\/\/gustafs.com\/sv\/?s={search_term_string}"},"query-input":{"@type":"PropertyValueSpecification","valueRequired":true,"valueName":"search_term_string"}}],"inLanguage":"sv-SE"}]}},"_links":{"self":[{"href":"https:\/\/gustafs.com\/sv\/wp-json\/wp\/v2\/product\/12016","targetHints":{"allow":["GET"]}}],"collection":[{"href":"https:\/\/gustafs.com\/sv\/wp-json\/wp\/v2\/product"}],"about":[{"href":"https:\/\/gustafs.com\/sv\/wp-json\/wp\/v2\/types\/product"}],"version-history":[{"count":72,"href":"https:\/\/gustafs.com\/sv\/wp-json\/wp\/v2\/product\/12016\/revisions"}],"predecessor-version":[{"id":77649,"href":"https:\/\/gustafs.com\/sv\/wp-json\/wp\/v2\/product\/12016\/revisions\/77649"}],"wp:featuredmedia":[{"embeddable":true,"href":"https:\/\/gustafs.com\/sv\/wp-json\/wp\/v2\/media\/4916"}],"wp:attachment":[{"href":"https:\/\/gustafs.com\/sv\/wp-json\/wp\/v2\/media?parent=12016"}],"wp:term":[{"taxonomy":"product_brand","embeddable":true,"href":"https:\/\/gustafs.com\/sv\/wp-json\/wp\/v2\/product_brand?post=12016"},{"taxonomy":"product_cat","embeddable":true,"href":"https:\/\/gustafs.com\/sv\/wp-json\/wp\/v2\/product_cat?post=12016"},{"taxonomy":"product_tag","embeddable":true,"href":"https:\/\/gustafs.com\/sv\/wp-json\/wp\/v2\/product_tag?post=12016"}],"curies":[{"name":"wp","href":"https:\/\/api.w.org\/{rel}","templated":true}]}}