{"id":11607,"date":"2021-02-01T11:04:15","date_gmt":"2021-02-01T11:04:15","guid":{"rendered":"https:\/\/gustafs.com\/product\/lamellow-spa\/"},"modified":"2026-01-15T08:23:40","modified_gmt":"2026-01-15T07:23:40","slug":"lamellow-spa","status":"publish","type":"product","link":"https:\/\/gustafs.com\/sv\/produkt\/lamellow-spa\/","title":{"rendered":"Lamellow Spa"},"content":{"rendered":"<p style=\"letter-spacing: 1px;\">AKUSTIKPANELER F\u00d6R V\u00c5TUTRYMMEN OCH UTOMHUS MILJ\u00d6ER<\/p>\n<p>F\u00f6rb\u00e4ttra akustiken och f\u00e5 ett unikt arkitektoniskt utseende i ditt badrum, spa eller i din vintertr\u00e4dg\u00e5rd med Lamellow Spa, ribbpaneler f\u00f6r badrum. Lamellow Spa akustikpanel kan \u00e4ven monterats utomhus under tak. Spa panelen best\u00e5r av kraftig akustikfilt kl\u00e4dd med linj\u00e4ra ribbor fanerade med \u00e4kta tr\u00e4. Lamellow Spa t\u00e5l direkt vattenst\u00e4nk och kan placeras i rum med relativ luftfuktighet upp till 100%. Enkel att installera b\u00e5de p\u00e5 v\u00e4gg och tak. Panelerna installeras ventilerat med \u00f6verlappande och helt dolda skarvar.<\/p>\n","protected":false},"excerpt":{"rendered":"<p>AKUSTIKPANELER F\u00d6R V\u00c5TUTRYMMEN OCH UTOMHUS MILJ\u00d6ER F\u00f6rb\u00e4ttra akustiken och f\u00e5 ett unikt arkitektoniskt utseende i ditt badrum, spa eller i din vintertr\u00e4dg\u00e5rd med Lamellow Spa, ribbpaneler f\u00f6r badrum. Lamellow Spa akustikpanel kan \u00e4ven monterats utomhus under tak. Spa panelen best\u00e5r av kraftig akustikfilt kl\u00e4dd med linj\u00e4ra ribbor fanerade med \u00e4kta tr\u00e4. Lamellow Spa t\u00e5l direkt [&hellip;]<\/p>\n","protected":false},"featured_media":4823,"template":"","meta":{"_acf_changed":false,"inline_featured_image":false,"footnotes":""},"product_brand":[],"product_cat":[234,235],"product_tag":[],"class_list":{"0":"post-11607","1":"product","2":"type-product","3":"status-publish","4":"has-post-thumbnail","6":"product_cat-gustafs-linears-sv","7":"product_cat-linear-panels-sv","8":"pa_acoustic-class-absorption-a","9":"pa_acoustic-class-absorption-d","11":"first","12":"instock","13":"shipping-taxable","14":"product-type-simple"},"acf":[],"yoast_head":"<!-- This site is optimized with the Yoast SEO plugin v25.4 - https:\/\/yoast.com\/wordpress\/plugins\/seo\/ -->\n<title>Lamellow Spa | Gustafs Scandinavia<\/title>\n<meta name=\"robots\" content=\"index, follow, max-snippet:-1, max-image-preview:large, max-video-preview:-1\" \/>\n<link rel=\"canonical\" href=\"https:\/\/gustafs.com\/sv\/produkt\/lamellow-spa\/\" \/>\n<meta property=\"og:locale\" content=\"sv_SE\" \/>\n<meta property=\"og:type\" content=\"article\" \/>\n<meta property=\"og:title\" content=\"Lamellow Spa | Gustafs Scandinavia\" \/>\n<meta property=\"og:description\" content=\"AKUSTIKPANELER F\u00d6R V\u00c5TUTRYMMEN OCH UTOMHUS MILJ\u00d6ER F\u00f6rb\u00e4ttra akustiken och f\u00e5 ett unikt arkitektoniskt utseende i ditt badrum, spa eller i din vintertr\u00e4dg\u00e5rd med Lamellow Spa, ribbpaneler f\u00f6r badrum. Lamellow Spa akustikpanel kan \u00e4ven monterats utomhus under tak. Spa panelen best\u00e5r av kraftig akustikfilt kl\u00e4dd med linj\u00e4ra ribbor fanerade med \u00e4kta tr\u00e4. Lamellow Spa t\u00e5l direkt [&hellip;]\" \/>\n<meta property=\"og:url\" content=\"https:\/\/gustafs.com\/sv\/produkt\/lamellow-spa\/\" \/>\n<meta property=\"og:site_name\" content=\"Gustafs Scandinavia\" \/>\n<meta property=\"article:modified_time\" content=\"2026-01-15T07:23:40+00:00\" \/>\n<meta property=\"og:image\" content=\"https:\/\/gustafs.com\/wp-content\/uploads\/2021\/02\/lamellow-bamboo-dark-grey.jpg\" \/>\n\t<meta property=\"og:image:width\" content=\"1030\" \/>\n\t<meta property=\"og:image:height\" content=\"1290\" \/>\n\t<meta property=\"og:image:type\" content=\"image\/jpeg\" \/>\n<meta name=\"twitter:card\" content=\"summary_large_image\" \/>\n<meta name=\"twitter:label1\" content=\"Ber\u00e4knad l\u00e4stid\" \/>\n\t<meta name=\"twitter:data1\" content=\"1 minut\" \/>\n<script type=\"application\/ld+json\" class=\"yoast-schema-graph\">{\"@context\":\"https:\/\/schema.org\",\"@graph\":[{\"@type\":\"WebPage\",\"@id\":\"https:\/\/gustafs.com\/sv\/produkt\/lamellow-spa\/\",\"url\":\"https:\/\/gustafs.com\/sv\/produkt\/lamellow-spa\/\",\"name\":\"Lamellow Spa | Gustafs Scandinavia\",\"isPartOf\":{\"@id\":\"https:\/\/gustafs.com\/sv\/#website\"},\"primaryImageOfPage\":{\"@id\":\"https:\/\/gustafs.com\/sv\/produkt\/lamellow-spa\/#primaryimage\"},\"image\":{\"@id\":\"https:\/\/gustafs.com\/sv\/produkt\/lamellow-spa\/#primaryimage\"},\"thumbnailUrl\":\"https:\/\/gustafs.com\/wp-content\/uploads\/2021\/02\/lamellow-bamboo-dark-grey.jpg\",\"datePublished\":\"2021-02-01T11:04:15+00:00\",\"dateModified\":\"2026-01-15T07:23:40+00:00\",\"breadcrumb\":{\"@id\":\"https:\/\/gustafs.com\/sv\/produkt\/lamellow-spa\/#breadcrumb\"},\"inLanguage\":\"sv-SE\",\"potentialAction\":[{\"@type\":\"ReadAction\",\"target\":[\"https:\/\/gustafs.com\/sv\/produkt\/lamellow-spa\/\"]}]},{\"@type\":\"ImageObject\",\"inLanguage\":\"sv-SE\",\"@id\":\"https:\/\/gustafs.com\/sv\/produkt\/lamellow-spa\/#primaryimage\",\"url\":\"https:\/\/gustafs.com\/wp-content\/uploads\/2021\/02\/lamellow-bamboo-dark-grey.jpg\",\"contentUrl\":\"https:\/\/gustafs.com\/wp-content\/uploads\/2021\/02\/lamellow-bamboo-dark-grey.jpg\",\"width\":1030,\"height\":1290},{\"@type\":\"BreadcrumbList\",\"@id\":\"https:\/\/gustafs.com\/sv\/produkt\/lamellow-spa\/#breadcrumb\",\"itemListElement\":[{\"@type\":\"ListItem\",\"position\":1,\"name\":\"Gustafs\",\"item\":\"https:\/\/gustafs.com\/sv\/\"},{\"@type\":\"ListItem\",\"position\":2,\"name\":\"Produkter\",\"item\":\"https:\/\/gustafs.com\/sv\/produkter\/\"},{\"@type\":\"ListItem\",\"position\":3,\"name\":\"Gustafs Linears\",\"item\":\"https:\/\/gustafs.com\/sv\/produkt-kategori\/gustafs-linears-sv\/\"},{\"@type\":\"ListItem\",\"position\":4,\"name\":\"Lamellow Spa\"}]},{\"@type\":\"WebSite\",\"@id\":\"https:\/\/gustafs.com\/sv\/#website\",\"url\":\"https:\/\/gustafs.com\/sv\/\",\"name\":\"Gustafs Scandinavia\",\"description\":\"Exclusive Wooden Panels And Acoustic Panels\",\"potentialAction\":[{\"@type\":\"SearchAction\",\"target\":{\"@type\":\"EntryPoint\",\"urlTemplate\":\"https:\/\/gustafs.com\/sv\/?s={search_term_string}\"},\"query-input\":{\"@type\":\"PropertyValueSpecification\",\"valueRequired\":true,\"valueName\":\"search_term_string\"}}],\"inLanguage\":\"sv-SE\"}]}<\/script>\n<!-- \/ Yoast SEO plugin. -->","yoast_head_json":{"title":"Lamellow Spa | Gustafs Scandinavia","robots":{"index":"index","follow":"follow","max-snippet":"max-snippet:-1","max-image-preview":"max-image-preview:large","max-video-preview":"max-video-preview:-1"},"canonical":"https:\/\/gustafs.com\/sv\/produkt\/lamellow-spa\/","og_locale":"sv_SE","og_type":"article","og_title":"Lamellow Spa | Gustafs Scandinavia","og_description":"AKUSTIKPANELER F\u00d6R V\u00c5TUTRYMMEN OCH UTOMHUS MILJ\u00d6ER F\u00f6rb\u00e4ttra akustiken och f\u00e5 ett unikt arkitektoniskt utseende i ditt badrum, spa eller i din vintertr\u00e4dg\u00e5rd med Lamellow Spa, ribbpaneler f\u00f6r badrum. Lamellow Spa akustikpanel kan \u00e4ven monterats utomhus under tak. Spa panelen best\u00e5r av kraftig akustikfilt kl\u00e4dd med linj\u00e4ra ribbor fanerade med \u00e4kta tr\u00e4. Lamellow Spa t\u00e5l direkt [&hellip;]","og_url":"https:\/\/gustafs.com\/sv\/produkt\/lamellow-spa\/","og_site_name":"Gustafs Scandinavia","article_modified_time":"2026-01-15T07:23:40+00:00","og_image":[{"width":1030,"height":1290,"url":"https:\/\/gustafs.com\/wp-content\/uploads\/2021\/02\/lamellow-bamboo-dark-grey.jpg","type":"image\/jpeg"}],"twitter_card":"summary_large_image","twitter_misc":{"Ber\u00e4knad l\u00e4stid":"1 minut"},"schema":{"@context":"https:\/\/schema.org","@graph":[{"@type":"WebPage","@id":"https:\/\/gustafs.com\/sv\/produkt\/lamellow-spa\/","url":"https:\/\/gustafs.com\/sv\/produkt\/lamellow-spa\/","name":"Lamellow Spa | Gustafs Scandinavia","isPartOf":{"@id":"https:\/\/gustafs.com\/sv\/#website"},"primaryImageOfPage":{"@id":"https:\/\/gustafs.com\/sv\/produkt\/lamellow-spa\/#primaryimage"},"image":{"@id":"https:\/\/gustafs.com\/sv\/produkt\/lamellow-spa\/#primaryimage"},"thumbnailUrl":"https:\/\/gustafs.com\/wp-content\/uploads\/2021\/02\/lamellow-bamboo-dark-grey.jpg","datePublished":"2021-02-01T11:04:15+00:00","dateModified":"2026-01-15T07:23:40+00:00","breadcrumb":{"@id":"https:\/\/gustafs.com\/sv\/produkt\/lamellow-spa\/#breadcrumb"},"inLanguage":"sv-SE","potentialAction":[{"@type":"ReadAction","target":["https:\/\/gustafs.com\/sv\/produkt\/lamellow-spa\/"]}]},{"@type":"ImageObject","inLanguage":"sv-SE","@id":"https:\/\/gustafs.com\/sv\/produkt\/lamellow-spa\/#primaryimage","url":"https:\/\/gustafs.com\/wp-content\/uploads\/2021\/02\/lamellow-bamboo-dark-grey.jpg","contentUrl":"https:\/\/gustafs.com\/wp-content\/uploads\/2021\/02\/lamellow-bamboo-dark-grey.jpg","width":1030,"height":1290},{"@type":"BreadcrumbList","@id":"https:\/\/gustafs.com\/sv\/produkt\/lamellow-spa\/#breadcrumb","itemListElement":[{"@type":"ListItem","position":1,"name":"Gustafs","item":"https:\/\/gustafs.com\/sv\/"},{"@type":"ListItem","position":2,"name":"Produkter","item":"https:\/\/gustafs.com\/sv\/produkter\/"},{"@type":"ListItem","position":3,"name":"Gustafs Linears","item":"https:\/\/gustafs.com\/sv\/produkt-kategori\/gustafs-linears-sv\/"},{"@type":"ListItem","position":4,"name":"Lamellow Spa"}]},{"@type":"WebSite","@id":"https:\/\/gustafs.com\/sv\/#website","url":"https:\/\/gustafs.com\/sv\/","name":"Gustafs Scandinavia","description":"Exclusive Wooden Panels And Acoustic Panels","potentialAction":[{"@type":"SearchAction","target":{"@type":"EntryPoint","urlTemplate":"https:\/\/gustafs.com\/sv\/?s={search_term_string}"},"query-input":{"@type":"PropertyValueSpecification","valueRequired":true,"valueName":"search_term_string"}}],"inLanguage":"sv-SE"}]}},"_links":{"self":[{"href":"https:\/\/gustafs.com\/sv\/wp-json\/wp\/v2\/product\/11607","targetHints":{"allow":["GET"]}}],"collection":[{"href":"https:\/\/gustafs.com\/sv\/wp-json\/wp\/v2\/product"}],"about":[{"href":"https:\/\/gustafs.com\/sv\/wp-json\/wp\/v2\/types\/product"}],"version-history":[{"count":24,"href":"https:\/\/gustafs.com\/sv\/wp-json\/wp\/v2\/product\/11607\/revisions"}],"predecessor-version":[{"id":80808,"href":"https:\/\/gustafs.com\/sv\/wp-json\/wp\/v2\/product\/11607\/revisions\/80808"}],"wp:featuredmedia":[{"embeddable":true,"href":"https:\/\/gustafs.com\/sv\/wp-json\/wp\/v2\/media\/4823"}],"wp:attachment":[{"href":"https:\/\/gustafs.com\/sv\/wp-json\/wp\/v2\/media?parent=11607"}],"wp:term":[{"taxonomy":"product_brand","embeddable":true,"href":"https:\/\/gustafs.com\/sv\/wp-json\/wp\/v2\/product_brand?post=11607"},{"taxonomy":"product_cat","embeddable":true,"href":"https:\/\/gustafs.com\/sv\/wp-json\/wp\/v2\/product_cat?post=11607"},{"taxonomy":"product_tag","embeddable":true,"href":"https:\/\/gustafs.com\/sv\/wp-json\/wp\/v2\/product_tag?post=11607"}],"curies":[{"name":"wp","href":"https:\/\/api.w.org\/{rel}","templated":true}]}}