{"id":10641,"date":"2022-03-16T18:25:00","date_gmt":"2022-03-16T18:25:00","guid":{"rendered":"https:\/\/gustafs.com\/product\/linear-rib-installation-vagg\/"},"modified":"2025-05-28T11:14:07","modified_gmt":"2025-05-28T09:14:07","slug":"linear-rib-installation-vagg","status":"publish","type":"product","link":"https:\/\/gustafs.com\/sv\/produkt\/linear-rib-installation-vagg\/","title":{"rendered":"Linear Rib Installation &#8211; V\u00e4gg"},"content":{"rendered":"<p>Capax \u00e4r v\u00e5rt dolda installationssystem i aluminium som ger dig en p\u00e5litlig, snabb och kostnadseffektiv installation. Ribborna och installationsdetaljerna \u00e4r designade som ett integrerat system och garanterar dig en spikrak installation.<\/p>\n<p>Kompatibla produkter: Linear Rib-R, Rib-S och Stripe-XL.<\/p>\n","protected":false},"excerpt":{"rendered":"<p>Capax \u00e4r v\u00e5rt dolda installationssystem i aluminium som ger dig en p\u00e5litlig, snabb och kostnadseffektiv installation. Ribborna och installationsdetaljerna \u00e4r designade som ett integrerat system och garanterar dig en spikrak installation. Kompatibla produkter: Linear Rib-R, Rib-S och Stripe-XL.<\/p>\n","protected":false},"featured_media":8713,"template":"","meta":{"_acf_changed":false,"inline_featured_image":false,"footnotes":""},"product_brand":[],"product_cat":[233],"product_tag":[],"class_list":{"0":"post-10641","1":"product","2":"type-product","3":"status-publish","4":"has-post-thumbnail","6":"product_cat-capax-sv","8":"first","9":"instock","10":"shipping-taxable","11":"product-type-simple"},"acf":[],"yoast_head":"<!-- This site is optimized with the Yoast SEO plugin v25.4 - https:\/\/yoast.com\/wordpress\/plugins\/seo\/ -->\n<title>Linear Rib Installation - V\u00e4gg | Gustafs Scandinavia<\/title>\n<meta name=\"robots\" content=\"index, follow, max-snippet:-1, max-image-preview:large, max-video-preview:-1\" \/>\n<link rel=\"canonical\" href=\"https:\/\/gustafs.com\/sv\/produkt\/linear-rib-installation-vagg\/\" \/>\n<meta property=\"og:locale\" content=\"sv_SE\" \/>\n<meta property=\"og:type\" content=\"article\" \/>\n<meta property=\"og:title\" content=\"Linear Rib Installation - V\u00e4gg | Gustafs Scandinavia\" \/>\n<meta property=\"og:description\" content=\"Capax \u00e4r v\u00e5rt dolda installationssystem i aluminium som ger dig en p\u00e5litlig, snabb och kostnadseffektiv installation. Ribborna och installationsdetaljerna \u00e4r designade som ett integrerat system och garanterar dig en spikrak installation. Kompatibla produkter: Linear Rib-R, Rib-S och Stripe-XL.\" \/>\n<meta property=\"og:url\" content=\"https:\/\/gustafs.com\/sv\/produkt\/linear-rib-installation-vagg\/\" \/>\n<meta property=\"og:site_name\" content=\"Gustafs Scandinavia\" \/>\n<meta property=\"article:modified_time\" content=\"2025-05-28T09:14:07+00:00\" \/>\n<meta property=\"og:image\" content=\"https:\/\/gustafs.com\/wp-content\/uploads\/2022\/03\/wall-installation-rib.jpg\" \/>\n\t<meta property=\"og:image:width\" content=\"1030\" \/>\n\t<meta property=\"og:image:height\" content=\"1290\" \/>\n\t<meta property=\"og:image:type\" content=\"image\/jpeg\" \/>\n<meta name=\"twitter:card\" content=\"summary_large_image\" \/>\n<meta name=\"twitter:label1\" content=\"Ber\u00e4knad l\u00e4stid\" \/>\n\t<meta name=\"twitter:data1\" content=\"1 minut\" \/>\n<script type=\"application\/ld+json\" class=\"yoast-schema-graph\">{\"@context\":\"https:\/\/schema.org\",\"@graph\":[{\"@type\":\"WebPage\",\"@id\":\"https:\/\/gustafs.com\/sv\/produkt\/linear-rib-installation-vagg\/\",\"url\":\"https:\/\/gustafs.com\/sv\/produkt\/linear-rib-installation-vagg\/\",\"name\":\"Linear Rib Installation - V\u00e4gg | Gustafs Scandinavia\",\"isPartOf\":{\"@id\":\"https:\/\/gustafs.com\/sv\/#website\"},\"primaryImageOfPage\":{\"@id\":\"https:\/\/gustafs.com\/sv\/produkt\/linear-rib-installation-vagg\/#primaryimage\"},\"image\":{\"@id\":\"https:\/\/gustafs.com\/sv\/produkt\/linear-rib-installation-vagg\/#primaryimage\"},\"thumbnailUrl\":\"https:\/\/gustafs.com\/wp-content\/uploads\/2022\/03\/wall-installation-rib.jpg\",\"datePublished\":\"2022-03-16T18:25:00+00:00\",\"dateModified\":\"2025-05-28T09:14:07+00:00\",\"breadcrumb\":{\"@id\":\"https:\/\/gustafs.com\/sv\/produkt\/linear-rib-installation-vagg\/#breadcrumb\"},\"inLanguage\":\"sv-SE\",\"potentialAction\":[{\"@type\":\"ReadAction\",\"target\":[\"https:\/\/gustafs.com\/sv\/produkt\/linear-rib-installation-vagg\/\"]}]},{\"@type\":\"ImageObject\",\"inLanguage\":\"sv-SE\",\"@id\":\"https:\/\/gustafs.com\/sv\/produkt\/linear-rib-installation-vagg\/#primaryimage\",\"url\":\"https:\/\/gustafs.com\/wp-content\/uploads\/2022\/03\/wall-installation-rib.jpg\",\"contentUrl\":\"https:\/\/gustafs.com\/wp-content\/uploads\/2022\/03\/wall-installation-rib.jpg\",\"width\":1030,\"height\":1290},{\"@type\":\"BreadcrumbList\",\"@id\":\"https:\/\/gustafs.com\/sv\/produkt\/linear-rib-installation-vagg\/#breadcrumb\",\"itemListElement\":[{\"@type\":\"ListItem\",\"position\":1,\"name\":\"Gustafs\",\"item\":\"https:\/\/gustafs.com\/sv\/\"},{\"@type\":\"ListItem\",\"position\":2,\"name\":\"Produkter\",\"item\":\"https:\/\/gustafs.com\/sv\/produkter\/\"},{\"@type\":\"ListItem\",\"position\":3,\"name\":\"Capax installationssystem\",\"item\":\"https:\/\/gustafs.com\/sv\/produkt-kategori\/capax-sv\/\"},{\"@type\":\"ListItem\",\"position\":4,\"name\":\"Linear Rib Installation &#8211; V\u00e4gg\"}]},{\"@type\":\"WebSite\",\"@id\":\"https:\/\/gustafs.com\/sv\/#website\",\"url\":\"https:\/\/gustafs.com\/sv\/\",\"name\":\"Gustafs Scandinavia\",\"description\":\"Exclusive Wooden Panels And Acoustic Panels\",\"potentialAction\":[{\"@type\":\"SearchAction\",\"target\":{\"@type\":\"EntryPoint\",\"urlTemplate\":\"https:\/\/gustafs.com\/sv\/?s={search_term_string}\"},\"query-input\":{\"@type\":\"PropertyValueSpecification\",\"valueRequired\":true,\"valueName\":\"search_term_string\"}}],\"inLanguage\":\"sv-SE\"}]}<\/script>\n<!-- \/ Yoast SEO plugin. -->","yoast_head_json":{"title":"Linear Rib Installation - V\u00e4gg | Gustafs Scandinavia","robots":{"index":"index","follow":"follow","max-snippet":"max-snippet:-1","max-image-preview":"max-image-preview:large","max-video-preview":"max-video-preview:-1"},"canonical":"https:\/\/gustafs.com\/sv\/produkt\/linear-rib-installation-vagg\/","og_locale":"sv_SE","og_type":"article","og_title":"Linear Rib Installation - V\u00e4gg | Gustafs Scandinavia","og_description":"Capax \u00e4r v\u00e5rt dolda installationssystem i aluminium som ger dig en p\u00e5litlig, snabb och kostnadseffektiv installation. Ribborna och installationsdetaljerna \u00e4r designade som ett integrerat system och garanterar dig en spikrak installation. Kompatibla produkter: Linear Rib-R, Rib-S och Stripe-XL.","og_url":"https:\/\/gustafs.com\/sv\/produkt\/linear-rib-installation-vagg\/","og_site_name":"Gustafs Scandinavia","article_modified_time":"2025-05-28T09:14:07+00:00","og_image":[{"width":1030,"height":1290,"url":"https:\/\/gustafs.com\/wp-content\/uploads\/2022\/03\/wall-installation-rib.jpg","type":"image\/jpeg"}],"twitter_card":"summary_large_image","twitter_misc":{"Ber\u00e4knad l\u00e4stid":"1 minut"},"schema":{"@context":"https:\/\/schema.org","@graph":[{"@type":"WebPage","@id":"https:\/\/gustafs.com\/sv\/produkt\/linear-rib-installation-vagg\/","url":"https:\/\/gustafs.com\/sv\/produkt\/linear-rib-installation-vagg\/","name":"Linear Rib Installation - V\u00e4gg | Gustafs Scandinavia","isPartOf":{"@id":"https:\/\/gustafs.com\/sv\/#website"},"primaryImageOfPage":{"@id":"https:\/\/gustafs.com\/sv\/produkt\/linear-rib-installation-vagg\/#primaryimage"},"image":{"@id":"https:\/\/gustafs.com\/sv\/produkt\/linear-rib-installation-vagg\/#primaryimage"},"thumbnailUrl":"https:\/\/gustafs.com\/wp-content\/uploads\/2022\/03\/wall-installation-rib.jpg","datePublished":"2022-03-16T18:25:00+00:00","dateModified":"2025-05-28T09:14:07+00:00","breadcrumb":{"@id":"https:\/\/gustafs.com\/sv\/produkt\/linear-rib-installation-vagg\/#breadcrumb"},"inLanguage":"sv-SE","potentialAction":[{"@type":"ReadAction","target":["https:\/\/gustafs.com\/sv\/produkt\/linear-rib-installation-vagg\/"]}]},{"@type":"ImageObject","inLanguage":"sv-SE","@id":"https:\/\/gustafs.com\/sv\/produkt\/linear-rib-installation-vagg\/#primaryimage","url":"https:\/\/gustafs.com\/wp-content\/uploads\/2022\/03\/wall-installation-rib.jpg","contentUrl":"https:\/\/gustafs.com\/wp-content\/uploads\/2022\/03\/wall-installation-rib.jpg","width":1030,"height":1290},{"@type":"BreadcrumbList","@id":"https:\/\/gustafs.com\/sv\/produkt\/linear-rib-installation-vagg\/#breadcrumb","itemListElement":[{"@type":"ListItem","position":1,"name":"Gustafs","item":"https:\/\/gustafs.com\/sv\/"},{"@type":"ListItem","position":2,"name":"Produkter","item":"https:\/\/gustafs.com\/sv\/produkter\/"},{"@type":"ListItem","position":3,"name":"Capax installationssystem","item":"https:\/\/gustafs.com\/sv\/produkt-kategori\/capax-sv\/"},{"@type":"ListItem","position":4,"name":"Linear Rib Installation &#8211; V\u00e4gg"}]},{"@type":"WebSite","@id":"https:\/\/gustafs.com\/sv\/#website","url":"https:\/\/gustafs.com\/sv\/","name":"Gustafs Scandinavia","description":"Exclusive Wooden Panels And Acoustic Panels","potentialAction":[{"@type":"SearchAction","target":{"@type":"EntryPoint","urlTemplate":"https:\/\/gustafs.com\/sv\/?s={search_term_string}"},"query-input":{"@type":"PropertyValueSpecification","valueRequired":true,"valueName":"search_term_string"}}],"inLanguage":"sv-SE"}]}},"_links":{"self":[{"href":"https:\/\/gustafs.com\/sv\/wp-json\/wp\/v2\/product\/10641","targetHints":{"allow":["GET"]}}],"collection":[{"href":"https:\/\/gustafs.com\/sv\/wp-json\/wp\/v2\/product"}],"about":[{"href":"https:\/\/gustafs.com\/sv\/wp-json\/wp\/v2\/types\/product"}],"version-history":[{"count":22,"href":"https:\/\/gustafs.com\/sv\/wp-json\/wp\/v2\/product\/10641\/revisions"}],"predecessor-version":[{"id":32952,"href":"https:\/\/gustafs.com\/sv\/wp-json\/wp\/v2\/product\/10641\/revisions\/32952"}],"wp:featuredmedia":[{"embeddable":true,"href":"https:\/\/gustafs.com\/sv\/wp-json\/wp\/v2\/media\/8713"}],"wp:attachment":[{"href":"https:\/\/gustafs.com\/sv\/wp-json\/wp\/v2\/media?parent=10641"}],"wp:term":[{"taxonomy":"product_brand","embeddable":true,"href":"https:\/\/gustafs.com\/sv\/wp-json\/wp\/v2\/product_brand?post=10641"},{"taxonomy":"product_cat","embeddable":true,"href":"https:\/\/gustafs.com\/sv\/wp-json\/wp\/v2\/product_cat?post=10641"},{"taxonomy":"product_tag","embeddable":true,"href":"https:\/\/gustafs.com\/sv\/wp-json\/wp\/v2\/product_tag?post=10641"}],"curies":[{"name":"wp","href":"https:\/\/api.w.org\/{rel}","templated":true}]}}