{"id":9427,"date":"2021-12-16T15:31:43","date_gmt":"2021-12-16T15:31:43","guid":{"rendered":"https:\/\/gustafs.com\/lokala-representanter\/north-america\/"},"modified":"2024-03-25T08:33:27","modified_gmt":"2024-03-25T07:33:27","slug":"nordamerika","status":"publish","type":"page","link":"https:\/\/gustafs.com\/sv\/lokala-representanter\/nordamerika\/","title":{"rendered":"Nordamerika"},"content":{"rendered":"\n<h1 class=\"h2 wp-block-heading\">Nordamerika<\/h1>\n\n\n\n<p>Hitta din lokala representant i Nordamerika f\u00f6r support och priser.<\/p>\n","protected":false},"excerpt":{"rendered":"<p>Nordamerika Hitta din lokala representant i Nordamerika f\u00f6r support och priser.<\/p>\n","protected":false},"author":10,"featured_media":0,"parent":9396,"menu_order":6,"comment_status":"closed","ping_status":"closed","template":"templates\/template-local-representatives-subpage.php","meta":{"_acf_changed":false,"inline_featured_image":false,"footnotes":""},"class_list":["post-9427","page","type-page","status-publish","hentry"],"acf":[],"yoast_head":"<!-- This site is optimized with the Yoast SEO plugin v25.4 - https:\/\/yoast.com\/wordpress\/plugins\/seo\/ -->\n<title>Nordamerika | Gustafs Scandinavia<\/title>\n<meta name=\"description\" content=\"H\u00e4r hittar du v\u00e5ra partners i Nordamerika som du kan kontakta f\u00f6r mer information och support om Gustafs produkter.\" \/>\n<meta name=\"robots\" content=\"index, follow, max-snippet:-1, max-image-preview:large, max-video-preview:-1\" \/>\n<link rel=\"canonical\" href=\"https:\/\/gustafs.com\/sv\/lokala-representanter\/nordamerika\/\" \/>\n<meta property=\"og:locale\" content=\"sv_SE\" \/>\n<meta property=\"og:type\" content=\"article\" \/>\n<meta property=\"og:title\" content=\"Nordamerika | Gustafs Scandinavia\" \/>\n<meta property=\"og:description\" content=\"H\u00e4r hittar du v\u00e5ra partners i Nordamerika som du kan kontakta f\u00f6r mer information och support om Gustafs produkter.\" \/>\n<meta property=\"og:url\" content=\"https:\/\/gustafs.com\/sv\/lokala-representanter\/nordamerika\/\" \/>\n<meta property=\"og:site_name\" content=\"Gustafs Scandinavia\" \/>\n<meta property=\"article:modified_time\" content=\"2024-03-25T07:33:27+00:00\" \/>\n<meta name=\"twitter:card\" content=\"summary_large_image\" \/>\n<meta name=\"twitter:label1\" content=\"Ber\u00e4knad l\u00e4stid\" \/>\n\t<meta name=\"twitter:data1\" content=\"1 minut\" \/>\n<script type=\"application\/ld+json\" class=\"yoast-schema-graph\">{\"@context\":\"https:\/\/schema.org\",\"@graph\":[{\"@type\":\"WebPage\",\"@id\":\"https:\/\/gustafs.com\/sv\/lokala-representanter\/nordamerika\/\",\"url\":\"https:\/\/gustafs.com\/sv\/lokala-representanter\/nordamerika\/\",\"name\":\"Nordamerika | Gustafs Scandinavia\",\"isPartOf\":{\"@id\":\"https:\/\/gustafs.com\/sv\/#website\"},\"datePublished\":\"2021-12-16T15:31:43+00:00\",\"dateModified\":\"2024-03-25T07:33:27+00:00\",\"description\":\"H\u00e4r hittar du v\u00e5ra partners i Nordamerika som du kan kontakta f\u00f6r mer information och support om Gustafs produkter.\",\"breadcrumb\":{\"@id\":\"https:\/\/gustafs.com\/sv\/lokala-representanter\/nordamerika\/#breadcrumb\"},\"inLanguage\":\"sv-SE\",\"potentialAction\":[{\"@type\":\"ReadAction\",\"target\":[\"https:\/\/gustafs.com\/sv\/lokala-representanter\/nordamerika\/\"]}]},{\"@type\":\"BreadcrumbList\",\"@id\":\"https:\/\/gustafs.com\/sv\/lokala-representanter\/nordamerika\/#breadcrumb\",\"itemListElement\":[{\"@type\":\"ListItem\",\"position\":1,\"name\":\"Gustafs\",\"item\":\"https:\/\/gustafs.com\/sv\/\"},{\"@type\":\"ListItem\",\"position\":2,\"name\":\"Lokala representanter\",\"item\":\"https:\/\/gustafs.com\/sv\/lokala-representanter\/\"},{\"@type\":\"ListItem\",\"position\":3,\"name\":\"Nordamerika\"}]},{\"@type\":\"WebSite\",\"@id\":\"https:\/\/gustafs.com\/sv\/#website\",\"url\":\"https:\/\/gustafs.com\/sv\/\",\"name\":\"Gustafs Scandinavia\",\"description\":\"Exclusive Wooden Panels And Acoustic Panels\",\"potentialAction\":[{\"@type\":\"SearchAction\",\"target\":{\"@type\":\"EntryPoint\",\"urlTemplate\":\"https:\/\/gustafs.com\/sv\/?s={search_term_string}\"},\"query-input\":{\"@type\":\"PropertyValueSpecification\",\"valueRequired\":true,\"valueName\":\"search_term_string\"}}],\"inLanguage\":\"sv-SE\"}]}<\/script>\n<!-- \/ Yoast SEO plugin. -->","yoast_head_json":{"title":"Nordamerika | Gustafs Scandinavia","description":"H\u00e4r hittar du v\u00e5ra partners i Nordamerika som du kan kontakta f\u00f6r mer information och support om Gustafs produkter.","robots":{"index":"index","follow":"follow","max-snippet":"max-snippet:-1","max-image-preview":"max-image-preview:large","max-video-preview":"max-video-preview:-1"},"canonical":"https:\/\/gustafs.com\/sv\/lokala-representanter\/nordamerika\/","og_locale":"sv_SE","og_type":"article","og_title":"Nordamerika | Gustafs Scandinavia","og_description":"H\u00e4r hittar du v\u00e5ra partners i Nordamerika som du kan kontakta f\u00f6r mer information och support om Gustafs produkter.","og_url":"https:\/\/gustafs.com\/sv\/lokala-representanter\/nordamerika\/","og_site_name":"Gustafs Scandinavia","article_modified_time":"2024-03-25T07:33:27+00:00","twitter_card":"summary_large_image","twitter_misc":{"Ber\u00e4knad l\u00e4stid":"1 minut"},"schema":{"@context":"https:\/\/schema.org","@graph":[{"@type":"WebPage","@id":"https:\/\/gustafs.com\/sv\/lokala-representanter\/nordamerika\/","url":"https:\/\/gustafs.com\/sv\/lokala-representanter\/nordamerika\/","name":"Nordamerika | Gustafs Scandinavia","isPartOf":{"@id":"https:\/\/gustafs.com\/sv\/#website"},"datePublished":"2021-12-16T15:31:43+00:00","dateModified":"2024-03-25T07:33:27+00:00","description":"H\u00e4r hittar du v\u00e5ra partners i Nordamerika som du kan kontakta f\u00f6r mer information och support om Gustafs produkter.","breadcrumb":{"@id":"https:\/\/gustafs.com\/sv\/lokala-representanter\/nordamerika\/#breadcrumb"},"inLanguage":"sv-SE","potentialAction":[{"@type":"ReadAction","target":["https:\/\/gustafs.com\/sv\/lokala-representanter\/nordamerika\/"]}]},{"@type":"BreadcrumbList","@id":"https:\/\/gustafs.com\/sv\/lokala-representanter\/nordamerika\/#breadcrumb","itemListElement":[{"@type":"ListItem","position":1,"name":"Gustafs","item":"https:\/\/gustafs.com\/sv\/"},{"@type":"ListItem","position":2,"name":"Lokala representanter","item":"https:\/\/gustafs.com\/sv\/lokala-representanter\/"},{"@type":"ListItem","position":3,"name":"Nordamerika"}]},{"@type":"WebSite","@id":"https:\/\/gustafs.com\/sv\/#website","url":"https:\/\/gustafs.com\/sv\/","name":"Gustafs Scandinavia","description":"Exclusive Wooden Panels And Acoustic Panels","potentialAction":[{"@type":"SearchAction","target":{"@type":"EntryPoint","urlTemplate":"https:\/\/gustafs.com\/sv\/?s={search_term_string}"},"query-input":{"@type":"PropertyValueSpecification","valueRequired":true,"valueName":"search_term_string"}}],"inLanguage":"sv-SE"}]}},"_links":{"self":[{"href":"https:\/\/gustafs.com\/sv\/wp-json\/wp\/v2\/pages\/9427","targetHints":{"allow":["GET"]}}],"collection":[{"href":"https:\/\/gustafs.com\/sv\/wp-json\/wp\/v2\/pages"}],"about":[{"href":"https:\/\/gustafs.com\/sv\/wp-json\/wp\/v2\/types\/page"}],"author":[{"embeddable":true,"href":"https:\/\/gustafs.com\/sv\/wp-json\/wp\/v2\/users\/10"}],"replies":[{"embeddable":true,"href":"https:\/\/gustafs.com\/sv\/wp-json\/wp\/v2\/comments?post=9427"}],"version-history":[{"count":2,"href":"https:\/\/gustafs.com\/sv\/wp-json\/wp\/v2\/pages\/9427\/revisions"}],"predecessor-version":[{"id":22695,"href":"https:\/\/gustafs.com\/sv\/wp-json\/wp\/v2\/pages\/9427\/revisions\/22695"}],"up":[{"embeddable":true,"href":"https:\/\/gustafs.com\/sv\/wp-json\/wp\/v2\/pages\/9396"}],"wp:attachment":[{"href":"https:\/\/gustafs.com\/sv\/wp-json\/wp\/v2\/media?parent=9427"}],"curies":[{"name":"wp","href":"https:\/\/api.w.org\/{rel}","templated":true}]}}