{"id":9396,"date":"2021-12-16T15:29:36","date_gmt":"2021-12-16T15:29:36","guid":{"rendered":"https:\/\/gustafs.com\/local-representatives\/"},"modified":"2024-11-11T15:27:27","modified_gmt":"2024-11-11T14:27:27","slug":"lokala-representanter","status":"publish","type":"page","link":"https:\/\/gustafs.com\/sv\/lokala-representanter\/","title":{"rendered":"Lokala representanter"},"content":{"rendered":"\n<h1 class=\"wp-block-heading\">Lokala representanter<\/h1>\n\n\n\n<p>Gustafs tillverkar och exporterar tr\u00e4interi\u00f6rer till hela v\u00e4rlden. Kontakta v\u00e5r svenska support f\u00f6r projekt och entreprenader i Sverige. H\u00e4r hittar du \u00e4ven v\u00e5ra lokala representanter i respektive exportland.<\/p>\n\n\n\n<a class=\"button\" href=\"\/sv\/faq\/\">FR\u00c5GOR G\u00c4LLANDE PRODUKTER? BES\u00d6K V\u00c5R FAQ-SIDA<\/a>\n\n\n<section class=\"icon-plus-text\">\n    <div class=\"row\">\n                        <div class=\"col-xl-6 col-lg-12\">\n            <div class=\"inner\">\n                <div class=\"image\">\n                    <img decoding=\"async\" src=\"\" alt=\"\">\n                <\/div>\n                <div class=\"content\"><p><a class=\"button\" href=\"https:\/\/gustafs.com\/sv\/kontakt\/#sweden\">F\u00d6RS\u00c4LJNING \/ PROJEKT SVERIGE<\/a><\/p>\n<\/div>\n            <\/div>\n        <\/div>\n                        <div class=\"col-xl-6 col-lg-12\">\n            <div class=\"inner\">\n                <div class=\"image\">\n                    <img decoding=\"async\" src=\"\" alt=\"\">\n                <\/div>\n                <div class=\"content\"><p><a class=\"button\" href=\"https:\/\/content.gustafs.com\/kontakt-sales-export-temp\/\">F\u00d6RS\u00c4LJNING \/ PROJEKT EXPORT<\/a><\/p>\n<\/div>\n            <\/div>\n        <\/div>\n                        <div class=\"col-xl-6 col-lg-12\">\n            <div class=\"inner\">\n                <div class=\"image\">\n                    <img decoding=\"async\" src=\"https:\/\/gustafs.com\/wp-content\/uploads\/2022\/11\/europe.png\" alt=\"\">\n                <\/div>\n                <div class=\"content\"><p><a class=\"button\" href=\"https:\/\/gustafs.com\/sv\/lokala-representanter\/europa\/\">\u00d6VRIGA EUROPA<\/a><\/p>\n<p>Hitta lokala support- och f\u00f6rs\u00e4ljningsrepresentanter i Europa.<\/p>\n<\/div>\n            <\/div>\n        <\/div>\n                        <div class=\"col-xl-6 col-lg-12\">\n            <div class=\"inner\">\n                <div class=\"image\">\n                    <img decoding=\"async\" src=\"https:\/\/gustafs.com\/wp-content\/uploads\/2022\/11\/north.png\" alt=\"\">\n                <\/div>\n                <div class=\"content\"><p><a class=\"button\" href=\"https:\/\/gustafs.com\/sv\/lokala-representanter\/nordamerika\/\">NORDAMERIKA<\/a><\/p>\n<p>Hitta lokala support- och f\u00f6rs\u00e4ljningsrepresentanter i Nordamerika.<\/p>\n<\/div>\n            <\/div>\n        <\/div>\n                        <div class=\"col-xl-6 col-lg-12\">\n            <div class=\"inner\">\n                <div class=\"image\">\n                    <img decoding=\"async\" src=\"https:\/\/gustafs.com\/wp-content\/uploads\/2022\/11\/asia.png\" alt=\"\">\n                <\/div>\n                <div class=\"content\"><p><a class=\"button\" href=\/sv\/lokala-representanter\/asien\/\">ASIEN<\/a><\/p>\n<p>Hitta lokala support- och f\u00f6rs\u00e4ljningsrepresentanter i Asien.<\/p>\n<\/div>\n            <\/div>\n        <\/div>\n                        <div class=\"col-xl-6 col-lg-12\">\n            <div class=\"inner\">\n                <div class=\"image\">\n                    <img decoding=\"async\" src=\"https:\/\/gustafs.com\/wp-content\/uploads\/2022\/11\/middle-east.png\" alt=\"\">\n                <\/div>\n                <div class=\"content\"><p><a class=\"button\" href=\"https:\/\/gustafs.com\/sv\/lokala-representanter\/mellanostern\/\">MELLAN\u00d6STERN<\/a><\/p>\n<p>Hitta lokala support- och f\u00f6rs\u00e4ljningsrepresentanter i Mellan\u00f6stern.<\/p>\n<\/div>\n            <\/div>\n        <\/div>\n            <\/div>\n<\/section>\n\n\n\n<p><\/p>\n","protected":false},"excerpt":{"rendered":"<p>Lokala representanter Gustafs tillverkar och exporterar tr\u00e4interi\u00f6rer till hela v\u00e4rlden. Kontakta v\u00e5r svenska support f\u00f6r projekt och entreprenader i Sverige. H\u00e4r hittar du \u00e4ven v\u00e5ra lokala representanter i respektive exportland. FR\u00c5GOR G\u00c4LLANDE PRODUKTER? BES\u00d6K V\u00c5R FAQ-SIDA<\/p>\n","protected":false},"author":10,"featured_media":0,"parent":0,"menu_order":0,"comment_status":"closed","ping_status":"closed","template":"templates\/template-local-representatives.php","meta":{"_acf_changed":false,"inline_featured_image":false,"footnotes":""},"class_list":["post-9396","page","type-page","status-publish","hentry"],"acf":[],"yoast_head":"<!-- This site is optimized with the Yoast SEO plugin v25.4 - https:\/\/yoast.com\/wordpress\/plugins\/seo\/ -->\n<title>Lokala representanter | Gustafs Scandinavia<\/title>\n<meta name=\"description\" content=\"V\u00e5ra produkter levereras till alla h\u00f6rn av v\u00e4rlden. Kontakta oss direkt eller v\u00e5rt omfattande n\u00e4tverk av \u00e5terf\u00f6rs\u00e4ljare.\" \/>\n<meta name=\"robots\" content=\"index, follow, max-snippet:-1, max-image-preview:large, max-video-preview:-1\" \/>\n<link rel=\"canonical\" href=\"https:\/\/gustafs.com\/sv\/lokala-representanter\/\" \/>\n<meta property=\"og:locale\" content=\"sv_SE\" \/>\n<meta property=\"og:type\" content=\"article\" \/>\n<meta property=\"og:title\" content=\"Lokala representanter | Gustafs Scandinavia\" \/>\n<meta property=\"og:description\" content=\"V\u00e5ra produkter levereras till alla h\u00f6rn av v\u00e4rlden. Kontakta oss direkt eller v\u00e5rt omfattande n\u00e4tverk av \u00e5terf\u00f6rs\u00e4ljare.\" \/>\n<meta property=\"og:url\" content=\"https:\/\/gustafs.com\/sv\/lokala-representanter\/\" \/>\n<meta property=\"og:site_name\" content=\"Gustafs Scandinavia\" \/>\n<meta property=\"article:modified_time\" content=\"2024-11-11T14:27:27+00:00\" \/>\n<meta name=\"twitter:card\" content=\"summary_large_image\" \/>\n<meta name=\"twitter:label1\" content=\"Ber\u00e4knad l\u00e4stid\" \/>\n\t<meta name=\"twitter:data1\" content=\"1 minut\" \/>\n<script type=\"application\/ld+json\" class=\"yoast-schema-graph\">{\"@context\":\"https:\/\/schema.org\",\"@graph\":[{\"@type\":\"WebPage\",\"@id\":\"https:\/\/gustafs.com\/sv\/lokala-representanter\/\",\"url\":\"https:\/\/gustafs.com\/sv\/lokala-representanter\/\",\"name\":\"Lokala representanter | Gustafs Scandinavia\",\"isPartOf\":{\"@id\":\"https:\/\/gustafs.com\/sv\/#website\"},\"datePublished\":\"2021-12-16T15:29:36+00:00\",\"dateModified\":\"2024-11-11T14:27:27+00:00\",\"description\":\"V\u00e5ra produkter levereras till alla h\u00f6rn av v\u00e4rlden. Kontakta oss direkt eller v\u00e5rt omfattande n\u00e4tverk av \u00e5terf\u00f6rs\u00e4ljare.\",\"breadcrumb\":{\"@id\":\"https:\/\/gustafs.com\/sv\/lokala-representanter\/#breadcrumb\"},\"inLanguage\":\"sv-SE\",\"potentialAction\":[{\"@type\":\"ReadAction\",\"target\":[\"https:\/\/gustafs.com\/sv\/lokala-representanter\/\"]}]},{\"@type\":\"BreadcrumbList\",\"@id\":\"https:\/\/gustafs.com\/sv\/lokala-representanter\/#breadcrumb\",\"itemListElement\":[{\"@type\":\"ListItem\",\"position\":1,\"name\":\"Gustafs\",\"item\":\"https:\/\/gustafs.com\/sv\/\"},{\"@type\":\"ListItem\",\"position\":2,\"name\":\"Lokala representanter\"}]},{\"@type\":\"WebSite\",\"@id\":\"https:\/\/gustafs.com\/sv\/#website\",\"url\":\"https:\/\/gustafs.com\/sv\/\",\"name\":\"Gustafs Scandinavia\",\"description\":\"Exclusive Wooden Panels And Acoustic Panels\",\"potentialAction\":[{\"@type\":\"SearchAction\",\"target\":{\"@type\":\"EntryPoint\",\"urlTemplate\":\"https:\/\/gustafs.com\/sv\/?s={search_term_string}\"},\"query-input\":{\"@type\":\"PropertyValueSpecification\",\"valueRequired\":true,\"valueName\":\"search_term_string\"}}],\"inLanguage\":\"sv-SE\"}]}<\/script>\n<!-- \/ Yoast SEO plugin. -->","yoast_head_json":{"title":"Lokala representanter | Gustafs Scandinavia","description":"V\u00e5ra produkter levereras till alla h\u00f6rn av v\u00e4rlden. Kontakta oss direkt eller v\u00e5rt omfattande n\u00e4tverk av \u00e5terf\u00f6rs\u00e4ljare.","robots":{"index":"index","follow":"follow","max-snippet":"max-snippet:-1","max-image-preview":"max-image-preview:large","max-video-preview":"max-video-preview:-1"},"canonical":"https:\/\/gustafs.com\/sv\/lokala-representanter\/","og_locale":"sv_SE","og_type":"article","og_title":"Lokala representanter | Gustafs Scandinavia","og_description":"V\u00e5ra produkter levereras till alla h\u00f6rn av v\u00e4rlden. Kontakta oss direkt eller v\u00e5rt omfattande n\u00e4tverk av \u00e5terf\u00f6rs\u00e4ljare.","og_url":"https:\/\/gustafs.com\/sv\/lokala-representanter\/","og_site_name":"Gustafs Scandinavia","article_modified_time":"2024-11-11T14:27:27+00:00","twitter_card":"summary_large_image","twitter_misc":{"Ber\u00e4knad l\u00e4stid":"1 minut"},"schema":{"@context":"https:\/\/schema.org","@graph":[{"@type":"WebPage","@id":"https:\/\/gustafs.com\/sv\/lokala-representanter\/","url":"https:\/\/gustafs.com\/sv\/lokala-representanter\/","name":"Lokala representanter | Gustafs Scandinavia","isPartOf":{"@id":"https:\/\/gustafs.com\/sv\/#website"},"datePublished":"2021-12-16T15:29:36+00:00","dateModified":"2024-11-11T14:27:27+00:00","description":"V\u00e5ra produkter levereras till alla h\u00f6rn av v\u00e4rlden. Kontakta oss direkt eller v\u00e5rt omfattande n\u00e4tverk av \u00e5terf\u00f6rs\u00e4ljare.","breadcrumb":{"@id":"https:\/\/gustafs.com\/sv\/lokala-representanter\/#breadcrumb"},"inLanguage":"sv-SE","potentialAction":[{"@type":"ReadAction","target":["https:\/\/gustafs.com\/sv\/lokala-representanter\/"]}]},{"@type":"BreadcrumbList","@id":"https:\/\/gustafs.com\/sv\/lokala-representanter\/#breadcrumb","itemListElement":[{"@type":"ListItem","position":1,"name":"Gustafs","item":"https:\/\/gustafs.com\/sv\/"},{"@type":"ListItem","position":2,"name":"Lokala representanter"}]},{"@type":"WebSite","@id":"https:\/\/gustafs.com\/sv\/#website","url":"https:\/\/gustafs.com\/sv\/","name":"Gustafs Scandinavia","description":"Exclusive Wooden Panels And Acoustic Panels","potentialAction":[{"@type":"SearchAction","target":{"@type":"EntryPoint","urlTemplate":"https:\/\/gustafs.com\/sv\/?s={search_term_string}"},"query-input":{"@type":"PropertyValueSpecification","valueRequired":true,"valueName":"search_term_string"}}],"inLanguage":"sv-SE"}]}},"_links":{"self":[{"href":"https:\/\/gustafs.com\/sv\/wp-json\/wp\/v2\/pages\/9396","targetHints":{"allow":["GET"]}}],"collection":[{"href":"https:\/\/gustafs.com\/sv\/wp-json\/wp\/v2\/pages"}],"about":[{"href":"https:\/\/gustafs.com\/sv\/wp-json\/wp\/v2\/types\/page"}],"author":[{"embeddable":true,"href":"https:\/\/gustafs.com\/sv\/wp-json\/wp\/v2\/users\/10"}],"replies":[{"embeddable":true,"href":"https:\/\/gustafs.com\/sv\/wp-json\/wp\/v2\/comments?post=9396"}],"version-history":[{"count":31,"href":"https:\/\/gustafs.com\/sv\/wp-json\/wp\/v2\/pages\/9396\/revisions"}],"predecessor-version":[{"id":24694,"href":"https:\/\/gustafs.com\/sv\/wp-json\/wp\/v2\/pages\/9396\/revisions\/24694"}],"wp:attachment":[{"href":"https:\/\/gustafs.com\/sv\/wp-json\/wp\/v2\/media?parent=9396"}],"curies":[{"name":"wp","href":"https:\/\/api.w.org\/{rel}","templated":true}]}}