{"id":8587,"date":"2021-11-29T15:58:12","date_gmt":"2021-11-29T15:58:12","guid":{"rendered":"https:\/\/gustafs.com\/our-process\/"},"modified":"2024-03-25T08:36:51","modified_gmt":"2024-03-25T07:36:51","slug":"var-process","status":"publish","type":"page","link":"https:\/\/gustafs.com\/sv\/var-process\/","title":{"rendered":"V\u00e5r process"},"content":{"rendered":"\r\n<section class=\"large-media\">\r\n        <div class=\"image\"><img decoding=\"async\" src=\"https:\/\/gustafs.com\/wp-content\/uploads\/2022\/03\/gustafshow.png\" alt=\"\"><\/div>\r\n         <\/section>\r\n\n\n\n<h1 class=\"h2 wp-block-heading\">Gustafs process och hur vi jobbar<\/h1>\n\n\n\n<p>V\u00e5ra kunder har tillg\u00e5ng till en m\u00e4ngd kompetenser och kunskap n\u00e4r de samarbetar med oss. Genom m\u00e5nga \u00e5rs nationell och internationell erfarenhet vet vi hur vi ska st\u00f6dja, driva och ta hand om hela processen, fr\u00e5n id\u00e9 och design till slutlig installation &#8211; att v\u00e4lja Gustafs \u00e4r ett p\u00e5litligt one-stop-k\u00f6p som kommer att g\u00f6ra ditt liv enklare!<\/p>\n\n\n\r\n<section class=\"large-media\">\r\n        <div class=\"image\"><img decoding=\"async\" src=\"https:\/\/gustafs.com\/wp-content\/uploads\/2022\/03\/resurs-3.png\" alt=\"\"><\/div>\r\n         <\/section>\r\n\n\n\n<section class=\"image-plus-text-left-right has-left-column has-right-column\">\n    <div class=\"container\">\n        <div class=\"row\">\n            \n            <div class=\"col-md-6 col-left\">\n                                <div class=\"image \">\n                    <img decoding=\"async\" src=\"https:\/\/gustafs.com\/wp-content\/uploads\/2022\/03\/developemant-1030-380x475.png\" alt=\"\" srcset=\"https:\/\/gustafs.com\/wp-content\/uploads\/2022\/03\/developemant-1030-240x300.png 240w, https:\/\/gustafs.com\/wp-content\/uploads\/2022\/03\/developemant-1030-818x1024.png 818w, https:\/\/gustafs.com\/wp-content\/uploads\/2022\/03\/developemant-1030-768x962.png 768w, https:\/\/gustafs.com\/wp-content\/uploads\/2022\/03\/developemant-1030-720x900.png 720w, https:\/\/gustafs.com\/wp-content\/uploads\/2022\/03\/developemant-1030-645x810.png 645w, https:\/\/gustafs.com\/wp-content\/uploads\/2022\/03\/developemant-1030-380x475.png 380w, https:\/\/gustafs.com\/wp-content\/uploads\/2022\/03\/developemant-1030.png 1030w\">\n                <\/div>\n                                                                <div class=\"content-wrapper\">\n                    <div class=\"title\"><\/div>\n                    <div class=\"content\">\n                                                <div class=\"text font-13px\"><h5>02. Utveckling &amp; konstruktion<\/h5>\n<p>I fas 2 hj\u00e4lper vi dig att oms\u00e4tta din design till verkliga produkter med anv\u00e4ndarv\u00e4nliga installationsmetoder. Vi tar fram prover och tillhandah\u00e5ller mock-ups i full skala vid behov.<\/p>\n<\/div>\n                                             \n                                            <\/div>\n                <\/div>                  \n            <\/div>\n            \n            <div class=\"col-md-6 col-right\">\n                           \n                <div class=\"image \">\n                    <img decoding=\"async\" src=\"https:\/\/gustafs.com\/wp-content\/uploads\/2022\/03\/design-1030-380x475.png\" alt=\"\" srcset=\"https:\/\/gustafs.com\/wp-content\/uploads\/2022\/03\/design-1030-240x300.png 240w, https:\/\/gustafs.com\/wp-content\/uploads\/2022\/03\/design-1030-818x1024.png 818w, https:\/\/gustafs.com\/wp-content\/uploads\/2022\/03\/design-1030-768x962.png 768w, https:\/\/gustafs.com\/wp-content\/uploads\/2022\/03\/design-1030-720x900.png 720w, https:\/\/gustafs.com\/wp-content\/uploads\/2022\/03\/design-1030-645x810.png 645w, https:\/\/gustafs.com\/wp-content\/uploads\/2022\/03\/design-1030-380x475.png 380w, https:\/\/gustafs.com\/wp-content\/uploads\/2022\/03\/design-1030.png 1030w\">\n                <\/div>\n                                                                <div class=\"content-wrapper\">\n                    <div class=\"title\"><\/div>\n                    <div class=\"content\">\n                                                <div class=\"text font-13px\"><h5>01. Design och brainstorming<\/h5>\n<p>I designfasen inspirerar vi med ett utm\u00e4rkt referensbibliotek med l\u00f6sningar och material som g\u00f6r det m\u00f6jligt att skr\u00e4ddarsy ditt projekt. Vi hj\u00e4lper dig att hitta en design inom gr\u00e4nserna f\u00f6r rimliga kostnader, produktionsm\u00f6jligheter, h\u00e5llbarhet, s\u00e4kerhet, ljudkomfort och rimliga ledtider.<\/p>\n<\/div>\n                                             \n                                            <\/div>\n                <\/div>              \n            <\/div>\n            \n        <\/div>\n    <\/div>\n<\/section>\n\n\n\n<section class=\"image-plus-text-left-right has-left-column has-right-column\">\n    <div class=\"container\">\n        <div class=\"row\">\n            \n            <div class=\"col-md-6 col-left\">\n                                <div class=\"image \">\n                    <img decoding=\"async\" src=\"https:\/\/gustafs.com\/wp-content\/uploads\/2022\/03\/production-1030-1-380x475.png\" alt=\"\" srcset=\"https:\/\/gustafs.com\/wp-content\/uploads\/2022\/03\/production-1030-1-240x300.png 240w, https:\/\/gustafs.com\/wp-content\/uploads\/2022\/03\/production-1030-1-818x1024.png 818w, https:\/\/gustafs.com\/wp-content\/uploads\/2022\/03\/production-1030-1-768x962.png 768w, https:\/\/gustafs.com\/wp-content\/uploads\/2022\/03\/production-1030-1-720x900.png 720w, https:\/\/gustafs.com\/wp-content\/uploads\/2022\/03\/production-1030-1-645x810.png 645w, https:\/\/gustafs.com\/wp-content\/uploads\/2022\/03\/production-1030-1-380x475.png 380w, https:\/\/gustafs.com\/wp-content\/uploads\/2022\/03\/production-1030-1.png 1030w\">\n                <\/div>\n                                                                <div class=\"content-wrapper\">\n                    <div class=\"title\"><\/div>\n                    <div class=\"content\">\n                                                <div class=\"text font-13px\"><h5>04. Tillverkning<\/h5>\n<div class=\"content-container\">\n<p>Tr\u00e4produktion och tr\u00e4hantverk har funnits hos oss sedan 1913, en k\u00e4rnkunskap som vi aldrig slutar med att utveckla. Vi ser till att alla dina produkter utformas precis efter dina \u00f6nskem\u00e5l \u2013 ner p\u00e5 detaljniv\u00e5.<\/p>\n<\/div>\n<\/div>\n                                             \n                                            <\/div>\n                <\/div>                  \n            <\/div>\n            \n            <div class=\"col-md-6 col-right\">\n                           \n                <div class=\"image \">\n                    <img decoding=\"async\" src=\"https:\/\/gustafs.com\/wp-content\/uploads\/2022\/03\/management-1030-380x475.png\" alt=\"\" srcset=\"https:\/\/gustafs.com\/wp-content\/uploads\/2022\/03\/management-1030-240x300.png 240w, https:\/\/gustafs.com\/wp-content\/uploads\/2022\/03\/management-1030-818x1024.png 818w, https:\/\/gustafs.com\/wp-content\/uploads\/2022\/03\/management-1030-768x962.png 768w, https:\/\/gustafs.com\/wp-content\/uploads\/2022\/03\/management-1030-720x900.png 720w, https:\/\/gustafs.com\/wp-content\/uploads\/2022\/03\/management-1030-645x810.png 645w, https:\/\/gustafs.com\/wp-content\/uploads\/2022\/03\/management-1030-380x475.png 380w, https:\/\/gustafs.com\/wp-content\/uploads\/2022\/03\/management-1030.png 1030w\">\n                <\/div>\n                                                                <div class=\"content-wrapper\">\n                    <div class=\"title\"><\/div>\n                    <div class=\"content\">\n                                                <div class=\"text font-13px\"><h5>03. Projektledning<\/h5>\n<div class=\"content-container\">\n<p>V\u00e5ra projektledare ser till att ditt arbetsliv blir lite enklare. Vi s\u00e4kerst\u00e4ller att din best\u00e4llning blir som det \u00e4r t\u00e4nkt och att tidsschemat h\u00e5ller genom produktion, leverans och installation.<\/p>\n<\/div>\n<\/div>\n                                             \n                                            <\/div>\n                <\/div>              \n            <\/div>\n            \n        <\/div>\n    <\/div>\n<\/section>\n\n\n\n<section class=\"image-plus-text-left-right  has-right-column\">\n    <div class=\"container\">\n        <div class=\"row\">\n            \n            <div class=\"col-md-6 col-left\">\n                                                                <div class=\"content-wrapper\">\n                    <div class=\"title\"><\/div>\n                    <div class=\"content\">\n                                             \n                                            <\/div>\n                <\/div>                  \n            <\/div>\n            \n            <div class=\"col-md-6 col-right\">\n                           \n                <div class=\"image \">\n                    <img decoding=\"async\" src=\"https:\/\/gustafs.com\/wp-content\/uploads\/2022\/03\/installation-1030-380x475.png\" alt=\"\" srcset=\"https:\/\/gustafs.com\/wp-content\/uploads\/2022\/03\/installation-1030-240x300.png 240w, https:\/\/gustafs.com\/wp-content\/uploads\/2022\/03\/installation-1030-818x1024.png 818w, https:\/\/gustafs.com\/wp-content\/uploads\/2022\/03\/installation-1030-768x962.png 768w, https:\/\/gustafs.com\/wp-content\/uploads\/2022\/03\/installation-1030-720x900.png 720w, https:\/\/gustafs.com\/wp-content\/uploads\/2022\/03\/installation-1030-645x810.png 645w, https:\/\/gustafs.com\/wp-content\/uploads\/2022\/03\/installation-1030-380x475.png 380w, https:\/\/gustafs.com\/wp-content\/uploads\/2022\/03\/installation-1030.png 1030w\">\n                <\/div>\n                                                                <div class=\"content-wrapper\">\n                    <div class=\"title\"><\/div>\n                    <div class=\"content\">\n                                                <div class=\"text font-13px\"><h5>05. Leverans och installation<\/h5>\n<p>Paketering och leverans planeras redan i fas 2. Vi ser d\u00e4refter till att alla dina produkter kommer i r\u00e4tt tid och till r\u00e4tt plats. V\u00e5ra extremt skickliga hantverkare p\u00e5 plats ser till att installationen g\u00e5r som planerat och att slutresultatet f\u00e5r en &#8221;Gustafs-touch&#8221;.<\/p>\n<\/div>\n                                             \n                                            <\/div>\n                <\/div>              \n            <\/div>\n            \n        <\/div>\n    <\/div>\n<\/section>\n","protected":false},"excerpt":{"rendered":"<p>Gustafs process och hur vi jobbar V\u00e5ra kunder har tillg\u00e5ng till en m\u00e4ngd kompetenser och kunskap n\u00e4r de samarbetar med oss. Genom m\u00e5nga \u00e5rs nationell och internationell erfarenhet vet vi hur vi ska st\u00f6dja, driva och ta hand om hela processen, fr\u00e5n id\u00e9 och design till slutlig installation &#8211; att v\u00e4lja Gustafs \u00e4r ett p\u00e5litligt [&hellip;]<\/p>\n","protected":false},"author":10,"featured_media":0,"parent":0,"menu_order":0,"comment_status":"closed","ping_status":"closed","template":"","meta":{"_acf_changed":false,"inline_featured_image":false,"footnotes":""},"class_list":["post-8587","page","type-page","status-publish","hentry"],"acf":[],"yoast_head":"<!-- This site is optimized with the Yoast SEO plugin v25.4 - https:\/\/yoast.com\/wordpress\/plugins\/seo\/ -->\n<title>V\u00e5r process | Gustafs Scandinavia<\/title>\n<meta name=\"description\" content=\"Vi har hittat ett vinnande koncept som vi arbetar med. V\u00e5r l\u00e5nga erfarenhet och professionella kompetens har f\u00f6rt oss hit.\" \/>\n<meta name=\"robots\" content=\"index, follow, max-snippet:-1, max-image-preview:large, max-video-preview:-1\" \/>\n<link rel=\"canonical\" href=\"https:\/\/gustafs.com\/sv\/var-process\/\" \/>\n<meta property=\"og:locale\" content=\"sv_SE\" \/>\n<meta property=\"og:type\" content=\"article\" \/>\n<meta property=\"og:title\" content=\"V\u00e5r process | Gustafs Scandinavia\" \/>\n<meta property=\"og:description\" content=\"Vi har hittat ett vinnande koncept som vi arbetar med. V\u00e5r l\u00e5nga erfarenhet och professionella kompetens har f\u00f6rt oss hit.\" \/>\n<meta property=\"og:url\" content=\"https:\/\/gustafs.com\/sv\/var-process\/\" \/>\n<meta property=\"og:site_name\" content=\"Gustafs Scandinavia\" \/>\n<meta property=\"article:modified_time\" content=\"2024-03-25T07:36:51+00:00\" \/>\n<meta name=\"twitter:card\" content=\"summary_large_image\" \/>\n<meta name=\"twitter:label1\" content=\"Ber\u00e4knad l\u00e4stid\" \/>\n\t<meta name=\"twitter:data1\" content=\"1 minut\" \/>\n<script type=\"application\/ld+json\" class=\"yoast-schema-graph\">{\"@context\":\"https:\/\/schema.org\",\"@graph\":[{\"@type\":\"WebPage\",\"@id\":\"https:\/\/gustafs.com\/sv\/var-process\/\",\"url\":\"https:\/\/gustafs.com\/sv\/var-process\/\",\"name\":\"V\u00e5r process | Gustafs Scandinavia\",\"isPartOf\":{\"@id\":\"https:\/\/gustafs.com\/sv\/#website\"},\"datePublished\":\"2021-11-29T15:58:12+00:00\",\"dateModified\":\"2024-03-25T07:36:51+00:00\",\"description\":\"Vi har hittat ett vinnande koncept som vi arbetar med. V\u00e5r l\u00e5nga erfarenhet och professionella kompetens har f\u00f6rt oss hit.\",\"breadcrumb\":{\"@id\":\"https:\/\/gustafs.com\/sv\/var-process\/#breadcrumb\"},\"inLanguage\":\"sv-SE\",\"potentialAction\":[{\"@type\":\"ReadAction\",\"target\":[\"https:\/\/gustafs.com\/sv\/var-process\/\"]}]},{\"@type\":\"BreadcrumbList\",\"@id\":\"https:\/\/gustafs.com\/sv\/var-process\/#breadcrumb\",\"itemListElement\":[{\"@type\":\"ListItem\",\"position\":1,\"name\":\"Gustafs\",\"item\":\"https:\/\/gustafs.com\/sv\/\"},{\"@type\":\"ListItem\",\"position\":2,\"name\":\"V\u00e5r process\"}]},{\"@type\":\"WebSite\",\"@id\":\"https:\/\/gustafs.com\/sv\/#website\",\"url\":\"https:\/\/gustafs.com\/sv\/\",\"name\":\"Gustafs Scandinavia\",\"description\":\"Exclusive Wooden Panels And Acoustic Panels\",\"potentialAction\":[{\"@type\":\"SearchAction\",\"target\":{\"@type\":\"EntryPoint\",\"urlTemplate\":\"https:\/\/gustafs.com\/sv\/?s={search_term_string}\"},\"query-input\":{\"@type\":\"PropertyValueSpecification\",\"valueRequired\":true,\"valueName\":\"search_term_string\"}}],\"inLanguage\":\"sv-SE\"}]}<\/script>\n<!-- \/ Yoast SEO plugin. -->","yoast_head_json":{"title":"V\u00e5r process | Gustafs Scandinavia","description":"Vi har hittat ett vinnande koncept som vi arbetar med. V\u00e5r l\u00e5nga erfarenhet och professionella kompetens har f\u00f6rt oss hit.","robots":{"index":"index","follow":"follow","max-snippet":"max-snippet:-1","max-image-preview":"max-image-preview:large","max-video-preview":"max-video-preview:-1"},"canonical":"https:\/\/gustafs.com\/sv\/var-process\/","og_locale":"sv_SE","og_type":"article","og_title":"V\u00e5r process | Gustafs Scandinavia","og_description":"Vi har hittat ett vinnande koncept som vi arbetar med. V\u00e5r l\u00e5nga erfarenhet och professionella kompetens har f\u00f6rt oss hit.","og_url":"https:\/\/gustafs.com\/sv\/var-process\/","og_site_name":"Gustafs Scandinavia","article_modified_time":"2024-03-25T07:36:51+00:00","twitter_card":"summary_large_image","twitter_misc":{"Ber\u00e4knad l\u00e4stid":"1 minut"},"schema":{"@context":"https:\/\/schema.org","@graph":[{"@type":"WebPage","@id":"https:\/\/gustafs.com\/sv\/var-process\/","url":"https:\/\/gustafs.com\/sv\/var-process\/","name":"V\u00e5r process | Gustafs Scandinavia","isPartOf":{"@id":"https:\/\/gustafs.com\/sv\/#website"},"datePublished":"2021-11-29T15:58:12+00:00","dateModified":"2024-03-25T07:36:51+00:00","description":"Vi har hittat ett vinnande koncept som vi arbetar med. V\u00e5r l\u00e5nga erfarenhet och professionella kompetens har f\u00f6rt oss hit.","breadcrumb":{"@id":"https:\/\/gustafs.com\/sv\/var-process\/#breadcrumb"},"inLanguage":"sv-SE","potentialAction":[{"@type":"ReadAction","target":["https:\/\/gustafs.com\/sv\/var-process\/"]}]},{"@type":"BreadcrumbList","@id":"https:\/\/gustafs.com\/sv\/var-process\/#breadcrumb","itemListElement":[{"@type":"ListItem","position":1,"name":"Gustafs","item":"https:\/\/gustafs.com\/sv\/"},{"@type":"ListItem","position":2,"name":"V\u00e5r process"}]},{"@type":"WebSite","@id":"https:\/\/gustafs.com\/sv\/#website","url":"https:\/\/gustafs.com\/sv\/","name":"Gustafs Scandinavia","description":"Exclusive Wooden Panels And Acoustic Panels","potentialAction":[{"@type":"SearchAction","target":{"@type":"EntryPoint","urlTemplate":"https:\/\/gustafs.com\/sv\/?s={search_term_string}"},"query-input":{"@type":"PropertyValueSpecification","valueRequired":true,"valueName":"search_term_string"}}],"inLanguage":"sv-SE"}]}},"_links":{"self":[{"href":"https:\/\/gustafs.com\/sv\/wp-json\/wp\/v2\/pages\/8587","targetHints":{"allow":["GET"]}}],"collection":[{"href":"https:\/\/gustafs.com\/sv\/wp-json\/wp\/v2\/pages"}],"about":[{"href":"https:\/\/gustafs.com\/sv\/wp-json\/wp\/v2\/types\/page"}],"author":[{"embeddable":true,"href":"https:\/\/gustafs.com\/sv\/wp-json\/wp\/v2\/users\/10"}],"replies":[{"embeddable":true,"href":"https:\/\/gustafs.com\/sv\/wp-json\/wp\/v2\/comments?post=8587"}],"version-history":[{"count":3,"href":"https:\/\/gustafs.com\/sv\/wp-json\/wp\/v2\/pages\/8587\/revisions"}],"predecessor-version":[{"id":22700,"href":"https:\/\/gustafs.com\/sv\/wp-json\/wp\/v2\/pages\/8587\/revisions\/22700"}],"wp:attachment":[{"href":"https:\/\/gustafs.com\/sv\/wp-json\/wp\/v2\/media?parent=8587"}],"curies":[{"name":"wp","href":"https:\/\/api.w.org\/{rel}","templated":true}]}}