{"id":8542,"date":"2021-12-28T10:19:53","date_gmt":"2021-12-28T10:19:53","guid":{"rendered":"https:\/\/gustafs.com\/knowledge-hub\/"},"modified":"2024-03-25T10:14:39","modified_gmt":"2024-03-25T09:14:39","slug":"knowledge-hub","status":"publish","type":"page","link":"https:\/\/gustafs.com\/sv\/knowledge-hub\/","title":{"rendered":"Knowledge Hub"},"content":{"rendered":"\n<h1 style=\"display: none;\">Kunskapsbank f\u00f6r Arkitekter om brands\u00e4kerhet, akustik och material<\/h1>\n\n\n\n<section class=\"image-plus-text\">\n    <div class=\"container\">\n        <div class=\"row\">\n            \n            <div class=\"col-md-6 col-left col-video\">\n                                                                                                <div class=\"video\">\n                        <video autoplay muted playsinline loop>\n                            <source src=\"https:\/\/gustafs.com\/wp-content\/uploads\/2022\/03\/architect.mp4\" type=\"video\/mp4\">\n                            Your browser does not support the video tag.\n                        <\/video>\n                    <\/div>\n                                                    <div class=\"content-wrapper\">\n                                    <\/div>              \n            <\/div>\n            \n            <div class=\"col-md-6 col-right col-text\">\n                                <div class=\"content-wrapper\">\n                                                                    <div class=\"title\">\u00c4MNEN<\/div>\n                                                <div class=\"content\">\n                                                        <div class=\"text font-13px\"><h2>Arkitektverktyg &#8211; utforska f\u00f6rdelarna med v\u00e5ra l\u00f6sningar<\/h2>\n<p>Denna akademi \u00e4r fylld med fakta, data och information om v\u00e5ra produkter. H\u00e4r kan du f\u00f6rdjupa dig i \u00e4mnen som r\u00f6r akustik, brand och material.<\/p>\n<p><a class=\"button\" href=\"https:\/\/gustafs.com\/sv\/knowledge-hub\/akustik\/\">AKUSTIK<\/a><\/p>\n<p><a class=\"button\" href=\"https:\/\/gustafs.com\/sv\/knowledge-hub\/fire-safety\/\">BRAND<\/a><\/p>\n<p><a class=\"button\" href=\"https:\/\/gustafs.com\/sv\/knowledge-hub\/skivmaterialguide\/\">K\u00c4RNMATERIAL<\/a><\/p>\n<p><a class=\"button\" href=\"https:\/\/gustafs.com\/sv\/knowledge-hub\/ytor\/\">YTOR<\/a><\/p>\n<p><a class=\"button\" href=\"https:\/\/gustafs.com\/sv\/knowledge-hub\/emissions\/\">EMISSIONER<\/a><\/p>\n<p><a class=\"button\" href=\"https:\/\/gustafs.com\/sv\/knowledge-hub\/hallbarhet\/\">H\u00c5LLBARHET<\/a><\/p>\n<\/div>\n                                                                                <\/div>\n                                    <\/div>              \n            <\/div>\n            \n        <\/div>\n    <\/div>\n<\/section>\n\n\n\n<section class=\"image-plus-text-left-right has-left-column has-right-column\">\n    <div class=\"container\">\n        <div class=\"row\">\n            \n            <div class=\"col-md-6 col-left\">\n                                                                <div class=\"video\">\n                    <video autoplay muted playsinline loop>\n                        <source src=\"https:\/\/gustafs.com\/wp-content\/uploads\/2022\/04\/acoustics-kh.mp4\" type=\"video\/mp4\">\n                        Your browser does not support the video tag.\n                    <\/video>\n                <\/div>\n                                <div class=\"content-wrapper\">\n                    <div class=\"title\">AKUSTIK<\/div>\n                    <div class=\"content\">\n                                                <div class=\"text font-13px\"><h2 style=\"display: none;\">Bra akustik i offentliga rum<\/h2>\n<p>I v\u00e5r akustikakademi g\u00e5r vi igenom de grundl\u00e4ggande principerna f\u00f6r rumsakustik och hur v\u00e5ra produkter kan anv\u00e4ndas f\u00f6r att skapa harmoniska milj\u00f6er.<\/p>\n<p><a class=\"button\" href=\"https:\/\/gustafs.com\/sv\/knowledge-hub\/akustik\/\">AKUSTIK<\/a><\/p>\n<\/div>\n                                             \n                                            <\/div>\n                <\/div>                  \n            <\/div>\n            \n            <div class=\"col-md-6 col-right\">\n                           \n                <div class=\"image \">\n                    <img decoding=\"async\" src=\"https:\/\/gustafs.com\/wp-content\/uploads\/2022\/03\/fire-ac2-380x475.jpg\" alt=\"\" srcset=\"https:\/\/gustafs.com\/wp-content\/uploads\/2022\/03\/fire-ac2-240x300.jpg 240w, https:\/\/gustafs.com\/wp-content\/uploads\/2022\/03\/fire-ac2-818x1024.jpg 818w, https:\/\/gustafs.com\/wp-content\/uploads\/2022\/03\/fire-ac2-768x962.jpg 768w, https:\/\/gustafs.com\/wp-content\/uploads\/2022\/03\/fire-ac2-720x900.jpg 720w, https:\/\/gustafs.com\/wp-content\/uploads\/2022\/03\/fire-ac2-645x810.jpg 645w, https:\/\/gustafs.com\/wp-content\/uploads\/2022\/03\/fire-ac2-380x475.jpg 380w, https:\/\/gustafs.com\/wp-content\/uploads\/2022\/03\/fire-ac2.jpg 1030w\">\n                <\/div>\n                                                                <div class=\"content-wrapper\">\n                    <div class=\"title\">BRANDS\u00c4KERHET<\/div>\n                    <div class=\"content\">\n                                                <div class=\"text font-13px\"><p>Brand \u00e4r en mycket viktig faktor n\u00e4r man v\u00e4ljer bekl\u00e4dnader f\u00f6r offentliga utrymmen. H\u00e4r tittar vi p\u00e5 hur brandklassificering och certifiering fungerar och vad du b\u00f6r t\u00e4nka p\u00e5 n\u00e4r du v\u00e4ljer olika material. Vi kommer ocks\u00e5 att j\u00e4mf\u00f6ra skillnaden mellan Gustafs produkter som f\u00e5r sin brandreaktionsprestanda fr\u00e5n ett obr\u00e4nnbart k\u00e4rnmaterial, med produkter d\u00e4r brandreaktionen har f\u00f6rb\u00e4ttrats genom att man lagt till brandh\u00e4mmande \u00e4mnen.<\/p>\n<p><a class=\"button\" href=\"https:\/\/gustafs.com\/sv\/knowledge-hub\/fire-safety\/\">BRANDS\u00c4KERHET<\/a><\/p>\n<\/div>\n                                             \n                                            <\/div>\n                <\/div>              \n            <\/div>\n            \n        <\/div>\n    <\/div>\n<\/section>\n\n\n\n<section class=\"image-plus-text-left-right has-left-column has-right-column\">\n    <div class=\"container\">\n        <div class=\"row\">\n            \n            <div class=\"col-md-6 col-left\">\n                                <div class=\"image \">\n                    <img decoding=\"async\" src=\"https:\/\/gustafs.com\/wp-content\/uploads\/2022\/03\/core-ac-380x475.jpg\" alt=\"\" srcset=\"https:\/\/gustafs.com\/wp-content\/uploads\/2022\/03\/core-ac-240x300.jpg 240w, https:\/\/gustafs.com\/wp-content\/uploads\/2022\/03\/core-ac-818x1024.jpg 818w, https:\/\/gustafs.com\/wp-content\/uploads\/2022\/03\/core-ac-768x962.jpg 768w, https:\/\/gustafs.com\/wp-content\/uploads\/2022\/03\/core-ac-720x900.jpg 720w, https:\/\/gustafs.com\/wp-content\/uploads\/2022\/03\/core-ac-645x810.jpg 645w, https:\/\/gustafs.com\/wp-content\/uploads\/2022\/03\/core-ac-380x475.jpg 380w, https:\/\/gustafs.com\/wp-content\/uploads\/2022\/03\/core-ac.jpg 1030w\">\n                <\/div>\n                                                                <div class=\"content-wrapper\">\n                    <div class=\"title\">SKIVMATERIAL<\/div>\n                    <div class=\"content\">\n                                                <div class=\"text font-13px\"><p>Vill du veta varf\u00f6r vi f\u00f6redrar att arbeta med en fibergipsk\u00e4rna framf\u00f6r alla andra alternativ? Uppt\u00e4ck d\u00e5 v\u00e5r Core Material Academy &#8211; vi lovar att du kommer att f\u00e5 ett helt nytt perspektiv p\u00e5 v\u00e4ggpaneler.<\/p>\n<p><a class=\"button\" href=\"https:\/\/gustafs.com\/sv\/knowledge-hub\/skivmaterialguide\/\">SKIVMATERIAL<\/a><\/p>\n<\/div>\n                                             \n                                            <\/div>\n                <\/div>                  \n            <\/div>\n            \n            <div class=\"col-md-6 col-right\">\n                                                                <div class=\"video\">\n                    <video autoplay muted playsinline loop>\n                        <source src=\"https:\/\/gustafs.com\/wp-content\/uploads\/2022\/03\/emissions-kh.mp4\" type=\"video\/mp4\">\n                        Your browser does not support the video tag.\n                    <\/video>\n                <\/div>\n                                <div class=\"content-wrapper\">\n                    <div class=\"title\">EMISSIONER<\/div>\n                    <div class=\"content\">\n                                                <div class=\"text font-13px\"><h2 style=\"display: none;\">D\u00e4rf\u00f6r ska du v\u00e4lja fibergips<\/h2>\n<p>Fibergipsk\u00e4rnan i Gustafs-panelerna \u00e4r, precis som sten, keramik, metall, glas och betong ett \u00e4mne som i sig sj\u00e4lv inte sl\u00e4pper ut n\u00e5gra skadliga flyktiga organiska f\u00f6reningar. Produkterna \u00e4r ocks\u00e5 helt fria fr\u00e5n impregnering och d\u00e4rf\u00f6r \u00e4r v\u00e5ra paneler och ribbor naturligt mycket l\u00e5gemitterande och garanterar en h\u00e4lsosam luftkvalitet i rummet.<\/p>\n<p><a class=\"button\" href=\"https:\/\/gustafs.com\/sv\/knowledge-hub\/emissions\/\">EMISSIONER<\/a><\/p>\n<\/div>\n                                             \n                                            <\/div>\n                <\/div>              \n            <\/div>\n            \n        <\/div>\n    <\/div>\n<\/section>\n\n\n\n<section class=\"image-plus-text-left-right has-left-column has-right-column\">\n    <div class=\"container\">\n        <div class=\"row\">\n            \n            <div class=\"col-md-6 col-left\">\n                                                                <div class=\"video\">\n                    <video autoplay muted playsinline loop>\n                        <source src=\"https:\/\/gustafs.com\/wp-content\/uploads\/2022\/03\/gloss-1.mp4\" type=\"video\/mp4\">\n                        Your browser does not support the video tag.\n                    <\/video>\n                <\/div>\n                                <div class=\"content-wrapper\">\n                    <div class=\"title\">H\u00c5LLBARHET<\/div>\n                    <div class=\"content\">\n                                                <div class=\"text font-13px\"><p>Vi \u00e4r stolta \u00f6ver att v\u00e5r produktion \u00e4r certifierad och anv\u00e4nder 100 procent f\u00f6rnybar energi, att v\u00e5ra produkter tillverkas av 98 procent naturliga material och 94 procent \u00e5tervunnet material och att alla tr\u00e4paneler \u00e4r fria fr\u00e5n brandh\u00e4mmandemedel, tillsatt formaldehyd eller isocyanatbindemedel.<\/p>\n<p><a class=\"button\" href=\"https:\/\/gustafs.com\/sv\/knowledge-hub\/hallbarhet\/\">H\u00c5LLBARHET<\/a><\/p>\n<\/div>\n                                             \n                                            <\/div>\n                <\/div>                  \n            <\/div>\n            \n            <div class=\"col-md-6 col-right\">\n                           \n                <div class=\"image \">\n                    <img decoding=\"async\" src=\"https:\/\/gustafs.com\/wp-content\/uploads\/2022\/03\/surfaces-kh-380x475.jpg\" alt=\"\" srcset=\"https:\/\/gustafs.com\/wp-content\/uploads\/2022\/03\/surfaces-kh-240x300.jpg 240w, https:\/\/gustafs.com\/wp-content\/uploads\/2022\/03\/surfaces-kh-818x1024.jpg 818w, https:\/\/gustafs.com\/wp-content\/uploads\/2022\/03\/surfaces-kh-768x962.jpg 768w, https:\/\/gustafs.com\/wp-content\/uploads\/2022\/03\/surfaces-kh-720x900.jpg 720w, https:\/\/gustafs.com\/wp-content\/uploads\/2022\/03\/surfaces-kh-645x810.jpg 645w, https:\/\/gustafs.com\/wp-content\/uploads\/2022\/03\/surfaces-kh-380x475.jpg 380w, https:\/\/gustafs.com\/wp-content\/uploads\/2022\/03\/surfaces-kh.jpg 1030w\">\n                <\/div>\n                                                                <div class=\"content-wrapper\">\n                    <div class=\"title\">YTOR<\/div>\n                    <div class=\"content\">\n                                                <div class=\"text font-13px\"><p>Vet du hur man sk\u00e4r en tr\u00e4faner, eller vilken typ av tr\u00e4 som \u00e4r b\u00e4st l\u00e4mpad f\u00f6r att framh\u00e4va tr\u00e4strukturen? L\u00e4r dig m\u00f6jligheterna att skapa en unik v\u00e4ggbekl\u00e4dnad genom att anv\u00e4nda v\u00e5ra efterbehandlingsmetoder.<\/p>\n<p><a class=\"button\" href=\"https:\/\/gustafs.com\/sv\/knowledge-hub\/ytor\/\">YTOR<\/a><\/p>\n<\/div>\n                                             \n                                            <\/div>\n                <\/div>              \n            <\/div>\n            \n        <\/div>\n    <\/div>\n<\/section>\n","protected":false},"excerpt":{"rendered":"<p>Kunskapsbank f\u00f6r Arkitekter om brands\u00e4kerhet, akustik och material<\/p>\n","protected":false},"author":10,"featured_media":0,"parent":0,"menu_order":0,"comment_status":"closed","ping_status":"closed","template":"","meta":{"_acf_changed":false,"inline_featured_image":false,"footnotes":""},"class_list":["post-8542","page","type-page","status-publish","hentry"],"acf":[],"yoast_head":"<!-- This site is optimized with the Yoast SEO plugin v25.4 - https:\/\/yoast.com\/wordpress\/plugins\/seo\/ -->\n<title>Knowledge Hub | Gustafs Scandinavia<\/title>\n<meta name=\"description\" content=\"L\u00e4r dig mer om m\u00f6jligheterna att skapa vackra, h\u00e5llbara och s\u00e4kra interi\u00f6rer genom v\u00e5ra kunskapsartiklar. Bli en expert du med.\" \/>\n<meta name=\"robots\" content=\"index, follow, max-snippet:-1, max-image-preview:large, max-video-preview:-1\" \/>\n<link rel=\"canonical\" href=\"https:\/\/gustafs.com\/sv\/knowledge-hub\/\" \/>\n<meta property=\"og:locale\" content=\"sv_SE\" \/>\n<meta property=\"og:type\" content=\"article\" \/>\n<meta property=\"og:title\" content=\"Knowledge Hub | Gustafs Scandinavia\" \/>\n<meta property=\"og:description\" content=\"L\u00e4r dig mer om m\u00f6jligheterna att skapa vackra, h\u00e5llbara och s\u00e4kra interi\u00f6rer genom v\u00e5ra kunskapsartiklar. Bli en expert du med.\" \/>\n<meta property=\"og:url\" content=\"https:\/\/gustafs.com\/sv\/knowledge-hub\/\" \/>\n<meta property=\"og:site_name\" content=\"Gustafs Scandinavia\" \/>\n<meta property=\"article:modified_time\" content=\"2024-03-25T09:14:39+00:00\" \/>\n<meta name=\"twitter:card\" content=\"summary_large_image\" \/>\n<meta name=\"twitter:label1\" content=\"Ber\u00e4knad l\u00e4stid\" \/>\n\t<meta name=\"twitter:data1\" content=\"1 minut\" \/>\n<script type=\"application\/ld+json\" class=\"yoast-schema-graph\">{\"@context\":\"https:\/\/schema.org\",\"@graph\":[{\"@type\":\"WebPage\",\"@id\":\"https:\/\/gustafs.com\/sv\/knowledge-hub\/\",\"url\":\"https:\/\/gustafs.com\/sv\/knowledge-hub\/\",\"name\":\"Knowledge Hub | Gustafs Scandinavia\",\"isPartOf\":{\"@id\":\"https:\/\/gustafs.com\/sv\/#website\"},\"datePublished\":\"2021-12-28T10:19:53+00:00\",\"dateModified\":\"2024-03-25T09:14:39+00:00\",\"description\":\"L\u00e4r dig mer om m\u00f6jligheterna att skapa vackra, h\u00e5llbara och s\u00e4kra interi\u00f6rer genom v\u00e5ra kunskapsartiklar. Bli en expert du med.\",\"breadcrumb\":{\"@id\":\"https:\/\/gustafs.com\/sv\/knowledge-hub\/#breadcrumb\"},\"inLanguage\":\"sv-SE\",\"potentialAction\":[{\"@type\":\"ReadAction\",\"target\":[\"https:\/\/gustafs.com\/sv\/knowledge-hub\/\"]}]},{\"@type\":\"BreadcrumbList\",\"@id\":\"https:\/\/gustafs.com\/sv\/knowledge-hub\/#breadcrumb\",\"itemListElement\":[{\"@type\":\"ListItem\",\"position\":1,\"name\":\"Gustafs\",\"item\":\"https:\/\/gustafs.com\/sv\/\"},{\"@type\":\"ListItem\",\"position\":2,\"name\":\"Knowledge Hub\"}]},{\"@type\":\"WebSite\",\"@id\":\"https:\/\/gustafs.com\/sv\/#website\",\"url\":\"https:\/\/gustafs.com\/sv\/\",\"name\":\"Gustafs Scandinavia\",\"description\":\"Exclusive Wooden Panels And Acoustic Panels\",\"potentialAction\":[{\"@type\":\"SearchAction\",\"target\":{\"@type\":\"EntryPoint\",\"urlTemplate\":\"https:\/\/gustafs.com\/sv\/?s={search_term_string}\"},\"query-input\":{\"@type\":\"PropertyValueSpecification\",\"valueRequired\":true,\"valueName\":\"search_term_string\"}}],\"inLanguage\":\"sv-SE\"}]}<\/script>\n<!-- \/ Yoast SEO plugin. -->","yoast_head_json":{"title":"Knowledge Hub | Gustafs Scandinavia","description":"L\u00e4r dig mer om m\u00f6jligheterna att skapa vackra, h\u00e5llbara och s\u00e4kra interi\u00f6rer genom v\u00e5ra kunskapsartiklar. Bli en expert du med.","robots":{"index":"index","follow":"follow","max-snippet":"max-snippet:-1","max-image-preview":"max-image-preview:large","max-video-preview":"max-video-preview:-1"},"canonical":"https:\/\/gustafs.com\/sv\/knowledge-hub\/","og_locale":"sv_SE","og_type":"article","og_title":"Knowledge Hub | Gustafs Scandinavia","og_description":"L\u00e4r dig mer om m\u00f6jligheterna att skapa vackra, h\u00e5llbara och s\u00e4kra interi\u00f6rer genom v\u00e5ra kunskapsartiklar. Bli en expert du med.","og_url":"https:\/\/gustafs.com\/sv\/knowledge-hub\/","og_site_name":"Gustafs Scandinavia","article_modified_time":"2024-03-25T09:14:39+00:00","twitter_card":"summary_large_image","twitter_misc":{"Ber\u00e4knad l\u00e4stid":"1 minut"},"schema":{"@context":"https:\/\/schema.org","@graph":[{"@type":"WebPage","@id":"https:\/\/gustafs.com\/sv\/knowledge-hub\/","url":"https:\/\/gustafs.com\/sv\/knowledge-hub\/","name":"Knowledge Hub | Gustafs Scandinavia","isPartOf":{"@id":"https:\/\/gustafs.com\/sv\/#website"},"datePublished":"2021-12-28T10:19:53+00:00","dateModified":"2024-03-25T09:14:39+00:00","description":"L\u00e4r dig mer om m\u00f6jligheterna att skapa vackra, h\u00e5llbara och s\u00e4kra interi\u00f6rer genom v\u00e5ra kunskapsartiklar. Bli en expert du med.","breadcrumb":{"@id":"https:\/\/gustafs.com\/sv\/knowledge-hub\/#breadcrumb"},"inLanguage":"sv-SE","potentialAction":[{"@type":"ReadAction","target":["https:\/\/gustafs.com\/sv\/knowledge-hub\/"]}]},{"@type":"BreadcrumbList","@id":"https:\/\/gustafs.com\/sv\/knowledge-hub\/#breadcrumb","itemListElement":[{"@type":"ListItem","position":1,"name":"Gustafs","item":"https:\/\/gustafs.com\/sv\/"},{"@type":"ListItem","position":2,"name":"Knowledge Hub"}]},{"@type":"WebSite","@id":"https:\/\/gustafs.com\/sv\/#website","url":"https:\/\/gustafs.com\/sv\/","name":"Gustafs Scandinavia","description":"Exclusive Wooden Panels And Acoustic Panels","potentialAction":[{"@type":"SearchAction","target":{"@type":"EntryPoint","urlTemplate":"https:\/\/gustafs.com\/sv\/?s={search_term_string}"},"query-input":{"@type":"PropertyValueSpecification","valueRequired":true,"valueName":"search_term_string"}}],"inLanguage":"sv-SE"}]}},"_links":{"self":[{"href":"https:\/\/gustafs.com\/sv\/wp-json\/wp\/v2\/pages\/8542","targetHints":{"allow":["GET"]}}],"collection":[{"href":"https:\/\/gustafs.com\/sv\/wp-json\/wp\/v2\/pages"}],"about":[{"href":"https:\/\/gustafs.com\/sv\/wp-json\/wp\/v2\/types\/page"}],"author":[{"embeddable":true,"href":"https:\/\/gustafs.com\/sv\/wp-json\/wp\/v2\/users\/10"}],"replies":[{"embeddable":true,"href":"https:\/\/gustafs.com\/sv\/wp-json\/wp\/v2\/comments?post=8542"}],"version-history":[{"count":24,"href":"https:\/\/gustafs.com\/sv\/wp-json\/wp\/v2\/pages\/8542\/revisions"}],"predecessor-version":[{"id":22784,"href":"https:\/\/gustafs.com\/sv\/wp-json\/wp\/v2\/pages\/8542\/revisions\/22784"}],"wp:attachment":[{"href":"https:\/\/gustafs.com\/sv\/wp-json\/wp\/v2\/media?parent=8542"}],"curies":[{"name":"wp","href":"https:\/\/api.w.org\/{rel}","templated":true}]}}