{"id":8525,"date":"2021-12-09T10:55:25","date_gmt":"2021-12-09T10:55:25","guid":{"rendered":"https:\/\/gustafs.com\/projects\/"},"modified":"2024-03-25T08:29:45","modified_gmt":"2024-03-25T07:29:45","slug":"projekt","status":"publish","type":"page","link":"https:\/\/gustafs.com\/sv\/projekt\/","title":{"rendered":"Projekt"},"content":{"rendered":"","protected":false},"excerpt":{"rendered":"","protected":false},"author":10,"featured_media":0,"parent":0,"menu_order":0,"comment_status":"closed","ping_status":"closed","template":"templates\/template-projects.php","meta":{"_acf_changed":false,"inline_featured_image":false,"footnotes":""},"class_list":["post-8525","page","type-page","status-publish","hentry"],"acf":[],"yoast_head":"<!-- This site is optimized with the Yoast SEO plugin v25.4 - https:\/\/yoast.com\/wordpress\/plugins\/seo\/ -->\n<title>Gustafs projekt - l\u00e5t dig inspireras | Gustafs Scandinavia<\/title>\n<meta name=\"description\" content=\"Hitta inspiration till ditt n\u00e4sta projekt. Skapa fantastiska inredningar med v\u00e5ra tr\u00e4paneler som g\u00f6r att m\u00e4nniskor trivs och k\u00e4nner harmoni.\" \/>\n<meta name=\"robots\" content=\"index, follow, max-snippet:-1, max-image-preview:large, max-video-preview:-1\" \/>\n<link rel=\"canonical\" href=\"https:\/\/gustafs.com\/sv\/projekt\/\" \/>\n<meta property=\"og:locale\" content=\"sv_SE\" \/>\n<meta property=\"og:type\" content=\"article\" \/>\n<meta property=\"og:title\" content=\"Gustafs projekt - l\u00e5t dig inspireras | Gustafs Scandinavia\" \/>\n<meta property=\"og:description\" content=\"Hitta inspiration till ditt n\u00e4sta projekt. Skapa fantastiska inredningar med v\u00e5ra tr\u00e4paneler som g\u00f6r att m\u00e4nniskor trivs och k\u00e4nner harmoni.\" \/>\n<meta property=\"og:url\" content=\"https:\/\/gustafs.com\/sv\/projekt\/\" \/>\n<meta property=\"og:site_name\" content=\"Gustafs Scandinavia\" \/>\n<meta property=\"article:modified_time\" content=\"2024-03-25T07:29:45+00:00\" \/>\n<meta name=\"twitter:card\" content=\"summary_large_image\" \/>\n<script type=\"application\/ld+json\" class=\"yoast-schema-graph\">{\"@context\":\"https:\/\/schema.org\",\"@graph\":[{\"@type\":\"WebPage\",\"@id\":\"https:\/\/gustafs.com\/sv\/projekt\/\",\"url\":\"https:\/\/gustafs.com\/sv\/projekt\/\",\"name\":\"Gustafs projekt - l\u00e5t dig inspireras | Gustafs Scandinavia\",\"isPartOf\":{\"@id\":\"https:\/\/gustafs.com\/sv\/#website\"},\"datePublished\":\"2021-12-09T10:55:25+00:00\",\"dateModified\":\"2024-03-25T07:29:45+00:00\",\"description\":\"Hitta inspiration till ditt n\u00e4sta projekt. Skapa fantastiska inredningar med v\u00e5ra tr\u00e4paneler som g\u00f6r att m\u00e4nniskor trivs och k\u00e4nner harmoni.\",\"breadcrumb\":{\"@id\":\"https:\/\/gustafs.com\/sv\/projekt\/#breadcrumb\"},\"inLanguage\":\"sv-SE\",\"potentialAction\":[{\"@type\":\"ReadAction\",\"target\":[\"https:\/\/gustafs.com\/sv\/projekt\/\"]}]},{\"@type\":\"BreadcrumbList\",\"@id\":\"https:\/\/gustafs.com\/sv\/projekt\/#breadcrumb\",\"itemListElement\":[{\"@type\":\"ListItem\",\"position\":1,\"name\":\"Gustafs\",\"item\":\"https:\/\/gustafs.com\/sv\/\"},{\"@type\":\"ListItem\",\"position\":2,\"name\":\"Projekt\"}]},{\"@type\":\"WebSite\",\"@id\":\"https:\/\/gustafs.com\/sv\/#website\",\"url\":\"https:\/\/gustafs.com\/sv\/\",\"name\":\"Gustafs Scandinavia\",\"description\":\"Exclusive Wooden Panels And Acoustic Panels\",\"potentialAction\":[{\"@type\":\"SearchAction\",\"target\":{\"@type\":\"EntryPoint\",\"urlTemplate\":\"https:\/\/gustafs.com\/sv\/?s={search_term_string}\"},\"query-input\":{\"@type\":\"PropertyValueSpecification\",\"valueRequired\":true,\"valueName\":\"search_term_string\"}}],\"inLanguage\":\"sv-SE\"}]}<\/script>\n<!-- \/ Yoast SEO plugin. -->","yoast_head_json":{"title":"Gustafs projekt - l\u00e5t dig inspireras | Gustafs Scandinavia","description":"Hitta inspiration till ditt n\u00e4sta projekt. Skapa fantastiska inredningar med v\u00e5ra tr\u00e4paneler som g\u00f6r att m\u00e4nniskor trivs och k\u00e4nner harmoni.","robots":{"index":"index","follow":"follow","max-snippet":"max-snippet:-1","max-image-preview":"max-image-preview:large","max-video-preview":"max-video-preview:-1"},"canonical":"https:\/\/gustafs.com\/sv\/projekt\/","og_locale":"sv_SE","og_type":"article","og_title":"Gustafs projekt - l\u00e5t dig inspireras | Gustafs Scandinavia","og_description":"Hitta inspiration till ditt n\u00e4sta projekt. Skapa fantastiska inredningar med v\u00e5ra tr\u00e4paneler som g\u00f6r att m\u00e4nniskor trivs och k\u00e4nner harmoni.","og_url":"https:\/\/gustafs.com\/sv\/projekt\/","og_site_name":"Gustafs Scandinavia","article_modified_time":"2024-03-25T07:29:45+00:00","twitter_card":"summary_large_image","schema":{"@context":"https:\/\/schema.org","@graph":[{"@type":"WebPage","@id":"https:\/\/gustafs.com\/sv\/projekt\/","url":"https:\/\/gustafs.com\/sv\/projekt\/","name":"Gustafs projekt - l\u00e5t dig inspireras | Gustafs Scandinavia","isPartOf":{"@id":"https:\/\/gustafs.com\/sv\/#website"},"datePublished":"2021-12-09T10:55:25+00:00","dateModified":"2024-03-25T07:29:45+00:00","description":"Hitta inspiration till ditt n\u00e4sta projekt. Skapa fantastiska inredningar med v\u00e5ra tr\u00e4paneler som g\u00f6r att m\u00e4nniskor trivs och k\u00e4nner harmoni.","breadcrumb":{"@id":"https:\/\/gustafs.com\/sv\/projekt\/#breadcrumb"},"inLanguage":"sv-SE","potentialAction":[{"@type":"ReadAction","target":["https:\/\/gustafs.com\/sv\/projekt\/"]}]},{"@type":"BreadcrumbList","@id":"https:\/\/gustafs.com\/sv\/projekt\/#breadcrumb","itemListElement":[{"@type":"ListItem","position":1,"name":"Gustafs","item":"https:\/\/gustafs.com\/sv\/"},{"@type":"ListItem","position":2,"name":"Projekt"}]},{"@type":"WebSite","@id":"https:\/\/gustafs.com\/sv\/#website","url":"https:\/\/gustafs.com\/sv\/","name":"Gustafs Scandinavia","description":"Exclusive Wooden Panels And Acoustic Panels","potentialAction":[{"@type":"SearchAction","target":{"@type":"EntryPoint","urlTemplate":"https:\/\/gustafs.com\/sv\/?s={search_term_string}"},"query-input":{"@type":"PropertyValueSpecification","valueRequired":true,"valueName":"search_term_string"}}],"inLanguage":"sv-SE"}]}},"_links":{"self":[{"href":"https:\/\/gustafs.com\/sv\/wp-json\/wp\/v2\/pages\/8525","targetHints":{"allow":["GET"]}}],"collection":[{"href":"https:\/\/gustafs.com\/sv\/wp-json\/wp\/v2\/pages"}],"about":[{"href":"https:\/\/gustafs.com\/sv\/wp-json\/wp\/v2\/types\/page"}],"author":[{"embeddable":true,"href":"https:\/\/gustafs.com\/sv\/wp-json\/wp\/v2\/users\/10"}],"replies":[{"embeddable":true,"href":"https:\/\/gustafs.com\/sv\/wp-json\/wp\/v2\/comments?post=8525"}],"version-history":[{"count":18,"href":"https:\/\/gustafs.com\/sv\/wp-json\/wp\/v2\/pages\/8525\/revisions"}],"predecessor-version":[{"id":22688,"href":"https:\/\/gustafs.com\/sv\/wp-json\/wp\/v2\/pages\/8525\/revisions\/22688"}],"wp:attachment":[{"href":"https:\/\/gustafs.com\/sv\/wp-json\/wp\/v2\/media?parent=8525"}],"curies":[{"name":"wp","href":"https:\/\/api.w.org\/{rel}","templated":true}]}}