{"id":79427,"date":"2025-11-25T14:21:05","date_gmt":"2025-11-25T13:21:05","guid":{"rendered":"https:\/\/gustafs.com\/?page_id=79427"},"modified":"2025-12-08T16:01:27","modified_gmt":"2025-12-08T15:01:27","slug":"katten-gustafs","status":"publish","type":"page","link":"https:\/\/gustafs.com\/sv\/katten-gustafs\/","title":{"rendered":"Katten Gustafs"},"content":{"rendered":"\n<section class=\"image-plus-text\">\n    <div class=\"container\">\n        <div class=\"row\">\n            \n            <div class=\"col-md-6 col-left col-video\">\n                                                                                                <div class=\"video\">\n                        <video autoplay muted playsinline loop>\n                            <source src=\"https:\/\/gustafs.com\/wp-content\/uploads\/2025\/11\/rityta-4-1.mp4\" type=\"video\/mp4\">\n                            Your browser does not support the video tag.\n                        <\/video>\n                    <\/div>\n                                                    <div class=\"content-wrapper\">\n                                    <\/div>              \n            <\/div>\n            \n            <div class=\"col-md-6 col-right col-text\">\n                                <div class=\"content-wrapper\">\n                                                                    <div class=\"title\">GOD JUL<\/div>\n                                                <div class=\"content\">\n                                                        <div class=\"text font-13px\"><h1>M\u00f6t Katten Gustafs<\/h1>\n<p>Under \u00e5ret har Katten Gustafs f\u00f6r\u00f6kat sig. Ingen vet riktigt hur det gick till \u2013 kanske trivs han extra bra i kreativa milj\u00f6er, kanske blir han fler varje g\u00e5ng n\u00e5gon har en riktigt bra id\u00e9.<br \/>\nKlart \u00e4r i alla fall att han nu blivit m\u00e5nga.<br \/>\nM\u00e5nga fler \u00e4n v\u00e5r fabrik kan husera.<\/p>\n<p>S\u00e5 inf\u00f6r Lucia g\u00f6r de det som alla kloka katter g\u00f6r: de s\u00f6ker sig dit ljuset och kreativiteten \u00e4r som starkast.<br \/>\nLussekatterna har b\u00f6rjat flytta ut. De s\u00f6ker nya hem, nya skrivbord att vaka \u00f6ver, nya rum att ge lite lugn.<br \/>\nKanske har en av dem valt just dig?<\/p>\n<p><img decoding=\"async\" class=\"\" src=\"https:\/\/gustafs.com\/wp-content\/uploads\/2025\/12\/katta-mjau.svg\" alt=\"katt\" width=\"200\" height=\"\" \/><\/p>\n<h3>Gustafs nya hem<\/h3>\n<p>Och n\u00e4r han v\u00e4l hittat hem till dig \u2013 visa oss g\u00e4rna var han slagit sig ner. <a href=\"mailto:jessika.nordin@gustafs.com\">Skicka en bild<\/a> till oss eller dela en bild med #KattenGustafs p\u00e5 instagram s\u00e5 vi ser att han har det bra.<\/p>\n<p>Vi f\u00f6ljer hans resa med stort n\u00f6je.<\/p>\n<p style=\"font-size: 18px;\">God jul och ett stillsamt, inspirerande nytt \u00e5r \u2013 fr\u00e5n oss p\u00e5 Gustafs<\/p>\n<\/div>\n                                                                                <\/div>\n                                    <\/div>              \n            <\/div>\n            \n        <\/div>\n    <\/div>\n<\/section>\n\n\n\n<section class=\"image-plus-text-left-right has-left-column has-right-column\">\n    <div class=\"container\">\n        <div class=\"row\">\n            \n            <div class=\"col-md-6 col-left\">\n                                <div class=\"image \">\n                    <img decoding=\"async\" src=\"https:\/\/gustafs.com\/wp-content\/uploads\/2025\/12\/katta-mjau.svg\" alt=\"\" srcset=\"\">\n                <\/div>\n                                                                <div class=\"content-wrapper\">\n                    <div class=\"title\"><\/div>\n                    <div class=\"content\">\n                                                <div class=\"text font-13px\"><p><a class=\"button\" href=\"https:\/\/gustafs.com\/sv\/produkt-kategori\/feltfon\/\">FELTFON-PRODUKTER<\/a><br \/>\n<a class=\"button\" href=\"https:\/\/gustafs.com\/sv\/knowledge-hub\/ytor\/akustikfilt\/\">FILTF\u00c4RGER<\/a><br \/>\n<a class=\"button\" href=\"https:\/\/webshop.gustafs.com\/samples\/\">BEST\u00c4LL PROVER<\/a><br \/>\n<a class=\"button\" href=\"https:\/\/gustafs.com\/sv\/kontakt\/\">KONTAKTA OSS<\/a><br \/>\n<\/tr>\n<\/tbody>\n<\/table>\n<\/div>\n                                             \n                                            <\/div>\n                <\/div>                  \n            <\/div>\n            \n            <div class=\"col-md-6 col-right\">\n                                                                <div class=\"video\">\n                    <video autoplay muted playsinline loop>\n                        <source src=\"https:\/\/gustafs.com\/wp-content\/uploads\/2025\/11\/2.mp4\" type=\"video\/mp4\">\n                        Your browser does not support the video tag.\n                    <\/video>\n                <\/div>\n                                <div class=\"content-wrapper\">\n                    <div class=\"title\">BLI KATTFADDER<\/div>\n                    <div class=\"content\">\n                                                <div class=\"text font-13px\"><h4>Vill du bli kattfadder?<\/h4>\n<p>Fick du ingen katt i posten och vill bli kattfadder? H\u00e4r nedan kan du best\u00e4lla en egen katt att ta hand om. Katten Gustafs \u00e4r tillverkad av samma Acoustexfilt som v\u00e5ra Feltfon-produkter. <a href=\"https:\/\/gustafs.com\/sv\/knowledge-hub\/ytor\/akustikfilt\/\">H\u00e4r kan du se de nya filtf\u00e4rgerna f\u00f6r 2026 &gt;&gt;<\/a><\/p>\n<a href=\"#modal\" class=\"\">JAG VILL BLI KATTFADDER!<\/a>\n\n<div class=\"modal\">\n    <h5>KATTEN GUSTAFS<\/h5>\n    <br \/>\n<!-- SharpSpring Form for Katten Gustafs --><br \/>\n<script type=\"text\/javascript\">\n    var ss_form = {'account': 'MzawMLEwsTSwAAA', 'formID': 'SzazSDJJNTHUTTQwTNM1MUw10U0yMU7STUo0NkxKMTBMTTJNAwA'};\n    ss_form.width = '100%';\n    ss_form.domain = 'app-3QNO6NBLL8.marketingautomation.services';\n    \/\/ ss_form.hidden = {'field_id': 'value'}; \/\/ Modify this for sending hidden variables, or overriding values\n    \/\/ ss_form.target_id = 'target'; \/\/ Optional parameter: forms will be placed inside the element with the specified id\n    \/\/ ss_form.polling = true; \/\/ Optional parameter: set to true ONLY if your page loads dynamically and the id needs to be polled continually.\n<\/script><br \/>\n<script type=\"text\/javascript\" src=\"https:\/\/koi-3QNO6NBLL8.marketingautomation.services\/client\/form.js?ver=2.0.1\"><\/script><br \/>\n<\/div>\n\n<div class=\"modal-overlay\"><\/div>\n\n<\/div>\n                                             \n                                                <ul class=\"links\">\n                                                                                    <li><a href=\"\" target=\"_self\"><\/a><\/li>\n                                                    <\/ul>\n                                            <\/div>\n                <\/div>              \n            <\/div>\n            \n        <\/div>\n    <\/div>\n<\/section>\n\n\n\n<hr class=\"wp-block-separator has-text-color has-secondary-color has-alpha-channel-opacity has-secondary-background-color has-background\"\/>\n\n\n\n<p><\/p>\n\n\n\n<h2 class=\"wp-block-heading\">S\u00e5 h\u00e4r viker du ihop katten Gustafs \u2013 steg f\u00f6r steg<\/h2>\n\n\n\n<p>Vik ihop din Katten Gustafs, l\u00e5t honom flytta in och ge honom en plats d\u00e4r id\u00e9er f\u00f6ds.<br>&nbsp;<\/p>\n\n\n\r\n<section class=\"large-media\">\r\n        <div class=\"image\"><img decoding=\"async\" src=\"https:\/\/gustafs.com\/wp-content\/uploads\/2025\/12\/kg-5-svart.gif\" alt=\"\"><\/div>\r\n         <\/section>\r\n\n\n\n<div class=\"wp-block-columns is-layout-flex wp-container-core-columns-is-layout-9d6595d7 wp-block-columns-is-layout-flex\">\n<div class=\"wp-block-column is-layout-flow wp-block-column-is-layout-flow\"><\/div>\n\n\n\n<div class=\"wp-block-column is-layout-flow wp-block-column-is-layout-flow\"><\/div>\n\n\n\n<div class=\"wp-block-column is-layout-flow wp-block-column-is-layout-flow\"><\/div>\n<\/div>\n","protected":false},"excerpt":{"rendered":"<p>S\u00e5 h\u00e4r viker du ihop katten Gustafs \u2013 steg f\u00f6r steg Vik ihop din Katten Gustafs, l\u00e5t honom flytta in och ge honom en plats d\u00e4r id\u00e9er f\u00f6ds.&nbsp;<\/p>\n","protected":false},"author":5,"featured_media":0,"parent":0,"menu_order":0,"comment_status":"closed","ping_status":"closed","template":"","meta":{"_acf_changed":false,"inline_featured_image":false,"footnotes":""},"class_list":["post-79427","page","type-page","status-publish","hentry"],"acf":[],"yoast_head":"<!-- This site is optimized with the Yoast SEO plugin v25.4 - https:\/\/yoast.com\/wordpress\/plugins\/seo\/ -->\n<title>Katten Gustafs | Gustafs Scandinavia<\/title>\n<meta name=\"robots\" content=\"index, follow, max-snippet:-1, max-image-preview:large, max-video-preview:-1\" \/>\n<link rel=\"canonical\" href=\"https:\/\/gustafs.com\/sv\/katten-gustafs\/\" \/>\n<meta property=\"og:locale\" content=\"sv_SE\" \/>\n<meta property=\"og:type\" content=\"article\" \/>\n<meta property=\"og:title\" content=\"Katten Gustafs | Gustafs Scandinavia\" \/>\n<meta property=\"og:description\" content=\"S\u00e5 h\u00e4r viker du ihop katten Gustafs \u2013 steg f\u00f6r steg Vik ihop din Katten Gustafs, l\u00e5t honom flytta in och ge honom en plats d\u00e4r id\u00e9er f\u00f6ds.&nbsp;\" \/>\n<meta property=\"og:url\" content=\"https:\/\/gustafs.com\/sv\/katten-gustafs\/\" \/>\n<meta property=\"og:site_name\" content=\"Gustafs Scandinavia\" \/>\n<meta property=\"article:modified_time\" content=\"2025-12-08T15:01:27+00:00\" \/>\n<meta name=\"twitter:card\" content=\"summary_large_image\" \/>\n<meta name=\"twitter:label1\" content=\"Ber\u00e4knad l\u00e4stid\" \/>\n\t<meta name=\"twitter:data1\" content=\"1 minut\" \/>\n<script type=\"application\/ld+json\" class=\"yoast-schema-graph\">{\"@context\":\"https:\/\/schema.org\",\"@graph\":[{\"@type\":\"WebPage\",\"@id\":\"https:\/\/gustafs.com\/sv\/katten-gustafs\/\",\"url\":\"https:\/\/gustafs.com\/sv\/katten-gustafs\/\",\"name\":\"Katten Gustafs | Gustafs Scandinavia\",\"isPartOf\":{\"@id\":\"https:\/\/gustafs.com\/sv\/#website\"},\"datePublished\":\"2025-11-25T13:21:05+00:00\",\"dateModified\":\"2025-12-08T15:01:27+00:00\",\"breadcrumb\":{\"@id\":\"https:\/\/gustafs.com\/sv\/katten-gustafs\/#breadcrumb\"},\"inLanguage\":\"sv-SE\",\"potentialAction\":[{\"@type\":\"ReadAction\",\"target\":[\"https:\/\/gustafs.com\/sv\/katten-gustafs\/\"]}]},{\"@type\":\"BreadcrumbList\",\"@id\":\"https:\/\/gustafs.com\/sv\/katten-gustafs\/#breadcrumb\",\"itemListElement\":[{\"@type\":\"ListItem\",\"position\":1,\"name\":\"Gustafs\",\"item\":\"https:\/\/gustafs.com\/sv\/\"},{\"@type\":\"ListItem\",\"position\":2,\"name\":\"Katten Gustafs\"}]},{\"@type\":\"WebSite\",\"@id\":\"https:\/\/gustafs.com\/sv\/#website\",\"url\":\"https:\/\/gustafs.com\/sv\/\",\"name\":\"Gustafs Scandinavia\",\"description\":\"Exclusive Wooden Panels And Acoustic Panels\",\"potentialAction\":[{\"@type\":\"SearchAction\",\"target\":{\"@type\":\"EntryPoint\",\"urlTemplate\":\"https:\/\/gustafs.com\/sv\/?s={search_term_string}\"},\"query-input\":{\"@type\":\"PropertyValueSpecification\",\"valueRequired\":true,\"valueName\":\"search_term_string\"}}],\"inLanguage\":\"sv-SE\"}]}<\/script>\n<!-- \/ Yoast SEO plugin. -->","yoast_head_json":{"title":"Katten Gustafs | Gustafs Scandinavia","robots":{"index":"index","follow":"follow","max-snippet":"max-snippet:-1","max-image-preview":"max-image-preview:large","max-video-preview":"max-video-preview:-1"},"canonical":"https:\/\/gustafs.com\/sv\/katten-gustafs\/","og_locale":"sv_SE","og_type":"article","og_title":"Katten Gustafs | Gustafs Scandinavia","og_description":"S\u00e5 h\u00e4r viker du ihop katten Gustafs \u2013 steg f\u00f6r steg Vik ihop din Katten Gustafs, l\u00e5t honom flytta in och ge honom en plats d\u00e4r id\u00e9er f\u00f6ds.&nbsp;","og_url":"https:\/\/gustafs.com\/sv\/katten-gustafs\/","og_site_name":"Gustafs Scandinavia","article_modified_time":"2025-12-08T15:01:27+00:00","twitter_card":"summary_large_image","twitter_misc":{"Ber\u00e4knad l\u00e4stid":"1 minut"},"schema":{"@context":"https:\/\/schema.org","@graph":[{"@type":"WebPage","@id":"https:\/\/gustafs.com\/sv\/katten-gustafs\/","url":"https:\/\/gustafs.com\/sv\/katten-gustafs\/","name":"Katten Gustafs | Gustafs Scandinavia","isPartOf":{"@id":"https:\/\/gustafs.com\/sv\/#website"},"datePublished":"2025-11-25T13:21:05+00:00","dateModified":"2025-12-08T15:01:27+00:00","breadcrumb":{"@id":"https:\/\/gustafs.com\/sv\/katten-gustafs\/#breadcrumb"},"inLanguage":"sv-SE","potentialAction":[{"@type":"ReadAction","target":["https:\/\/gustafs.com\/sv\/katten-gustafs\/"]}]},{"@type":"BreadcrumbList","@id":"https:\/\/gustafs.com\/sv\/katten-gustafs\/#breadcrumb","itemListElement":[{"@type":"ListItem","position":1,"name":"Gustafs","item":"https:\/\/gustafs.com\/sv\/"},{"@type":"ListItem","position":2,"name":"Katten Gustafs"}]},{"@type":"WebSite","@id":"https:\/\/gustafs.com\/sv\/#website","url":"https:\/\/gustafs.com\/sv\/","name":"Gustafs Scandinavia","description":"Exclusive Wooden Panels And Acoustic Panels","potentialAction":[{"@type":"SearchAction","target":{"@type":"EntryPoint","urlTemplate":"https:\/\/gustafs.com\/sv\/?s={search_term_string}"},"query-input":{"@type":"PropertyValueSpecification","valueRequired":true,"valueName":"search_term_string"}}],"inLanguage":"sv-SE"}]}},"_links":{"self":[{"href":"https:\/\/gustafs.com\/sv\/wp-json\/wp\/v2\/pages\/79427","targetHints":{"allow":["GET"]}}],"collection":[{"href":"https:\/\/gustafs.com\/sv\/wp-json\/wp\/v2\/pages"}],"about":[{"href":"https:\/\/gustafs.com\/sv\/wp-json\/wp\/v2\/types\/page"}],"author":[{"embeddable":true,"href":"https:\/\/gustafs.com\/sv\/wp-json\/wp\/v2\/users\/5"}],"replies":[{"embeddable":true,"href":"https:\/\/gustafs.com\/sv\/wp-json\/wp\/v2\/comments?post=79427"}],"version-history":[{"count":98,"href":"https:\/\/gustafs.com\/sv\/wp-json\/wp\/v2\/pages\/79427\/revisions"}],"predecessor-version":[{"id":80026,"href":"https:\/\/gustafs.com\/sv\/wp-json\/wp\/v2\/pages\/79427\/revisions\/80026"}],"wp:attachment":[{"href":"https:\/\/gustafs.com\/sv\/wp-json\/wp\/v2\/media?parent=79427"}],"curies":[{"name":"wp","href":"https:\/\/api.w.org\/{rel}","templated":true}]}}