{"id":23696,"date":"2024-06-03T12:44:51","date_gmt":"2024-06-03T10:44:51","guid":{"rendered":"https:\/\/gustafs.com\/?page_id=23696"},"modified":"2025-02-12T08:48:11","modified_gmt":"2025-02-12T07:48:11","slug":"bestall-prover","status":"publish","type":"page","link":"https:\/\/gustafs.com\/sv\/kontakt\/bestall-prover\/","title":{"rendered":"Best\u00e4ll Prover"},"content":{"rendered":"\n<h1 class=\"wp-block-heading\">Best\u00e4ll din Feltfon provl\u00e5da h\u00e4r<\/h1>\n\n\n\n<p>H\u00e4r kan du som \u00e4r arkitekt eller designer best\u00e4lla en gratis Feltfon provl\u00e5da till ditt projekt eller ert materialbibliotek. <br><\/p>\n\n\n\n<h5 class=\"wp-block-heading\">L\u00e5dan inneh\u00e5ller:<\/h5>\n\n\n\n<p>15 olika f\u00e4rg swatches<br>1 Capax montageprofil<br>2 Feltfon ribbor<\/p>\n\n\n\n<p>Fyll i adress och f\u00f6retag s\u00e5 skickar vi en provl\u00e5da f\u00f6r Feltfon -sortimentet i v\u00e5rt egna Acoustex filtmaterial.<\/p>\n\n\n\n<p><\/p>\n\n\n\n<section class=\"image-plus-text\">\n    <div class=\"container\">\n        <div class=\"row\">\n            \n            <div class=\"col-md-6 col-left col-image\">\n                                                        <div class=\"image \">\n                        <img decoding=\"async\"\n                            src=\"https:\/\/gustafs.com\/wp-content\/uploads\/2024\/06\/5-645x810.jpg\"\n                            alt=\"\"\n                            srcset=\"https:\/\/gustafs.com\/wp-content\/uploads\/2024\/06\/5-240x300.jpg 240w, https:\/\/gustafs.com\/wp-content\/uploads\/2024\/06\/5-818x1024.jpg 818w, https:\/\/gustafs.com\/wp-content\/uploads\/2024\/06\/5-768x962.jpg 768w, https:\/\/gustafs.com\/wp-content\/uploads\/2024\/06\/5-720x900.jpg 720w, https:\/\/gustafs.com\/wp-content\/uploads\/2024\/06\/5-645x810.jpg 645w, https:\/\/gustafs.com\/wp-content\/uploads\/2024\/06\/5-380x475.jpg 380w, https:\/\/gustafs.com\/wp-content\/uploads\/2024\/06\/5-845x1058.jpg 845w, https:\/\/gustafs.com\/wp-content\/uploads\/2024\/06\/5-635x795.jpg 635w, https:\/\/gustafs.com\/wp-content\/uploads\/2024\/06\/5-575x720.jpg 575w, https:\/\/gustafs.com\/wp-content\/uploads\/2024\/06\/5-485x607.jpg 485w, https:\/\/gustafs.com\/wp-content\/uploads\/2024\/06\/5-970x1215.jpg 970w, https:\/\/gustafs.com\/wp-content\/uploads\/2024\/06\/5-435x545.jpg 435w, https:\/\/gustafs.com\/wp-content\/uploads\/2024\/06\/5-870x1090.jpg 870w, https:\/\/gustafs.com\/wp-content\/uploads\/2024\/06\/5-415x520.jpg 415w, https:\/\/gustafs.com\/wp-content\/uploads\/2024\/06\/5-830x1040.jpg 830w, https:\/\/gustafs.com\/wp-content\/uploads\/2024\/06\/5-395x495.jpg 395w, https:\/\/gustafs.com\/wp-content\/uploads\/2024\/06\/5-790x989.jpg 790w, https:\/\/gustafs.com\/wp-content\/uploads\/2024\/06\/5-363x455.jpg 363w, https:\/\/gustafs.com\/wp-content\/uploads\/2024\/06\/5-726x909.jpg 726w, https:\/\/gustafs.com\/wp-content\/uploads\/2024\/06\/5-275x344.jpg 275w, https:\/\/gustafs.com\/wp-content\/uploads\/2024\/06\/5-550x689.jpg 550w, https:\/\/gustafs.com\/wp-content\/uploads\/2024\/06\/5-273x342.jpg 273w, https:\/\/gustafs.com\/wp-content\/uploads\/2024\/06\/5-546x684.jpg 546w, https:\/\/gustafs.com\/wp-content\/uploads\/2024\/06\/5-183x229.jpg 183w, https:\/\/gustafs.com\/wp-content\/uploads\/2024\/06\/5-366x458.jpg 366w, https:\/\/gustafs.com\/wp-content\/uploads\/2024\/06\/5-113x142.jpg 113w, https:\/\/gustafs.com\/wp-content\/uploads\/2024\/06\/5-226x283.jpg 226w, https:\/\/gustafs.com\/wp-content\/uploads\/2024\/06\/5.jpg 1030w\"\n                            sizes=\"\n                                                        (min-width: 1440px) 635px,\n                            (min-width: 1400px) 575px,\n                            (min-width: 1200px) 485px,\n                            (min-width: 992px) 395px,\n                            (min-width: 768px) 275px,\n                            100vw\n                                                        \"\n                        >\n                    <\/div>\n                                                                                            <div class=\"content-wrapper\">\n                                    <\/div>              \n            <\/div>\n            \n            <div class=\"col-md-6 col-right col-text\">\n                                <div class=\"content-wrapper\">\n                                                                    <div class=\"title\">BEST\u00c4LL<\/div>\n                                                <div class=\"content\">\n                                                        <div class=\"text font-13px\"><p>P\u00e5 <a href=\"https:\/\/webshop.gustafs.com\/samples\/\">Gustafs Webshop<\/a> kan du best\u00e4lla probl\u00e5dan samt \u00e4ven hitta mock ups p\u00e5 v\u00e5ra modeller.<\/p>\n<\/div>\n                                                                                    <ul class=\"links\">\n                                                                                                <li><a href=\"\" target=\"_self\"><\/a><\/li>\n                                                            <\/ul>\n                                                    <\/div>\n                                    <\/div>              \n            <\/div>\n            \n        <\/div>\n    <\/div>\n<\/section>\n","protected":false},"excerpt":{"rendered":"<p>Best\u00e4ll din Feltfon provl\u00e5da h\u00e4r H\u00e4r kan du som \u00e4r arkitekt eller designer best\u00e4lla en gratis Feltfon provl\u00e5da till ditt projekt eller ert materialbibliotek. L\u00e5dan inneh\u00e5ller: 15 olika f\u00e4rg swatches1 Capax montageprofil2 Feltfon ribbor Fyll i adress och f\u00f6retag s\u00e5 skickar vi en provl\u00e5da f\u00f6r Feltfon -sortimentet i v\u00e5rt egna Acoustex filtmaterial.<\/p>\n","protected":false},"author":5,"featured_media":0,"parent":13028,"menu_order":0,"comment_status":"closed","ping_status":"closed","template":"","meta":{"_acf_changed":false,"inline_featured_image":false,"footnotes":""},"class_list":["post-23696","page","type-page","status-publish","hentry"],"acf":[],"yoast_head":"<!-- This site is optimized with the Yoast SEO plugin v25.4 - https:\/\/yoast.com\/wordpress\/plugins\/seo\/ -->\n<title>Best\u00e4ll Prover | Gustafs Scandinavia<\/title>\n<meta name=\"robots\" content=\"index, follow, max-snippet:-1, max-image-preview:large, max-video-preview:-1\" \/>\n<link rel=\"canonical\" href=\"https:\/\/gustafs.com\/sv\/kontakt\/bestall-prover\/\" \/>\n<meta property=\"og:locale\" content=\"sv_SE\" \/>\n<meta property=\"og:type\" content=\"article\" \/>\n<meta property=\"og:title\" content=\"Best\u00e4ll Prover | Gustafs Scandinavia\" \/>\n<meta property=\"og:description\" content=\"Best\u00e4ll din Feltfon provl\u00e5da h\u00e4r H\u00e4r kan du som \u00e4r arkitekt eller designer best\u00e4lla en gratis Feltfon provl\u00e5da till ditt projekt eller ert materialbibliotek. L\u00e5dan inneh\u00e5ller: 15 olika f\u00e4rg swatches1 Capax montageprofil2 Feltfon ribbor Fyll i adress och f\u00f6retag s\u00e5 skickar vi en provl\u00e5da f\u00f6r Feltfon -sortimentet i v\u00e5rt egna Acoustex filtmaterial.\" \/>\n<meta property=\"og:url\" content=\"https:\/\/gustafs.com\/sv\/kontakt\/bestall-prover\/\" \/>\n<meta property=\"og:site_name\" content=\"Gustafs Scandinavia\" \/>\n<meta property=\"article:modified_time\" content=\"2025-02-12T07:48:11+00:00\" \/>\n<meta name=\"twitter:card\" content=\"summary_large_image\" \/>\n<meta name=\"twitter:label1\" content=\"Ber\u00e4knad l\u00e4stid\" \/>\n\t<meta name=\"twitter:data1\" content=\"1 minut\" \/>\n<script type=\"application\/ld+json\" class=\"yoast-schema-graph\">{\"@context\":\"https:\/\/schema.org\",\"@graph\":[{\"@type\":\"WebPage\",\"@id\":\"https:\/\/gustafs.com\/sv\/kontakt\/bestall-prover\/\",\"url\":\"https:\/\/gustafs.com\/sv\/kontakt\/bestall-prover\/\",\"name\":\"Best\u00e4ll Prover | Gustafs Scandinavia\",\"isPartOf\":{\"@id\":\"https:\/\/gustafs.com\/sv\/#website\"},\"datePublished\":\"2024-06-03T10:44:51+00:00\",\"dateModified\":\"2025-02-12T07:48:11+00:00\",\"breadcrumb\":{\"@id\":\"https:\/\/gustafs.com\/sv\/kontakt\/bestall-prover\/#breadcrumb\"},\"inLanguage\":\"sv-SE\",\"potentialAction\":[{\"@type\":\"ReadAction\",\"target\":[\"https:\/\/gustafs.com\/sv\/kontakt\/bestall-prover\/\"]}]},{\"@type\":\"BreadcrumbList\",\"@id\":\"https:\/\/gustafs.com\/sv\/kontakt\/bestall-prover\/#breadcrumb\",\"itemListElement\":[{\"@type\":\"ListItem\",\"position\":1,\"name\":\"Gustafs\",\"item\":\"https:\/\/gustafs.com\/sv\/\"},{\"@type\":\"ListItem\",\"position\":2,\"name\":\"Kontakt\",\"item\":\"https:\/\/gustafs.com\/sv\/kontakt\/\"},{\"@type\":\"ListItem\",\"position\":3,\"name\":\"Best\u00e4ll Prover\"}]},{\"@type\":\"WebSite\",\"@id\":\"https:\/\/gustafs.com\/sv\/#website\",\"url\":\"https:\/\/gustafs.com\/sv\/\",\"name\":\"Gustafs Scandinavia\",\"description\":\"Exclusive Wooden Panels And Acoustic Panels\",\"potentialAction\":[{\"@type\":\"SearchAction\",\"target\":{\"@type\":\"EntryPoint\",\"urlTemplate\":\"https:\/\/gustafs.com\/sv\/?s={search_term_string}\"},\"query-input\":{\"@type\":\"PropertyValueSpecification\",\"valueRequired\":true,\"valueName\":\"search_term_string\"}}],\"inLanguage\":\"sv-SE\"}]}<\/script>\n<!-- \/ Yoast SEO plugin. -->","yoast_head_json":{"title":"Best\u00e4ll Prover | Gustafs Scandinavia","robots":{"index":"index","follow":"follow","max-snippet":"max-snippet:-1","max-image-preview":"max-image-preview:large","max-video-preview":"max-video-preview:-1"},"canonical":"https:\/\/gustafs.com\/sv\/kontakt\/bestall-prover\/","og_locale":"sv_SE","og_type":"article","og_title":"Best\u00e4ll Prover | Gustafs Scandinavia","og_description":"Best\u00e4ll din Feltfon provl\u00e5da h\u00e4r H\u00e4r kan du som \u00e4r arkitekt eller designer best\u00e4lla en gratis Feltfon provl\u00e5da till ditt projekt eller ert materialbibliotek. L\u00e5dan inneh\u00e5ller: 15 olika f\u00e4rg swatches1 Capax montageprofil2 Feltfon ribbor Fyll i adress och f\u00f6retag s\u00e5 skickar vi en provl\u00e5da f\u00f6r Feltfon -sortimentet i v\u00e5rt egna Acoustex filtmaterial.","og_url":"https:\/\/gustafs.com\/sv\/kontakt\/bestall-prover\/","og_site_name":"Gustafs Scandinavia","article_modified_time":"2025-02-12T07:48:11+00:00","twitter_card":"summary_large_image","twitter_misc":{"Ber\u00e4knad l\u00e4stid":"1 minut"},"schema":{"@context":"https:\/\/schema.org","@graph":[{"@type":"WebPage","@id":"https:\/\/gustafs.com\/sv\/kontakt\/bestall-prover\/","url":"https:\/\/gustafs.com\/sv\/kontakt\/bestall-prover\/","name":"Best\u00e4ll Prover | Gustafs Scandinavia","isPartOf":{"@id":"https:\/\/gustafs.com\/sv\/#website"},"datePublished":"2024-06-03T10:44:51+00:00","dateModified":"2025-02-12T07:48:11+00:00","breadcrumb":{"@id":"https:\/\/gustafs.com\/sv\/kontakt\/bestall-prover\/#breadcrumb"},"inLanguage":"sv-SE","potentialAction":[{"@type":"ReadAction","target":["https:\/\/gustafs.com\/sv\/kontakt\/bestall-prover\/"]}]},{"@type":"BreadcrumbList","@id":"https:\/\/gustafs.com\/sv\/kontakt\/bestall-prover\/#breadcrumb","itemListElement":[{"@type":"ListItem","position":1,"name":"Gustafs","item":"https:\/\/gustafs.com\/sv\/"},{"@type":"ListItem","position":2,"name":"Kontakt","item":"https:\/\/gustafs.com\/sv\/kontakt\/"},{"@type":"ListItem","position":3,"name":"Best\u00e4ll Prover"}]},{"@type":"WebSite","@id":"https:\/\/gustafs.com\/sv\/#website","url":"https:\/\/gustafs.com\/sv\/","name":"Gustafs Scandinavia","description":"Exclusive Wooden Panels And Acoustic Panels","potentialAction":[{"@type":"SearchAction","target":{"@type":"EntryPoint","urlTemplate":"https:\/\/gustafs.com\/sv\/?s={search_term_string}"},"query-input":{"@type":"PropertyValueSpecification","valueRequired":true,"valueName":"search_term_string"}}],"inLanguage":"sv-SE"}]}},"_links":{"self":[{"href":"https:\/\/gustafs.com\/sv\/wp-json\/wp\/v2\/pages\/23696","targetHints":{"allow":["GET"]}}],"collection":[{"href":"https:\/\/gustafs.com\/sv\/wp-json\/wp\/v2\/pages"}],"about":[{"href":"https:\/\/gustafs.com\/sv\/wp-json\/wp\/v2\/types\/page"}],"author":[{"embeddable":true,"href":"https:\/\/gustafs.com\/sv\/wp-json\/wp\/v2\/users\/5"}],"replies":[{"embeddable":true,"href":"https:\/\/gustafs.com\/sv\/wp-json\/wp\/v2\/comments?post=23696"}],"version-history":[{"count":40,"href":"https:\/\/gustafs.com\/sv\/wp-json\/wp\/v2\/pages\/23696\/revisions"}],"predecessor-version":[{"id":25214,"href":"https:\/\/gustafs.com\/sv\/wp-json\/wp\/v2\/pages\/23696\/revisions\/25214"}],"up":[{"embeddable":true,"href":"https:\/\/gustafs.com\/sv\/wp-json\/wp\/v2\/pages\/13028"}],"wp:attachment":[{"href":"https:\/\/gustafs.com\/sv\/wp-json\/wp\/v2\/media?parent=23696"}],"curies":[{"name":"wp","href":"https:\/\/api.w.org\/{rel}","templated":true}]}}