{"id":13028,"date":"2022-11-07T12:52:57","date_gmt":"2022-11-07T12:52:57","guid":{"rendered":"https:\/\/gustafs.com\/?page_id=13028"},"modified":"2024-11-14T10:44:49","modified_gmt":"2024-11-14T09:44:49","slug":"kontakt","status":"publish","type":"page","link":"https:\/\/gustafs.com\/sv\/kontakt\/","title":{"rendered":"Kontakt"},"content":{"rendered":"\n<div style=\"height:34px\" aria-hidden=\"true\" class=\"wp-block-spacer\"><\/div>\n\n\n\r\n<section class=\"hero small\">\r\n<div class=\"swiper swiper-hero swiper-hero-autoplay\" >\r\n\t\r\n        <div class=\"swiper-wrapper\">\r\n                                    <div class=\"swiper-slide has-image\">\r\n\r\n                                <div class=\"image\" style=\"background-image:url(https:\/\/gustafs.com\/wp-content\/uploads\/2022\/10\/hero-lund-scaled.jpg)\"><\/div>\r\n                <div class=\"image responsive\" style=\"background-image:url(https:\/\/gustafs.com\/wp-content\/uploads\/2022\/10\/hero-lund-720x900.jpg)\"><\/div>\r\n                \r\n                \r\n                                <div class=\"container\">\r\n                    <div class=\"content\">\r\n                        <h1>Hej Hur kan vi hj\u00e4lpa dig?<\/h1>\n                    <\/div>\r\n                <\/div>\r\n                \r\n            <\/div>\r\n                    <\/div>\r\n        <div class=\"container\"><div class=\"swiper-pagination\"><\/div><\/div>\r\n    <\/div>\r\n<\/section>\r\n\n\n\n<p><\/p>\n\n\n\n<section class=\"image-plus-text-left-right has-left-column has-right-column\">\n    <div class=\"container\">\n        <div class=\"row\">\n            \n            <div class=\"col-md-6 col-left\">\n                                <div class=\"image \">\n                    <img decoding=\"async\" src=\"https:\/\/gustafs.com\/wp-content\/uploads\/2022\/05\/ash-timber-slats-380x475.jpg\" alt=\"\" srcset=\"https:\/\/gustafs.com\/wp-content\/uploads\/2022\/05\/ash-timber-slats-240x300.jpg 240w, https:\/\/gustafs.com\/wp-content\/uploads\/2022\/05\/ash-timber-slats-818x1024.jpg 818w, https:\/\/gustafs.com\/wp-content\/uploads\/2022\/05\/ash-timber-slats-768x962.jpg 768w, https:\/\/gustafs.com\/wp-content\/uploads\/2022\/05\/ash-timber-slats-720x900.jpg 720w, https:\/\/gustafs.com\/wp-content\/uploads\/2022\/05\/ash-timber-slats-645x810.jpg 645w, https:\/\/gustafs.com\/wp-content\/uploads\/2022\/05\/ash-timber-slats-380x475.jpg 380w, https:\/\/gustafs.com\/wp-content\/uploads\/2022\/05\/ash-timber-slats-845x1058.jpg 845w, https:\/\/gustafs.com\/wp-content\/uploads\/2022\/05\/ash-timber-slats-415x520.jpg 415w, https:\/\/gustafs.com\/wp-content\/uploads\/2022\/05\/ash-timber-slats-830x1040.jpg 830w, https:\/\/gustafs.com\/wp-content\/uploads\/2022\/05\/ash-timber-slats-363x455.jpg 363w, https:\/\/gustafs.com\/wp-content\/uploads\/2022\/05\/ash-timber-slats-726x909.jpg 726w, https:\/\/gustafs.com\/wp-content\/uploads\/2022\/05\/ash-timber-slats-273x342.jpg 273w, https:\/\/gustafs.com\/wp-content\/uploads\/2022\/05\/ash-timber-slats-546x684.jpg 546w, https:\/\/gustafs.com\/wp-content\/uploads\/2022\/05\/ash-timber-slats-183x229.jpg 183w, https:\/\/gustafs.com\/wp-content\/uploads\/2022\/05\/ash-timber-slats-366x458.jpg 366w, https:\/\/gustafs.com\/wp-content\/uploads\/2022\/05\/ash-timber-slats-113x142.jpg 113w, https:\/\/gustafs.com\/wp-content\/uploads\/2022\/05\/ash-timber-slats-226x283.jpg 226w, https:\/\/gustafs.com\/wp-content\/uploads\/2022\/05\/ash-timber-slats.jpg 1030w\">\n                <\/div>\n                                                                <div class=\"content-wrapper\">\n                    <div class=\"title\">EXPORT<\/div>\n                    <div class=\"content\">\n                                                <div class=\"text font-13px\"><h3>V\u00e5ra exportpartners<\/h3>\n<p>Gustafs exporterar tr\u00e4inredningar till hela v\u00e4rlden. G\u00e4ller din fr\u00e5ga inte Sverige? Kontakta v\u00e5ra \u00e5terf\u00f6rs\u00e4ljare i ditt land. Om ditt land saknas kan du alltid kontakta oss direkt.<\/p>\n<p><a class=\"button\" href=\"https:\/\/gustafs.com\/local-representatives\/asia\/\">ASIEN<\/a><br \/>\n<a class=\"button\" href=\"https:\/\/gustafs.com\/local-representatives\/europe\/\">EUROPA<\/a><br \/>\n<a class=\"button\" href=\"https:\/\/gustafs.com\/local-representatives\/middle-east\/\">MELLAN\u00d6STERN<\/a><br \/>\n<a class=\"button\" href=\"https:\/\/gustafs.com\/local-representatives\/north-america\/\">NORDAMERIKA<\/a><\/p>\n<\/div>\n                                             \n                                            <\/div>\n                <\/div>                  \n            <\/div>\n            \n            <div class=\"col-md-6 col-right\">\n                           \n                <div class=\"image \">\n                    <img decoding=\"async\" src=\"https:\/\/gustafs.com\/wp-content\/uploads\/2022\/09\/dalarna-gront-st-380x475.jpg\" alt=\"\" srcset=\"https:\/\/gustafs.com\/wp-content\/uploads\/2022\/09\/dalarna-gront-st-199x300.jpg 199w, https:\/\/gustafs.com\/wp-content\/uploads\/2022\/09\/dalarna-gront-st-435x657.jpg 435w, https:\/\/gustafs.com\/wp-content\/uploads\/2022\/09\/dalarna-gront-st-415x627.jpg 415w, https:\/\/gustafs.com\/wp-content\/uploads\/2022\/09\/dalarna-gront-st-395x597.jpg 395w, https:\/\/gustafs.com\/wp-content\/uploads\/2022\/09\/dalarna-gront-st-363x549.jpg 363w, https:\/\/gustafs.com\/wp-content\/uploads\/2022\/09\/dalarna-gront-st-275x416.jpg 275w, https:\/\/gustafs.com\/wp-content\/uploads\/2022\/09\/dalarna-gront-st-273x413.jpg 273w, https:\/\/gustafs.com\/wp-content\/uploads\/2022\/09\/dalarna-gront-st-183x277.jpg 183w, https:\/\/gustafs.com\/wp-content\/uploads\/2022\/09\/dalarna-gront-st-366x553.jpg 366w, https:\/\/gustafs.com\/wp-content\/uploads\/2022\/09\/dalarna-gront-st-113x171.jpg 113w, https:\/\/gustafs.com\/wp-content\/uploads\/2022\/09\/dalarna-gront-st-226x342.jpg 226w, https:\/\/gustafs.com\/wp-content\/uploads\/2022\/09\/dalarna-gront-st.jpg 450w\">\n                <\/div>\n                                                                <div class=\"content-wrapper\">\n                    <div class=\"title\">KONTAKTA OSS<\/div>\n                    <div class=\"content\">\n                                                <div class=\"text font-13px\"><h3>Kontakta Gustafs<\/h3>\n<p>Tveka inte att kontakta n\u00e5gon av v\u00e5ra experter om du har fr\u00e5gor eller funderingar om v\u00e5ra produkter eller f\u00f6retaget.<br \/>\nOm din fr\u00e5ga \u00e4r produktrelaterad? Bes\u00f6k g\u00e4rna v\u00e5r <a href=\"https:\/\/gustafs.com\/sv\/faq-frequently-asked-questions\/\">FAQ<\/a> sida.<\/p>\n<p><a class=\"button\" href=\"#sweden\">SVERIGE S\u00c4LJ &#038; PRODUKT<\/a><br \/>\n<a class=\"button\" href=\"https:\/\/content.gustafs.com\/kontakt-sales-export-temp\/\">EXPORT S\u00c4LJ \/ PROJEKTLEDNING<\/a><br \/>\n<a class=\"button\" href=\"#partner\">BLI EXPORTPARTNER<\/a><br \/>\n<a class=\"button\" href=\"#contact\">GUSTAFS \u00d6VRIGA \u00c4RENDEN<\/a><\/p>\n<\/div>\n                                             \n                                            <\/div>\n                <\/div>              \n            <\/div>\n            \n        <\/div>\n    <\/div>\n<\/section>\n\n\n\n<h2 class=\"wp-block-heading\"><\/h2>\n\n\n\n<a name=\"sweden\"><\/a>\n\n\n\n<h2 class=\"wp-block-heading\">Kontakta oss p\u00e5 Gustafs. F\u00f6rs\u00e4ljning Sverige \/ Projekt och Entreprenad<\/h2>\n\n\n\n<p>Produkt- pris eller offertfr\u00e5gor? Kontakta v\u00e5ra duktiga projektledare s\u00e5 hj\u00e4lper de dig g\u00e4rna.<\/p>\n\n\n\n<div class=\"wp-block-columns is-layout-flex wp-container-core-columns-is-layout-9d6595d7 wp-block-columns-is-layout-flex\">\n<div class=\"wp-block-column is-layout-flow wp-block-column-is-layout-flow\" style=\"flex-basis:30%\"><\/div>\n\n\n\n<div class=\"wp-block-column is-layout-flow wp-block-column-is-layout-flow\" style=\"flex-basis:80%\">\n<!-- SharpSpring Form for Contact sales - SE  -->\n<script type=\"text\/javascript\">\n    var ss_form = {'account': 'MzawMLEwsTSwAAA', 'formID': 'M05KTDNLNTbXNTM0sdQ1MTdI0U1KTDTUNTdOsUw0NjM0TkxNBQA'};\n    ss_form.width = '100%';\n    ss_form.domain = 'app-3QNO6NBLL8.marketingautomation.services';\n    \/\/ ss_form.hidden = {'field_id': 'value'}; \/\/ Modify this for sending hidden variables, or overriding values\n    \/\/ ss_form.target_id = 'target'; \/\/ Optional parameter: forms will be placed inside the element with the specified id\n    \/\/ ss_form.polling = true; \/\/ Optional parameter: set to true ONLY if your page loads dynamically and the id needs to be polled continually.\n<\/script>\n<script type=\"text\/javascript\" src=\"https:\/\/koi-3QNO6NBLL8.marketingautomation.services\/client\/form.js?ver=2.0.1\"><\/script>\n\nEller ring oss p\u00e5: 0243-79 20 20\n<\/div>\n\n\n\n<div class=\"wp-block-column is-layout-flow wp-block-column-is-layout-flow\" style=\"flex-basis:25%\">\n<p><\/p>\n<\/div>\n<\/div>\n\n\n\n\n\n<a name=\"contact\"><\/a>\n\n\n\n<div class=\"wp-block-media-text alignwide is-stacked-on-mobile is-vertically-aligned-center has-light-background-color has-background\" style=\"grid-template-columns:42% auto\"><figure class=\"wp-block-media-text__media\"><img loading=\"lazy\" decoding=\"async\" width=\"857\" height=\"1024\" src=\"https:\/\/gustafs.com\/wp-content\/uploads\/2022\/09\/bilden1-857x1024.jpg\" alt=\"\" class=\"wp-image-11360 size-large\" srcset=\"https:\/\/gustafs.com\/wp-content\/uploads\/2022\/09\/bilden1-857x1024.jpg 857w, https:\/\/gustafs.com\/wp-content\/uploads\/2022\/09\/bilden1-251x300.jpg 251w, https:\/\/gustafs.com\/wp-content\/uploads\/2022\/09\/bilden1-768x917.jpg 768w, https:\/\/gustafs.com\/wp-content\/uploads\/2022\/09\/bilden1-845x1009.jpg 845w, https:\/\/gustafs.com\/wp-content\/uploads\/2022\/09\/bilden1-635x758.jpg 635w, https:\/\/gustafs.com\/wp-content\/uploads\/2022\/09\/bilden1-575x687.jpg 575w, https:\/\/gustafs.com\/wp-content\/uploads\/2022\/09\/bilden1-485x579.jpg 485w, https:\/\/gustafs.com\/wp-content\/uploads\/2022\/09\/bilden1-970x1159.jpg 970w, https:\/\/gustafs.com\/wp-content\/uploads\/2022\/09\/bilden1-435x520.jpg 435w, https:\/\/gustafs.com\/wp-content\/uploads\/2022\/09\/bilden1-870x1039.jpg 870w, https:\/\/gustafs.com\/wp-content\/uploads\/2022\/09\/bilden1-415x496.jpg 415w, https:\/\/gustafs.com\/wp-content\/uploads\/2022\/09\/bilden1-830x991.jpg 830w, https:\/\/gustafs.com\/wp-content\/uploads\/2022\/09\/bilden1-395x472.jpg 395w, https:\/\/gustafs.com\/wp-content\/uploads\/2022\/09\/bilden1-790x944.jpg 790w, https:\/\/gustafs.com\/wp-content\/uploads\/2022\/09\/bilden1-363x434.jpg 363w, https:\/\/gustafs.com\/wp-content\/uploads\/2022\/09\/bilden1-726x867.jpg 726w, https:\/\/gustafs.com\/wp-content\/uploads\/2022\/09\/bilden1-275x328.jpg 275w, https:\/\/gustafs.com\/wp-content\/uploads\/2022\/09\/bilden1-550x657.jpg 550w, https:\/\/gustafs.com\/wp-content\/uploads\/2022\/09\/bilden1-273x326.jpg 273w, https:\/\/gustafs.com\/wp-content\/uploads\/2022\/09\/bilden1-546x652.jpg 546w, https:\/\/gustafs.com\/wp-content\/uploads\/2022\/09\/bilden1-183x219.jpg 183w, https:\/\/gustafs.com\/wp-content\/uploads\/2022\/09\/bilden1-366x437.jpg 366w, https:\/\/gustafs.com\/wp-content\/uploads\/2022\/09\/bilden1-113x135.jpg 113w, https:\/\/gustafs.com\/wp-content\/uploads\/2022\/09\/bilden1-226x270.jpg 226w, https:\/\/gustafs.com\/wp-content\/uploads\/2022\/09\/bilden1.jpg 1080w\" sizes=\"auto, (max-width: 857px) 100vw, 857px\" \/><\/figure><div class=\"wp-block-media-text__content\">\n<div class=\"wp-block-group is-layout-flow wp-block-group-is-layout-flow\" style=\"padding-top:2em;padding-right:2em;padding-bottom:2em;padding-left:2em\">\n<h3 class=\"wp-block-heading\" style=\"font-size:36px\">\u00d6vriga fr\u00e5gor<\/h3>\n\n\n\n<p><\/p>\n\n\n\n<!-- SharpSpring Form for 2.0 Kontakta Gustafs Multioptions  -->\n<script type=\"text\/javascript\">\n    var ss_form = {'account': 'MzawMLEwsTSwAAA', 'formID': 'MzEwNjY2NDTUtTBISdE1STYw0k1KTjPRNbEwM7CwNEw2MrQ0BAA'};\n    ss_form.width = '100%';\n    ss_form.domain = 'app-3QNO6NBLL8.marketingautomation.services';\n    \/\/ ss_form.hidden = {'field_id': 'value'}; \/\/ Modify this for sending hidden variables, or overriding values\n    \/\/ ss_form.target_id = 'target'; \/\/ Optional parameter: forms will be placed inside the element with the specified id\n    \/\/ ss_form.polling = true; \/\/ Optional parameter: set to true ONLY if your page loads dynamically and the id needs to be polled continually.\n<\/script>\n<script type=\"text\/javascript\" src=\"https:\/\/koi-3QNO6NBLL8.marketingautomation.services\/client\/form.js?ver=2.0.1\"><\/script>\n\n\n<a class=\"button\" href=\"\/sv\/faq-frequently-asked-questions\/\">FAQ<\/a>\n<\/div>\n<\/div><\/div>\n\n\n\n<div style=\"height:100px\" aria-hidden=\"true\" class=\"wp-block-spacer\"><\/div>\n\n\n\n<h3 class=\"wp-block-heading\"><\/h3>\n\n\n\n<div style=\"height:50px\" aria-hidden=\"true\" class=\"wp-block-spacer\"><\/div>\n\n\n\n<a name=\"export\"><\/a>\n\n\n\n<div style=\"height:100px\" aria-hidden=\"true\" class=\"wp-block-spacer\"><\/div>\n\n\n\n<h3 class=\"wp-block-heading\">Export <\/h3>\n\n\n\n<p>G\u00e4ller din fr\u00e5ga ett projekt utanf\u00f6r Sverige? Kontakta v\u00e5r Exports\u00e4lj h\u00e4r eller kontakta v\u00e5ra lokala representanter direkt. <br><a href=\"\/sv\/lokala-representanter\/\">Lokala representanter &gt;&gt;<\/a><\/p>\n\n\n\n\n\n<section class=\"downloads\">\n    <h4><\/h4>\n        <div class=\"table\">\n                        <div class=\"tr\">\n            <div class=\"td td-1\">EXPORTF\u00d6RS\u00c4LJNING<\/div>\n            <div class=\"td td-2\">\n                                                    <div class=\"title\">Kontaktformul\u00e4r<\/div>\n                            <\/div>\n            <div class=\"td td-3\">\n                                                    <div class=\"link\"><a href=\"#modal\" class=\"\">KONTAKTA EXPORTS\u00c4LJ<\/a>\n\n<div class=\"modal\">\n    <h5>Kontakt Gustafs Export<\/h5>\n                                 \r\n                        \r\n<!-- SharpSpring Form for Contact sales Export -ENG  -->\r\n<script type=\"text\/javascript\">\r\n    var ss_form = {'account': 'MzawMLEwsTSwAAA', 'formID': 'MzFOSrI0NTXQtTQ2NdI1MTAy1LWwNDXRNTJMTrMwMDY3SzM3BQA'};\r\n    ss_form.width = '100%';\r\n    ss_form.domain = 'app-3QNO6NBLL8.marketingautomation.services';\r\n    \/\/ ss_form.hidden = {'field_id': 'value'}; \/\/ Modify this for sending hidden variables, or overriding values\r\n    \/\/ ss_form.target_id = 'target'; \/\/ Optional parameter: forms will be placed inside the element with the specified id\r\n    \/\/ ss_form.polling = true; \/\/ Optional parameter: set to true ONLY if your page loads dynamically and the id needs to be polled continually.\r\n<\/script>\r\n<script type=\"text\/javascript\" src=\"https:\/\/koi-3QNO6NBLL8.marketingautomation.services\/client\/form.js?ver=2.0.1\"><\/script>\r\n                    \r\n<\/div>\n\n<div class=\"modal-overlay\"><\/div>\n\r\n                    <\/div>\n                            <\/div>\n                     \n        <\/div>\n                        <div class=\"tr\">\n            <div class=\"td td-1\">DISTRIBUT\u00d6RER<\/div>\n            <div class=\"td td-2\">\n                                                    <div class=\"title\">Lokala representanter<\/div>\n                            <\/div>\n            <div class=\"td td-3\">\n                                                    <div class=\"link\"><a href=\"\/sv\/lokala-representanter\/\">HITTA EXPORTMARKNAD<\/a><\/div>\n                            <\/div>\n                     \n        <\/div>\n            <\/div>\n<\/section>\n\n\n\n\n<style>\nspan.preview {\n    display:none;\n    transition: color 0.125s ease-in-out;\n}\n\nspan.preview img {\n    width: 85% !important;\n    height: 85% !important;\n    object-fit: cover;\n    display: block;\n    max-height: 90vh;\n    max-width: 90%;    \n    -webkit-box-shadow: 0 0 25px rgba(0, 0, 0, 0.25);\n    box-shadow: 0 0 25px rgba(0, 0, 0, 0.25);    \n    object-fit: contain;\n    background: transparent;\n}\n\nspan.preview.show {\n    display: block;\n    position: fixed;\n    top: 50%;\n    left: 50%;\n    z-index: 15;\n    -webkit-transform: translate3d(-50%, -50%, 0);\n    transform: translate3d(-50%, -50%, 0);\n}\n.sections .downloads .tr{\n    cursor: pointer;\n}\n<\/style>\n\n<script>\n        jQuery(document).ready(function($){\n                $('.article-content .downloads .tr').each(function() {\n                $(this).on('mouseenter', function(event) {\n                    if ($(window).width() >= 768) {\n                        var target = $(this);\n                        target.parents('.sections').first().addClass('.hover');\n                        target.find('.preview').first().addClass('show');\n                        target.on('mouseleave', function() {\n                        $('.sections').removeClass('hover');\n                        $('.preview').removeClass('show');\n                        });\n                    }\n                });\n            });\n        });\n\n<\/script>\n\n\n\n<div style=\"height:100px\" aria-hidden=\"true\" class=\"wp-block-spacer\"><\/div>\n","protected":false},"excerpt":{"rendered":"<p>Kontakta oss p\u00e5 Gustafs. F\u00f6rs\u00e4ljning Sverige \/ Projekt och Entreprenad Produkt- pris eller offertfr\u00e5gor? Kontakta v\u00e5ra duktiga projektledare s\u00e5 hj\u00e4lper de dig g\u00e4rna. Eller ring oss p\u00e5: 0243-79 20 20 Export G\u00e4ller din fr\u00e5ga ett projekt utanf\u00f6r Sverige? Kontakta v\u00e5r Exports\u00e4lj h\u00e4r eller kontakta v\u00e5ra lokala representanter direkt. Lokala representanter &gt;&gt;<\/p>\n","protected":false},"author":5,"featured_media":0,"parent":0,"menu_order":0,"comment_status":"closed","ping_status":"closed","template":"","meta":{"_acf_changed":false,"inline_featured_image":false,"footnotes":""},"class_list":["post-13028","page","type-page","status-publish","hentry"],"acf":[],"yoast_head":"<!-- This site is optimized with the Yoast SEO plugin v25.4 - https:\/\/yoast.com\/wordpress\/plugins\/seo\/ -->\n<title>Kontakt | Gustafs Scandinavia<\/title>\n<meta name=\"robots\" content=\"index, follow, max-snippet:-1, max-image-preview:large, max-video-preview:-1\" \/>\n<link rel=\"canonical\" href=\"https:\/\/gustafs.com\/sv\/kontakt\/\" \/>\n<meta property=\"og:locale\" content=\"sv_SE\" \/>\n<meta property=\"og:type\" content=\"article\" \/>\n<meta property=\"og:title\" content=\"Kontakt | Gustafs Scandinavia\" \/>\n<meta property=\"og:description\" content=\"Kontakta oss p\u00e5 Gustafs. F\u00f6rs\u00e4ljning Sverige \/ Projekt och Entreprenad Produkt- pris eller offertfr\u00e5gor? Kontakta v\u00e5ra duktiga projektledare s\u00e5 hj\u00e4lper de dig g\u00e4rna. Eller ring oss p\u00e5: 0243-79 20 20 Export G\u00e4ller din fr\u00e5ga ett projekt utanf\u00f6r Sverige? Kontakta v\u00e5r Exports\u00e4lj h\u00e4r eller kontakta v\u00e5ra lokala representanter direkt. Lokala representanter &gt;&gt;\" \/>\n<meta property=\"og:url\" content=\"https:\/\/gustafs.com\/sv\/kontakt\/\" \/>\n<meta property=\"og:site_name\" content=\"Gustafs Scandinavia\" \/>\n<meta property=\"article:modified_time\" content=\"2024-11-14T09:44:49+00:00\" \/>\n<meta property=\"og:image\" content=\"https:\/\/gustafs.com\/wp-content\/uploads\/2022\/09\/bilden1-857x1024.jpg\" \/>\n<meta name=\"twitter:card\" content=\"summary_large_image\" \/>\n<meta name=\"twitter:label1\" content=\"Ber\u00e4knad l\u00e4stid\" \/>\n\t<meta name=\"twitter:data1\" content=\"1 minut\" \/>\n<script type=\"application\/ld+json\" class=\"yoast-schema-graph\">{\"@context\":\"https:\/\/schema.org\",\"@graph\":[{\"@type\":\"WebPage\",\"@id\":\"https:\/\/gustafs.com\/sv\/kontakt\/\",\"url\":\"https:\/\/gustafs.com\/sv\/kontakt\/\",\"name\":\"Kontakt | Gustafs Scandinavia\",\"isPartOf\":{\"@id\":\"https:\/\/gustafs.com\/sv\/#website\"},\"primaryImageOfPage\":{\"@id\":\"https:\/\/gustafs.com\/sv\/kontakt\/#primaryimage\"},\"image\":{\"@id\":\"https:\/\/gustafs.com\/sv\/kontakt\/#primaryimage\"},\"thumbnailUrl\":\"https:\/\/gustafs.com\/wp-content\/uploads\/2022\/09\/bilden1-857x1024.jpg\",\"datePublished\":\"2022-11-07T12:52:57+00:00\",\"dateModified\":\"2024-11-14T09:44:49+00:00\",\"breadcrumb\":{\"@id\":\"https:\/\/gustafs.com\/sv\/kontakt\/#breadcrumb\"},\"inLanguage\":\"sv-SE\",\"potentialAction\":[{\"@type\":\"ReadAction\",\"target\":[\"https:\/\/gustafs.com\/sv\/kontakt\/\"]}]},{\"@type\":\"ImageObject\",\"inLanguage\":\"sv-SE\",\"@id\":\"https:\/\/gustafs.com\/sv\/kontakt\/#primaryimage\",\"url\":\"https:\/\/gustafs.com\/wp-content\/uploads\/2022\/09\/bilden1-857x1024.jpg\",\"contentUrl\":\"https:\/\/gustafs.com\/wp-content\/uploads\/2022\/09\/bilden1-857x1024.jpg\"},{\"@type\":\"BreadcrumbList\",\"@id\":\"https:\/\/gustafs.com\/sv\/kontakt\/#breadcrumb\",\"itemListElement\":[{\"@type\":\"ListItem\",\"position\":1,\"name\":\"Gustafs\",\"item\":\"https:\/\/gustafs.com\/sv\/\"},{\"@type\":\"ListItem\",\"position\":2,\"name\":\"Kontakt\"}]},{\"@type\":\"WebSite\",\"@id\":\"https:\/\/gustafs.com\/sv\/#website\",\"url\":\"https:\/\/gustafs.com\/sv\/\",\"name\":\"Gustafs Scandinavia\",\"description\":\"Exclusive Wooden Panels And Acoustic Panels\",\"potentialAction\":[{\"@type\":\"SearchAction\",\"target\":{\"@type\":\"EntryPoint\",\"urlTemplate\":\"https:\/\/gustafs.com\/sv\/?s={search_term_string}\"},\"query-input\":{\"@type\":\"PropertyValueSpecification\",\"valueRequired\":true,\"valueName\":\"search_term_string\"}}],\"inLanguage\":\"sv-SE\"}]}<\/script>\n<!-- \/ Yoast SEO plugin. -->","yoast_head_json":{"title":"Kontakt | Gustafs Scandinavia","robots":{"index":"index","follow":"follow","max-snippet":"max-snippet:-1","max-image-preview":"max-image-preview:large","max-video-preview":"max-video-preview:-1"},"canonical":"https:\/\/gustafs.com\/sv\/kontakt\/","og_locale":"sv_SE","og_type":"article","og_title":"Kontakt | Gustafs Scandinavia","og_description":"Kontakta oss p\u00e5 Gustafs. F\u00f6rs\u00e4ljning Sverige \/ Projekt och Entreprenad Produkt- pris eller offertfr\u00e5gor? Kontakta v\u00e5ra duktiga projektledare s\u00e5 hj\u00e4lper de dig g\u00e4rna. Eller ring oss p\u00e5: 0243-79 20 20 Export G\u00e4ller din fr\u00e5ga ett projekt utanf\u00f6r Sverige? Kontakta v\u00e5r Exports\u00e4lj h\u00e4r eller kontakta v\u00e5ra lokala representanter direkt. Lokala representanter &gt;&gt;","og_url":"https:\/\/gustafs.com\/sv\/kontakt\/","og_site_name":"Gustafs Scandinavia","article_modified_time":"2024-11-14T09:44:49+00:00","og_image":[{"url":"https:\/\/gustafs.com\/wp-content\/uploads\/2022\/09\/bilden1-857x1024.jpg","type":"","width":"","height":""}],"twitter_card":"summary_large_image","twitter_misc":{"Ber\u00e4knad l\u00e4stid":"1 minut"},"schema":{"@context":"https:\/\/schema.org","@graph":[{"@type":"WebPage","@id":"https:\/\/gustafs.com\/sv\/kontakt\/","url":"https:\/\/gustafs.com\/sv\/kontakt\/","name":"Kontakt | Gustafs Scandinavia","isPartOf":{"@id":"https:\/\/gustafs.com\/sv\/#website"},"primaryImageOfPage":{"@id":"https:\/\/gustafs.com\/sv\/kontakt\/#primaryimage"},"image":{"@id":"https:\/\/gustafs.com\/sv\/kontakt\/#primaryimage"},"thumbnailUrl":"https:\/\/gustafs.com\/wp-content\/uploads\/2022\/09\/bilden1-857x1024.jpg","datePublished":"2022-11-07T12:52:57+00:00","dateModified":"2024-11-14T09:44:49+00:00","breadcrumb":{"@id":"https:\/\/gustafs.com\/sv\/kontakt\/#breadcrumb"},"inLanguage":"sv-SE","potentialAction":[{"@type":"ReadAction","target":["https:\/\/gustafs.com\/sv\/kontakt\/"]}]},{"@type":"ImageObject","inLanguage":"sv-SE","@id":"https:\/\/gustafs.com\/sv\/kontakt\/#primaryimage","url":"https:\/\/gustafs.com\/wp-content\/uploads\/2022\/09\/bilden1-857x1024.jpg","contentUrl":"https:\/\/gustafs.com\/wp-content\/uploads\/2022\/09\/bilden1-857x1024.jpg"},{"@type":"BreadcrumbList","@id":"https:\/\/gustafs.com\/sv\/kontakt\/#breadcrumb","itemListElement":[{"@type":"ListItem","position":1,"name":"Gustafs","item":"https:\/\/gustafs.com\/sv\/"},{"@type":"ListItem","position":2,"name":"Kontakt"}]},{"@type":"WebSite","@id":"https:\/\/gustafs.com\/sv\/#website","url":"https:\/\/gustafs.com\/sv\/","name":"Gustafs Scandinavia","description":"Exclusive Wooden Panels And Acoustic Panels","potentialAction":[{"@type":"SearchAction","target":{"@type":"EntryPoint","urlTemplate":"https:\/\/gustafs.com\/sv\/?s={search_term_string}"},"query-input":{"@type":"PropertyValueSpecification","valueRequired":true,"valueName":"search_term_string"}}],"inLanguage":"sv-SE"}]}},"_links":{"self":[{"href":"https:\/\/gustafs.com\/sv\/wp-json\/wp\/v2\/pages\/13028","targetHints":{"allow":["GET"]}}],"collection":[{"href":"https:\/\/gustafs.com\/sv\/wp-json\/wp\/v2\/pages"}],"about":[{"href":"https:\/\/gustafs.com\/sv\/wp-json\/wp\/v2\/types\/page"}],"author":[{"embeddable":true,"href":"https:\/\/gustafs.com\/sv\/wp-json\/wp\/v2\/users\/5"}],"replies":[{"embeddable":true,"href":"https:\/\/gustafs.com\/sv\/wp-json\/wp\/v2\/comments?post=13028"}],"version-history":[{"count":133,"href":"https:\/\/gustafs.com\/sv\/wp-json\/wp\/v2\/pages\/13028\/revisions"}],"predecessor-version":[{"id":24728,"href":"https:\/\/gustafs.com\/sv\/wp-json\/wp\/v2\/pages\/13028\/revisions\/24728"}],"wp:attachment":[{"href":"https:\/\/gustafs.com\/sv\/wp-json\/wp\/v2\/media?parent=13028"}],"curies":[{"name":"wp","href":"https:\/\/api.w.org\/{rel}","templated":true}]}}