{"id":28726,"date":"2022-03-07T09:33:45","date_gmt":"2025-05-05T18:45:58","guid":{"rendered":"https:\/\/gustafs.com\/product\/filcowe-zebro-liniowe\/"},"modified":"2025-10-01T13:18:14","modified_gmt":"2025-10-01T11:18:14","slug":"filcowe-zebro-liniowe","status":"publish","type":"product","link":"https:\/\/gustafs.com\/pl\/produkt\/filcowe-zebro-liniowe\/","title":{"rendered":"Feltfon Rib"},"content":{"rendered":"<p style=\"letter-spacing: 1px;\">Akustyczny filc do d\u017awi\u0119koch\u0142onnych \u015bcian i sufit\u00f3w<\/p>\n<p>Korzystaj\u0105c z systemu Gustafs Feltfon\u00a9 Linear Rib mo\u017cesz projektowa\u0107 sufity i \u015bciany akustyczne o mi\u0119kkim i ciep\u0142ym wygl\u0105dzie zapewniaj\u0105c jednocze\u015bnie doskona\u0142e t\u0142umienie d\u017awi\u0119ku. System instalacyjny Capax Quick-Up jest stosowany w miejscach o du\u017cym nat\u0119\u017ceniu ruchu, takich jak szko\u0142y, biura, sklepy i centra handlowe. System obejmuje r\u00f3\u017cne szeroko\u015bci listew i jest w \u0142atwy do demonta\u017cu. Dopuszczony jest do stosowania w wilgotnych pomieszczeniach. Pozwala na stworzenie w\u0142asnego projektu poprzez zmian\u0119 szeroko\u015bci, g\u0142\u0119boko\u015bci i koloru. Odst\u0119py mo\u017cna wype\u0142nia\u0107 drewnianymi listwami lub pozostawi\u0107 je otwarte. System Feltfon\u00a9 Linear Rib jest ognioodporny bez konieczno\u015bci impregnacji co jest typow\u0105 cech\u0105 produkt\u00f3w firmy Gustafs.<\/p>\n","protected":false},"excerpt":{"rendered":"<p>Akustyczny filc do d\u017awi\u0119koch\u0142onnych \u015bcian i sufit\u00f3w Korzystaj\u0105c z systemu Gustafs Feltfon\u00a9 Linear Rib mo\u017cesz projektowa\u0107 sufity i \u015bciany akustyczne o mi\u0119kkim i ciep\u0142ym wygl\u0105dzie zapewniaj\u0105c jednocze\u015bnie doskona\u0142e t\u0142umienie d\u017awi\u0119ku. System instalacyjny Capax Quick-Up jest stosowany w miejscach o du\u017cym nat\u0119\u017ceniu ruchu, takich jak szko\u0142y, biura, sklepy i centra handlowe. System obejmuje r\u00f3\u017cne szeroko\u015bci listew [&hellip;]<\/p>\n","protected":false},"featured_media":28307,"template":"","meta":{"_acf_changed":false,"inline_featured_image":false,"footnotes":""},"product_brand":[],"product_cat":[424,419],"product_tag":[],"class_list":{"0":"post-28726","1":"product","2":"type-product","3":"status-publish","4":"has-post-thumbnail","6":"product_cat-liniowy","7":"product_cat-feltfon","8":"pa_acoustic-class-a","9":"pa_acoustic-class-b","10":"pa_acoustic-class-c","11":"pa_acoustic-class-d","13":"first","14":"instock","15":"shipping-taxable","16":"product-type-simple"},"acf":[],"yoast_head":"<!-- This site is optimized with the Yoast SEO plugin v25.4 - https:\/\/yoast.com\/wordpress\/plugins\/seo\/ -->\n<title>Feltfon Rib | D\u017awi\u0119koch\u0142onne \u015bciany i sufity od Gustafs Scandinavia<\/title>\n<meta name=\"description\" content=\"Dzi\u0119ki Gustafs Feltfon Linear Ribs mo\u017cesz tworzy\u0107 d\u017awi\u0119koch\u0142onne \u015bciany i sufity o mi\u0119kkim i ciep\u0142ym wyrazie. Projektuj dowolnie, zmieniaj\u0105c szeroko\u015b\u0107, g\u0142\u0119boko\u015b\u0107 i kolor filcowych \u017ceber.\" \/>\n<meta name=\"robots\" content=\"index, follow, max-snippet:-1, max-image-preview:large, max-video-preview:-1\" \/>\n<link rel=\"canonical\" href=\"https:\/\/gustafs.com\/pl\/produkt\/filcowe-zebro-liniowe\/\" \/>\n<meta property=\"og:locale\" content=\"pl_PL\" \/>\n<meta property=\"og:type\" content=\"article\" \/>\n<meta property=\"og:title\" content=\"Feltfon Rib | D\u017awi\u0119koch\u0142onne \u015bciany i sufity od Gustafs Scandinavia\" \/>\n<meta property=\"og:description\" content=\"Dzi\u0119ki Gustafs Feltfon Linear Ribs mo\u017cesz tworzy\u0107 d\u017awi\u0119koch\u0142onne \u015bciany i sufity o mi\u0119kkim i ciep\u0142ym wyrazie. Projektuj dowolnie, zmieniaj\u0105c szeroko\u015b\u0107, g\u0142\u0119boko\u015b\u0107 i kolor filcowych \u017ceber.\" \/>\n<meta property=\"og:url\" content=\"https:\/\/gustafs.com\/pl\/produkt\/filcowe-zebro-liniowe\/\" \/>\n<meta property=\"og:site_name\" content=\"Gustafs Scandinavia\" \/>\n<meta property=\"article:modified_time\" content=\"2025-10-01T11:18:14+00:00\" \/>\n<meta property=\"og:image\" content=\"https:\/\/gustafs.com\/wp-content\/uploads\/2022\/03\/feltfon-mix-1.jpg\" \/>\n\t<meta property=\"og:image:width\" content=\"1030\" \/>\n\t<meta property=\"og:image:height\" content=\"1290\" \/>\n\t<meta property=\"og:image:type\" content=\"image\/jpeg\" \/>\n<meta name=\"twitter:card\" content=\"summary_large_image\" \/>\n<meta name=\"twitter:label1\" content=\"Szacowany czas czytania\" \/>\n\t<meta name=\"twitter:data1\" content=\"1 minuta\" \/>\n<script type=\"application\/ld+json\" class=\"yoast-schema-graph\">{\"@context\":\"https:\/\/schema.org\",\"@graph\":[{\"@type\":\"WebPage\",\"@id\":\"https:\/\/gustafs.com\/pl\/produkt\/filcowe-zebro-liniowe\/\",\"url\":\"https:\/\/gustafs.com\/pl\/produkt\/filcowe-zebro-liniowe\/\",\"name\":\"Feltfon Rib | D\u017awi\u0119koch\u0142onne \u015bciany i sufity od Gustafs Scandinavia\",\"isPartOf\":{\"@id\":\"https:\/\/gustafs.com\/pl\/#website\"},\"primaryImageOfPage\":{\"@id\":\"https:\/\/gustafs.com\/pl\/produkt\/filcowe-zebro-liniowe\/#primaryimage\"},\"image\":{\"@id\":\"https:\/\/gustafs.com\/pl\/produkt\/filcowe-zebro-liniowe\/#primaryimage\"},\"thumbnailUrl\":\"https:\/\/gustafs.com\/wp-content\/uploads\/2022\/03\/feltfon-design.jpg\",\"datePublished\":\"2025-05-05T18:45:58+00:00\",\"dateModified\":\"2025-10-01T11:18:14+00:00\",\"description\":\"Dzi\u0119ki Gustafs Feltfon Linear Ribs mo\u017cesz tworzy\u0107 d\u017awi\u0119koch\u0142onne \u015bciany i sufity o mi\u0119kkim i ciep\u0142ym wyrazie. Projektuj dowolnie, zmieniaj\u0105c szeroko\u015b\u0107, g\u0142\u0119boko\u015b\u0107 i kolor filcowych \u017ceber.\",\"breadcrumb\":{\"@id\":\"https:\/\/gustafs.com\/pl\/produkt\/filcowe-zebro-liniowe\/#breadcrumb\"},\"inLanguage\":\"pl-PL\",\"potentialAction\":[{\"@type\":\"ReadAction\",\"target\":[\"https:\/\/gustafs.com\/pl\/produkt\/filcowe-zebro-liniowe\/\"]}]},{\"@type\":\"ImageObject\",\"inLanguage\":\"pl-PL\",\"@id\":\"https:\/\/gustafs.com\/pl\/produkt\/filcowe-zebro-liniowe\/#primaryimage\",\"url\":\"https:\/\/gustafs.com\/wp-content\/uploads\/2022\/03\/feltfon-design.jpg\",\"contentUrl\":\"https:\/\/gustafs.com\/wp-content\/uploads\/2022\/03\/feltfon-design.jpg\",\"width\":1030,\"height\":1290},{\"@type\":\"BreadcrumbList\",\"@id\":\"https:\/\/gustafs.com\/pl\/produkt\/filcowe-zebro-liniowe\/#breadcrumb\",\"itemListElement\":[{\"@type\":\"ListItem\",\"position\":1,\"name\":\"Gustafs\",\"item\":\"https:\/\/gustafs.com\/pl\/\"},{\"@type\":\"ListItem\",\"position\":2,\"name\":\"Produkty\",\"item\":\"https:\/\/gustafs.com\/pl\/produktow\/\"},{\"@type\":\"ListItem\",\"position\":3,\"name\":\"Ok\u0142adziny filcowe Feltfon\",\"item\":\"https:\/\/gustafs.com\/pl\/kategoria-produktu\/feltfon\/\"},{\"@type\":\"ListItem\",\"position\":4,\"name\":\"Feltfon Rib\"}]},{\"@type\":\"WebSite\",\"@id\":\"https:\/\/gustafs.com\/pl\/#website\",\"url\":\"https:\/\/gustafs.com\/pl\/\",\"name\":\"Gustafs Scandinavia\",\"description\":\"Exclusive Wooden Panels And Acoustic Panels\",\"potentialAction\":[{\"@type\":\"SearchAction\",\"target\":{\"@type\":\"EntryPoint\",\"urlTemplate\":\"https:\/\/gustafs.com\/pl\/?s={search_term_string}\"},\"query-input\":{\"@type\":\"PropertyValueSpecification\",\"valueRequired\":true,\"valueName\":\"search_term_string\"}}],\"inLanguage\":\"pl-PL\"}]}<\/script>\n<!-- \/ Yoast SEO plugin. -->","yoast_head_json":{"title":"Feltfon Rib | D\u017awi\u0119koch\u0142onne \u015bciany i sufity od Gustafs Scandinavia","description":"Dzi\u0119ki Gustafs Feltfon Linear Ribs mo\u017cesz tworzy\u0107 d\u017awi\u0119koch\u0142onne \u015bciany i sufity o mi\u0119kkim i ciep\u0142ym wyrazie. Projektuj dowolnie, zmieniaj\u0105c szeroko\u015b\u0107, g\u0142\u0119boko\u015b\u0107 i kolor filcowych \u017ceber.","robots":{"index":"index","follow":"follow","max-snippet":"max-snippet:-1","max-image-preview":"max-image-preview:large","max-video-preview":"max-video-preview:-1"},"canonical":"https:\/\/gustafs.com\/pl\/produkt\/filcowe-zebro-liniowe\/","og_locale":"pl_PL","og_type":"article","og_title":"Feltfon Rib | D\u017awi\u0119koch\u0142onne \u015bciany i sufity od Gustafs Scandinavia","og_description":"Dzi\u0119ki Gustafs Feltfon Linear Ribs mo\u017cesz tworzy\u0107 d\u017awi\u0119koch\u0142onne \u015bciany i sufity o mi\u0119kkim i ciep\u0142ym wyrazie. Projektuj dowolnie, zmieniaj\u0105c szeroko\u015b\u0107, g\u0142\u0119boko\u015b\u0107 i kolor filcowych \u017ceber.","og_url":"https:\/\/gustafs.com\/pl\/produkt\/filcowe-zebro-liniowe\/","og_site_name":"Gustafs Scandinavia","article_modified_time":"2025-10-01T11:18:14+00:00","og_image":[{"width":1030,"height":1290,"url":"https:\/\/gustafs.com\/wp-content\/uploads\/2022\/03\/feltfon-mix-1.jpg","type":"image\/jpeg"}],"twitter_card":"summary_large_image","twitter_misc":{"Szacowany czas czytania":"1 minuta"},"schema":{"@context":"https:\/\/schema.org","@graph":[{"@type":"WebPage","@id":"https:\/\/gustafs.com\/pl\/produkt\/filcowe-zebro-liniowe\/","url":"https:\/\/gustafs.com\/pl\/produkt\/filcowe-zebro-liniowe\/","name":"Feltfon Rib | D\u017awi\u0119koch\u0142onne \u015bciany i sufity od Gustafs Scandinavia","isPartOf":{"@id":"https:\/\/gustafs.com\/pl\/#website"},"primaryImageOfPage":{"@id":"https:\/\/gustafs.com\/pl\/produkt\/filcowe-zebro-liniowe\/#primaryimage"},"image":{"@id":"https:\/\/gustafs.com\/pl\/produkt\/filcowe-zebro-liniowe\/#primaryimage"},"thumbnailUrl":"https:\/\/gustafs.com\/wp-content\/uploads\/2022\/03\/feltfon-design.jpg","datePublished":"2025-05-05T18:45:58+00:00","dateModified":"2025-10-01T11:18:14+00:00","description":"Dzi\u0119ki Gustafs Feltfon Linear Ribs mo\u017cesz tworzy\u0107 d\u017awi\u0119koch\u0142onne \u015bciany i sufity o mi\u0119kkim i ciep\u0142ym wyrazie. Projektuj dowolnie, zmieniaj\u0105c szeroko\u015b\u0107, g\u0142\u0119boko\u015b\u0107 i kolor filcowych \u017ceber.","breadcrumb":{"@id":"https:\/\/gustafs.com\/pl\/produkt\/filcowe-zebro-liniowe\/#breadcrumb"},"inLanguage":"pl-PL","potentialAction":[{"@type":"ReadAction","target":["https:\/\/gustafs.com\/pl\/produkt\/filcowe-zebro-liniowe\/"]}]},{"@type":"ImageObject","inLanguage":"pl-PL","@id":"https:\/\/gustafs.com\/pl\/produkt\/filcowe-zebro-liniowe\/#primaryimage","url":"https:\/\/gustafs.com\/wp-content\/uploads\/2022\/03\/feltfon-design.jpg","contentUrl":"https:\/\/gustafs.com\/wp-content\/uploads\/2022\/03\/feltfon-design.jpg","width":1030,"height":1290},{"@type":"BreadcrumbList","@id":"https:\/\/gustafs.com\/pl\/produkt\/filcowe-zebro-liniowe\/#breadcrumb","itemListElement":[{"@type":"ListItem","position":1,"name":"Gustafs","item":"https:\/\/gustafs.com\/pl\/"},{"@type":"ListItem","position":2,"name":"Produkty","item":"https:\/\/gustafs.com\/pl\/produktow\/"},{"@type":"ListItem","position":3,"name":"Ok\u0142adziny filcowe Feltfon","item":"https:\/\/gustafs.com\/pl\/kategoria-produktu\/feltfon\/"},{"@type":"ListItem","position":4,"name":"Feltfon Rib"}]},{"@type":"WebSite","@id":"https:\/\/gustafs.com\/pl\/#website","url":"https:\/\/gustafs.com\/pl\/","name":"Gustafs Scandinavia","description":"Exclusive Wooden Panels And Acoustic Panels","potentialAction":[{"@type":"SearchAction","target":{"@type":"EntryPoint","urlTemplate":"https:\/\/gustafs.com\/pl\/?s={search_term_string}"},"query-input":{"@type":"PropertyValueSpecification","valueRequired":true,"valueName":"search_term_string"}}],"inLanguage":"pl-PL"}]}},"_links":{"self":[{"href":"https:\/\/gustafs.com\/pl\/wp-json\/wp\/v2\/product\/28726","targetHints":{"allow":["GET"]}}],"collection":[{"href":"https:\/\/gustafs.com\/pl\/wp-json\/wp\/v2\/product"}],"about":[{"href":"https:\/\/gustafs.com\/pl\/wp-json\/wp\/v2\/types\/product"}],"version-history":[{"count":19,"href":"https:\/\/gustafs.com\/pl\/wp-json\/wp\/v2\/product\/28726\/revisions"}],"predecessor-version":[{"id":34857,"href":"https:\/\/gustafs.com\/pl\/wp-json\/wp\/v2\/product\/28726\/revisions\/34857"}],"wp:featuredmedia":[{"embeddable":true,"href":"https:\/\/gustafs.com\/pl\/wp-json\/wp\/v2\/media\/28307"}],"wp:attachment":[{"href":"https:\/\/gustafs.com\/pl\/wp-json\/wp\/v2\/media?parent=28726"}],"wp:term":[{"taxonomy":"product_brand","embeddable":true,"href":"https:\/\/gustafs.com\/pl\/wp-json\/wp\/v2\/product_brand?post=28726"},{"taxonomy":"product_cat","embeddable":true,"href":"https:\/\/gustafs.com\/pl\/wp-json\/wp\/v2\/product_cat?post=28726"},{"taxonomy":"product_tag","embeddable":true,"href":"https:\/\/gustafs.com\/pl\/wp-json\/wp\/v2\/product_tag?post=28726"}],"curies":[{"name":"wp","href":"https:\/\/api.w.org\/{rel}","templated":true}]}}