{"id":28645,"date":"2022-02-22T14:13:38","date_gmt":"2025-05-05T18:45:51","guid":{"rendered":"https:\/\/gustafs.com\/product\/panel-akustyczny-rp8-c10\/"},"modified":"2025-09-26T20:25:12","modified_gmt":"2025-09-26T18:25:12","slug":"panel-akustyczny-rp8-c10","status":"publish","type":"product","link":"https:\/\/gustafs.com\/pl\/produkt\/panel-akustyczny-rp8-c10\/","title":{"rendered":"Panel akustyczny RP8 C10"},"content":{"rendered":"<p style=\"letter-spacing: 1px;\">PANELE AKUSTYCZNE NA \u015aCIANY I SUFITY<\/p>\n<p>Panele Gustafs Rib z pod\u0142u\u017cnymi bruzdami maj\u0105 mniej otwartej przestrzeni w por\u00f3wnaniu z panelami z perforacj\u0105 okr\u0105g\u0142\u0105, ale zapewniaj\u0105 por\u00f3wnywaln\u0105 absorpcj\u0119 akustyczn\u0105. Kontrast tonalny mo\u017cna zwi\u0119kszy\u0107 lub zmniejszy\u0107, a rdze\u0144 z jasnego lub ciemnego w\u0142\u00f3kna stanowi t\u0142o dla szerokiej gamy wyko\u0144cze\u0144 drewnianych. Wystarczy wybra\u0107 gatunek drewna, pigmentacj\u0119 i szlif forniru, a nast\u0119pnie po\u0142\u0105czy\u0107 go z w\u0142asnym wzorem instalacji, aby stworzy\u0107 niepowtarzalne formy naturalnych wn\u0119trz.<\/p>\n","protected":false},"excerpt":{"rendered":"<p>PANELE AKUSTYCZNE NA \u015aCIANY I SUFITY Panele Gustafs Rib z pod\u0142u\u017cnymi bruzdami maj\u0105 mniej otwartej przestrzeni w por\u00f3wnaniu z panelami z perforacj\u0105 okr\u0105g\u0142\u0105, ale zapewniaj\u0105 por\u00f3wnywaln\u0105 absorpcj\u0119 akustyczn\u0105. Kontrast tonalny mo\u017cna zwi\u0119kszy\u0107 lub zmniejszy\u0107, a rdze\u0144 z jasnego lub ciemnego w\u0142\u00f3kna stanowi t\u0142o dla szerokiej gamy wyko\u0144cze\u0144 drewnianych. Wystarczy wybra\u0107 gatunek drewna, pigmentacj\u0119 i szlif [&hellip;]<\/p>\n","protected":false},"featured_media":28646,"template":"","meta":{"_acf_changed":false,"inline_featured_image":false,"footnotes":""},"product_brand":[],"product_cat":[417],"product_tag":[],"class_list":{"0":"post-28645","1":"product","2":"type-product","3":"status-publish","4":"has-post-thumbnail","6":"product_cat-system-paneli","7":"pa_acoustic-class-a","9":"first","10":"instock","11":"shipping-taxable","12":"product-type-simple"},"acf":[],"yoast_head":"<!-- This site is optimized with the Yoast SEO plugin v25.4 - https:\/\/yoast.com\/wordpress\/plugins\/seo\/ -->\n<title>Drewniany panel akustyczny RP8 C10 | Gustafs Scandinavia<\/title>\n<meta name=\"description\" content=\"Drewniany panel akustyczny Gustafs RP8 C10 nadaje wn\u0119trzu \u015bwietn\u0105 akustyk\u0119 z najlepsz\u0105 klasyfikacj\u0105 ogniow\u0105 na rynku - A2-s1,d0\" \/>\n<meta name=\"robots\" content=\"index, follow, max-snippet:-1, max-image-preview:large, max-video-preview:-1\" \/>\n<link rel=\"canonical\" href=\"https:\/\/gustafs.com\/pl\/produkt\/panel-akustyczny-rp8-c10\/\" \/>\n<meta property=\"og:locale\" content=\"pl_PL\" \/>\n<meta property=\"og:type\" content=\"article\" \/>\n<meta property=\"og:title\" content=\"Drewniany panel akustyczny RP8 C10 | Gustafs Scandinavia\" \/>\n<meta property=\"og:description\" content=\"Drewniany panel akustyczny Gustafs RP8 C10 nadaje wn\u0119trzu \u015bwietn\u0105 akustyk\u0119 z najlepsz\u0105 klasyfikacj\u0105 ogniow\u0105 na rynku - A2-s1,d0\" \/>\n<meta property=\"og:url\" content=\"https:\/\/gustafs.com\/pl\/produkt\/panel-akustyczny-rp8-c10\/\" \/>\n<meta property=\"og:site_name\" content=\"Gustafs Scandinavia\" \/>\n<meta property=\"article:modified_time\" content=\"2025-09-26T18:25:12+00:00\" \/>\n<meta property=\"og:image\" content=\"https:\/\/gustafs.com\/wp-content\/uploads\/2022\/02\/acoustic-panel-rp8-c10-2.jpg\" \/>\n\t<meta property=\"og:image:width\" content=\"1030\" \/>\n\t<meta property=\"og:image:height\" content=\"1290\" \/>\n\t<meta property=\"og:image:type\" content=\"image\/jpeg\" \/>\n<meta name=\"twitter:card\" content=\"summary_large_image\" \/>\n<meta name=\"twitter:label1\" content=\"Szacowany czas czytania\" \/>\n\t<meta name=\"twitter:data1\" content=\"1 minuta\" \/>\n<script type=\"application\/ld+json\" class=\"yoast-schema-graph\">{\"@context\":\"https:\/\/schema.org\",\"@graph\":[{\"@type\":\"WebPage\",\"@id\":\"https:\/\/gustafs.com\/pl\/produkt\/panel-akustyczny-rp8-c10\/\",\"url\":\"https:\/\/gustafs.com\/pl\/produkt\/panel-akustyczny-rp8-c10\/\",\"name\":\"Drewniany panel akustyczny RP8 C10 | Gustafs Scandinavia\",\"isPartOf\":{\"@id\":\"https:\/\/gustafs.com\/pl\/#website\"},\"primaryImageOfPage\":{\"@id\":\"https:\/\/gustafs.com\/pl\/produkt\/panel-akustyczny-rp8-c10\/#primaryimage\"},\"image\":{\"@id\":\"https:\/\/gustafs.com\/pl\/produkt\/panel-akustyczny-rp8-c10\/#primaryimage\"},\"thumbnailUrl\":\"https:\/\/gustafs.com\/wp-content\/uploads\/2022\/02\/acoustic-panel-rp8-c10-2.jpg\",\"datePublished\":\"2025-05-05T18:45:51+00:00\",\"dateModified\":\"2025-09-26T18:25:12+00:00\",\"description\":\"Drewniany panel akustyczny Gustafs RP8 C10 nadaje wn\u0119trzu \u015bwietn\u0105 akustyk\u0119 z najlepsz\u0105 klasyfikacj\u0105 ogniow\u0105 na rynku - A2-s1,d0\",\"breadcrumb\":{\"@id\":\"https:\/\/gustafs.com\/pl\/produkt\/panel-akustyczny-rp8-c10\/#breadcrumb\"},\"inLanguage\":\"pl-PL\",\"potentialAction\":[{\"@type\":\"ReadAction\",\"target\":[\"https:\/\/gustafs.com\/pl\/produkt\/panel-akustyczny-rp8-c10\/\"]}]},{\"@type\":\"ImageObject\",\"inLanguage\":\"pl-PL\",\"@id\":\"https:\/\/gustafs.com\/pl\/produkt\/panel-akustyczny-rp8-c10\/#primaryimage\",\"url\":\"https:\/\/gustafs.com\/wp-content\/uploads\/2022\/02\/acoustic-panel-rp8-c10-2.jpg\",\"contentUrl\":\"https:\/\/gustafs.com\/wp-content\/uploads\/2022\/02\/acoustic-panel-rp8-c10-2.jpg\",\"width\":1030,\"height\":1290},{\"@type\":\"BreadcrumbList\",\"@id\":\"https:\/\/gustafs.com\/pl\/produkt\/panel-akustyczny-rp8-c10\/#breadcrumb\",\"itemListElement\":[{\"@type\":\"ListItem\",\"position\":1,\"name\":\"Gustafs\",\"item\":\"https:\/\/gustafs.com\/pl\/\"},{\"@type\":\"ListItem\",\"position\":2,\"name\":\"Produkty\",\"item\":\"https:\/\/gustafs.com\/pl\/produktow\/\"},{\"@type\":\"ListItem\",\"position\":3,\"name\":\"System paneli\",\"item\":\"https:\/\/gustafs.com\/pl\/kategoria-produktu\/system-paneli\/\"},{\"@type\":\"ListItem\",\"position\":4,\"name\":\"Panel akustyczny RP8 C10\"}]},{\"@type\":\"WebSite\",\"@id\":\"https:\/\/gustafs.com\/pl\/#website\",\"url\":\"https:\/\/gustafs.com\/pl\/\",\"name\":\"Gustafs Scandinavia\",\"description\":\"Exclusive Wooden Panels And Acoustic Panels\",\"potentialAction\":[{\"@type\":\"SearchAction\",\"target\":{\"@type\":\"EntryPoint\",\"urlTemplate\":\"https:\/\/gustafs.com\/pl\/?s={search_term_string}\"},\"query-input\":{\"@type\":\"PropertyValueSpecification\",\"valueRequired\":true,\"valueName\":\"search_term_string\"}}],\"inLanguage\":\"pl-PL\"}]}<\/script>\n<!-- \/ Yoast SEO plugin. -->","yoast_head_json":{"title":"Drewniany panel akustyczny RP8 C10 | Gustafs Scandinavia","description":"Drewniany panel akustyczny Gustafs RP8 C10 nadaje wn\u0119trzu \u015bwietn\u0105 akustyk\u0119 z najlepsz\u0105 klasyfikacj\u0105 ogniow\u0105 na rynku - A2-s1,d0","robots":{"index":"index","follow":"follow","max-snippet":"max-snippet:-1","max-image-preview":"max-image-preview:large","max-video-preview":"max-video-preview:-1"},"canonical":"https:\/\/gustafs.com\/pl\/produkt\/panel-akustyczny-rp8-c10\/","og_locale":"pl_PL","og_type":"article","og_title":"Drewniany panel akustyczny RP8 C10 | Gustafs Scandinavia","og_description":"Drewniany panel akustyczny Gustafs RP8 C10 nadaje wn\u0119trzu \u015bwietn\u0105 akustyk\u0119 z najlepsz\u0105 klasyfikacj\u0105 ogniow\u0105 na rynku - A2-s1,d0","og_url":"https:\/\/gustafs.com\/pl\/produkt\/panel-akustyczny-rp8-c10\/","og_site_name":"Gustafs Scandinavia","article_modified_time":"2025-09-26T18:25:12+00:00","og_image":[{"width":1030,"height":1290,"url":"https:\/\/gustafs.com\/wp-content\/uploads\/2022\/02\/acoustic-panel-rp8-c10-2.jpg","type":"image\/jpeg"}],"twitter_card":"summary_large_image","twitter_misc":{"Szacowany czas czytania":"1 minuta"},"schema":{"@context":"https:\/\/schema.org","@graph":[{"@type":"WebPage","@id":"https:\/\/gustafs.com\/pl\/produkt\/panel-akustyczny-rp8-c10\/","url":"https:\/\/gustafs.com\/pl\/produkt\/panel-akustyczny-rp8-c10\/","name":"Drewniany panel akustyczny RP8 C10 | Gustafs Scandinavia","isPartOf":{"@id":"https:\/\/gustafs.com\/pl\/#website"},"primaryImageOfPage":{"@id":"https:\/\/gustafs.com\/pl\/produkt\/panel-akustyczny-rp8-c10\/#primaryimage"},"image":{"@id":"https:\/\/gustafs.com\/pl\/produkt\/panel-akustyczny-rp8-c10\/#primaryimage"},"thumbnailUrl":"https:\/\/gustafs.com\/wp-content\/uploads\/2022\/02\/acoustic-panel-rp8-c10-2.jpg","datePublished":"2025-05-05T18:45:51+00:00","dateModified":"2025-09-26T18:25:12+00:00","description":"Drewniany panel akustyczny Gustafs RP8 C10 nadaje wn\u0119trzu \u015bwietn\u0105 akustyk\u0119 z najlepsz\u0105 klasyfikacj\u0105 ogniow\u0105 na rynku - A2-s1,d0","breadcrumb":{"@id":"https:\/\/gustafs.com\/pl\/produkt\/panel-akustyczny-rp8-c10\/#breadcrumb"},"inLanguage":"pl-PL","potentialAction":[{"@type":"ReadAction","target":["https:\/\/gustafs.com\/pl\/produkt\/panel-akustyczny-rp8-c10\/"]}]},{"@type":"ImageObject","inLanguage":"pl-PL","@id":"https:\/\/gustafs.com\/pl\/produkt\/panel-akustyczny-rp8-c10\/#primaryimage","url":"https:\/\/gustafs.com\/wp-content\/uploads\/2022\/02\/acoustic-panel-rp8-c10-2.jpg","contentUrl":"https:\/\/gustafs.com\/wp-content\/uploads\/2022\/02\/acoustic-panel-rp8-c10-2.jpg","width":1030,"height":1290},{"@type":"BreadcrumbList","@id":"https:\/\/gustafs.com\/pl\/produkt\/panel-akustyczny-rp8-c10\/#breadcrumb","itemListElement":[{"@type":"ListItem","position":1,"name":"Gustafs","item":"https:\/\/gustafs.com\/pl\/"},{"@type":"ListItem","position":2,"name":"Produkty","item":"https:\/\/gustafs.com\/pl\/produktow\/"},{"@type":"ListItem","position":3,"name":"System paneli","item":"https:\/\/gustafs.com\/pl\/kategoria-produktu\/system-paneli\/"},{"@type":"ListItem","position":4,"name":"Panel akustyczny RP8 C10"}]},{"@type":"WebSite","@id":"https:\/\/gustafs.com\/pl\/#website","url":"https:\/\/gustafs.com\/pl\/","name":"Gustafs Scandinavia","description":"Exclusive Wooden Panels And Acoustic Panels","potentialAction":[{"@type":"SearchAction","target":{"@type":"EntryPoint","urlTemplate":"https:\/\/gustafs.com\/pl\/?s={search_term_string}"},"query-input":{"@type":"PropertyValueSpecification","valueRequired":true,"valueName":"search_term_string"}}],"inLanguage":"pl-PL"}]}},"_links":{"self":[{"href":"https:\/\/gustafs.com\/pl\/wp-json\/wp\/v2\/product\/28645","targetHints":{"allow":["GET"]}}],"collection":[{"href":"https:\/\/gustafs.com\/pl\/wp-json\/wp\/v2\/product"}],"about":[{"href":"https:\/\/gustafs.com\/pl\/wp-json\/wp\/v2\/types\/product"}],"version-history":[{"count":13,"href":"https:\/\/gustafs.com\/pl\/wp-json\/wp\/v2\/product\/28645\/revisions"}],"predecessor-version":[{"id":34521,"href":"https:\/\/gustafs.com\/pl\/wp-json\/wp\/v2\/product\/28645\/revisions\/34521"}],"wp:featuredmedia":[{"embeddable":true,"href":"https:\/\/gustafs.com\/pl\/wp-json\/wp\/v2\/media\/28646"}],"wp:attachment":[{"href":"https:\/\/gustafs.com\/pl\/wp-json\/wp\/v2\/media?parent=28645"}],"wp:term":[{"taxonomy":"product_brand","embeddable":true,"href":"https:\/\/gustafs.com\/pl\/wp-json\/wp\/v2\/product_brand?post=28645"},{"taxonomy":"product_cat","embeddable":true,"href":"https:\/\/gustafs.com\/pl\/wp-json\/wp\/v2\/product_cat?post=28645"},{"taxonomy":"product_tag","embeddable":true,"href":"https:\/\/gustafs.com\/pl\/wp-json\/wp\/v2\/product_tag?post=28645"}],"curies":[{"name":"wp","href":"https:\/\/api.w.org\/{rel}","templated":true}]}}