{"id":28530,"date":"2022-01-13T07:01:45","date_gmt":"2025-05-05T18:45:43","guid":{"rendered":"https:\/\/gustafs.com\/product\/liniowe-zebro-r\/"},"modified":"2025-10-20T11:37:26","modified_gmt":"2025-10-20T09:37:26","slug":"liniowe-zebro-r","status":"publish","type":"product","link":"https:\/\/gustafs.com\/pl\/produkt\/liniowe-zebro-r\/","title":{"rendered":"Linear Rib-R"},"content":{"rendered":"<p style=\"letter-spacing: 1px;\">LISTWY AKUSTYCZNE NA \u015aCIANY I SUFITY<\/p>\n<p>Gustafs Rib-R o promieniu kraw\u0119dzi 3 mm pozwala tworzy\u0107 przestrzenie z pi\u0119knymi drewnianymi sufitami i \u015bciennymi ok\u0142adzinami listwowymi. Wykorzystuj\u0105c fornir z prawdziwego drewna, Gustafs Linear Rib System stosuje system monta\u017cowy Capax, Quick-Up. Rdze\u0144 z gipsu w\u0142\u00f3knistego ma wiele zalet, a jedn\u0105 z nich jest d\u0142ugoletnia trwa\u0142o\u015b\u0107 wymiar\u00f3w. Stw\u00f3rz sw\u00f3j w\u0142asny projekt, zmieniaj\u0105c oklein\u0119, pigmentacj\u0119 wyko\u0144czenia powierzchni, wymiary, odst\u0119py i kolor szczelin. Ok\u0142adziny Gustafs Linear Rib mog\u0105 by\u0107 r\u00f3wnie\u017c stosowane na p\u0142aszczyznach zakrzywionych, wypuk\u0142ych lub wkl\u0119s\u0142ych.<\/p>\n","protected":false},"excerpt":{"rendered":"<p>LISTWY AKUSTYCZNE NA \u015aCIANY I SUFITY Gustafs Rib-R o promieniu kraw\u0119dzi 3 mm pozwala tworzy\u0107 przestrzenie z pi\u0119knymi drewnianymi sufitami i \u015bciennymi ok\u0142adzinami listwowymi. Wykorzystuj\u0105c fornir z prawdziwego drewna, Gustafs Linear Rib System stosuje system monta\u017cowy Capax, Quick-Up. Rdze\u0144 z gipsu w\u0142\u00f3knistego ma wiele zalet, a jedn\u0105 z nich jest d\u0142ugoletnia trwa\u0142o\u015b\u0107 wymiar\u00f3w. Stw\u00f3rz sw\u00f3j [&hellip;]<\/p>\n","protected":false},"featured_media":28531,"template":"","meta":{"_acf_changed":false,"inline_featured_image":false,"footnotes":""},"product_brand":[],"product_cat":[429,430],"product_tag":[441],"class_list":{"0":"post-28530","1":"product","2":"type-product","3":"status-publish","4":"has-post-thumbnail","6":"product_cat-liniowe","7":"product_cat-system-liniowy","8":"product_tag-zebro-r","9":"pa_acoustic-class-a","10":"pa_acoustic-class-b","11":"pa_acoustic-class-c","13":"first","14":"instock","15":"shipping-taxable","16":"product-type-simple"},"acf":[],"yoast_head":"<!-- This site is optimized with the Yoast SEO plugin v25.4 - https:\/\/yoast.com\/wordpress\/plugins\/seo\/ -->\n<title>Linear Rib-R | Gustafs Scandinavia<\/title>\n<meta name=\"robots\" content=\"index, follow, max-snippet:-1, max-image-preview:large, max-video-preview:-1\" \/>\n<link rel=\"canonical\" href=\"https:\/\/gustafs.com\/pl\/produkt\/liniowe-zebro-r\/\" \/>\n<meta property=\"og:locale\" content=\"pl_PL\" \/>\n<meta property=\"og:type\" content=\"article\" \/>\n<meta property=\"og:title\" content=\"Linear Rib-R | Gustafs Scandinavia\" \/>\n<meta property=\"og:description\" content=\"LISTWY AKUSTYCZNE NA \u015aCIANY I SUFITY Gustafs Rib-R o promieniu kraw\u0119dzi 3 mm pozwala tworzy\u0107 przestrzenie z pi\u0119knymi drewnianymi sufitami i \u015bciennymi ok\u0142adzinami listwowymi. Wykorzystuj\u0105c fornir z prawdziwego drewna, Gustafs Linear Rib System stosuje system monta\u017cowy Capax, Quick-Up. Rdze\u0144 z gipsu w\u0142\u00f3knistego ma wiele zalet, a jedn\u0105 z nich jest d\u0142ugoletnia trwa\u0142o\u015b\u0107 wymiar\u00f3w. Stw\u00f3rz sw\u00f3j [&hellip;]\" \/>\n<meta property=\"og:url\" content=\"https:\/\/gustafs.com\/pl\/produkt\/liniowe-zebro-r\/\" \/>\n<meta property=\"og:site_name\" content=\"Gustafs Scandinavia\" \/>\n<meta property=\"article:modified_time\" content=\"2025-10-20T09:37:26+00:00\" \/>\n<meta property=\"og:image\" content=\"https:\/\/gustafs.com\/wp-content\/uploads\/2022\/01\/linear-rib-produkt-new.jpg\" \/>\n\t<meta property=\"og:image:width\" content=\"1030\" \/>\n\t<meta property=\"og:image:height\" content=\"1290\" \/>\n\t<meta property=\"og:image:type\" content=\"image\/jpeg\" \/>\n<meta name=\"twitter:card\" content=\"summary_large_image\" \/>\n<meta name=\"twitter:label1\" content=\"Szacowany czas czytania\" \/>\n\t<meta name=\"twitter:data1\" content=\"1 minuta\" \/>\n<script type=\"application\/ld+json\" class=\"yoast-schema-graph\">{\"@context\":\"https:\/\/schema.org\",\"@graph\":[{\"@type\":\"WebPage\",\"@id\":\"https:\/\/gustafs.com\/pl\/produkt\/liniowe-zebro-r\/\",\"url\":\"https:\/\/gustafs.com\/pl\/produkt\/liniowe-zebro-r\/\",\"name\":\"Linear Rib-R | Gustafs Scandinavia\",\"isPartOf\":{\"@id\":\"https:\/\/gustafs.com\/pl\/#website\"},\"primaryImageOfPage\":{\"@id\":\"https:\/\/gustafs.com\/pl\/produkt\/liniowe-zebro-r\/#primaryimage\"},\"image\":{\"@id\":\"https:\/\/gustafs.com\/pl\/produkt\/liniowe-zebro-r\/#primaryimage\"},\"thumbnailUrl\":\"https:\/\/gustafs.com\/wp-content\/uploads\/2022\/01\/linear-rib-produkt-new.jpg\",\"datePublished\":\"2025-05-05T18:45:43+00:00\",\"dateModified\":\"2025-10-20T09:37:26+00:00\",\"breadcrumb\":{\"@id\":\"https:\/\/gustafs.com\/pl\/produkt\/liniowe-zebro-r\/#breadcrumb\"},\"inLanguage\":\"pl-PL\",\"potentialAction\":[{\"@type\":\"ReadAction\",\"target\":[\"https:\/\/gustafs.com\/pl\/produkt\/liniowe-zebro-r\/\"]}]},{\"@type\":\"ImageObject\",\"inLanguage\":\"pl-PL\",\"@id\":\"https:\/\/gustafs.com\/pl\/produkt\/liniowe-zebro-r\/#primaryimage\",\"url\":\"https:\/\/gustafs.com\/wp-content\/uploads\/2022\/01\/linear-rib-produkt-new.jpg\",\"contentUrl\":\"https:\/\/gustafs.com\/wp-content\/uploads\/2022\/01\/linear-rib-produkt-new.jpg\",\"width\":1030,\"height\":1290},{\"@type\":\"BreadcrumbList\",\"@id\":\"https:\/\/gustafs.com\/pl\/produkt\/liniowe-zebro-r\/#breadcrumb\",\"itemListElement\":[{\"@type\":\"ListItem\",\"position\":1,\"name\":\"Gustafs\",\"item\":\"https:\/\/gustafs.com\/pl\/\"},{\"@type\":\"ListItem\",\"position\":2,\"name\":\"Produkty\",\"item\":\"https:\/\/gustafs.com\/pl\/produktow\/\"},{\"@type\":\"ListItem\",\"position\":3,\"name\":\"Listwy\",\"item\":\"https:\/\/gustafs.com\/pl\/kategoria-produktu\/liniowe\/\"},{\"@type\":\"ListItem\",\"position\":4,\"name\":\"Linear Rib-R\"}]},{\"@type\":\"WebSite\",\"@id\":\"https:\/\/gustafs.com\/pl\/#website\",\"url\":\"https:\/\/gustafs.com\/pl\/\",\"name\":\"Gustafs Scandinavia\",\"description\":\"Exclusive Wooden Panels And Acoustic Panels\",\"potentialAction\":[{\"@type\":\"SearchAction\",\"target\":{\"@type\":\"EntryPoint\",\"urlTemplate\":\"https:\/\/gustafs.com\/pl\/?s={search_term_string}\"},\"query-input\":{\"@type\":\"PropertyValueSpecification\",\"valueRequired\":true,\"valueName\":\"search_term_string\"}}],\"inLanguage\":\"pl-PL\"}]}<\/script>\n<!-- \/ Yoast SEO plugin. -->","yoast_head_json":{"title":"Linear Rib-R | Gustafs Scandinavia","robots":{"index":"index","follow":"follow","max-snippet":"max-snippet:-1","max-image-preview":"max-image-preview:large","max-video-preview":"max-video-preview:-1"},"canonical":"https:\/\/gustafs.com\/pl\/produkt\/liniowe-zebro-r\/","og_locale":"pl_PL","og_type":"article","og_title":"Linear Rib-R | Gustafs Scandinavia","og_description":"LISTWY AKUSTYCZNE NA \u015aCIANY I SUFITY Gustafs Rib-R o promieniu kraw\u0119dzi 3 mm pozwala tworzy\u0107 przestrzenie z pi\u0119knymi drewnianymi sufitami i \u015bciennymi ok\u0142adzinami listwowymi. Wykorzystuj\u0105c fornir z prawdziwego drewna, Gustafs Linear Rib System stosuje system monta\u017cowy Capax, Quick-Up. Rdze\u0144 z gipsu w\u0142\u00f3knistego ma wiele zalet, a jedn\u0105 z nich jest d\u0142ugoletnia trwa\u0142o\u015b\u0107 wymiar\u00f3w. Stw\u00f3rz sw\u00f3j [&hellip;]","og_url":"https:\/\/gustafs.com\/pl\/produkt\/liniowe-zebro-r\/","og_site_name":"Gustafs Scandinavia","article_modified_time":"2025-10-20T09:37:26+00:00","og_image":[{"width":1030,"height":1290,"url":"https:\/\/gustafs.com\/wp-content\/uploads\/2022\/01\/linear-rib-produkt-new.jpg","type":"image\/jpeg"}],"twitter_card":"summary_large_image","twitter_misc":{"Szacowany czas czytania":"1 minuta"},"schema":{"@context":"https:\/\/schema.org","@graph":[{"@type":"WebPage","@id":"https:\/\/gustafs.com\/pl\/produkt\/liniowe-zebro-r\/","url":"https:\/\/gustafs.com\/pl\/produkt\/liniowe-zebro-r\/","name":"Linear Rib-R | Gustafs Scandinavia","isPartOf":{"@id":"https:\/\/gustafs.com\/pl\/#website"},"primaryImageOfPage":{"@id":"https:\/\/gustafs.com\/pl\/produkt\/liniowe-zebro-r\/#primaryimage"},"image":{"@id":"https:\/\/gustafs.com\/pl\/produkt\/liniowe-zebro-r\/#primaryimage"},"thumbnailUrl":"https:\/\/gustafs.com\/wp-content\/uploads\/2022\/01\/linear-rib-produkt-new.jpg","datePublished":"2025-05-05T18:45:43+00:00","dateModified":"2025-10-20T09:37:26+00:00","breadcrumb":{"@id":"https:\/\/gustafs.com\/pl\/produkt\/liniowe-zebro-r\/#breadcrumb"},"inLanguage":"pl-PL","potentialAction":[{"@type":"ReadAction","target":["https:\/\/gustafs.com\/pl\/produkt\/liniowe-zebro-r\/"]}]},{"@type":"ImageObject","inLanguage":"pl-PL","@id":"https:\/\/gustafs.com\/pl\/produkt\/liniowe-zebro-r\/#primaryimage","url":"https:\/\/gustafs.com\/wp-content\/uploads\/2022\/01\/linear-rib-produkt-new.jpg","contentUrl":"https:\/\/gustafs.com\/wp-content\/uploads\/2022\/01\/linear-rib-produkt-new.jpg","width":1030,"height":1290},{"@type":"BreadcrumbList","@id":"https:\/\/gustafs.com\/pl\/produkt\/liniowe-zebro-r\/#breadcrumb","itemListElement":[{"@type":"ListItem","position":1,"name":"Gustafs","item":"https:\/\/gustafs.com\/pl\/"},{"@type":"ListItem","position":2,"name":"Produkty","item":"https:\/\/gustafs.com\/pl\/produktow\/"},{"@type":"ListItem","position":3,"name":"Listwy","item":"https:\/\/gustafs.com\/pl\/kategoria-produktu\/liniowe\/"},{"@type":"ListItem","position":4,"name":"Linear Rib-R"}]},{"@type":"WebSite","@id":"https:\/\/gustafs.com\/pl\/#website","url":"https:\/\/gustafs.com\/pl\/","name":"Gustafs Scandinavia","description":"Exclusive Wooden Panels And Acoustic Panels","potentialAction":[{"@type":"SearchAction","target":{"@type":"EntryPoint","urlTemplate":"https:\/\/gustafs.com\/pl\/?s={search_term_string}"},"query-input":{"@type":"PropertyValueSpecification","valueRequired":true,"valueName":"search_term_string"}}],"inLanguage":"pl-PL"}]}},"_links":{"self":[{"href":"https:\/\/gustafs.com\/pl\/wp-json\/wp\/v2\/product\/28530","targetHints":{"allow":["GET"]}}],"collection":[{"href":"https:\/\/gustafs.com\/pl\/wp-json\/wp\/v2\/product"}],"about":[{"href":"https:\/\/gustafs.com\/pl\/wp-json\/wp\/v2\/types\/product"}],"version-history":[{"count":19,"href":"https:\/\/gustafs.com\/pl\/wp-json\/wp\/v2\/product\/28530\/revisions"}],"predecessor-version":[{"id":77650,"href":"https:\/\/gustafs.com\/pl\/wp-json\/wp\/v2\/product\/28530\/revisions\/77650"}],"wp:featuredmedia":[{"embeddable":true,"href":"https:\/\/gustafs.com\/pl\/wp-json\/wp\/v2\/media\/28531"}],"wp:attachment":[{"href":"https:\/\/gustafs.com\/pl\/wp-json\/wp\/v2\/media?parent=28530"}],"wp:term":[{"taxonomy":"product_brand","embeddable":true,"href":"https:\/\/gustafs.com\/pl\/wp-json\/wp\/v2\/product_brand?post=28530"},{"taxonomy":"product_cat","embeddable":true,"href":"https:\/\/gustafs.com\/pl\/wp-json\/wp\/v2\/product_cat?post=28530"},{"taxonomy":"product_tag","embeddable":true,"href":"https:\/\/gustafs.com\/pl\/wp-json\/wp\/v2\/product_tag?post=28530"}],"curies":[{"name":"wp","href":"https:\/\/api.w.org\/{rel}","templated":true}]}}